{"id":2493,"date":"2022-08-26T14:05:09","date_gmt":"2022-08-26T13:05:09","guid":{"rendered":"https:\/\/facetours.ma\/?post_type=product&#038;p=2493"},"modified":"2024-12-01T13:05:13","modified_gmt":"2024-12-01T12:05:13","slug":"grand-tour-circuit-desert-au-depart-de-casablanca","status":"publish","type":"product","link":"https:\/\/facetours.ma\/fr\/meilleures-circuits-au-maroc\/grand-tour-circuit-desert-au-depart-de-casablanca\/","title":{"rendered":"Circuit Grand Tour Et D\u00e9sert au D\u00e9part de Casablanca"},"content":{"rendered":"<div class=\"wpb-content-wrapper\"><p>[vc_row][vc_column]<div class=\"title title--big title--underline title--decoration-bottom-left\">\n\t\t\t<div class=\"title__subtitle\">Explorez les Tr\u00e9sors du Maroc<\/div>\n\t\t<h2 class=\"title__primary\">Grand Tour et D\u00e9sert depuis Casablanca<\/h2>\n<\/div>\n[vc_column_text]Grand tour et d\u00e9sert depuis Casablanca de 12 jours et 11 nuits, c&#8217;est une exp\u00e9rience unique pour explorer les villes imp\u00e9riales, Rabat, Mekn\u00e8s, F\u00e8s et Marrakech au Maroc, avec une riche histoire et une culture patrimoniale islamique et juive, d\u00e9couvrez le sud-est du Maroc o\u00f9 vous pourrez profiter du d\u00e9sert magique et des diff\u00e9rentes couleurs du Sahara \u00e0 Erg Chebbi, capturez le coucher et le lever du soleil au-dessus de la dune, \u00e9largissez votre visite et cr\u00e9ez vos propres souvenirs inoubliables au Maroc.<\/p>\n<table class=\"table table-bordered tours-tabs__table\" style=\"height: 233px;\" width=\"862\">\n<tbody>\n<tr>\n<td><strong>Inclus<\/strong><\/td>\n<td><i class=\"fa fa-check icon-tick icon-tick--on\"><\/i>Transport avec chauffeur.<br \/>\n<i class=\"fa fa-check icon-tick icon-tick--on\"><\/i>Guide ou chauffeur professionnel.<br \/>\n<i class=\"fa fa-check icon-tick icon-tick--on\"><\/i>Carburant &amp; Climatisation.<br \/>\n<i class=\"fa fa-check icon-tick icon-tick--on\"><\/i>Taxe touristique &amp; Frais de stationnement.<br \/>\n<i class=\"fa fa-check icon-tick icon-tick--on\"><\/i>H\u00e9bergement en h\u00f4tel ou Riad en formule petit-d\u00e9jeuner.<br \/>\n<i class=\"fa fa-check icon-tick icon-tick--on\"><\/i>Guide local &amp; Frais d&#8217;entr\u00e9e aux monuments.<br \/>\n<i class=\"fa fa-check icon-tick icon-tick--on\"><\/i>Balade \u00e0 dos de chameau &amp; H\u00e9bergement en campement standard ou de luxe dans le d\u00e9sert de Merzouga.<\/td>\n<\/tr>\n<tr>\n<td><b>Non inclus<\/b><\/td>\n<td><i class=\"fa fa-times icon-tick icon-tick--off\"><\/i>Boissons.<br \/>\n<i class=\"fa fa-times icon-tick icon-tick--off\"><\/i>Pourboires.<br \/>\n<i class=\"fa fa-times icon-tick icon-tick--off\"><\/i>D\u00e9jeuners et d\u00eeners.<\/td>\n<\/tr>\n<\/tbody>\n<\/table>\n<p>[\/vc_column_text][\/vc_column][\/vc_row]<\/p>\n<\/div>","protected":false},"excerpt":{"rendered":"<p>Un tour du d\u00e9sert depuis Casablanca vous permet d&#8217;explorer les paysages divers du Maroc. Profitez d&#8217;une balade \u00e0 dos de chameau dans les dunes pour voir le coucher et le lever du soleil.<\/p>\n","protected":false},"featured_media":1803,"template":"","meta":[],"product_brand":[],"product_cat":[108],"product_tag":[],"class_list":{"0":"post-2493","1":"product","2":"type-product","3":"status-publish","4":"has-post-thumbnail","6":"product_cat-circuits-au-depart-casablanca","7":"tour_category-circuits-a-partir-de-casablanca","9":"first","10":"instock","11":"shipping-taxable","12":"product-type-tour"},"_links":{"self":[{"href":"https:\/\/facetours.ma\/fr\/wp-json\/wp\/v2\/product\/2493","targetHints":{"allow":["GET"]}}],"collection":[{"href":"https:\/\/facetours.ma\/fr\/wp-json\/wp\/v2\/product"}],"about":[{"href":"https:\/\/facetours.ma\/fr\/wp-json\/wp\/v2\/types\/product"}],"wp:featuredmedia":[{"embeddable":true,"href":"https:\/\/facetours.ma\/fr\/wp-json\/wp\/v2\/media\/1803"}],"wp:attachment":[{"href":"https:\/\/facetours.ma\/fr\/wp-json\/wp\/v2\/media?parent=2493"}],"wp:term":[{"taxonomy":"product_brand","embeddable":true,"href":"https:\/\/facetours.ma\/fr\/wp-json\/wp\/v2\/product_brand?post=2493"},{"taxonomy":"product_cat","embeddable":true,"href":"https:\/\/facetours.ma\/fr\/wp-json\/wp\/v2\/product_cat?post=2493"},{"taxonomy":"product_tag","embeddable":true,"href":"https:\/\/facetours.ma\/fr\/wp-json\/wp\/v2\/product_tag?post=2493"}],"curies":[{"name":"wp","href":"https:\/\/api.w.org\/{rel}","templated":true}]}}