{"id":2491,"date":"2022-08-26T13:38:32","date_gmt":"2022-08-26T12:38:32","guid":{"rendered":"https:\/\/facetours.ma\/?post_type=product&#038;p=2491"},"modified":"2024-12-01T13:09:48","modified_gmt":"2024-12-01T12:09:48","slug":"villes-imperiales-au-depart-de-casablanca","status":"publish","type":"product","link":"https:\/\/facetours.ma\/fr\/meilleures-circuits-au-maroc\/villes-imperiales-au-depart-de-casablanca\/","title":{"rendered":"Circuit des villes imp\u00e9riales au d\u00e9part de Casablanca"},"content":{"rendered":"<div class=\"wpb-content-wrapper\"><p>[vc_row][vc_column]<div class=\"title title--underline title--decoration-bottom-left\">\n\t\t\t<div class=\"title__subtitle\">D\u00e9couverte de la Majest\u00e9 Incomparable<\/div>\n\t\t<h2 class=\"title__primary\">Les Incroyables Villes Imp\u00e9riales au D\u00e9part de Casablanca<\/h2>\n<\/div>\n[vc_column_text]Tour des villes imp\u00e9riales de Casablanca, pour 8 jours et 7 nuits. C&#8217;est un bon itin\u00e9raire pour d\u00e9couvrir toutes les villes imp\u00e9riales du Maroc. Ces villes imp\u00e9riales du Maroc sont les quatre capitales historiques du Maroc : F\u00e8s, Marrakech, Mekn\u00e8s et Rabat. Rabat est la capitale actuelle du Maroc. Ces villes contiennent une vieille m\u00e9dina et un souk, g\u00e9n\u00e9ralement fortifi\u00e9s, avec de nombreuses rues \u00e9troites et labyrinthiques, m\u00ealant h\u00e9ritage islamique historique et patrimoine juif unique.<\/p>\n<table class=\"table table-bordered tours-tabs__table\" style=\"height: 233px;\" width=\"862\">\n<tbody>\n<tr>\n<td><strong>Inclus<\/strong><\/td>\n<td>\n<table class=\"table table-bordered\" style=\"height: 62px;\" width=\"300\">\n<tbody>\n<tr>\n<td><i class=\"fa fa-check icon-tick icon-tick--on\"><\/i>Transport avec chauffeur.<\/td>\n<\/tr>\n<tr>\n<td><i class=\"fa fa-check icon-tick icon-tick--on\"><\/i>Carburant &amp; Climatisation.<\/td>\n<\/tr>\n<tr>\n<td><i class=\"fa fa-check icon-tick icon-tick--on\"><\/i>Guide ou chauffeur professionnel.<\/td>\n<\/tr>\n<tr>\n<td><i class=\"fa fa-check icon-tick icon-tick--on\"><\/i>Taxe de s\u00e9jour et frais de stationnement.<\/td>\n<\/tr>\n<tr>\n<td><i class=\"fa fa-check icon-tick icon-tick--on\"><\/i>Logement en h\u00f4tel ou riad en BB.<\/td>\n<\/tr>\n<tr>\n<td><i class=\"fa fa-check icon-tick icon-tick--on\"><\/i>Guide local &amp; Frais d&#8217;entr\u00e9e aux monuments.<\/td>\n<\/tr>\n<\/tbody>\n<\/table>\n<\/td>\n<\/tr>\n<tr>\n<td><b>Non inclus<\/b><\/td>\n<td>\n<table class=\"table table-bordered\" style=\"height: 62px;\" width=\"300\">\n<tbody>\n<tr>\n<td><i class=\"fa fa-times icon-tick icon-tick--off\"><\/i>Boissons.<\/td>\n<\/tr>\n<tr>\n<td><i class=\"fa fa-times icon-tick icon-tick--off\"><\/i>Pourboire.<\/td>\n<\/tr>\n<tr>\n<td><i class=\"fa fa-times icon-tick icon-tick--off\"><\/i>D\u00e9jeuners et d\u00eeners.<\/td>\n<\/tr>\n<\/tbody>\n<\/table>\n<\/td>\n<\/tr>\n<\/tbody>\n<\/table>\n<p>[\/vc_column_text][\/vc_column][\/vc_row]<\/p>\n<\/div>","protected":false},"excerpt":{"rendered":"<p>D\u00e9couvrez un superbe itin\u00e9raire de tour imp\u00e9rial de 8 jours \u00e0 partir de Casablanca, visitant Rabat, Mekn\u00e8s, F\u00e8s et Marrakech avec leurs vieilles M\u00e9dinas.<\/p>\n","protected":false},"featured_media":1895,"template":"","meta":[],"product_brand":[],"product_cat":[108],"product_tag":[],"class_list":{"0":"post-2491","1":"product","2":"type-product","3":"status-publish","4":"has-post-thumbnail","6":"product_cat-circuits-au-depart-casablanca","7":"tour_category-circuits-a-partir-de-casablanca","9":"first","10":"instock","11":"shipping-taxable","12":"purchasable","13":"product-type-tour"},"_links":{"self":[{"href":"https:\/\/facetours.ma\/fr\/wp-json\/wp\/v2\/product\/2491","targetHints":{"allow":["GET"]}}],"collection":[{"href":"https:\/\/facetours.ma\/fr\/wp-json\/wp\/v2\/product"}],"about":[{"href":"https:\/\/facetours.ma\/fr\/wp-json\/wp\/v2\/types\/product"}],"wp:featuredmedia":[{"embeddable":true,"href":"https:\/\/facetours.ma\/fr\/wp-json\/wp\/v2\/media\/1895"}],"wp:attachment":[{"href":"https:\/\/facetours.ma\/fr\/wp-json\/wp\/v2\/media?parent=2491"}],"wp:term":[{"taxonomy":"product_brand","embeddable":true,"href":"https:\/\/facetours.ma\/fr\/wp-json\/wp\/v2\/product_brand?post=2491"},{"taxonomy":"product_cat","embeddable":true,"href":"https:\/\/facetours.ma\/fr\/wp-json\/wp\/v2\/product_cat?post=2491"},{"taxonomy":"product_tag","embeddable":true,"href":"https:\/\/facetours.ma\/fr\/wp-json\/wp\/v2\/product_tag?post=2491"}],"curies":[{"name":"wp","href":"https:\/\/api.w.org\/{rel}","templated":true}]}}