{"id":2490,"date":"2022-08-26T13:32:12","date_gmt":"2022-08-26T12:32:12","guid":{"rendered":"https:\/\/facetours.ma\/?post_type=product&#038;p=2490"},"modified":"2024-12-01T13:16:50","modified_gmt":"2024-12-01T12:16:50","slug":"circuit-du-nord-du-maroc-au-depart-de-casablanca","status":"publish","type":"product","link":"https:\/\/facetours.ma\/fr\/meilleures-circuits-au-maroc\/circuit-du-nord-du-maroc-au-depart-de-casablanca\/","title":{"rendered":"Circuit du nord du Maroc au d\u00e9part de Casablanca"},"content":{"rendered":"<div class=\"wpb-content-wrapper\"><p>[vc_row][vc_column]<div class=\"title title--underline title--decoration-bottom-left\">\n\t\t<h2 class=\"title__primary\">D\u00e9couvrez le nord du Maroc 6 jours: Meilleur Itin\u00e9raire<\/h2>\n<\/div>\n[vc_column_text css=&#8221;&#8221;]D\u00e9couvrez l&#8217;itin\u00e9raire de la visite du Nord de Casablanca de 7 jours et 6 nuits, c&#8217;est une visite populaire \u00e0 r\u00e9server, commen\u00e7ant par les villes imp\u00e9riales, Rabat, Mekn\u00e8s et F\u00e8s, ainsi que les villes du nord, de la ville bleue de Chefchaouen aux b\u00e2timents bleus de sa vieille ville bordant ses ruelles pav\u00e9es escarp\u00e9es, en passant par T\u00e9touan, la perle du nord, et la ville moderne de Tanger, la porte d&#8217;entr\u00e9e du Maroc, et conduisant aux villes du nord-ouest, Assilah, une ville calme et blanche.[\/vc_column_text][vc_column_text css=&#8221;&#8221;]<\/p>\n<table class=\"table table-bordered tours-tabs__table\" style=\"height: 233px;\" width=\"862\">\n<tbody>\n<tr>\n<td><strong>Inclus<\/strong><\/td>\n<td><i class=\"fa fa-check icon-tick icon-tick--on\"><\/i>Transport avec chauffeur.<br \/>\n<i class=\"fa fa-check icon-tick icon-tick--on\"><\/i>Guide ou chauffeur professionnel.<br \/>\n<i class=\"fa fa-check icon-tick icon-tick--on\"><\/i>Carburant et climatisation.<br \/>\n<i class=\"fa fa-check icon-tick icon-tick--on\"><\/i>Taxe touristique et frais de stationnement.<br \/>\n<i class=\"fa fa-check icon-tick icon-tick--on\"><\/i>H\u00e9bergement en h\u00f4tel ou Riad en formule petit-d\u00e9jeuner.<br \/>\n<i class=\"fa fa-check icon-tick icon-tick--on\"><\/i>Guide local &amp; Frais d&#8217;entr\u00e9e aux monuments.<\/td>\n<\/tr>\n<tr>\n<td><b>Non inclus<\/b><\/td>\n<td><i class=\"fa fa-times icon-tick icon-tick--off\"><\/i>Boissons.<br \/>\n<i class=\"fa fa-times icon-tick icon-tick--off\"><\/i>Pourboires.<br \/>\n<i class=\"fa fa-times icon-tick icon-tick--off\"><\/i>D\u00e9jeuners et d\u00eeners.<\/td>\n<\/tr>\n<\/tbody>\n<\/table>\n<p>[\/vc_column_text][\/vc_column][\/vc_row]<\/p>\n<\/div>","protected":false},"excerpt":{"rendered":"<p>D\u00e9couvrez le tour nordique de Casablanca en 7 jours et 6 nuits ! Explorez les villes imp\u00e9riales de Rabat, Mekn\u00e8s et F\u00e8s, ainsi que les joyaux du nord : Chefchaouen, T\u00e9touan et Tanger.<\/p>\n","protected":false},"featured_media":1589,"template":"","meta":[],"product_brand":[],"product_cat":[108],"product_tag":[],"class_list":{"0":"post-2490","1":"product","2":"type-product","3":"status-publish","4":"has-post-thumbnail","6":"product_cat-circuits-au-depart-casablanca","7":"tour_category-circuits-a-partir-de-casablanca","9":"first","10":"instock","11":"virtual","12":"product-type-tour"},"_links":{"self":[{"href":"https:\/\/facetours.ma\/fr\/wp-json\/wp\/v2\/product\/2490","targetHints":{"allow":["GET"]}}],"collection":[{"href":"https:\/\/facetours.ma\/fr\/wp-json\/wp\/v2\/product"}],"about":[{"href":"https:\/\/facetours.ma\/fr\/wp-json\/wp\/v2\/types\/product"}],"wp:featuredmedia":[{"embeddable":true,"href":"https:\/\/facetours.ma\/fr\/wp-json\/wp\/v2\/media\/1589"}],"wp:attachment":[{"href":"https:\/\/facetours.ma\/fr\/wp-json\/wp\/v2\/media?parent=2490"}],"wp:term":[{"taxonomy":"product_brand","embeddable":true,"href":"https:\/\/facetours.ma\/fr\/wp-json\/wp\/v2\/product_brand?post=2490"},{"taxonomy":"product_cat","embeddable":true,"href":"https:\/\/facetours.ma\/fr\/wp-json\/wp\/v2\/product_cat?post=2490"},{"taxonomy":"product_tag","embeddable":true,"href":"https:\/\/facetours.ma\/fr\/wp-json\/wp\/v2\/product_tag?post=2490"}],"curies":[{"name":"wp","href":"https:\/\/api.w.org\/{rel}","templated":true}]}}