{"id":2472,"date":"2022-08-26T10:32:03","date_gmt":"2022-08-26T09:32:03","guid":{"rendered":"https:\/\/facetours.ma\/?post_type=product&#038;p=2472"},"modified":"2025-11-11T09:45:58","modified_gmt":"2025-11-11T08:45:58","slug":"grand-tour-circuit-desert-au-depart-tanger","status":"publish","type":"product","link":"https:\/\/facetours.ma\/fr\/meilleures-circuits-au-maroc\/grand-tour-circuit-desert-au-depart-tanger\/","title":{"rendered":"Circuit grand Tour et D\u00e9sert au D\u00e9part de Tanger"},"content":{"rendered":"<div class=\"wpb-content-wrapper\"><p>[vc_row][vc_column][vc_column_text]<\/p>\n<p data-start=\"238\" data-end=\"673\">Plongez au c\u0153ur du Maroc authentique avec notre <strong data-start=\"286\" data-end=\"338\">Circuit Grand Tour et D\u00e9sert au d\u00e9part de Tanger<\/strong>, une aventure compl\u00e8te qui vous emm\u00e8ne \u00e0 la d\u00e9couverte des plus beaux tr\u00e9sors du royaume. Ce voyage fascinant vous fera traverser les <strong data-start=\"473\" data-end=\"507\">paysages vari\u00e9s du nord au sud<\/strong>, des montagnes verdoyantes du Rif jusqu\u2019aux dunes dor\u00e9es du Sahara, en passant par les majestueuses <strong data-start=\"608\" data-end=\"629\">villes imp\u00e9riales<\/strong> et les oasis envo\u00fbtantes du sud marocain.<\/p>\n<p data-start=\"675\" data-end=\"1168\">Votre \u00e9pop\u00e9e commence \u00e0 <strong data-start=\"699\" data-end=\"709\">Tanger<\/strong>, la ville cosmopolite o\u00f9 l\u2019Europe rencontre l\u2019Afrique, avant de rejoindre la charmante <strong data-start=\"797\" data-end=\"812\">Chefchaouen<\/strong>, la perle bleue nich\u00e9e dans les montagnes du Rif. Vous poursuivrez ensuite vers <strong data-start=\"893\" data-end=\"900\">F\u00e8s<\/strong>, berceau de la civilisation marocaine, avec sa m\u00e9dina class\u00e9e au patrimoine mondial de l\u2019UNESCO, un v\u00e9ritable labyrinthe d\u2019histoire et de traditions. Le voyage continue vers <strong data-start=\"1075\" data-end=\"1085\">Mekn\u00e8s<\/strong> et les ruines romaines de <strong data-start=\"1112\" data-end=\"1125\">Volubilis<\/strong>, t\u00e9moins du riche pass\u00e9 antique du pays.<\/p>\n<p data-start=\"1170\" data-end=\"1705\">Apr\u00e8s la d\u00e9couverte des villes imp\u00e9riales, le circuit prend une tournure plus aventuri\u00e8re en direction du <strong data-start=\"1276\" data-end=\"1296\">d\u00e9sert du Sahara<\/strong>. Vous traverserez les <strong data-start=\"1319\" data-end=\"1347\">montagnes du Moyen Atlas<\/strong> en admirant les for\u00eats de c\u00e8dres et les singes de Barbarie, avant d\u2019arriver \u00e0 <strong data-start=\"1426\" data-end=\"1436\">Erfoud<\/strong> et <strong data-start=\"1440\" data-end=\"1452\">Merzouga<\/strong>, portes d\u2019entr\u00e9e du d\u00e9sert. L\u00e0, vous vivrez une exp\u00e9rience magique : une <strong data-start=\"1526\" data-end=\"1553\">balade \u00e0 dos de chameau<\/strong> au coucher du soleil sur les dunes de l\u2019Erg Chebbi et une <strong data-start=\"1612\" data-end=\"1653\">nuit inoubliable dans un camp berb\u00e8re<\/strong>, sous un ciel \u00e9toil\u00e9 d\u2019une puret\u00e9 exceptionnelle.<\/p>\n<p data-start=\"1707\" data-end=\"2148\">Le p\u00e9riple se poursuit vers le <strong data-start=\"1738\" data-end=\"1756\">gorge du Todra<\/strong> et la <strong data-start=\"1763\" data-end=\"1782\">vall\u00e9e du Dad\u00e8s<\/strong>, v\u00e9ritables joyaux naturels creus\u00e9s par l\u2019eau et le vent, puis vers <strong data-start=\"1851\" data-end=\"1865\">Ouarzazate<\/strong>, la c\u00e9l\u00e8bre &#8220;porte du d\u00e9sert&#8221; connue pour ses studios de cin\u00e9ma et sa kasbah d\u2019A\u00eft Ben Haddou, class\u00e9e au patrimoine mondial. Ensuite, direction <strong data-start=\"2011\" data-end=\"2024\">Marrakech<\/strong>, la ville rouge, o\u00f9 les souks color\u00e9s, les jardins luxuriants et la c\u00e9l\u00e8bre place Jemaa el-Fna \u00e9veilleront tous vos sens.<\/p>\n<p data-start=\"2150\" data-end=\"2389\">Enfin, votre circuit se cl\u00f4turera en beaut\u00e9 avec la d\u00e9couverte des villes c\u00f4ti\u00e8res d\u2019<strong data-start=\"2235\" data-end=\"2248\">Essaouira<\/strong> et <strong data-start=\"2252\" data-end=\"2266\">Casablanca<\/strong>, avant de remonter vers <strong data-start=\"2291\" data-end=\"2300\">Rabat<\/strong>, la capitale \u00e9l\u00e9gante, et de retourner \u00e0 <strong data-start=\"2342\" data-end=\"2352\">Tanger<\/strong>, riche de souvenirs et d\u2019\u00e9motions.<\/p>\n<p data-start=\"2391\" data-end=\"2936\">Ce <strong data-start=\"2394\" data-end=\"2432\">Grand Tour et D\u00e9sert depuis Tanger<\/strong> combine <strong data-start=\"2441\" data-end=\"2481\">culture, nature, aventure et confort<\/strong>. Il inclut le transport en v\u00e9hicule moderne et climatis\u00e9, un chauffeur-guide professionnel parlant plusieurs langues, des <strong data-start=\"2604\" data-end=\"2669\">h\u00e9bergements soigneusement s\u00e9lectionn\u00e9s en h\u00f4tels et riads 4\u2605<\/strong>, des <strong data-start=\"2675\" data-end=\"2700\">d\u00eeners dans le d\u00e9sert<\/strong>, et de nombreuses activit\u00e9s authentiques. C\u2019est le circuit id\u00e9al pour ceux qui souhaitent <strong data-start=\"2791\" data-end=\"2836\">explorer le Maroc dans toute sa diversit\u00e9<\/strong>, de la mer au d\u00e9sert, du nord au sud, en vivant une exp\u00e9rience humaine et culturelle inoubliable.<\/p>\n<table class=\"table table-bordered tours-tabs__table\" style=\"height: 233px;\" width=\"862\">\n<tbody>\n<tr>\n<td><strong>Inclus<\/strong><\/td>\n<td><i class=\"fa fa-check icon-tick icon-tick--on\"><\/i>Transport avec chauffeur.<br \/>\n<i class=\"fa fa-check icon-tick icon-tick--on\"><\/i>Carburant &amp; Climatisation.<br \/>\n<i class=\"fa fa-check icon-tick icon-tick--on\"><\/i>Transfert aller-retour.<br \/>\n<i class=\"fa fa-check icon-tick icon-tick--on\"><\/i>Guide ou chauffeur professionnel.<br \/>\n<i class=\"fa fa-check icon-tick icon-tick--on\"><\/i>Taxe de s\u00e9jour &amp; frais de stationnement.<br \/>\n<i class=\"fa fa-check icon-tick icon-tick--on\"><\/i>Guide local &amp; frais d&#8217;entr\u00e9e aux monuments.<br \/>\n<i class=\"fa fa-check icon-tick icon-tick--on\"><\/i>Balade \u00e0 dos de chameau dans les dunes de Merzouga.<br \/>\n<i class=\"fa fa-check icon-tick icon-tick--on\"><\/i>H\u00e9bergement en campement standard ou de luxe dans l&#8217;Erg Chebbi de Merzouga.<br \/>\n<i class=\"fa fa-check icon-tick icon-tick--on\"><\/i>H\u00e9bergement en h\u00f4tel ou riad en formule petit-d\u00e9jeuner.<\/td>\n<\/tr>\n<tr>\n<td><b>Non inclus<\/b><\/td>\n<td><i class=\"fa fa-times icon-tick icon-tick--off\"><\/i>Pourboires.<br \/>\n<i class=\"fa fa-times icon-tick icon-tick--off\"><\/i>D\u00e9jeuners et d\u00eeners<br \/>\n<i class=\"fa fa-times icon-tick icon-tick--off\"><\/i>Boissons.<\/td>\n<\/tr>\n<\/tbody>\n<\/table>\n<p>[\/vc_column_text][\/vc_column][\/vc_row]<\/p>\n<\/div>","protected":false},"excerpt":{"rendered":"<p>D\u00e9couvrez les villes imp\u00e9riales de Marrakech, F\u00e8s, Mekn\u00e8s et Rabat lors d\u2019un grand circuit de 12 jours et 11 nuits au d\u00e9part de Tanger. Vivez des moments magiques dans le d\u00e9sert de Merzouga, avec des couchers et des levers de soleil inoubliables au c\u0153ur des dunes dor\u00e9es.<\/p>\n","protected":false},"featured_media":1913,"template":"","meta":[],"product_brand":[],"product_cat":[131],"product_tag":[1095,911,1104,1105,1091,1089,990,1087,1082,1008,1100,1093,1094,1083,1103,1098,1101,1086,1099,999,1096,1102,1088,1092,897,1084,1097,1085,1090],"class_list":{"0":"post-2472","1":"product","2":"type-product","3":"status-publish","4":"has-post-thumbnail","6":"product_cat-circuits-a-partir-tanger","7":"product_tag-12-days-morocco-itinerary","8":"product_tag-ait-ben-haddou","9":"product_tag-authentic-morocco-tour","10":"product_tag-best-morocco-tour-from-tangier","11":"product_tag-casablanca-hassan-ii-mosque","12":"product_tag-chefchaouen-blue-city","13":"product_tag-desert-camp-experience","14":"product_tag-fes-to-marrakech-desert-route","15":"product_tag-grand-morocco-tour-from-tangier","16":"product_tag-marrakech-sightseeing-fr","17":"product_tag-moroccan-kasbahs","18":"product_tag-morocco-adventure-trip","19":"product_tag-morocco-cultural-experience","20":"product_tag-morocco-desert-tour","21":"product_tag-morocco-discovery-journey","22":"product_tag-morocco-grand-tour","23":"product_tag-morocco-guided-tour","24":"product_tag-morocco-imperial-cities-tour","25":"product_tag-morocco-luxury-tour","26":"product_tag-morocco-road-trip","27":"product_tag-morocco-travel-package","28":"product_tag-northern-and-southern-morocco","29":"product_tag-ouarzazate-film-studios","30":"product_tag-private-morocco-tour","31":"product_tag-rabat-city-tour-fr","32":"product_tag-sahara-camel-trek","33":"product_tag-tangier-sahara-adventure","34":"product_tag-tangier-to-merzouga-tour","35":"product_tag-volubilis-ruins","36":"tour_category-circuits-a-partir-de-tanger","38":"first","39":"instock","40":"virtual","41":"purchasable","42":"product-type-tour"},"_links":{"self":[{"href":"https:\/\/facetours.ma\/fr\/wp-json\/wp\/v2\/product\/2472","targetHints":{"allow":["GET"]}}],"collection":[{"href":"https:\/\/facetours.ma\/fr\/wp-json\/wp\/v2\/product"}],"about":[{"href":"https:\/\/facetours.ma\/fr\/wp-json\/wp\/v2\/types\/product"}],"wp:featuredmedia":[{"embeddable":true,"href":"https:\/\/facetours.ma\/fr\/wp-json\/wp\/v2\/media\/1913"}],"wp:attachment":[{"href":"https:\/\/facetours.ma\/fr\/wp-json\/wp\/v2\/media?parent=2472"}],"wp:term":[{"taxonomy":"product_brand","embeddable":true,"href":"https:\/\/facetours.ma\/fr\/wp-json\/wp\/v2\/product_brand?post=2472"},{"taxonomy":"product_cat","embeddable":true,"href":"https:\/\/facetours.ma\/fr\/wp-json\/wp\/v2\/product_cat?post=2472"},{"taxonomy":"product_tag","embeddable":true,"href":"https:\/\/facetours.ma\/fr\/wp-json\/wp\/v2\/product_tag?post=2472"}],"curies":[{"name":"wp","href":"https:\/\/api.w.org\/{rel}","templated":true}]}}