{"id":2470,"date":"2022-08-15T18:04:35","date_gmt":"2022-08-15T17:04:35","guid":{"rendered":"https:\/\/facetours.ma\/?post_type=product&#038;p=2470"},"modified":"2025-11-11T10:17:28","modified_gmt":"2025-11-11T09:17:28","slug":"circuit-villes-imperiales-depart-tanger","status":"publish","type":"product","link":"https:\/\/facetours.ma\/fr\/meilleures-circuits-au-maroc\/circuit-villes-imperiales-depart-tanger\/","title":{"rendered":"D\u00e9couvrez le tour des villes imp\u00e9riales depuis Tanger"},"content":{"rendered":"<div class=\"wpb-content-wrapper\"><p>[vc_row][vc_column][vc_column_text]<\/p>\n<p data-start=\"236\" data-end=\"668\">Partez \u00e0 la d\u00e9couverte des <strong data-start=\"263\" data-end=\"293\">villes imp\u00e9riales du Maroc<\/strong> lors de ce circuit complet au d\u00e9part de Tanger. Ce voyage unique vous emm\u00e8ne \u00e0 travers l\u2019histoire, la culture et les paysages spectaculaires du royaume. Depuis Tanger, ville cosmopolite o\u00f9 se rencontrent la M\u00e9diterran\u00e9e et l\u2019Atlantique, vous commencerez votre aventure par l\u2019exploration de ses sites embl\u00e9matiques, tels que le <strong data-start=\"621\" data-end=\"636\">cap Spartel<\/strong> et les <strong data-start=\"644\" data-end=\"665\">Grottes d\u2019Hercule<\/strong>.<\/p>\n<p data-start=\"670\" data-end=\"1082\">Vous poursuivrez ensuite vers <strong data-start=\"700\" data-end=\"715\">Chefchaouen<\/strong>, la c\u00e9l\u00e8bre \u00ab ville bleue \u00bb, nich\u00e9e dans les montagnes du Rif, pour admirer ses ruelles pittoresques et son ambiance unique. Le voyage vous conduira ensuite \u00e0 <strong data-start=\"875\" data-end=\"888\">Volubilis<\/strong>, site arch\u00e9ologique romain class\u00e9 au <strong data-start=\"926\" data-end=\"960\">patrimoine mondial de l\u2019UNESCO<\/strong>, puis \u00e0 <strong data-start=\"969\" data-end=\"979\">Mekn\u00e8s<\/strong>, avec la majestueuse <strong data-start=\"1001\" data-end=\"1016\">Bab Mansour<\/strong>, la <strong data-start=\"1021\" data-end=\"1043\">Madrasa Bou Inania<\/strong> et le <strong data-start=\"1050\" data-end=\"1079\">Mausol\u00e9e de Moulay Isma\u00efl<\/strong>.<\/p>\n<p data-start=\"1084\" data-end=\"1661\">Votre aventure se poursuivra \u00e0 <strong data-start=\"1115\" data-end=\"1122\">F\u00e8s<\/strong>, la plus ancienne ville imp\u00e9riale, o\u00f9 vous explorerez la <strong data-start=\"1180\" data-end=\"1205\">m\u00e9dina de F\u00e8s el-Bali<\/strong>, les <strong data-start=\"1211\" data-end=\"1232\">tanneries Chouara<\/strong>, les <strong data-start=\"1238\" data-end=\"1250\">medersas<\/strong> et les ateliers artisanaux traditionnels. Vous visiterez \u00e9galement <strong data-start=\"1318\" data-end=\"1327\">Rabat<\/strong>, la capitale administrative, avec le <strong data-start=\"1365\" data-end=\"1388\">Mausol\u00e9e Mohammed V<\/strong>, la <strong data-start=\"1393\" data-end=\"1408\">Tour Hassan<\/strong> et la <strong data-start=\"1415\" data-end=\"1437\">Kasbah des Oudayas<\/strong>. Enfin, votre circuit se terminera \u00e0 <strong data-start=\"1475\" data-end=\"1488\">Marrakech<\/strong>, la \u00ab ville rouge \u00bb, avec ses <strong data-start=\"1519\" data-end=\"1535\">souks anim\u00e9s<\/strong>, la <strong data-start=\"1540\" data-end=\"1562\">place Jemaa el-Fna<\/strong>, les palais et jardins somptueux, offrant un m\u00e9lange parfait de culture, histoire et vie locale.<\/p>\n<p data-start=\"1663\" data-end=\"1957\">Ce <strong data-start=\"1666\" data-end=\"1710\">tour des villes imp\u00e9riales depuis Tanger<\/strong> est id\u00e9al pour ceux qui souhaitent d\u00e9couvrir le Maroc en profondeur, combinant <strong data-start=\"1790\" data-end=\"1860\">exp\u00e9riences culturelles, sites historiques et paysages magnifiques<\/strong>, avec des h\u00e9bergements confortables et un accompagnement professionnel tout au long du voyage.<\/p>\n<table class=\"table table-bordered tours-tabs__table\" style=\"height: 233px;\" width=\"862\">\n<tbody>\n<tr>\n<td><strong>Inclus<\/strong><\/td>\n<td><i class=\"fa fa-check icon-tick icon-tick--on\"><\/i>Transport avec chauffeur.<br \/>\n<i class=\"fa fa-check icon-tick icon-tick--on\"><\/i>Carburant &amp; Climatisation.<br \/>\n<i class=\"fa fa-check icon-tick icon-tick--on\"><\/i>Guide ou chauffeur professionnel.<br \/>\n<i class=\"fa fa-check icon-tick icon-tick--on\"><\/i>Guide local &amp; Frais d&#8217;entr\u00e9e aux monuments.<br \/>\n<i class=\"fa fa-check icon-tick icon-tick--on\"><\/i>Taxe de s\u00e9jour &amp; Frais de stationnement.<br \/>\n<i class=\"fa fa-check icon-tick icon-tick--on\"><\/i>H\u00e9bergement en h\u00f4tel ou en riad en formule petit-d\u00e9jeuner.<\/td>\n<\/tr>\n<tr>\n<td><b>Non inclus<\/b><\/td>\n<td><i class=\"fa fa-times icon-tick icon-tick--off\"><\/i>Boissons.<br \/>\n<i class=\"fa fa-times icon-tick icon-tick--off\"><\/i>Pourboires.<br \/>\n<i class=\"fa fa-times icon-tick icon-tick--off\"><\/i>D\u00e9jeuners et d\u00eeners.<\/td>\n<\/tr>\n<\/tbody>\n<\/table>\n<p>[\/vc_column_text][\/vc_column][\/vc_row]<\/p>\n<\/div>","protected":false},"excerpt":{"rendered":"<p>D\u00e9couvrez les villes imp\u00e9riales du Maroc lors d\u2019un circuit de 8 jours et 7 nuits au d\u00e9part de Tanger. De Rabat \u00e0 Marrakech, en passant par Casablanca, F\u00e8s et Mekn\u00e8s, explorez ces joyaux historiques et profitez d\u2019une escapade unique \u00e0 Chefchaouen, la ville bleue nich\u00e9e au c\u0153ur des montagnes du Rif.<\/p>\n","protected":false},"featured_media":1694,"template":"","meta":[],"product_brand":[],"product_cat":[131],"product_tag":[1129,1119,1110,1127,1032,1121,1128,1124,1125,1131,1123,1130,1126,1122,1112],"class_list":{"0":"post-2470","1":"product","2":"type-product","3":"status-publish","4":"has-post-thumbnail","6":"product_cat-circuits-a-partir-tanger","7":"product_tag-circuit-7-nuits-maroc","8":"product_tag-circuit-authentique-maroc","9":"product_tag-circuit-culturel-maroc","10":"product_tag-circuit-historique-maroc","11":"product_tag-circuit-touristique-maroc","12":"product_tag-circuit-villes-imperiales-maroc","13":"product_tag-decouverte-des-villes-imperiales","14":"product_tag-escapade-chefchaouen","15":"product_tag-excursion-rabat-casablanca","16":"product_tag-medinas-et-patrimoine-maroc","17":"product_tag-tanger-marrakech-fes-meknes","18":"product_tag-tour-guide-maroc","19":"product_tag-tour-prive-maroc","20":"product_tag-voyage-maroc-8-jours","21":"product_tag-voyage-organise-maroc","22":"tour_category-circuits-a-partir-de-tanger","24":"first","25":"instock","26":"virtual","27":"purchasable","28":"product-type-tour"},"_links":{"self":[{"href":"https:\/\/facetours.ma\/fr\/wp-json\/wp\/v2\/product\/2470","targetHints":{"allow":["GET"]}}],"collection":[{"href":"https:\/\/facetours.ma\/fr\/wp-json\/wp\/v2\/product"}],"about":[{"href":"https:\/\/facetours.ma\/fr\/wp-json\/wp\/v2\/types\/product"}],"wp:featuredmedia":[{"embeddable":true,"href":"https:\/\/facetours.ma\/fr\/wp-json\/wp\/v2\/media\/1694"}],"wp:attachment":[{"href":"https:\/\/facetours.ma\/fr\/wp-json\/wp\/v2\/media?parent=2470"}],"wp:term":[{"taxonomy":"product_brand","embeddable":true,"href":"https:\/\/facetours.ma\/fr\/wp-json\/wp\/v2\/product_brand?post=2470"},{"taxonomy":"product_cat","embeddable":true,"href":"https:\/\/facetours.ma\/fr\/wp-json\/wp\/v2\/product_cat?post=2470"},{"taxonomy":"product_tag","embeddable":true,"href":"https:\/\/facetours.ma\/fr\/wp-json\/wp\/v2\/product_tag?post=2470"}],"curies":[{"name":"wp","href":"https:\/\/api.w.org\/{rel}","templated":true}]}}