{"id":2468,"date":"2022-08-26T09:40:33","date_gmt":"2022-08-26T08:40:33","guid":{"rendered":"https:\/\/facetours.ma\/?post_type=product&#038;p=2468"},"modified":"2025-11-11T09:59:55","modified_gmt":"2025-11-11T08:59:55","slug":"circuit-du-nord-au-depart-de-tanger","status":"publish","type":"product","link":"https:\/\/facetours.ma\/fr\/meilleures-circuits-au-maroc\/circuit-du-nord-au-depart-de-tanger\/","title":{"rendered":"Circuit du Nord au d\u00e9part de Tanger"},"content":{"rendered":"<div class=\"wpb-content-wrapper\"><p>[vc_row][vc_column][vc_column_text]<\/p>\n<p data-start=\"244\" data-end=\"729\">D\u00e9couvrez la beaut\u00e9 et la diversit\u00e9 du nord du Maroc \u00e0 travers ce circuit exceptionnel au d\u00e9part de Tanger. Ce voyage fascinant vous emm\u00e8ne \u00e0 la d\u00e9couverte de paysages pittoresques, de villes historiques et de cultures authentiques. Depuis la porte du Maroc, Tanger, point de rencontre entre l\u2019Europe et l\u2019Afrique, jusqu\u2019\u00e0 la perle bleue de Chefchaouen, en passant par T\u00e9touan, Asilah et la capitale Rabat, chaque \u00e9tape de ce circuit promet une immersion totale dans l\u2019\u00e2me marocaine.<\/p>\n<p data-start=\"731\" data-end=\"1345\">Commencez votre aventure \u00e0 <strong data-start=\"758\" data-end=\"768\">Tanger<\/strong>, ville cosmopolite aux influences multiples, o\u00f9 les eaux de la M\u00e9diterran\u00e9e et de l\u2019Atlantique se rejoignent. Explorez la m\u00e9dina, le cap Spartel, les Grottes d\u2019Hercule et le vieux march\u00e9 anim\u00e9. Poursuivez vers <strong data-start=\"979\" data-end=\"990\">T\u00e9touan<\/strong>, la \u00ab Colombe blanche \u00bb, inscrite au patrimoine mondial de l\u2019UNESCO, r\u00e9put\u00e9e pour son architecture andalouse et son atmosph\u00e8re paisible. Vous continuerez votre route \u00e0 travers les montagnes du Rif vers <strong data-start=\"1193\" data-end=\"1208\">Chefchaouen<\/strong>, la c\u00e9l\u00e8bre ville bleue, dont les ruelles color\u00e9es, la kasbah et les cascades de Ras El Maa offrent un d\u00e9cor f\u00e9erique et photog\u00e9nique.<\/p>\n<p data-start=\"1347\" data-end=\"1796\">Votre voyage se poursuit vers <strong data-start=\"1377\" data-end=\"1387\">Asilah<\/strong>, charmante ville c\u00f4ti\u00e8re aux remparts blanchis et orn\u00e9e de fresques artistiques, avant de rejoindre <strong data-start=\"1488\" data-end=\"1497\">Rabat<\/strong>, la capitale du Maroc. Vous y d\u00e9couvrirez le mausol\u00e9e Mohammed V, la tour Hassan et la kasbah des Oudayas, symbole de l\u2019histoire royale et du patrimoine marocain. Tout au long du circuit, vous profiterez d\u2019un m\u00e9lange harmonieux de culture, d\u2019histoire et de d\u00e9tente, entre mer, montagne et m\u00e9dina.<\/p>\n<p data-start=\"1798\" data-end=\"2143\">Ce <strong data-start=\"1801\" data-end=\"1840\">circuit du Nord au d\u00e9part de Tanger<\/strong> combine parfaitement authenticit\u00e9 et confort, avec des h\u00e9bergements s\u00e9lectionn\u00e9s, des guides exp\u00e9riment\u00e9s et un accompagnement professionnel. C\u2019est l\u2019occasion id\u00e9ale pour d\u00e9couvrir le Maroc autrement, \u00e0 travers des exp\u00e9riences locales, des paysages \u00e0 couper le souffle et une hospitalit\u00e9 chaleureuse.<\/p>\n<table class=\"table table-bordered tours-tabs__table\" style=\"height: 233px;\" width=\"862\">\n<tbody>\n<tr>\n<td><strong>Inclus<\/strong><\/td>\n<td><i class=\"fa fa-check icon-tick icon-tick--on\"><\/i>Transport avec chauffeur.<br \/>\n<i class=\"fa fa-check icon-tick icon-tick--on\"><\/i>Carburant &amp; Climatisation.<br \/>\n<i class=\"fa fa-check icon-tick icon-tick--on\"><\/i>Taxe de s\u00e9jour &amp; Frais de stationnement.<br \/>\n<i class=\"fa fa-check icon-tick icon-tick--on\"><\/i>Transfert aller-retour.<br \/>\n<i class=\"fa fa-check icon-tick icon-tick--on\"><\/i>Guide ou chauffeur professionnel.<br \/>\n<i class=\"fa fa-check icon-tick icon-tick--on\"><\/i>Guide local &amp; Frais d&#8217;entr\u00e9e aux monuments.<br \/>\n<i class=\"fa fa-check icon-tick icon-tick--on\"><\/i>H\u00e9bergement en h\u00f4tel ou riad en BB.<\/td>\n<\/tr>\n<tr>\n<td><b>Non inclus<\/b><\/td>\n<td><i class=\"fa fa-times icon-tick icon-tick--off\"><\/i>Boissons.<br \/>\n<i class=\"fa fa-times icon-tick icon-tick--off\"><\/i>Pourboires.<br \/>\n<i class=\"fa fa-times icon-tick icon-tick--off\"><\/i>D\u00e9jeuners et D\u00eeners.<\/td>\n<\/tr>\n<\/tbody>\n<\/table>\n<p>[\/vc_column_text][\/vc_column][\/vc_row]<\/p>\n<\/div>","protected":false},"excerpt":{"rendered":"<p>D\u00e9couvrez le nord du Maroc et explorez les villes embl\u00e9matiques de Tanger, T\u00e9touan et Chefchaouen lors d\u2019un voyage de r\u00eave. Partez \u00e9galement \u00e0 la d\u00e9couverte de Volubilis, Mekn\u00e8s, Casablanca et Rabat, pour un circuit riche en histoire, culture et paysages fascinants.<\/p>\n","protected":false},"featured_media":1580,"template":"","meta":[],"product_brand":[],"product_cat":[131],"product_tag":[1113,1119,1118,1109,1110,1117,1012,1114,1115,1116,1120,1108,1107,1111,1106,1112],"class_list":{"0":"post-2468","1":"product","2":"type-product","3":"status-publish","4":"has-post-thumbnail","6":"product_cat-circuits-a-partir-tanger","7":"product_tag-circuit-7-jours-maroc","8":"product_tag-circuit-authentique-maroc","9":"product_tag-circuit-avec-guide-maroc","10":"product_tag-circuit-casablanca-rabat","11":"product_tag-circuit-culturel-maroc","12":"product_tag-circuit-medina-et-patrimoine","13":"product_tag-circuit-nord-maroc","14":"product_tag-circuit-prive-maroc","15":"product_tag-circuit-villes-imperiales-nord","16":"product_tag-decouverte-du-maroc","17":"product_tag-excursion-au-depart-de-tange","18":"product_tag-excursion-volubilis-meknes","19":"product_tag-tanger-tetouan-chefchaouen","20":"product_tag-tour-historique-maroc","21":"product_tag-voyage-nord-maroc","22":"product_tag-voyage-organise-maroc","23":"tour_category-circuits-a-partir-de-tanger","25":"first","26":"instock","27":"shipping-taxable","28":"purchasable","29":"product-type-tour"},"_links":{"self":[{"href":"https:\/\/facetours.ma\/fr\/wp-json\/wp\/v2\/product\/2468","targetHints":{"allow":["GET"]}}],"collection":[{"href":"https:\/\/facetours.ma\/fr\/wp-json\/wp\/v2\/product"}],"about":[{"href":"https:\/\/facetours.ma\/fr\/wp-json\/wp\/v2\/types\/product"}],"wp:featuredmedia":[{"embeddable":true,"href":"https:\/\/facetours.ma\/fr\/wp-json\/wp\/v2\/media\/1580"}],"wp:attachment":[{"href":"https:\/\/facetours.ma\/fr\/wp-json\/wp\/v2\/media?parent=2468"}],"wp:term":[{"taxonomy":"product_brand","embeddable":true,"href":"https:\/\/facetours.ma\/fr\/wp-json\/wp\/v2\/product_brand?post=2468"},{"taxonomy":"product_cat","embeddable":true,"href":"https:\/\/facetours.ma\/fr\/wp-json\/wp\/v2\/product_cat?post=2468"},{"taxonomy":"product_tag","embeddable":true,"href":"https:\/\/facetours.ma\/fr\/wp-json\/wp\/v2\/product_tag?post=2468"}],"curies":[{"name":"wp","href":"https:\/\/api.w.org\/{rel}","templated":true}]}}