{"id":2457,"date":"2022-08-28T09:51:00","date_gmt":"2022-08-28T08:51:00","guid":{"rendered":"https:\/\/facetours.ma\/?post_type=product&#038;p=2457"},"modified":"2024-05-02T14:25:05","modified_gmt":"2024-05-02T13:25:05","slug":"circuit-2-jours-zagora-au-depart-marrakech","status":"publish","type":"product","link":"https:\/\/facetours.ma\/fr\/meilleures-circuits-au-maroc\/circuit-2-jours-zagora-au-depart-marrakech\/","title":{"rendered":"D\u00e9sert Zagora depuis Marrakech: Explorez en 2 Jours!"},"content":{"rendered":"<div class=\"wpb-content-wrapper\"><p>[vc_row][vc_column][vc_column_text]D\u00e9couvrez l&#8217;itin\u00e9raire de 2 jours et une nuit dans le d\u00e9sert de Zagora depuis Marrakech pour explorer le sud-est du Maroc en passant par le haut atlas du col de Tizi n&#8217; Tichka. Et Ait ben haddou, le site du patrimoine mondial de l&#8217;UNESCO d&#8217;Ait Ben Haddou, la Kasbah de Taourirt et la vall\u00e9e de la rivi\u00e8re Draa. Et continuons jusqu&#8217;\u00e0 Zagora. Entour\u00e9e de belles Kasbahs et de palmeraies o\u00f9 nous ferons une promenade \u00e0 dos de chameau et passerons une nuit dans le campement dans le d\u00e9sert.<\/p>\n<table class=\"table table-bordered tours-tabs__table\" style=\"height: 233px;\" width=\"862\">\n<tbody>\n<tr>\n<td><strong>Inclus<\/strong><\/td>\n<td>\n<i class=\"fa fa-check icon-tick icon-tick--on\"><\/i>Transport avec chauffeur.<br \/>\n<i class=\"fa fa-check icon-tick icon-tick--on\"><\/i>Carburant &amp; Climatisation.<br \/>\nicon_tick state=&#8221;on&#8221;]Taxe de s\u00e9jour &amp; Frais de stationnement.<br \/>\n<i class=\"fa fa-check icon-tick icon-tick--on\"><\/i>Guide ou chauffeur professionnel.<br \/>\n<i class=\"fa fa-check icon-tick icon-tick--on\"><\/i>Guide local &amp; Frais d&#8217;entr\u00e9e aux monuments.<br \/>\n<i class=\"fa fa-check icon-tick icon-tick--on\"><\/i>Balade \u00e0 dos de chameau &amp; H\u00e9bergement en campement standard ou de luxe dans le d\u00e9sert \u00e0 Zagora.<\/td>\n<\/tr>\n<tr>\n<td><b>Non inclus<\/b><\/td>\n<td>\n<i class=\"fa fa-times icon-tick icon-tick--off\"><\/i>Boissons.<br \/>\n<i class=\"fa fa-times icon-tick icon-tick--off\"><\/i>Pourboires.<br \/>\n<i class=\"fa fa-times icon-tick icon-tick--off\"><\/i>D\u00e9jeuners.<\/td>\n<\/tr>\n<\/tbody>\n<\/table>\n<p>[\/vc_column_text][\/vc_column][\/vc_row]<\/p>\n<\/div>","protected":false},"excerpt":{"rendered":"<p>D\u00e9couvrez le d\u00e9sert Zagora depuis Marrakech en 2 jours et une nuit. Visitez Ait Ben Haddou, la Kasbah de Taourirt et la vall\u00e9e du Draa, faites une balade \u00e0 dos de chameau et passez une nuit en campement dans le d\u00e9sert.<\/p>\n","protected":false},"featured_media":1476,"template":"","meta":[],"product_brand":[],"product_cat":[129],"product_tag":[],"class_list":{"0":"post-2457","1":"product","2":"type-product","3":"status-publish","4":"has-post-thumbnail","6":"product_cat-circuits-a-partir-marrakech","7":"tour_category-circuits-a-partir-de-marrakech","9":"first","10":"instock","11":"virtual","12":"purchasable","13":"product-type-tour"},"_links":{"self":[{"href":"https:\/\/facetours.ma\/fr\/wp-json\/wp\/v2\/product\/2457","targetHints":{"allow":["GET"]}}],"collection":[{"href":"https:\/\/facetours.ma\/fr\/wp-json\/wp\/v2\/product"}],"about":[{"href":"https:\/\/facetours.ma\/fr\/wp-json\/wp\/v2\/types\/product"}],"wp:featuredmedia":[{"embeddable":true,"href":"https:\/\/facetours.ma\/fr\/wp-json\/wp\/v2\/media\/1476"}],"wp:attachment":[{"href":"https:\/\/facetours.ma\/fr\/wp-json\/wp\/v2\/media?parent=2457"}],"wp:term":[{"taxonomy":"product_brand","embeddable":true,"href":"https:\/\/facetours.ma\/fr\/wp-json\/wp\/v2\/product_brand?post=2457"},{"taxonomy":"product_cat","embeddable":true,"href":"https:\/\/facetours.ma\/fr\/wp-json\/wp\/v2\/product_cat?post=2457"},{"taxonomy":"product_tag","embeddable":true,"href":"https:\/\/facetours.ma\/fr\/wp-json\/wp\/v2\/product_tag?post=2457"}],"curies":[{"name":"wp","href":"https:\/\/api.w.org\/{rel}","templated":true}]}}