{"id":2455,"date":"2022-08-28T09:43:25","date_gmt":"2022-08-28T08:43:25","guid":{"rendered":"https:\/\/facetours.ma\/?post_type=product&#038;p=2455"},"modified":"2024-12-01T13:38:58","modified_gmt":"2024-12-01T12:38:58","slug":"circuit-3-jours-marrakech-fez-merzouga","status":"publish","type":"product","link":"https:\/\/facetours.ma\/fr\/meilleures-circuits-au-maroc\/circuit-3-jours-marrakech-fez-merzouga\/","title":{"rendered":"Circuit de 3 jours de Marrakech \u00e0 F\u00e8s via Merzouga"},"content":{"rendered":"<div class=\"wpb-content-wrapper\"><p>[vc_row][vc_column][vc_column_text]Explorez Fez lors d&#8217;un circuit de 3 jours et 2 nuits au d\u00e9part de Marrakech \u00e0 travers Merzouga, le circuit le plus vendu, choisi par nos clients, pour explorer deux villes imp\u00e9riales Fez, Marrakech, et le d\u00e9sert. Le tour nous emm\u00e8ne du nord du Maroc au sud-est \u00e0 Merzouga Erg Chebbi o\u00f9 nous passerons une nuit sous une tente autour d&#8217;un feu de camp et profiterons de la musique locale anim\u00e9e par des jeunes de cette r\u00e9gion. Le lendemain, nous d\u00e9couvrirons Todra, les gorges du Dades et Ait Ben Haddou et terminerons notre visite \u00e0 Fez.<\/p>\n<table class=\"table table-bordered tours-tabs__table\" style=\"height: 233px;\" width=\"862\">\n<tbody>\n<tr>\n<td><strong>Inclus<\/strong><\/td>\n<td><i class=\"fa fa-check icon-tick icon-tick--on\"><\/i>Transport avec chauffeur.<br \/>\n<i class=\"fa fa-check icon-tick icon-tick--on\"><\/i>Carburant &amp; Climatisation.<br \/>\n<i class=\"fa fa-check icon-tick icon-tick--on\"><\/i>Taxe touristique &amp; frais de stationnement.<br \/>\n<i class=\"fa fa-check icon-tick icon-tick--on\"><\/i>Guide ou chauffeur professionnel.<br \/>\n<i class=\"fa fa-check icon-tick icon-tick--on\"><\/i>Guide local &amp; frais d&#8217;entr\u00e9e aux monuments.<br \/>\n<i class=\"fa fa-check icon-tick icon-tick--on\"><\/i>H\u00e9bergement \u00e0 l&#8217;h\u00f4tel ou Riad en BB.<br \/>\n<i class=\"fa fa-check icon-tick icon-tick--on\"><\/i>Balade \u00e0 dos de chameau &amp; h\u00e9bergement dans un campement de luxe standard dans le d\u00e9sert de Merzouga avec demi-pension.<\/td>\n<\/tr>\n<tr>\n<td><b>Non inclus<\/b><\/td>\n<td><i class=\"fa fa-times icon-tick icon-tick--off\"><\/i>Boissons.<br \/>\n<i class=\"fa fa-times icon-tick icon-tick--off\"><\/i>Pourboires.<br \/>\n<i class=\"fa fa-times icon-tick icon-tick--off\"><\/i>D\u00e9jeuners et d\u00eeners.<\/td>\n<\/tr>\n<\/tbody>\n<\/table>\n<p>[\/vc_column_text][\/vc_column][\/vc_row]<\/p>\n<\/div>","protected":false},"excerpt":{"rendered":"<p>D\u00e9couvrez notre circuit de 3 jours de Marrakech \u00e0 F\u00e8s via Merzouga. Explorez le d\u00e9sert, les villes historiques et la culture marocaine.<\/p>\n","protected":false},"featured_media":1564,"template":"","meta":[],"product_brand":[],"product_cat":[129],"product_tag":[],"class_list":{"0":"post-2455","1":"product","2":"type-product","3":"status-publish","4":"has-post-thumbnail","6":"product_cat-circuits-a-partir-marrakech","7":"tour_category-circuits-a-partir-de-marrakech","9":"first","10":"instock","11":"virtual","12":"purchasable","13":"product-type-tour"},"_links":{"self":[{"href":"https:\/\/facetours.ma\/fr\/wp-json\/wp\/v2\/product\/2455","targetHints":{"allow":["GET"]}}],"collection":[{"href":"https:\/\/facetours.ma\/fr\/wp-json\/wp\/v2\/product"}],"about":[{"href":"https:\/\/facetours.ma\/fr\/wp-json\/wp\/v2\/types\/product"}],"wp:featuredmedia":[{"embeddable":true,"href":"https:\/\/facetours.ma\/fr\/wp-json\/wp\/v2\/media\/1564"}],"wp:attachment":[{"href":"https:\/\/facetours.ma\/fr\/wp-json\/wp\/v2\/media?parent=2455"}],"wp:term":[{"taxonomy":"product_brand","embeddable":true,"href":"https:\/\/facetours.ma\/fr\/wp-json\/wp\/v2\/product_brand?post=2455"},{"taxonomy":"product_cat","embeddable":true,"href":"https:\/\/facetours.ma\/fr\/wp-json\/wp\/v2\/product_cat?post=2455"},{"taxonomy":"product_tag","embeddable":true,"href":"https:\/\/facetours.ma\/fr\/wp-json\/wp\/v2\/product_tag?post=2455"}],"curies":[{"name":"wp","href":"https:\/\/api.w.org\/{rel}","templated":true}]}}