{"id":2453,"date":"2022-08-28T09:35:12","date_gmt":"2022-08-28T08:35:12","guid":{"rendered":"https:\/\/facetours.ma\/?post_type=product&#038;p=2453"},"modified":"2024-12-01T13:34:43","modified_gmt":"2024-12-01T12:34:43","slug":"circuit-3-jours-merzouga-au-depart-marrakech","status":"publish","type":"product","link":"https:\/\/facetours.ma\/fr\/meilleures-circuits-au-maroc\/circuit-3-jours-merzouga-au-depart-marrakech\/","title":{"rendered":"Circuit d\u00e9sert Merzouga 3 jours au d\u00e9part de Marrakech"},"content":{"rendered":"<div class=\"wpb-content-wrapper\"><p>[vc_row][vc_column][vc_column_text]Le circuit d\u00e9sert de 3 jours \u00e0 Merzouga depuis Marrakech est une excellente exp\u00e9rience pour d\u00e9couvrir la Kasbah d&#8217;Ait Ben Haddou, un village historique fortifi\u00e9, admirer une incroyable route en zigzag dans les gorges du Dad\u00e8s, contempler les c\u00e9l\u00e8bres et magnifiques canyons de Todra, continuer jusqu&#8217;\u00e0 Erfoud r\u00e9put\u00e9e pour ses dattes et ses fossiles, puis, au Sahara, monter \u00e0 dos de chameau et passer une nuit sous une tente nomade \u00e0 Erg Chebbi \u00e0 Merzouga. En g\u00e9n\u00e9ral, nous explorerons le sud-est du Maroc, sa nature, ses oasis de palmiers et ses montagnes de l&#8217;Atlas.<\/p>\n<table class=\"table table-bordered tours-tabs__table\" style=\"height: 233px;\" width=\"862\">\n<tbody>\n<tr>\n<td><strong>Inclus<\/strong><\/td>\n<td><i class=\"fa fa-check icon-tick icon-tick--on\"><\/i>Transport avec chauffeur.<br \/>\n<i class=\"fa fa-check icon-tick icon-tick--on\"><\/i>Carburant &amp; Climatisation.<br \/>\n<i class=\"fa fa-check icon-tick icon-tick--on\"><\/i>Guide local ou chauffeur professionnel.<br \/>\n<i class=\"fa fa-check icon-tick icon-tick--on\"><\/i>Taxe touristique &amp; frais de stationnement.<br \/>\n<i class=\"fa fa-check icon-tick icon-tick--on\"><\/i>H\u00e9bergement \u00e0 l&#8217;h\u00f4tel ou au Riad en BB.<br \/>\n<i class=\"fa fa-check icon-tick icon-tick--on\"><\/i>Balade \u00e0 dos de chameau &amp; h\u00e9bergement en campement standard ou de luxe dans le d\u00e9sert \u00e0 Merzouga en DP.<\/td>\n<\/tr>\n<tr>\n<td><b>Non inclus<\/b><\/td>\n<td><i class=\"fa fa-times icon-tick icon-tick--off\"><\/i>Boissons.<br \/>\n<i class=\"fa fa-times icon-tick icon-tick--off\"><\/i>Pourboire.<br \/>\n<i class=\"fa fa-times icon-tick icon-tick--off\"><\/i>D\u00e9jeuners et d\u00eeners.<\/td>\n<\/tr>\n<\/tbody>\n<\/table>\n<p>[\/vc_column_text][\/vc_column][\/vc_row]<\/p>\n<\/div>","protected":false},"excerpt":{"rendered":"<p>Passez un tour inoubliable de 3 jours dans le d\u00e9sert de Merzouga depuis Marrakech. C&#8217;est une exp\u00e9rience super unique dans un campement en plein d\u00e9sert, avec un feu de camp sous le ciel \u00e9toil\u00e9. C&#8217;est le charme et la magie du d\u00e9sert.<\/p>\n","protected":false},"featured_media":1790,"template":"","meta":[],"product_brand":[],"product_cat":[129],"product_tag":[],"class_list":{"0":"post-2453","1":"product","2":"type-product","3":"status-publish","4":"has-post-thumbnail","6":"product_cat-circuits-a-partir-marrakech","7":"tour_category-circuits-a-partir-de-marrakech","9":"first","10":"instock","11":"virtual","12":"purchasable","13":"product-type-tour"},"_links":{"self":[{"href":"https:\/\/facetours.ma\/fr\/wp-json\/wp\/v2\/product\/2453","targetHints":{"allow":["GET"]}}],"collection":[{"href":"https:\/\/facetours.ma\/fr\/wp-json\/wp\/v2\/product"}],"about":[{"href":"https:\/\/facetours.ma\/fr\/wp-json\/wp\/v2\/types\/product"}],"wp:featuredmedia":[{"embeddable":true,"href":"https:\/\/facetours.ma\/fr\/wp-json\/wp\/v2\/media\/1790"}],"wp:attachment":[{"href":"https:\/\/facetours.ma\/fr\/wp-json\/wp\/v2\/media?parent=2453"}],"wp:term":[{"taxonomy":"product_brand","embeddable":true,"href":"https:\/\/facetours.ma\/fr\/wp-json\/wp\/v2\/product_brand?post=2453"},{"taxonomy":"product_cat","embeddable":true,"href":"https:\/\/facetours.ma\/fr\/wp-json\/wp\/v2\/product_cat?post=2453"},{"taxonomy":"product_tag","embeddable":true,"href":"https:\/\/facetours.ma\/fr\/wp-json\/wp\/v2\/product_tag?post=2453"}],"curies":[{"name":"wp","href":"https:\/\/api.w.org\/{rel}","templated":true}]}}