{"id":2450,"date":"2022-08-27T11:13:26","date_gmt":"2022-08-27T10:13:26","guid":{"rendered":"https:\/\/facetours.ma\/?post_type=product&#038;p=2450"},"modified":"2024-12-01T13:29:31","modified_gmt":"2024-12-01T12:29:31","slug":"grand-tour-circuit-desert-au-depart-marrakech","status":"publish","type":"product","link":"https:\/\/facetours.ma\/fr\/meilleures-circuits-au-maroc\/grand-tour-circuit-desert-au-depart-marrakech\/","title":{"rendered":"Circuit grand Tour et  D\u00e9sert au D\u00e9part de Marrakech"},"content":{"rendered":"<div class=\"wpb-content-wrapper\"><p>[vc_row][vc_column][vc_column_text]Commencez et terminez dans la vibrante ville de Marrakech, ce circuit de 12 jours et 11 nuits vous m\u00e8nera \u00e0 travers la grandeur du d\u00e9sert, en passant par la kasbah d&#8217;Ait Ben Haddou, la kasbah de Taourirt, les gorges du Dad\u00e8s et du Todra. Vous passerez une nuit sous une tente de luxe dans un campement dans le d\u00e9sert, puis vous vous rendrez \u00e0 F\u00e8s o\u00f9 vous visiterez l&#8217;\u00e9cole Attarin, la madrasa Bou Inania et Mekn\u00e8s. Vous d\u00e9couvrirez la c\u00e9l\u00e8bre porte Bab Mansour, puis vous continuerez jusqu&#8217;\u00e0 Volubilis et rejoindrez la ville bleue dans les montagnes du Rif. Vous visiterez \u00e9galement Rabat, Casablanca et terminerez votre circuit \u00e0 Marrakech.<\/p>\n<table class=\"table table-bordered tours-tabs__table\" style=\"height: 233px;\" width=\"862\">\n<tbody>\n<tr>\n<td><strong>Inclus<\/strong><\/td>\n<td><i class=\"fa fa-check icon-tick icon-tick--on\"><\/i>Transport avec chauffeur.<br \/>\n<i class=\"fa fa-check icon-tick icon-tick--on\"><\/i>Guide ou chauffeur professionnel.<br \/>\n<i class=\"fa fa-check icon-tick icon-tick--on\"><\/i>Carburant &amp; Climatisation.<br \/>\n<i class=\"fa fa-check icon-tick icon-tick--on\"><\/i>Taxe touristique &amp; Frais de stationnement.<br \/>\n<i class=\"fa fa-check icon-tick icon-tick--on\"><\/i>H\u00e9bergement en h\u00f4tel ou Riad en formule petit-d\u00e9jeuner.<br \/>\n<i class=\"fa fa-check icon-tick icon-tick--on\"><\/i>Guide local &amp; Frais d&#8217;entr\u00e9e aux monuments.<br \/>\n<i class=\"fa fa-check icon-tick icon-tick--on\"><\/i>Balade \u00e0 dos de chameau &amp; H\u00e9bergement en campement standard ou de luxe dans le d\u00e9sert de Merzouga.<\/td>\n<\/tr>\n<tr>\n<td><b>Non inclus<\/b><\/td>\n<td><i class=\"fa fa-times icon-tick icon-tick--off\"><\/i>Boissons.<br \/>\n<i class=\"fa fa-times icon-tick icon-tick--off\"><\/i>Pourboires.<br \/>\n<i class=\"fa fa-times icon-tick icon-tick--off\"><\/i>D\u00e9jeuners et d\u00eeners.<\/td>\n<\/tr>\n<\/tbody>\n<\/table>\n<p>[\/vc_column_text][\/vc_column][\/vc_row]<\/p>\n<\/div>","protected":false},"excerpt":{"rendered":"<p>Partez pour un incroyable tour Sahara Maroc de 12 jours et 11 nuits au d\u00e9part de Marrakech. D\u00e9couvrez les villes imp\u00e9riales et le d\u00e9sert du Maroc.<\/p>\n","protected":false},"featured_media":1768,"template":"","meta":[],"product_brand":[],"product_cat":[129],"product_tag":[],"class_list":{"0":"post-2450","1":"product","2":"type-product","3":"status-publish","4":"has-post-thumbnail","6":"product_cat-circuits-a-partir-marrakech","7":"tour_category-circuits-a-partir-de-marrakech","9":"first","10":"instock","11":"shipping-taxable","12":"purchasable","13":"product-type-tour"},"_links":{"self":[{"href":"https:\/\/facetours.ma\/fr\/wp-json\/wp\/v2\/product\/2450","targetHints":{"allow":["GET"]}}],"collection":[{"href":"https:\/\/facetours.ma\/fr\/wp-json\/wp\/v2\/product"}],"about":[{"href":"https:\/\/facetours.ma\/fr\/wp-json\/wp\/v2\/types\/product"}],"wp:featuredmedia":[{"embeddable":true,"href":"https:\/\/facetours.ma\/fr\/wp-json\/wp\/v2\/media\/1768"}],"wp:attachment":[{"href":"https:\/\/facetours.ma\/fr\/wp-json\/wp\/v2\/media?parent=2450"}],"wp:term":[{"taxonomy":"product_brand","embeddable":true,"href":"https:\/\/facetours.ma\/fr\/wp-json\/wp\/v2\/product_brand?post=2450"},{"taxonomy":"product_cat","embeddable":true,"href":"https:\/\/facetours.ma\/fr\/wp-json\/wp\/v2\/product_cat?post=2450"},{"taxonomy":"product_tag","embeddable":true,"href":"https:\/\/facetours.ma\/fr\/wp-json\/wp\/v2\/product_tag?post=2450"}],"curies":[{"name":"wp","href":"https:\/\/api.w.org\/{rel}","templated":true}]}}