{"id":2447,"date":"2022-08-27T10:49:07","date_gmt":"2022-08-27T09:49:07","guid":{"rendered":"https:\/\/facetours.ma\/?post_type=product&#038;p=2447"},"modified":"2024-12-01T13:21:05","modified_gmt":"2024-12-01T12:21:05","slug":"circuit-du-nord-au-depart-de-marrakech","status":"publish","type":"product","link":"https:\/\/facetours.ma\/fr\/meilleures-circuits-au-maroc\/circuit-du-nord-au-depart-de-marrakech\/","title":{"rendered":"Circuit du Nord au d\u00e9part de Marrakech"},"content":{"rendered":"<div class=\"wpb-content-wrapper\"><p>[vc_row][vc_column][vc_column_text]Commencez le tour du Nord depuis Marrakech. Il s&#8217;agit d&#8217;un itin\u00e9raire de 9 jours et 8 nuits o\u00f9 nous pouvons d\u00e9couvrir Casablanca. Cette ville anim\u00e9e est le poumon \u00e9conomique et le centre industriel du Maroc. Rabat est la capitale du Maroc. L&#8217;une des quatre villes imp\u00e9riales du pays, elle est situ\u00e9e sur la c\u00f4te atlantique. Tanger est la capitale du nord du Maroc. Mekn\u00e8s est connue pour son pass\u00e9 imp\u00e9rial, avec les c\u00e9l\u00e8bres vestiges de Bab Mansour. F\u00e8s est la premi\u00e8re ville imp\u00e9riale du Maroc.<\/p>\n<table class=\"table table-bordered tours-tabs__table\" style=\"height: 233px;\" width=\"862\">\n<tbody>\n<tr>\n<td><strong>Inclus<\/strong><\/td>\n<td><i class=\"fa fa-check icon-tick icon-tick--on\"><\/i>Transport avec chauffeur.<br \/>\n<i class=\"fa fa-check icon-tick icon-tick--on\"><\/i>Taxe &amp; Air conditionn\u00e9.<br \/>\n<i class=\"fa fa-check icon-tick icon-tick--on\"><\/i>Taxe touristique &amp; frais de stationnement.<br \/>\n<i class=\"fa fa-check icon-tick icon-tick--on\"><\/i>H\u00e9bergement en h\u00f4tel ou riad en BB.<br \/>\n<i class=\"fa fa-check icon-tick icon-tick--on\"><\/i>Guide ou chauffeur professionnel.<br \/>\n<i class=\"fa fa-check icon-tick icon-tick--on\"><\/i>Guide local &amp; frais d&#8217;entr\u00e9e aux monuments.<\/td>\n<\/tr>\n<tr>\n<td><b>Non inclus<\/b><\/td>\n<td><i class=\"fa fa-times icon-tick icon-tick--off\"><\/i>Boissons.<br \/>\n<i class=\"fa fa-times icon-tick icon-tick--off\"><\/i>Pourboire.<br \/>\n<i class=\"fa fa-times icon-tick icon-tick--off\"><\/i>D\u00e9jeuners et d\u00eeners.<\/td>\n<\/tr>\n<\/tbody>\n<\/table>\n<p>[\/vc_column_text][\/vc_column][\/vc_row]<\/p>\n<\/div>","protected":false},"excerpt":{"rendered":"<p>Explorez le Nord du Maroc depuis Marrakech lors d&#8217;un itin\u00e9raire de 9 jours. D\u00e9couvrez Casablanca, Rabat, Tanger, Volubilis, Mekn\u00e8s, F\u00e8s et Marrakech pour une exp\u00e9rience inoubliable.<\/p>\n","protected":false},"featured_media":1582,"template":"","meta":[],"product_brand":[],"product_cat":[129],"product_tag":[],"class_list":{"0":"post-2447","1":"product","2":"type-product","3":"status-publish","4":"has-post-thumbnail","6":"product_cat-circuits-a-partir-marrakech","7":"tour_category-circuits-a-partir-de-marrakech","9":"first","10":"instock","11":"virtual","12":"purchasable","13":"product-type-tour"},"_links":{"self":[{"href":"https:\/\/facetours.ma\/fr\/wp-json\/wp\/v2\/product\/2447","targetHints":{"allow":["GET"]}}],"collection":[{"href":"https:\/\/facetours.ma\/fr\/wp-json\/wp\/v2\/product"}],"about":[{"href":"https:\/\/facetours.ma\/fr\/wp-json\/wp\/v2\/types\/product"}],"wp:featuredmedia":[{"embeddable":true,"href":"https:\/\/facetours.ma\/fr\/wp-json\/wp\/v2\/media\/1582"}],"wp:attachment":[{"href":"https:\/\/facetours.ma\/fr\/wp-json\/wp\/v2\/media?parent=2447"}],"wp:term":[{"taxonomy":"product_brand","embeddable":true,"href":"https:\/\/facetours.ma\/fr\/wp-json\/wp\/v2\/product_brand?post=2447"},{"taxonomy":"product_cat","embeddable":true,"href":"https:\/\/facetours.ma\/fr\/wp-json\/wp\/v2\/product_cat?post=2447"},{"taxonomy":"product_tag","embeddable":true,"href":"https:\/\/facetours.ma\/fr\/wp-json\/wp\/v2\/product_tag?post=2447"}],"curies":[{"name":"wp","href":"https:\/\/api.w.org\/{rel}","templated":true}]}}