{"id":2445,"date":"2022-08-27T10:23:03","date_gmt":"2022-08-27T09:23:03","guid":{"rendered":"https:\/\/facetours.ma\/?post_type=product&#038;p=2445"},"modified":"2025-11-08T18:34:51","modified_gmt":"2025-11-08T17:34:51","slug":"circuit-de-2-jours-marrakech-au-depart-agadir","status":"publish","type":"product","link":"https:\/\/facetours.ma\/fr\/meilleures-circuits-au-maroc\/circuit-de-2-jours-marrakech-au-depart-agadir\/","title":{"rendered":"Circuit de 2 jours \u00e0 Marrakech au d\u00e9part d&#8217;Agadir"},"content":{"rendered":"<div class=\"wpb-content-wrapper\"><p>[vc_row][vc_column][vc_column_text]<\/p>\n<p data-start=\"198\" data-end=\"667\">Ce <strong data-start=\"201\" data-end=\"235\">circuit de 2 jours \u00e0 Marrakech<\/strong> depuis Agadir est parfait pour les voyageurs souhaitant d\u00e9couvrir la richesse culturelle, historique et architecturale de la c\u00e9l\u00e8bre <strong data-start=\"369\" data-end=\"384\">ville rouge<\/strong> du Maroc en un court s\u00e9jour. Le voyage commence par un d\u00e9part matinal d\u2019Agadir vers Marrakech en traversant les magnifiques paysages du <strong data-start=\"521\" data-end=\"535\">Haut Atlas<\/strong>, des vall\u00e9es verdoyantes et des villages berb\u00e8res pittoresques, offrant une premi\u00e8re immersion dans la beaut\u00e9 naturelle du Maroc.<\/p>\n<p data-start=\"669\" data-end=\"1169\">\u00c0 l\u2019arriv\u00e9e \u00e0 Marrakech, vous serez accueillis et commencerez votre d\u00e9couverte de la ville par la <strong data-start=\"767\" data-end=\"788\">mosqu\u00e9e Koutoubia<\/strong>, c\u00e9l\u00e8bre pour son minaret imposant de 77 m\u00e8tres et ses magnifiques jardins. Ensuite, vous visiterez les <strong data-start=\"893\" data-end=\"914\">Tombeaux Saadiens<\/strong>, datant du XVIe si\u00e8cle, qui abritent les s\u00e9pultures des membres de la dynastie saadienne, avant de poursuivre avec le <strong data-start=\"1033\" data-end=\"1055\">palais de la Bahia<\/strong>, un chef-d\u2019\u0153uvre du XIXe si\u00e8cle repr\u00e9sentant l\u2019architecture marocaine traditionnelle et ses jardins luxuriants.<\/p>\n<p data-start=\"1171\" data-end=\"1560\">La journ\u00e9e se poursuivra avec la visite de <strong data-start=\"1214\" data-end=\"1230\">Dar El Bacha<\/strong>, l\u2019ancien palais du Pacha Thami El Glaoui, et se terminera sur la c\u00e9l\u00e8bre <strong data-start=\"1305\" data-end=\"1327\">place Jemaa el-Fna<\/strong>, o\u00f9 vous pourrez admirer les charmeurs de serpents, les artistes de rue, les musiciens et d\u00e9guster des sp\u00e9cialit\u00e9s locales dans l\u2019ambiance anim\u00e9e de la m\u00e9dina. En soir\u00e9e, vous vous installerez dans votre h\u00f4tel ou riad \u00e0 Marrakech.<\/p>\n<p data-start=\"1562\" data-end=\"2127\">Le deuxi\u00e8me jour commencera par la d\u00e9couverte des <strong data-start=\"1612\" data-end=\"1633\">jardins Majorelle<\/strong>, un lieu embl\u00e9matique et color\u00e9, puis vous explorerez les <strong data-start=\"1692\" data-end=\"1714\">souks de la m\u00e9dina<\/strong>, v\u00e9ritables labyrinthes regorgeant de tapis, d\u2019artisanat, de bijoux et de produits locaux. Vous aurez \u00e9galement l\u2019occasion de visiter une <strong data-start=\"1853\" data-end=\"1901\">fabrique de cuir ou d\u2019artisanat traditionnel<\/strong>, selon vos pr\u00e9f\u00e9rences. Apr\u00e8s un d\u00e9jeuner dans un restaurant local, vous quitterez Marrakech et retournerez \u00e0 Agadir en fin d\u2019apr\u00e8s-midi, ramenant avec vous des souvenirs inoubliables de cette <strong data-start=\"2095\" data-end=\"2124\">ville imp\u00e9riale marocaine<\/strong>.<\/p>\n<p data-start=\"2129\" data-end=\"2388\">Ce <strong data-start=\"2132\" data-end=\"2166\">circuit de 2 jours \u00e0 Marrakech<\/strong> est id\u00e9al pour les <strong data-start=\"2186\" data-end=\"2260\">voyageurs individuels, les couples, les familles et les petits groupes<\/strong>, combinant culture, histoire, architecture et exp\u00e9riences authentiques dans l\u2019une des villes les plus embl\u00e9matiques du Maroc.<\/p>\n<table class=\"table table-bordered tours-tabs__table\" style=\"height: 233px;\" width=\"862\">\n<tbody>\n<tr>\n<td><strong>Inclus<\/strong><\/td>\n<td><\/td>\n<td><i class=\"fa fa-check icon-tick icon-tick--on\"><\/i>Transport avec chauffeur.<br \/>\n<i class=\"fa fa-check icon-tick icon-tick--on\"><\/i>Carburant et air conditionn\u00e9.<br \/>\n<i class=\"fa fa-check icon-tick icon-tick--on\"><\/i>Prise en charge et d\u00e9pose \u00e0 l&#8217;h\u00f4tel.<br \/>\n<i class=\"fa fa-check icon-tick icon-tick--on\"><\/i>Guide ou chauffeur professionnel.<br \/>\n<i class=\"fa fa-check icon-tick icon-tick--on\"><\/i>Taxe touristique et frais de stationnement.<br \/>\n<i class=\"fa fa-check icon-tick icon-tick--on\"><\/i>H\u00e9bergement en h\u00f4tel ou riad en BB.<br \/>\n<i class=\"fa fa-check icon-tick icon-tick--on\"><\/i>Guide local.<br \/>\n<i class=\"fa fa-check icon-tick icon-tick--on\"><\/i>Pourboire et frais de monument.<\/td>\n<\/tr>\n<tr>\n<td><b>Non inclus<\/b><\/td>\n<td><i class=\"fa fa-times icon-tick icon-tick--off\"><\/i>Boissons.<br \/>\n<i class=\"fa fa-times icon-tick icon-tick--off\"><\/i>Pourboire.<br \/>\n<i class=\"fa fa-times icon-tick icon-tick--off\"><\/i>D\u00e9jeuners et d\u00eeners.<\/td>\n<\/tr>\n<\/tbody>\n<\/table>\n<p>[\/vc_column_text][\/vc_column][\/vc_row]<\/p>\n<\/div>","protected":false},"excerpt":{"rendered":"<p>Bienvenue \u00e0 <strong data-start=\"77\" data-end=\"90\">Marrakech<\/strong> pour un circuit de 2 jours au d\u00e9part d&#8217;<strong data-start=\"130\" data-end=\"140\">Agadir<\/strong>, \u00e0 travers les <strong data-start=\"156\" data-end=\"183\">montagnes du Haut Atlas<\/strong>, les <strong data-start=\"189\" data-end=\"213\">bosquets d&#8217;arganiers<\/strong> et les <strong data-start=\"221\" data-end=\"242\">villages berb\u00e8res<\/strong>. Nous visiterons <strong data-start=\"260\" data-end=\"273\">Essaouira<\/strong>, puis poursuivrons notre route jusqu&#8217;\u00e0 Marrakech, o\u00f9 nous d\u00e9couvrirons ses c\u00e9l\u00e8bres <strong data-start=\"358\" data-end=\"383\">monuments historiques<\/strong> et son riche patrimoine culturel.<\/p>\n","protected":false},"featured_media":1613,"template":"","meta":[],"product_brand":[],"product_cat":[107],"product_tag":[1011,1076,1070,1026,1078,1079,898,1077,1018,919,913,855,828,864,839,1021,1071,1072,1075,1073,829,920,1022,1074,1080,1081],"class_list":{"0":"post-2445","1":"product","2":"type-product","3":"status-publish","4":"has-post-thumbnail","6":"product_cat-circuits-au-depart-agadir","7":"product_tag-agadir","8":"product_tag-art-et-culture","9":"product_tag-bosquets-darganiers","10":"product_tag-circuit-culturel","11":"product_tag-circuit-depuis-agadir","12":"product_tag-decouverte-maroc","13":"product_tag-essaouira","14":"product_tag-excursion-de-2-jours","15":"product_tag-excursions-maroc","16":"product_tag-haut-atlas","17":"product_tag-kasbah","18":"product_tag-marrakech","19":"product_tag-medina","20":"product_tag-monuments-historiques","21":"product_tag-patrimoine-marocain","22":"product_tag-paysages-marocains","23":"product_tag-plage","24":"product_tag-road-trip","25":"product_tag-sites-historiques","26":"product_tag-tourisme-daventure","27":"product_tag-tourisme-maroc","28":"product_tag-villages-berberes","29":"product_tag-visites-guidees","30":"product_tag-voyage-desert","31":"product_tag-voyage-en-famille","32":"product_tag-voyage-en-petit-groupe","33":"tour_category-circuits-au-depart-agadir","35":"first","36":"instock","37":"virtual","38":"purchasable","39":"product-type-tour"},"_links":{"self":[{"href":"https:\/\/facetours.ma\/fr\/wp-json\/wp\/v2\/product\/2445","targetHints":{"allow":["GET"]}}],"collection":[{"href":"https:\/\/facetours.ma\/fr\/wp-json\/wp\/v2\/product"}],"about":[{"href":"https:\/\/facetours.ma\/fr\/wp-json\/wp\/v2\/types\/product"}],"wp:featuredmedia":[{"embeddable":true,"href":"https:\/\/facetours.ma\/fr\/wp-json\/wp\/v2\/media\/1613"}],"wp:attachment":[{"href":"https:\/\/facetours.ma\/fr\/wp-json\/wp\/v2\/media?parent=2445"}],"wp:term":[{"taxonomy":"product_brand","embeddable":true,"href":"https:\/\/facetours.ma\/fr\/wp-json\/wp\/v2\/product_brand?post=2445"},{"taxonomy":"product_cat","embeddable":true,"href":"https:\/\/facetours.ma\/fr\/wp-json\/wp\/v2\/product_cat?post=2445"},{"taxonomy":"product_tag","embeddable":true,"href":"https:\/\/facetours.ma\/fr\/wp-json\/wp\/v2\/product_tag?post=2445"}],"curies":[{"name":"wp","href":"https:\/\/api.w.org\/{rel}","templated":true}]}}