{"id":2443,"date":"2022-08-27T10:16:19","date_gmt":"2022-08-27T09:16:19","guid":{"rendered":"https:\/\/facetours.ma\/?post_type=product&#038;p=2443"},"modified":"2025-11-08T18:19:52","modified_gmt":"2025-11-08T17:19:52","slug":"circuit-2-jours-zagora-au-depart-agadir","status":"publish","type":"product","link":"https:\/\/facetours.ma\/fr\/meilleures-circuits-au-maroc\/circuit-2-jours-zagora-au-depart-agadir\/","title":{"rendered":"Circuit de 2 jours \u00e0 Zagora au d\u00e9part d&#8217;Agadir"},"content":{"rendered":"<div class=\"wpb-content-wrapper\"><p>[vc_row][vc_column][vc_column_text]<\/p>\n<p data-start=\"218\" data-end=\"539\">Partez pour une <strong data-start=\"234\" data-end=\"285\">aventure inoubliable au c\u0153ur du d\u00e9sert marocain<\/strong> avec notre circuit de 2 jours \u00e0 Zagora depuis Agadir. Ce court mais intense itin\u00e9raire vous permettra de d\u00e9couvrir les <strong data-start=\"405\" data-end=\"461\">merveilles naturelles et culturelles du Sud du Maroc<\/strong>, tout en vivant l\u2019exp\u00e9rience unique du <strong data-start=\"501\" data-end=\"536\">Sahara et des villages berb\u00e8res<\/strong>.<\/p>\n<p data-start=\"541\" data-end=\"954\">Apr\u00e8s votre prise en charge \u00e0 <strong data-start=\"571\" data-end=\"581\">Agadir<\/strong>, vous prendrez la route vers <strong data-start=\"611\" data-end=\"621\">Zagora<\/strong>, en traversant les <strong data-start=\"641\" data-end=\"728\">paysages magnifiques du Souss, les montagnes de l\u2019Anti-Atlas et les vall\u00e9es du Dr\u00e2a<\/strong>, ponctu\u00e9es de villages traditionnels et de palmeraies luxuriantes. Sur le chemin, vous aurez l\u2019occasion de <strong data-start=\"836\" data-end=\"925\">prendre des photos spectaculaires des paysages d\u00e9sertiques et des kasbahs historiques<\/strong> qui jalonnent votre route.<\/p>\n<p data-start=\"956\" data-end=\"1389\">\u00c0 votre arriv\u00e9e \u00e0 Zagora, vous serez accueilli par votre chamelier pour une <strong data-start=\"1032\" data-end=\"1074\">balade \u00e0 dos de chameau dans le d\u00e9sert<\/strong>, jusqu\u2019au <strong data-start=\"1085\" data-end=\"1106\">campement berb\u00e8re<\/strong>, o\u00f9 vous pourrez admirer un <strong data-start=\"1135\" data-end=\"1185\">coucher de soleil magique sur les dunes dor\u00e9es<\/strong>, d\u00e9guster un <strong data-start=\"1199\" data-end=\"1230\">d\u00eener traditionnel marocain<\/strong> et profiter d\u2019un <strong data-start=\"1248\" data-end=\"1283\">feu de camp sous un ciel \u00e9toil\u00e9<\/strong>. La nuit dans le d\u00e9sert vous offrira une exp\u00e9rience authentique et m\u00e9morable, loin du bruit des villes.<\/p>\n<p data-start=\"1391\" data-end=\"1812\">Le deuxi\u00e8me jour, apr\u00e8s un <strong data-start=\"1418\" data-end=\"1457\">petit-d\u00e9jeuner berb\u00e8re au campement<\/strong>, vous aurez l\u2019occasion d\u2019explorer davantage les <strong data-start=\"1506\" data-end=\"1552\">palmeraies, villages et dunes environnants<\/strong>, avant de retourner \u00e0 <strong data-start=\"1575\" data-end=\"1585\">Agadir<\/strong> en traversant des paysages typiques du Sud marocain. Cette excursion est id\u00e9ale pour les <strong data-start=\"1675\" data-end=\"1737\">petits groupes, familles, couples et voyageurs individuels<\/strong> souhaitant combiner <strong data-start=\"1758\" data-end=\"1789\">aventure, culture et nature<\/strong> sur un court s\u00e9jour.<\/p>\n<p data-start=\"1814\" data-end=\"2023\">Avec ce circuit, vous d\u00e9couvrirez la <strong data-start=\"1851\" data-end=\"1942\">vibrance des villages berb\u00e8res, la magie du d\u00e9sert du Sahara et l\u2019hospitalit\u00e9 marocaine<\/strong>, tout en profitant d\u2019un <strong data-start=\"1967\" data-end=\"2020\">voyage confortable et bien organis\u00e9 depuis Agadir<\/strong>.<\/p>\n<table class=\"table table-bordered tours-tabs__table\" style=\"height: 233px;\" width=\"862\">\n<tbody>\n<tr>\n<td><strong>Inclus<\/strong><\/td>\n<td><i class=\"fa fa-check icon-tick icon-tick--on\"><\/i>Transport avec chauffeur.<br \/>\n<i class=\"fa fa-check icon-tick icon-tick--on\"><\/i>Prise en charge et d\u00e9pose \u00e0 l&#8217;h\u00f4tel.<br \/>\n<i class=\"fa fa-check icon-tick icon-tick--on\"><\/i>Guide ou chauffeur professionnel.<br \/>\n<i class=\"fa fa-check icon-tick icon-tick--on\"><\/i>Carburant et air conditionn\u00e9.<br \/>\n<i class=\"fa fa-check icon-tick icon-tick--on\"><\/i>Taxe touristique et frais de stationnement.<br \/>\n<i class=\"fa fa-check icon-tick icon-tick--on\"><\/i>Balade \u00e0 dos de chameau et h\u00e9bergement en camp de luxe ou standard dans le d\u00e9sert \u00e0 Zagora en demi-pension.<br \/>\n<i class=\"fa fa-check icon-tick icon-tick--on\"><\/i>Guide local \u00e0 la Kasbah d&#8217;Ait Ben Haddou.<\/td>\n<\/tr>\n<tr>\n<td><b>Non inclus<\/b><\/td>\n<td><i class=\"fa fa-times icon-tick icon-tick--off\"><\/i>Pourboire.<br \/>\n<i class=\"fa fa-times icon-tick icon-tick--off\"><\/i>D\u00e9jeuners et boissons.<\/td>\n<\/tr>\n<\/tbody>\n<\/table>\n<p>[\/vc_column_text][\/vc_column][\/vc_row]<\/p>\n<\/div>","protected":false},"excerpt":{"rendered":"<p>D\u00e9couvrez l\u2019itin\u00e9raire d\u2019un circuit de 2 jours dans le d\u00e9sert, au d\u00e9part d\u2019Agadir vers Zagora, incluant la visite de la Kasbah d\u2019Ait Ben Haddou, une balade \u00e0 dos de chameau, une nuit sous tente dans le d\u00e9sert, ainsi que l\u2019observation du coucher et du lever du soleil.<\/p>\n","protected":false},"featured_media":1816,"template":"","meta":[],"product_brand":[],"product_cat":[107],"product_tag":[1068,1069,1062,1066,1063,996,1065,1064,843,1067],"class_list":{"0":"post-2443","1":"product","2":"type-product","3":"status-publish","4":"has-post-thumbnail","6":"product_cat-circuits-au-depart-agadir","7":"product_tag-aventure-desert-maroc","8":"product_tag-circuit-court-sahara","9":"product_tag-circuit-desert-zagora","10":"product_tag-coucher-et-lever-du-soleil-desert","11":"product_tag-excursion-desert-agadir","12":"product_tag-kasbah-ait-ben-haddou","13":"product_tag-nuit-sous-tente-desert","14":"product_tag-tour-a-dos-de-chameau-maroc","15":"product_tag-tour-culturel-maroc","16":"product_tag-voyage-sahara-maroc","17":"tour_category-circuits-au-depart-agadir","19":"first","20":"instock","21":"virtual","22":"purchasable","23":"product-type-tour"},"_links":{"self":[{"href":"https:\/\/facetours.ma\/fr\/wp-json\/wp\/v2\/product\/2443","targetHints":{"allow":["GET"]}}],"collection":[{"href":"https:\/\/facetours.ma\/fr\/wp-json\/wp\/v2\/product"}],"about":[{"href":"https:\/\/facetours.ma\/fr\/wp-json\/wp\/v2\/types\/product"}],"wp:featuredmedia":[{"embeddable":true,"href":"https:\/\/facetours.ma\/fr\/wp-json\/wp\/v2\/media\/1816"}],"wp:attachment":[{"href":"https:\/\/facetours.ma\/fr\/wp-json\/wp\/v2\/media?parent=2443"}],"wp:term":[{"taxonomy":"product_brand","embeddable":true,"href":"https:\/\/facetours.ma\/fr\/wp-json\/wp\/v2\/product_brand?post=2443"},{"taxonomy":"product_cat","embeddable":true,"href":"https:\/\/facetours.ma\/fr\/wp-json\/wp\/v2\/product_cat?post=2443"},{"taxonomy":"product_tag","embeddable":true,"href":"https:\/\/facetours.ma\/fr\/wp-json\/wp\/v2\/product_tag?post=2443"}],"curies":[{"name":"wp","href":"https:\/\/api.w.org\/{rel}","templated":true}]}}