{"id":2441,"date":"2022-08-27T10:08:31","date_gmt":"2022-08-27T09:08:31","guid":{"rendered":"https:\/\/facetours.ma\/?post_type=product&#038;p=2441"},"modified":"2025-11-08T18:07:34","modified_gmt":"2025-11-08T17:07:34","slug":"circuit-4-jours-merzouga-au-depart-agadir","status":"publish","type":"product","link":"https:\/\/facetours.ma\/fr\/meilleures-circuits-au-maroc\/circuit-4-jours-merzouga-au-depart-agadir\/","title":{"rendered":"Circuit de 4 jours \u00e0 Merzouga au d\u00e9part d&#8217;Agadir"},"content":{"rendered":"<div class=\"wpb-content-wrapper\"><p>[vc_row][vc_column][vc_column_text css=&#8221;&#8221;]<\/p>\n<p data-start=\"254\" data-end=\"803\">Partez pour une aventure inoubliable de 4 jours au d\u00e9part d\u2019<strong data-start=\"314\" data-end=\"324\">Agadir<\/strong> et d\u00e9couvrez les merveilles du d\u00e9sert marocain. Ce circuit vous emm\u00e8ne \u00e0 travers les paysages spectaculaires du <strong data-start=\"437\" data-end=\"451\">Haut Atlas<\/strong>, les <strong data-start=\"457\" data-end=\"476\">gorges du Todra<\/strong>, et les <strong data-start=\"485\" data-end=\"513\">oasis de palmiers de Ziz<\/strong> avant d\u2019arriver \u00e0 <strong data-start=\"532\" data-end=\"544\">Merzouga<\/strong>, aux portes du Sahara. Vous aurez l\u2019occasion de monter \u00e0 dos de <strong data-start=\"609\" data-end=\"620\">chameau<\/strong> pour admirer le <strong data-start=\"637\" data-end=\"688\">coucher du soleil sur les dunes de l\u2019Erg Chebbi<\/strong>, et de passer une nuit magique dans un <strong data-start=\"728\" data-end=\"752\">camp berb\u00e8re de luxe<\/strong> au milieu du d\u00e9sert, sous un ciel \u00e9toil\u00e9 unique.<\/p>\n<p data-start=\"805\" data-end=\"1415\">En chemin, vous d\u00e9couvrirez les <strong data-start=\"837\" data-end=\"872\">villages berb\u00e8res traditionnels<\/strong>, leurs maisons en pis\u00e9 et leur artisanat local. Vous pourrez \u00e9galement visiter la ville d\u2019<strong data-start=\"963\" data-end=\"973\">Erfoud<\/strong>, r\u00e9put\u00e9e pour ses <strong data-start=\"992\" data-end=\"1018\">dattes et ses fossiles<\/strong>, et admirer les <strong data-start=\"1035\" data-end=\"1084\">falaises impressionnantes des gorges du Todra<\/strong>. Ce circuit inclut des exp\u00e9riences culturelles authentiques, comme la d\u00e9gustation de <strong data-start=\"1170\" data-end=\"1203\">plats marocains traditionnels<\/strong> pr\u00e9par\u00e9s par les familles locales. Le voyage se termine par le retour \u00e0 <strong data-start=\"1276\" data-end=\"1286\">Agadir<\/strong>, en passant par des paysages \u00e0 couper le souffle et des panoramas impressionnants sur les montagnes et les plaines marocaines.<\/p>\n<p data-start=\"1417\" data-end=\"1621\">Ce circuit est id\u00e9al pour les <strong data-start=\"1447\" data-end=\"1503\">familles, les couples, les voyageurs en petit groupe<\/strong>, et tous ceux qui souhaitent vivre une exp\u00e9rience unique entre <strong data-start=\"1567\" data-end=\"1620\">aventure, culture et paysages \u00e0 couper le souffle<\/strong>.<\/p>\n<p>[\/vc_column_text][vc_column_text css=&#8221;&#8221;]<\/p>\n<table class=\"table table-bordered tours-tabs__table\" style=\"height: 233px;\" width=\"862\">\n<tbody>\n<tr>\n<td><strong>Inclus<\/strong><\/td>\n<td><i class=\"fa fa-check icon-tick icon-tick--on\"><\/i> Transport avec chauffeur.<br \/>\n<i class=\"fa fa-check icon-tick icon-tick--on\"><\/i> Taxe de s\u00e9jour et air conditionn\u00e9.<br \/>\n<i class=\"fa fa-check icon-tick icon-tick--on\"><\/i> Guide ou chauffeur professionnel.<br \/>\n<i class=\"fa fa-check icon-tick icon-tick--on\"><\/i> Transfert aller-retour.<br \/>\n<i class=\"fa fa-check icon-tick icon-tick--on\"><\/i> Taxe de s\u00e9jour et frais de parking.<br \/>\n<i class=\"fa fa-check icon-tick icon-tick--on\"><\/i> H\u00e9bergement en h\u00f4tel ou riad en BB.<br \/>\n<i class=\"fa fa-check icon-tick icon-tick--on\"><\/i> Promenade \u00e0 dos de chameau et h\u00e9bergement en campement de luxe ou standard dans le d\u00e9sert \u00e0 Merzouga.<br \/>\n<i class=\"fa fa-check icon-tick icon-tick--on\"><\/i> Guide local et frais d&#8217;entr\u00e9e aux monuments.<\/td>\n<\/tr>\n<tr>\n<td><b>Excluded<\/b><\/td>\n<td><i class=\"fa fa-times icon-tick icon-tick--off\"><\/i>Pourboire.<br \/>\n<i class=\"fa fa-times icon-tick icon-tick--off\"><\/i>D\u00e9jeuners et d\u00eeners.<br \/>\n<i class=\"fa fa-times icon-tick icon-tick--off\"><\/i>Boissons.<\/td>\n<\/tr>\n<\/tbody>\n<\/table>\n<p>[\/vc_column_text][\/vc_column][\/vc_row]<\/p>\n<\/div>","protected":false},"excerpt":{"rendered":"<p><strong data-start=\"63\" data-end=\"130\">L&#8217;excursion de 4 jours et 3 nuits \u00e0 Merzouga au d\u00e9part d&#8217;Agadir<\/strong> offre un m\u00e9lange unique de <strong data-start=\"158\" data-end=\"183\">couleurs saisissantes<\/strong>, d\u2019<strong data-start=\"187\" data-end=\"211\">architecture berb\u00e8re<\/strong> et de <strong data-start=\"218\" data-end=\"247\">patrimoine culturel riche<\/strong>. Cet itin\u00e9raire est id\u00e9al pour les <strong data-start=\"283\" data-end=\"301\" data-is-only-node=\"\">petits groupes<\/strong>, les <strong data-start=\"307\" data-end=\"320\">\u00e9tudiants<\/strong>, les <strong data-start=\"326\" data-end=\"353\">femmes voyageant seules<\/strong>, ainsi que pour les <strong data-start=\"374\" data-end=\"386\">familles<\/strong> et les <strong data-start=\"394\" data-end=\"419\">voyageurs individuels<\/strong>.<\/p>\n","protected":false},"featured_media":1889,"template":"","meta":[],"product_brand":[],"product_cat":[107],"product_tag":[1051,1055,1050,1057,1048,1056,1047,1054,1061,1031,1053,1060,1052,1059,1058,1049],"class_list":{"0":"post-2441","1":"product","2":"type-product","3":"status-publish","4":"has-post-thumbnail","6":"product_cat-circuits-au-depart-agadir","7":"product_tag-agadir-merzouga","8":"product_tag-aventure-desert","9":"product_tag-circuit-4-jours-maroc","10":"product_tag-culture-berbere","11":"product_tag-desert-maroc","12":"product_tag-dunes-merzouga","13":"product_tag-excursion-merzouga","14":"product_tag-famille-maroc","15":"product_tag-je-peux-te-faire-une-version-encore-plus-longue-ave","16":"product_tag-patrimoine-maroc","17":"product_tag-petit-groupe-maroc","18":"product_tag-safari-desert-si-tu-veux","19":"product_tag-tour-berbere","20":"product_tag-trek-chameau","21":"product_tag-voyage-guide-maroc","22":"product_tag-voyage-sahara","23":"tour_category-circuits-au-depart-agadir","25":"first","26":"instock","27":"virtual","28":"purchasable","29":"product-type-tour"},"_links":{"self":[{"href":"https:\/\/facetours.ma\/fr\/wp-json\/wp\/v2\/product\/2441","targetHints":{"allow":["GET"]}}],"collection":[{"href":"https:\/\/facetours.ma\/fr\/wp-json\/wp\/v2\/product"}],"about":[{"href":"https:\/\/facetours.ma\/fr\/wp-json\/wp\/v2\/types\/product"}],"wp:featuredmedia":[{"embeddable":true,"href":"https:\/\/facetours.ma\/fr\/wp-json\/wp\/v2\/media\/1889"}],"wp:attachment":[{"href":"https:\/\/facetours.ma\/fr\/wp-json\/wp\/v2\/media?parent=2441"}],"wp:term":[{"taxonomy":"product_brand","embeddable":true,"href":"https:\/\/facetours.ma\/fr\/wp-json\/wp\/v2\/product_brand?post=2441"},{"taxonomy":"product_cat","embeddable":true,"href":"https:\/\/facetours.ma\/fr\/wp-json\/wp\/v2\/product_cat?post=2441"},{"taxonomy":"product_tag","embeddable":true,"href":"https:\/\/facetours.ma\/fr\/wp-json\/wp\/v2\/product_tag?post=2441"}],"curies":[{"name":"wp","href":"https:\/\/api.w.org\/{rel}","templated":true}]}}