{"id":2438,"date":"2022-08-27T09:58:10","date_gmt":"2022-08-27T08:58:10","guid":{"rendered":"https:\/\/facetours.ma\/?post_type=product&#038;p=2438"},"modified":"2025-11-08T17:50:22","modified_gmt":"2025-11-08T16:50:22","slug":"grand-tour-circuit-au-depart-agadir","status":"publish","type":"product","link":"https:\/\/facetours.ma\/fr\/meilleures-circuits-au-maroc\/grand-tour-circuit-au-depart-agadir\/","title":{"rendered":"Circuit grand tour et d\u00e9sert  au d\u00e9part d&#8217;Agadir"},"content":{"rendered":"<div class=\"wpb-content-wrapper\"><p>[vc_row][vc_column][vc_column_text]<\/p>\n<p data-start=\"112\" data-end=\"800\">Partez pour une aventure inoubliable \u00e0 travers le Maroc avec notre <strong data-start=\"179\" data-end=\"254\">Circuit Grand Tour et D\u00e9sert de 13 jours et 12 nuits au d\u00e9part d\u2019Agadir<\/strong>. Ce circuit complet vous permettra de d\u00e9couvrir les richesses culturelles et naturelles du pays, depuis les villes imp\u00e9riales jusqu\u2019aux paysages spectaculaires du sud-est et du d\u00e9sert du Sahara. Vous visiterez <strong data-start=\"465\" data-end=\"478\">Marrakech<\/strong>, la c\u00e9l\u00e8bre ville rouge et deuxi\u00e8me ville imp\u00e9riale du Maroc, avec ses palais somptueux, la Mosqu\u00e9e Koutoubia et les tombeaux Saadiens. Ensuite, vous traverserez le <strong data-start=\"644\" data-end=\"658\">Haut Atlas<\/strong> en direction de la vall\u00e9e du <strong data-start=\"688\" data-end=\"697\">Dades<\/strong> et des <strong data-start=\"705\" data-end=\"724\">gorges du Todra<\/strong>, admirant les paysages majestueux et les villages berb\u00e8res traditionnels.<\/p>\n<p data-start=\"802\" data-end=\"1560\">Le circuit vous conduira \u00e0 <strong data-start=\"829\" data-end=\"841\">Merzouga<\/strong> et aux dunes de <strong data-start=\"858\" data-end=\"874\">l\u2019Erg Chebbi<\/strong>, o\u00f9 vous vivrez une exp\u00e9rience unique en passant une nuit dans un <strong data-start=\"941\" data-end=\"972\">camp de luxe dans le d\u00e9sert<\/strong>, sous un ciel \u00e9toil\u00e9. Vous d\u00e9couvrirez \u00e9galement la ville d\u2019<strong data-start=\"1033\" data-end=\"1043\">Erfoud<\/strong>, r\u00e9put\u00e9e pour ses dattes et ses fossiles, et la ville de <strong data-start=\"1101\" data-end=\"1112\">Rissani<\/strong> avec son march\u00e9 traditionnel et la fameuse pizza locale \u201cMedfouna\u201d. Sur le chemin du retour, vous traverserez des villages berb\u00e8res pittoresques, des vall\u00e9es verdoyantes et des plateaux montagneux, avec des arr\u00eats pour explorer <strong data-start=\"1341\" data-end=\"1358\">Kelaa M\u2019Gouna<\/strong>, la vall\u00e9e des roses, et des villes fascinantes comme <strong data-start=\"1413\" data-end=\"1427\">Ouarzazate<\/strong> et <strong data-start=\"1431\" data-end=\"1449\">A\u00eft Ben Haddou<\/strong>, site class\u00e9 au patrimoine mondial de l\u2019UNESCO, c\u00e9l\u00e8bre pour ses kasbahs et ses paysages cin\u00e9matographiques.<\/p>\n<p data-start=\"1562\" data-end=\"2080\">Le circuit inclut \u00e9galement la d\u00e9couverte des <strong data-start=\"1608\" data-end=\"1646\">villes imp\u00e9riales de F\u00e8s et Mekn\u00e8s<\/strong>, avec leurs m\u00e9dinas historiques, leurs portes majestueuses comme <strong data-start=\"1712\" data-end=\"1727\">Bab Mansour<\/strong>, et les ruines romaines de <strong data-start=\"1755\" data-end=\"1768\">Volubilis<\/strong>. Vous visiterez \u00e9galement la capitale <strong data-start=\"1807\" data-end=\"1816\">Rabat<\/strong>, en admirant le <strong data-start=\"1833\" data-end=\"1856\">Mausol\u00e9e Mohammed V<\/strong>, la <strong data-start=\"1861\" data-end=\"1883\">Kasbah des Oudayas<\/strong> et la <strong data-start=\"1890\" data-end=\"1905\">Tour Hassan<\/strong>. Chaque \u00e9tape du circuit offre une immersion dans la culture marocaine, sa gastronomie authentique et son artisanat traditionnel, pour une exp\u00e9rience compl\u00e8te et m\u00e9morable.<\/p>\n<p data-start=\"2082\" data-end=\"2379\">Ce <strong data-start=\"2085\" data-end=\"2128\">Grand Tour et D\u00e9sert au d\u00e9part d\u2019Agadir<\/strong> est id\u00e9al pour les voyageurs souhaitant combiner <strong data-start=\"2178\" data-end=\"2246\">histoire, culture, paysages naturels et aventures dans le d\u00e9sert<\/strong>, avec des h\u00e9bergements confortables et un accompagnement par des guides exp\u00e9riment\u00e9s parlant anglais, fran\u00e7ais, arabe et allemand.<\/p>\n<p>[\/vc_column_text][vc_column_text]<\/p>\n<table class=\"table table-bordered tours-tabs__table\" style=\"height: 233px;\" width=\"862\">\n<tbody>\n<tr>\n<td><strong>Inclus<\/strong><\/td>\n<td>\n<table class=\"table table-bordered\" style=\"height: 62px;\" width=\"300\">\n<tbody>\n<tr>\n<td><i class=\"fa fa-check icon-tick icon-tick--on\"><\/i>Transport avec chauffeur.<\/td>\n<\/tr>\n<tr>\n<td><i class=\"fa fa-check icon-tick icon-tick--on\"><\/i>Transfert de prise en charge et de d\u00e9p\u00f4t.<\/td>\n<\/tr>\n<tr>\n<td><i class=\"fa fa-check icon-tick icon-tick--on\"><\/i>Carburant et climatisation.<\/td>\n<\/tr>\n<tr>\n<td><i class=\"fa fa-check icon-tick icon-tick--on\"><\/i>Guide ou chauffeur professionnel.<\/td>\n<\/tr>\n<tr>\n<td><i class=\"fa fa-check icon-tick icon-tick--on\"><\/i>Taxe touristique et frais de stationnement.<\/td>\n<\/tr>\n<tr>\n<td><i class=\"fa fa-check icon-tick icon-tick--on\"><\/i>H\u00e9bergement en h\u00f4tel ou riad en demi-pension.<\/td>\n<\/tr>\n<tr>\n<td><i class=\"fa fa-check icon-tick icon-tick--on\"><\/i>Balade \u00e0 dos de chameau et h\u00e9bergement en campement standard ou de luxe dans le d\u00e9sert de Merzouga.<\/td>\n<\/tr>\n<tr>\n<td><i class=\"fa fa-check icon-tick icon-tick--on\"><\/i>Guide local et frais d&#8217;entr\u00e9e aux monuments.<\/td>\n<\/tr>\n<\/tbody>\n<\/table>\n<\/td>\n<\/tr>\n<tr>\n<td><b>Non inclus<\/b><\/td>\n<td>\n<table class=\"table table-bordered\" style=\"height: 62px;\" width=\"300\">\n<tbody>\n<tr>\n<td><i class=\"fa fa-times icon-tick icon-tick--off\"><\/i>Pourboire.<\/td>\n<\/tr>\n<tr>\n<td><i class=\"fa fa-times icon-tick icon-tick--off\"><\/i>Boissons.<\/td>\n<\/tr>\n<tr>\n<td><i class=\"fa fa-times icon-tick icon-tick--off\"><\/i>D\u00e9jeuners et d\u00eeners.<\/td>\n<\/tr>\n<\/tbody>\n<\/table>\n<\/td>\n<\/tr>\n<\/tbody>\n<\/table>\n<p>[\/vc_column_text][\/vc_column][\/vc_row]<\/p>\n<\/div>","protected":false},"excerpt":{"rendered":"<p>Le <strong data-start=\"77\" data-end=\"101\">Grand Tour et D\u00e9sert<\/strong> de <strong data-start=\"105\" data-end=\"129\">12 jours et 11 nuits<\/strong>, au d\u00e9part d&#8217;<strong data-start=\"143\" data-end=\"153\">Agadir<\/strong>, est l\u2019excursion id\u00e9ale pour les <strong data-start=\"187\" data-end=\"205\">petits groupes<\/strong>, les <strong data-start=\"211\" data-end=\"224\">\u00e9tudiants<\/strong>, les <strong data-start=\"230\" data-end=\"245\">enseignants<\/strong>, les <strong data-start=\"251\" data-end=\"271\">groupes sp\u00e9ciaux<\/strong>, les <strong data-start=\"277\" data-end=\"289\">familles<\/strong> et les <strong data-start=\"297\" data-end=\"318\">voyageuses seules<\/strong>, souhaitant explorer la <strong data-start=\"343\" data-end=\"362\">magie du d\u00e9sert<\/strong> et la <strong data-start=\"369\" data-end=\"403\">vibrance des villes imp\u00e9riales<\/strong> du Maroc.<\/p>\n","protected":false},"featured_media":1914,"template":"","meta":[],"product_brand":[],"product_cat":[107],"product_tag":[1011,820,1040,878,1044,822,1039,827,1034,1036,1046,812,1037,1033,919,996,1025,855,836,1035,1043,946,856,1041,1042,1045,1027,1038,968,837],"class_list":{"0":"post-2438","1":"product","2":"type-product","3":"status-publish","4":"has-post-thumbnail","6":"product_cat-circuits-au-depart-agadir","7":"product_tag-agadir","8":"product_tag-artisanat-marocain","9":"product_tag-camp-de-luxe-desert","10":"product_tag-casablanca","11":"product_tag-chameau","12":"product_tag-chefchaouen","13":"product_tag-cuisine-traditionnelle","14":"product_tag-culture-marocaine","15":"product_tag-desert-du-sahara","16":"product_tag-erg-chebbi","17":"product_tag-excursion-sahara","18":"product_tag-fes","19":"product_tag-gorges-du-todra","20":"product_tag-grand-tour-maroc","21":"product_tag-haut-atlas","22":"product_tag-kasbah-ait-ben-haddou","23":"product_tag-maroc","24":"product_tag-marrakech","25":"product_tag-meknes","26":"product_tag-merzouga","27":"product_tag-palmeraie-ziz","28":"product_tag-patrimoine-mondial-unesco","29":"product_tag-rabat","30":"product_tag-randonnee-desert","31":"product_tag-route-des-kasbahs","32":"product_tag-soleil-couchant-dunes","33":"product_tag-tourisme-culturel","34":"product_tag-village-berbere","35":"product_tag-villes-imperiales","36":"product_tag-volubilis","37":"tour_category-circuits-au-depart-agadir","39":"first","40":"instock","41":"shipping-taxable","42":"purchasable","43":"product-type-tour"},"_links":{"self":[{"href":"https:\/\/facetours.ma\/fr\/wp-json\/wp\/v2\/product\/2438","targetHints":{"allow":["GET"]}}],"collection":[{"href":"https:\/\/facetours.ma\/fr\/wp-json\/wp\/v2\/product"}],"about":[{"href":"https:\/\/facetours.ma\/fr\/wp-json\/wp\/v2\/types\/product"}],"wp:featuredmedia":[{"embeddable":true,"href":"https:\/\/facetours.ma\/fr\/wp-json\/wp\/v2\/media\/1914"}],"wp:attachment":[{"href":"https:\/\/facetours.ma\/fr\/wp-json\/wp\/v2\/media?parent=2438"}],"wp:term":[{"taxonomy":"product_brand","embeddable":true,"href":"https:\/\/facetours.ma\/fr\/wp-json\/wp\/v2\/product_brand?post=2438"},{"taxonomy":"product_cat","embeddable":true,"href":"https:\/\/facetours.ma\/fr\/wp-json\/wp\/v2\/product_cat?post=2438"},{"taxonomy":"product_tag","embeddable":true,"href":"https:\/\/facetours.ma\/fr\/wp-json\/wp\/v2\/product_tag?post=2438"}],"curies":[{"name":"wp","href":"https:\/\/api.w.org\/{rel}","templated":true}]}}