{"id":2399,"date":"2022-08-27T09:39:16","date_gmt":"2022-08-27T08:39:16","guid":{"rendered":"https:\/\/facetours.ma\/?post_type=product&#038;p=2399"},"modified":"2025-11-08T15:31:29","modified_gmt":"2025-11-08T14:31:29","slug":"circuit-villes-imperiales-depart-agadir","status":"publish","type":"product","link":"https:\/\/facetours.ma\/fr\/meilleures-circuits-au-maroc\/circuit-villes-imperiales-depart-agadir\/","title":{"rendered":"Circuit villes imp\u00e9riales au d\u00e9part Agadir"},"content":{"rendered":"<div class=\"wpb-content-wrapper\"><p>[vc_row][vc_column][vc_column_text css=&#8221;&#8221;]<\/p>\n<p data-start=\"108\" data-end=\"828\">Partez \u00e0 la d\u00e9couverte du <strong data-start=\"134\" data-end=\"152\">Maroc imp\u00e9rial<\/strong> avec notre <strong data-start=\"164\" data-end=\"216\">circuit des Villes Imp\u00e9riales au d\u00e9part d\u2019Agadir<\/strong>, un voyage fascinant qui vous fera explorer les tr\u00e9sors historiques et culturels des villes embl\u00e9matiques du royaume. Pendant ce circuit, vous visiterez <strong data-start=\"370\" data-end=\"383\">Marrakech<\/strong>, la ville rouge avec ses souks anim\u00e9s, la <strong data-start=\"426\" data-end=\"447\">Mosqu\u00e9e Koutoubia<\/strong>, les <strong data-start=\"453\" data-end=\"474\">Tombeaux Saadiens<\/strong>, le <strong data-start=\"479\" data-end=\"501\">Palais de la Bahia<\/strong> et le majestueux <strong data-start=\"519\" data-end=\"535\">Dar El Bacha<\/strong>, pour plonger dans l\u2019histoire et l\u2019architecture des dynasties marocaines. Vous continuerez vers <strong data-start=\"632\" data-end=\"641\">Rabat<\/strong>, la capitale administrative du Maroc, o\u00f9 vous d\u00e9couvrirez le <strong data-start=\"703\" data-end=\"726\">Mausol\u00e9e Mohammed V<\/strong>, la <strong data-start=\"731\" data-end=\"746\">Tour Hassan<\/strong> et la <strong data-start=\"753\" data-end=\"775\">Kasbah des Oudayas<\/strong>, un site class\u00e9 au patrimoine mondial de l\u2019UNESCO.<\/p>\n<p data-start=\"830\" data-end=\"1453\">Ensuite, vous vous dirigerez vers <strong data-start=\"864\" data-end=\"871\">F\u00e8s<\/strong>, la premi\u00e8re ville imp\u00e9riale du pays, c\u00e9l\u00e8bre pour sa m\u00e9dina historique, ses <strong data-start=\"949\" data-end=\"970\">tanneries Chouara<\/strong>, la <strong data-start=\"975\" data-end=\"997\">Madrasa Bou Inania<\/strong>, la <strong data-start=\"1002\" data-end=\"1025\">Medersa El-Attarine<\/strong> et la <strong data-start=\"1032\" data-end=\"1057\">Mosqu\u00e9e Al-Qarawiyyin<\/strong>, l\u2019une des plus anciennes universit\u00e9s du monde. Votre voyage inclura \u00e9galement <strong data-start=\"1137\" data-end=\"1147\">Mekn\u00e8s<\/strong>, capitale isma\u00e9lienne fond\u00e9e par le Sultan Moulay Isma\u00efl, avec la c\u00e9l\u00e8bre <strong data-start=\"1222\" data-end=\"1237\">Bab Mansour<\/strong>, la <strong data-start=\"1242\" data-end=\"1264\">Madrasa Bou Inania<\/strong> et le <strong data-start=\"1271\" data-end=\"1300\">Mausol\u00e9e de Moulay Isma\u00efl<\/strong>, ainsi que <strong data-start=\"1312\" data-end=\"1325\">Volubilis<\/strong>, les ruines romaines prot\u00e9g\u00e9es par l\u2019UNESCO, o\u00f9 vous d\u00e9couvrirez temples, maisons de marchands et mosa\u00efques impressionnantes.<\/p>\n<p data-start=\"1455\" data-end=\"2114\">Ce circuit complet vous permettra de d\u00e9couvrir le <strong data-start=\"1505\" data-end=\"1551\">patrimoine historique et culturel marocain<\/strong>, de vous immerger dans les <strong data-start=\"1579\" data-end=\"1602\">souks traditionnels<\/strong>, d\u2019admirer l\u2019<strong data-start=\"1616\" data-end=\"1652\">architecture ancienne et moderne<\/strong>, et d\u2019explorer des <strong data-start=\"1672\" data-end=\"1711\">sites class\u00e9s au patrimoine mondial<\/strong>. Avec des <strong data-start=\"1722\" data-end=\"1745\">guides exp\u00e9riment\u00e9s<\/strong>, des <strong data-start=\"1751\" data-end=\"1778\">transports confortables<\/strong> et un itin\u00e9raire soigneusement planifi\u00e9, ce voyage est id\u00e9al pour ceux qui souhaitent combiner <strong data-start=\"1874\" data-end=\"1922\">culture, histoire et paysages spectaculaires<\/strong>. Que vous soyez passionn\u00e9 d\u2019histoire, de photographie ou simplement d\u00e9sireux de d\u00e9couvrir l\u2019\u00e2me du Maroc, ce circuit des Villes Imp\u00e9riales depuis Agadir est l\u2019exp\u00e9rience parfaite pour vous.<\/p>\n<table class=\"table table-bordered tours-tabs__table\" style=\"height: 233px;\" width=\"862\">\n<tbody>\n<tr>\n<td><strong>Inclus<\/strong><\/td>\n<td><i class=\"fa fa-check icon-tick icon-tick--on\"><\/i>Transport avec chauffeur.<br \/>\n<i class=\"fa fa-check icon-tick icon-tick--on\"><\/i>Transfert aller-retour.<br \/>\n<i class=\"fa fa-check icon-tick icon-tick--on\"><\/i>Guide ou chauffeur professionnel.<br \/>\n<i class=\"fa fa-check icon-tick icon-tick--on\"><\/i>Taxe et climatisation.<br \/>\n<i class=\"fa fa-check icon-tick icon-tick--on\"><\/i>Taxe de s\u00e9jour touristique et frais de stationnement.<br \/>\n<i class=\"fa fa-check icon-tick icon-tick--on\"><\/i>H\u00e9bergement en h\u00f4tel ou riad en BB.<br \/>\n<i class=\"fa fa-check icon-tick icon-tick--on\"><\/i>Guide local et frais d&#8217;entr\u00e9e aux monuments.<\/td>\n<\/tr>\n<tr>\n<td><b>Non inclus<\/b><\/td>\n<td><i class=\"fa fa-times icon-tick icon-tick--off\"><\/i>Pourboire.<br \/>\n<i class=\"fa fa-times icon-tick icon-tick--off\"><\/i>D\u00e9jeuners et d\u00eeners.<br \/>\n<i class=\"fa fa-times icon-tick icon-tick--off\"><\/i>Boisson.<\/td>\n<\/tr>\n<\/tbody>\n<\/table>\n<p>[\/vc_column_text][\/vc_column][\/vc_row]<\/p>\n<\/div>","protected":false},"excerpt":{"rendered":"<p><strong data-start=\"58\" data-end=\"113\">Circuit des villes imp\u00e9riales de 8 jours et 7 nuits<\/strong>, couvrant les principaux sites des <strong data-start=\"149\" data-end=\"170\">villes imp\u00e9riales<\/strong> : Marrakech, F\u00e8s, Mekn\u00e8s, Rabat et Casablanca, et se terminant \u00e0 <strong data-start=\"236\" data-end=\"246\" data-is-only-node=\"\">Agadir<\/strong>, \u00e0 proximit\u00e9 de l\u2019<strong data-start=\"265\" data-end=\"302\">a\u00e9roport international Al Massira<\/strong>.<\/p>\n","protected":false},"featured_media":1883,"template":"","meta":[],"product_brand":[],"product_cat":[107],"product_tag":[1011,878,1029,1028,1026,964,962,1032,1018,812,1025,855,836,1031,856,1027,829,968,1022,972,1030],"class_list":{"0":"post-2399","1":"product","2":"type-product","3":"status-publish","4":"has-post-thumbnail","6":"product_cat-circuits-au-depart-agadir","7":"product_tag-agadir","8":"product_tag-casablanca","9":"product_tag-circuit-7-nuits","10":"product_tag-circuit-8-jours","11":"product_tag-circuit-culturel","12":"product_tag-circuit-historique","13":"product_tag-circuit-maroc","14":"product_tag-circuit-touristique-maroc","15":"product_tag-excursions-maroc","16":"product_tag-fes","17":"product_tag-maroc","18":"product_tag-marrakech","19":"product_tag-meknes","20":"product_tag-patrimoine-maroc","21":"product_tag-rabat","22":"product_tag-tourisme-culturel","23":"product_tag-tourisme-maroc","24":"product_tag-villes-imperiales","25":"product_tag-visites-guidees","26":"product_tag-voyage-organise","27":"product_tag-voyage-villes-imperiales","28":"tour_category-circuits-au-depart-agadir","30":"first","31":"instock","32":"virtual","33":"purchasable","34":"product-type-tour"},"_links":{"self":[{"href":"https:\/\/facetours.ma\/fr\/wp-json\/wp\/v2\/product\/2399","targetHints":{"allow":["GET"]}}],"collection":[{"href":"https:\/\/facetours.ma\/fr\/wp-json\/wp\/v2\/product"}],"about":[{"href":"https:\/\/facetours.ma\/fr\/wp-json\/wp\/v2\/types\/product"}],"wp:featuredmedia":[{"embeddable":true,"href":"https:\/\/facetours.ma\/fr\/wp-json\/wp\/v2\/media\/1883"}],"wp:attachment":[{"href":"https:\/\/facetours.ma\/fr\/wp-json\/wp\/v2\/media?parent=2399"}],"wp:term":[{"taxonomy":"product_brand","embeddable":true,"href":"https:\/\/facetours.ma\/fr\/wp-json\/wp\/v2\/product_brand?post=2399"},{"taxonomy":"product_cat","embeddable":true,"href":"https:\/\/facetours.ma\/fr\/wp-json\/wp\/v2\/product_cat?post=2399"},{"taxonomy":"product_tag","embeddable":true,"href":"https:\/\/facetours.ma\/fr\/wp-json\/wp\/v2\/product_tag?post=2399"}],"curies":[{"name":"wp","href":"https:\/\/api.w.org\/{rel}","templated":true}]}}