{"id":2387,"date":"2022-08-27T09:24:51","date_gmt":"2022-08-27T08:24:51","guid":{"rendered":"https:\/\/facetours.ma\/?post_type=product&#038;p=2387"},"modified":"2025-11-08T15:06:34","modified_gmt":"2025-11-08T14:06:34","slug":"circuit-nord-depart-agadir","status":"publish","type":"product","link":"https:\/\/facetours.ma\/fr\/meilleures-circuits-au-maroc\/circuit-nord-depart-agadir\/","title":{"rendered":"Circuit du Nord au d\u00e9part d&#8217;Agadir"},"content":{"rendered":"<div class=\"wpb-content-wrapper\"><p>[vc_row][vc_column][vc_column_text]<\/p>\n<p data-start=\"249\" data-end=\"586\">Partez pour une <strong data-start=\"265\" data-end=\"319\">aventure exceptionnelle \u00e0 travers le nord du Maroc<\/strong> avec notre <strong data-start=\"331\" data-end=\"369\">circuit du Nord au d\u00e9part d\u2019Agadir<\/strong>, un voyage alliant culture, nature et d\u00e9couverte. Ce p\u00e9riple vous m\u00e8nera \u00e0 la rencontre des plus belles villes du royaume, de la c\u00f4te atlantique aux montagnes du Rif, en passant par les perles historiques du Maroc.<\/p>\n<p data-start=\"588\" data-end=\"1033\">Depuis <strong data-start=\"595\" data-end=\"605\">Agadir<\/strong>, vous traverserez des paysages \u00e9poustouflants jusqu\u2019\u00e0 <strong data-start=\"660\" data-end=\"674\">Casablanca<\/strong>, capitale \u00e9conomique du pays, o\u00f9 vous visiterez la c\u00e9l\u00e8bre <strong data-start=\"734\" data-end=\"755\">Mosqu\u00e9e Hassan II<\/strong>, un chef-d\u2019\u0153uvre architectural dominant l\u2019oc\u00e9an Atlantique. Vous continuerez vers <strong data-start=\"838\" data-end=\"847\">Rabat<\/strong>, la capitale politique et ville imp\u00e9riale inscrite au <strong data-start=\"902\" data-end=\"936\">patrimoine mondial de l\u2019UNESCO<\/strong>, pour y d\u00e9couvrir le <strong data-start=\"958\" data-end=\"981\">Mausol\u00e9e Mohammed V<\/strong>, la <strong data-start=\"986\" data-end=\"1001\">Tour Hassan<\/strong> et la <strong data-start=\"1008\" data-end=\"1030\">Kasbah des Oudayas<\/strong>.<\/p>\n<p data-start=\"1035\" data-end=\"1636\">Votre voyage se poursuivra vers le nord en direction de <strong data-start=\"1091\" data-end=\"1101\">Tanger<\/strong>, la ville cosmopolite surnomm\u00e9e \u201cla porte de l\u2019Afrique\u201d, situ\u00e9e entre l\u2019oc\u00e9an Atlantique et la mer M\u00e9diterran\u00e9e. Vous y explorerez les <strong data-start=\"1237\" data-end=\"1258\">Grottes d\u2019Hercule<\/strong>, le <strong data-start=\"1263\" data-end=\"1278\">Cap Spartel<\/strong>, la <strong data-start=\"1283\" data-end=\"1293\">M\u00e9dina<\/strong> et ses ruelles anim\u00e9es. Vous d\u00e9couvrirez ensuite la <strong data-start=\"1346\" data-end=\"1373\">ville blanche d\u2019Assilah<\/strong>, c\u00e9l\u00e8bre pour ses remparts portugais et ses ruelles color\u00e9es, avant de rejoindre <strong data-start=\"1455\" data-end=\"1470\">Chefchaouen<\/strong>, la fameuse \u201cville bleue\u201d nich\u00e9e au c\u0153ur des montagnes du Rif. Ses ruelles peintes en bleu et ses paysages environnants offrent une atmosph\u00e8re magique et paisible.<\/p>\n<p data-start=\"1638\" data-end=\"2010\">Le circuit continue vers <strong data-start=\"1663\" data-end=\"1674\">T\u00e9touan<\/strong>, class\u00e9e au patrimoine mondial de l\u2019UNESCO, r\u00e9put\u00e9e pour sa m\u00e9dina andalouse authentique, avant de descendre vers <strong data-start=\"1789\" data-end=\"1796\">F\u00e8s<\/strong>, la plus ancienne des villes imp\u00e9riales du Maroc. Vous y explorerez les <strong data-start=\"1869\" data-end=\"1885\">souks anim\u00e9s<\/strong>, les <strong data-start=\"1891\" data-end=\"1915\">m\u00e9dersas historiques<\/strong> et les <strong data-start=\"1923\" data-end=\"1952\">tanneries traditionnelles<\/strong> qui t\u00e9moignent du riche h\u00e9ritage artisanal de la ville.<\/p>\n<p data-start=\"2012\" data-end=\"2354\">Tout au long du voyage, vous profiterez d\u2019une <strong data-start=\"2058\" data-end=\"2106\">exp\u00e9rience culturelle et humaine inoubliable<\/strong>, entre <strong data-start=\"2114\" data-end=\"2139\">traditions marocaines<\/strong>, <strong data-start=\"2141\" data-end=\"2163\">gastronomie locale<\/strong> et <strong data-start=\"2167\" data-end=\"2190\">hospitalit\u00e9 berb\u00e8re<\/strong>. Ce circuit est une immersion compl\u00e8te dans la diversit\u00e9 du Maroc \u2014 des c\u00f4tes atlantiques \u00e0 la beaut\u00e9 bleue du nord, en passant par les grandes cit\u00e9s imp\u00e9riales.<\/p>\n<hr data-start=\"2356\" data-end=\"2359\" \/>\n<p data-start=\"2361\" data-end=\"2516\" data-is-last-node=\"\" data-is-only-node=\"\">Souhaitez-vous que je te fasse aussi :<\/p>\n<table class=\"table table-bordered tours-tabs__table\" style=\"height: 233px;\" width=\"862\">\n<tbody>\n<tr>\n<td><strong>Inclus<\/strong><\/td>\n<td>\n<table class=\"table table-bordered\" style=\"height: 62px;\" width=\"300\">\n<tbody>\n<tr>\n<td><i class=\"fa fa-check icon-tick icon-tick--on\"><\/i>Transport avec chauffeur.<\/td>\n<\/tr>\n<tr>\n<td><i class=\"fa fa-check icon-tick icon-tick--on\"><\/i>Carburant &amp; Air conditionn\u00e9.<\/td>\n<\/tr>\n<tr>\n<td><i class=\"fa fa-check icon-tick icon-tick--on\"><\/i>Guide ou chauffeur professionnel.<\/td>\n<\/tr>\n<tr>\n<td><i class=\"fa fa-check icon-tick icon-tick--on\"><\/i>Taxe touristique et frais de stationnement.<\/td>\n<\/tr>\n<tr>\n<td><i class=\"fa fa-check icon-tick icon-tick--on\"><\/i>Logement \u00e0 l&#8217;h\u00f4tel ou au riad en demi-pension.<\/td>\n<\/tr>\n<tr>\n<td><i class=\"fa fa-check icon-tick icon-tick--on\"><\/i>Guide local.<\/td>\n<\/tr>\n<\/tbody>\n<\/table>\n<\/td>\n<\/tr>\n<tr>\n<td><b>Non inclus<\/b><\/td>\n<td>\n<table class=\"table table-bordered\" style=\"height: 62px;\" width=\"300\">\n<tbody>\n<tr>\n<td><i class=\"fa fa-times icon-tick icon-tick--off\"><\/i>D\u00e9jeuners et d\u00eeners.<\/td>\n<\/tr>\n<tr>\n<td><i class=\"fa fa-times icon-tick icon-tick--off\"><\/i>Boisson.<\/td>\n<\/tr>\n<tr>\n<td><i class=\"fa fa-times icon-tick icon-tick--off\"><\/i>Pourboire.<\/td>\n<\/tr>\n<\/tbody>\n<\/table>\n<\/td>\n<\/tr>\n<\/tbody>\n<\/table>\n<p>[\/vc_column_text][\/vc_column][\/vc_row]<\/p>\n<\/div>","protected":false},"excerpt":{"rendered":"<p>Ce circuit commencera et se terminera \u00e0 <strong data-start=\"161\" data-end=\"171\">Agadir<\/strong>, vous offrant l\u2019opportunit\u00e9 de d\u00e9couvrir certaines des <strong data-start=\"227\" data-end=\"275\">villes les plus attrayantes du nord du Maroc<\/strong>. Vous visiterez notamment <strong data-start=\"302\" data-end=\"312\">Tanger<\/strong>, la c\u00e9l\u00e8bre porte de l\u2019Afrique, ainsi que <strong data-start=\"355\" data-end=\"366\">T\u00e9touan<\/strong>, surnomm\u00e9e la \u00ab\u202fville blanche\u202f\u00bb ou le \u00ab\u202fpigeon blanc\u202f\u00bb, connue pour sa m\u00e9dina class\u00e9e au patrimoine mondial de l\u2019UNESCO et son charme unique.<\/p>\n","protected":false},"featured_media":1389,"template":"","meta":[],"product_brand":[],"product_cat":[107],"product_tag":[1011,975,822,1014,1013,1024,1012,1018,1019,1020,825,915,1021,832,1015,1016,829,1023,1017,1022,963],"class_list":{"0":"post-2387","1":"product","2":"type-product","3":"status-publish","4":"has-post-thumbnail","6":"product_cat-circuits-au-depart-agadir","7":"product_tag-agadir","8":"product_tag-aventure-maroc","9":"product_tag-chefchaouen","10":"product_tag-circuit-5-nuits","11":"product_tag-circuit-6-jours","12":"product_tag-circuit-agadi","13":"product_tag-circuit-nord-maroc","14":"product_tag-excursions-maroc","15":"product_tag-medina-tetouan","16":"product_tag-mer-mediterranee","17":"product_tag-montagnes-du-rif","18":"product_tag-patrimoine-unesco","19":"product_tag-paysages-marocains","20":"product_tag-road-trip-maroc","21":"product_tag-tanger","22":"product_tag-tetouan","23":"product_tag-tourisme-maroc","24":"product_tag-villes-blanches","25":"product_tag-villes-du-nord","26":"product_tag-visites-guidees","27":"product_tag-voyage-culturel","28":"tour_category-circuits-au-depart-agadir","30":"first","31":"instock","32":"virtual","33":"purchasable","34":"product-type-tour"},"_links":{"self":[{"href":"https:\/\/facetours.ma\/fr\/wp-json\/wp\/v2\/product\/2387","targetHints":{"allow":["GET"]}}],"collection":[{"href":"https:\/\/facetours.ma\/fr\/wp-json\/wp\/v2\/product"}],"about":[{"href":"https:\/\/facetours.ma\/fr\/wp-json\/wp\/v2\/types\/product"}],"wp:featuredmedia":[{"embeddable":true,"href":"https:\/\/facetours.ma\/fr\/wp-json\/wp\/v2\/media\/1389"}],"wp:attachment":[{"href":"https:\/\/facetours.ma\/fr\/wp-json\/wp\/v2\/media?parent=2387"}],"wp:term":[{"taxonomy":"product_brand","embeddable":true,"href":"https:\/\/facetours.ma\/fr\/wp-json\/wp\/v2\/product_brand?post=2387"},{"taxonomy":"product_cat","embeddable":true,"href":"https:\/\/facetours.ma\/fr\/wp-json\/wp\/v2\/product_cat?post=2387"},{"taxonomy":"product_tag","embeddable":true,"href":"https:\/\/facetours.ma\/fr\/wp-json\/wp\/v2\/product_tag?post=2387"}],"curies":[{"name":"wp","href":"https:\/\/api.w.org\/{rel}","templated":true}]}}