{"id":2385,"date":"2022-08-28T11:05:03","date_gmt":"2022-08-28T10:05:03","guid":{"rendered":"https:\/\/facetours.ma\/?post_type=product&#038;p=2385"},"modified":"2025-11-08T14:32:20","modified_gmt":"2025-11-08T13:32:20","slug":"grand-tour-desert-depart-rabat","status":"publish","type":"product","link":"https:\/\/facetours.ma\/fr\/meilleures-circuits-au-maroc\/grand-tour-desert-depart-rabat\/","title":{"rendered":"Grand tour et d\u00e9sert de Rabat"},"content":{"rendered":"<div class=\"wpb-content-wrapper\"><p>[vc_row][vc_column]<\/p>\n<p data-start=\"114\" data-end=\"624\">Partez pour une aventure inoubliable \u00e0 travers le Maroc avec notre <strong data-start=\"181\" data-end=\"224\">Grand Tour et D\u00e9sert au d\u00e9part de Rabat<\/strong>, un circuit complet de 12 \u00e0 13 jours qui vous fera d\u00e9couvrir la richesse historique, culturelle et naturelle du royaume. Vous commencerez votre p\u00e9riple dans la <strong data-start=\"385\" data-end=\"411\">ville lumi\u00e8re de Rabat<\/strong>, capitale administrative du Maroc, o\u00f9 vous explorerez ses monuments embl\u00e9matiques tels que le <strong data-start=\"506\" data-end=\"529\">Mausol\u00e9e Mohammed V<\/strong>, la <strong data-start=\"534\" data-end=\"549\">Tour Hassan<\/strong> et la <strong data-start=\"556\" data-end=\"578\">Kasbah des Oudayas<\/strong>, class\u00e9e au patrimoine mondial de l\u2019UNESCO.<\/p>\n<p data-start=\"626\" data-end=\"1056\">Vous poursuivrez votre voyage vers les <strong data-start=\"665\" data-end=\"686\">villes imp\u00e9riales<\/strong>, en commen\u00e7ant par <strong data-start=\"706\" data-end=\"716\">Mekn\u00e8s<\/strong>, c\u00e9l\u00e8bre pour sa porte monumentale <strong data-start=\"752\" data-end=\"767\">Bab Mansour<\/strong>, sa m\u00e9dina historique et le mausol\u00e9e du Sultan Moulay Isma\u00efl. Ensuite, vous visiterez <strong data-start=\"854\" data-end=\"867\">Volubilis<\/strong>, les impressionnantes ruines romaines prot\u00e9g\u00e9es par l\u2019UNESCO, et la ville sainte de <strong data-start=\"952\" data-end=\"969\">Moulay Idriss<\/strong>, offrant un panorama fascinant sur la vall\u00e9e et la culture traditionnelle marocaine.<\/p>\n<p data-start=\"1058\" data-end=\"1652\">Votre circuit vous m\u00e8nera ensuite \u00e0 <strong data-start=\"1094\" data-end=\"1101\">F\u00e8s<\/strong>, premi\u00e8re ville imp\u00e9riale du pays, o\u00f9 vous d\u00e9couvrirez la M\u00e9dina de F\u00e8s el-Bali, les tanneries Chouara, la M\u00e9dersa Bou Inania et la c\u00e9l\u00e8bre Mosqu\u00e9e Al-Qarawiyyin, l\u2019un des centres spirituels et \u00e9ducatifs les plus importants du monde musulman historique. Apr\u00e8s F\u00e8s, vous traverserez le <strong data-start=\"1387\" data-end=\"1403\">Middle Atlas<\/strong> et la vall\u00e9e du Ziz pour rejoindre <strong data-start=\"1439\" data-end=\"1451\">Merzouga<\/strong>, porte d\u2019entr\u00e9e vers le <strong data-start=\"1476\" data-end=\"1502\">Sahara et l\u2019Erg Chebbi<\/strong>. Vous vivrez l\u2019exp\u00e9rience unique d\u2019une <strong data-start=\"1542\" data-end=\"1596\">nuit dans un campement berb\u00e8re au milieu des dunes<\/strong>, \u00e0 dos de chameau, sous un ciel \u00e9toil\u00e9 spectaculaire.<\/p>\n<p data-start=\"1654\" data-end=\"2106\">Le voyage continue vers la vall\u00e9e du <strong data-start=\"1691\" data-end=\"1700\">Todra<\/strong> et la vall\u00e9e du <strong data-start=\"1717\" data-end=\"1726\">Dad\u00e8s<\/strong>, o\u00f9 vous admirerez les impressionnantes gorges et formations rocheuses surnomm\u00e9es les <strong data-start=\"1813\" data-end=\"1836\">\u00ab Doigts de Singe \u00bb<\/strong>. Ensuite, vous traverserez les paysages splendides du <strong data-start=\"1891\" data-end=\"1905\">Haut Atlas<\/strong> et d\u00e9couvrirez les c\u00e9l\u00e8bres <strong data-start=\"1934\" data-end=\"1956\">Kasbahs de l\u2019Atlas<\/strong>, notamment <strong data-start=\"1968\" data-end=\"1986\">Ait Ben Haddou<\/strong>, class\u00e9e par l\u2019UNESCO, et la ville de <strong data-start=\"2025\" data-end=\"2039\">Ouarzazate<\/strong>, surnomm\u00e9e le \u00ab Hollywood du Maroc \u00bb pour ses studios de cin\u00e9ma.<\/p>\n<p data-start=\"2108\" data-end=\"2471\">Enfin, vous rejoindrez la <strong data-start=\"2134\" data-end=\"2162\">ville rouge de Marrakech<\/strong>, deuxi\u00e8me ville imp\u00e9riale du Maroc, o\u00f9 vous explorerez la <strong data-start=\"2221\" data-end=\"2242\">Mosqu\u00e9e Koutoubia<\/strong>, les <strong data-start=\"2248\" data-end=\"2269\">Tombeaux Saadiens<\/strong>, le <strong data-start=\"2274\" data-end=\"2296\">Palais de la Bahia<\/strong> et Dar El Bacha. Vous aurez \u00e9galement du temps pour fl\u00e2ner dans les souks color\u00e9s et vibrants, d\u00e9couvrir la place Jemaa el-Fna et profiter de l\u2019ambiance unique de la ville.<\/p>\n<p data-start=\"2473\" data-end=\"2894\">Ce <strong data-start=\"2476\" data-end=\"2519\">Grand Tour et D\u00e9sert au d\u00e9part de Rabat<\/strong> est l\u2019itin\u00e9raire parfait pour les voyageurs d\u00e9sireux de combiner <strong data-start=\"2585\" data-end=\"2641\">histoire, culture, d\u00e9sert et paysages spectaculaires<\/strong> dans un seul circuit complet \u00e0 travers le Maroc. Chaque \u00e9tape de ce voyage offre une exp\u00e9rience unique, m\u00ealant patrimoine, traditions berb\u00e8res, gastronomie locale et panoramas inoubliables, cr\u00e9ant ainsi des souvenirs exceptionnels pour toute une vie.<\/p>\n<p>[\/vc_column][\/vc_row]<\/p>\n<table class=\"table table-bordered tours-tabs__table\" style=\"height: 233px;\" width=\"862\">\n<tbody>\n<tr>\n<td><strong>Inclus<\/strong><\/td>\n<td><i class=\"fa fa-check icon-tick icon-tick--on\"><\/i>Transport avec chauffeur.<br \/>\n<i class=\"fa fa-check icon-tick icon-tick--on\"><\/i>Air conditionn\u00e9 &amp; carburant.<br \/>\n<i class=\"fa fa-check icon-tick icon-tick--on\"><\/i>Taxe touristique &amp; frais de stationnement.<br \/>\n<i class=\"fa fa-check icon-tick icon-tick--on\"><\/i>H\u00e9bergement en h\u00f4tel ou riad en BB.<br \/>\n<i class=\"fa fa-check icon-tick icon-tick--on\"><\/i>Balade \u00e0 dos de chameau &amp; h\u00e9bergement dans un camp de luxe ou standard dans le d\u00e9sert \u00e0 Merzouga.<br \/>\n<i class=\"fa fa-check icon-tick icon-tick--on\"><\/i>Guide local &amp; frais d&#8217;entr\u00e9e aux monuments.<br \/>\n<i class=\"fa fa-check icon-tick icon-tick--on\"><\/i>Transfert de prise en charge et de d\u00e9pose.<\/td>\n<\/tr>\n<tr>\n<td><b>Non inclus<\/b><\/td>\n<td><i class=\"fa fa-times icon-tick icon-tick--off\"><\/i>Pourboire.<br \/>\n<i class=\"fa fa-times icon-tick icon-tick--off\"><\/i>Boissons.<br \/>\n<i class=\"fa fa-times icon-tick icon-tick--off\"><\/i>D\u00e9jeuners et d\u00eeners.<\/td>\n<\/tr>\n<\/tbody>\n<\/table>\n<\/div>","protected":false},"excerpt":{"rendered":"<p><strong data-start=\"57\" data-end=\"143\">D\u00e9couvrez notre grand circuit du d\u00e9sert de 13 jours et 12 nuits au d\u00e9part de Rabat<\/strong>, une aventure inoubliable \u00e0 travers les <strong data-start=\"184\" data-end=\"205\">villes imp\u00e9riales<\/strong>, les <strong data-start=\"211\" data-end=\"242\" data-is-only-node=\"\">r\u00e9gions du sud-est du Maroc<\/strong>, et les majestueuses dunes de <strong data-start=\"273\" data-end=\"289\">l\u2019Erg Chebbi<\/strong> dans le <strong data-start=\"298\" data-end=\"318\">d\u00e9sert du Sahara<\/strong>, o\u00f9 vous passerez <strong data-start=\"337\" data-end=\"397\">une nuit magique dans un camp de luxe sous tente berb\u00e8re<\/strong>.<\/p>\n","protected":false},"featured_media":1887,"template":"","meta":[],"product_brand":[],"product_cat":[130],"product_tag":[981,1001,1003,991,1010,998,990,1009,1007,980,984,996,992,1008,994,1006,979,999,1005,986,1004,985,1002,976,978,1000,988,987,977,983,982,989,993,997,995],"class_list":{"0":"post-2385","1":"product","2":"type-product","3":"status-publish","4":"has-post-thumbnail","6":"product_cat-circuits-a-partir-rabat","7":"product_tag-12-days-morocco-tour","8":"product_tag-authentic-morocco-experience","9":"product_tag-best-morocco-tours","10":"product_tag-camel-trekking-morocco","11":"product_tag-casablanca-city-tour-fr","12":"product_tag-chefchaouen-tour-from-rabat","13":"product_tag-desert-camp-experience","14":"product_tag-essaouira-excursion-fr","15":"product_tag-fez-city-tour-fr","16":"product_tag-grand-tour-from-rabat","17":"product_tag-imperial-cities-tour-from-rabat","18":"product_tag-kasbah-ait-ben-haddou","19":"product_tag-luxury-desert-camp","20":"product_tag-marrakech-sightseeing-fr","21":"product_tag-moroccan-cities-tour","22":"product_tag-morocco-cultural-tour-fr","23":"product_tag-morocco-desert-tour-from-rabat","24":"product_tag-morocco-road-trip","25":"product_tag-morocco-round-trip-from-rabat","26":"product_tag-morocco-travel-from-rabat","27":"product_tag-morocco-vacation-package","28":"product_tag-north-and-south-morocco-tour","29":"product_tag-private-driver-morocco","30":"product_tag-rabat-desert-tour","31":"product_tag-rabat-grand-tour","32":"product_tag-rabat-guided-tour","33":"product_tag-rabat-morocco-itinerary","34":"product_tag-rabat-private-tour","35":"product_tag-rabat-sahara-tour","36":"product_tag-rabat-to-marrakech-tour","37":"product_tag-rabat-to-merzouga-desert","38":"product_tag-rabat-travel-agency","39":"product_tag-sahara-adventure-from-rabat","40":"product_tag-todra-gorges","41":"product_tag-unesco-heritage-morocco","42":"tour_category-circuits-a-partir-de-rabat","44":"first","45":"instock","46":"virtual","47":"purchasable","48":"product-type-tour"},"_links":{"self":[{"href":"https:\/\/facetours.ma\/fr\/wp-json\/wp\/v2\/product\/2385","targetHints":{"allow":["GET"]}}],"collection":[{"href":"https:\/\/facetours.ma\/fr\/wp-json\/wp\/v2\/product"}],"about":[{"href":"https:\/\/facetours.ma\/fr\/wp-json\/wp\/v2\/types\/product"}],"wp:featuredmedia":[{"embeddable":true,"href":"https:\/\/facetours.ma\/fr\/wp-json\/wp\/v2\/media\/1887"}],"wp:attachment":[{"href":"https:\/\/facetours.ma\/fr\/wp-json\/wp\/v2\/media?parent=2385"}],"wp:term":[{"taxonomy":"product_brand","embeddable":true,"href":"https:\/\/facetours.ma\/fr\/wp-json\/wp\/v2\/product_brand?post=2385"},{"taxonomy":"product_cat","embeddable":true,"href":"https:\/\/facetours.ma\/fr\/wp-json\/wp\/v2\/product_cat?post=2385"},{"taxonomy":"product_tag","embeddable":true,"href":"https:\/\/facetours.ma\/fr\/wp-json\/wp\/v2\/product_tag?post=2385"}],"curies":[{"name":"wp","href":"https:\/\/api.w.org\/{rel}","templated":true}]}}