{"id":2383,"date":"2022-08-28T11:03:48","date_gmt":"2022-08-28T10:03:48","guid":{"rendered":"https:\/\/facetours.ma\/?post_type=product&#038;p=2383"},"modified":"2025-11-08T14:35:07","modified_gmt":"2025-11-08T13:35:07","slug":"circuit-nord-depart-rabat","status":"publish","type":"product","link":"https:\/\/facetours.ma\/fr\/meilleures-circuits-au-maroc\/circuit-nord-depart-rabat\/","title":{"rendered":"Circuit du Nord au d\u00e9part de Rabat"},"content":{"rendered":"<div class=\"wpb-content-wrapper\"><p>[vc_row][vc_column][vc_column_text]<\/p>\n<p data-start=\"165\" data-end=\"494\">Partez \u00e0 la d\u00e9couverte du <strong data-start=\"191\" data-end=\"208\">nord du Maroc<\/strong> au d\u00e9part de Rabat et laissez-vous s\u00e9duire par la beaut\u00e9 des villes c\u00f4ti\u00e8res, des villages pittoresques et des paysages naturels spectaculaires de cette r\u00e9gion. Ce circuit vous fera voyager \u00e0 travers les montagnes du Rif, les plages atlantiques et les charmantes m\u00e9dinas historiques.Le voyage commence \u00e0 <strong data-start=\"517\" data-end=\"526\">Rabat<\/strong>, la capitale du Maroc, o\u00f9 vous pourrez admirer les monuments embl\u00e9matiques tels que le <strong data-start=\"614\" data-end=\"637\">mausol\u00e9e Mohammed V<\/strong>, la <strong data-start=\"642\" data-end=\"657\">Tour Hassan<\/strong> et la <strong data-start=\"664\" data-end=\"686\">Kasbah des Oudayas<\/strong>, avant de prendre la route vers le nord. Votre premi\u00e8re \u00e9tape vous m\u00e8nera \u00e0 <strong data-start=\"763\" data-end=\"778\">Chefchaouen<\/strong>, la c\u00e9l\u00e8bre ville bleue nich\u00e9e dans les montagnes du Rif. Vous explorerez ses ruelles pittoresques, ses march\u00e9s color\u00e9s et ses places anim\u00e9es, et aurez l\u2019occasion de photographier les maisons peintes en bleu et blanc, v\u00e9ritable signature de cette ville unique.Ensuite, le circuit vous conduira \u00e0 <strong data-start=\"1079\" data-end=\"1090\">T\u00e9touan<\/strong>, ville au riche h\u00e9ritage andalou et class\u00e9e au <strong data-start=\"1138\" data-end=\"1172\">patrimoine mondial de l\u2019UNESCO<\/strong>. Vous visiterez la vieille m\u00e9dina, ses ruelles sinueuses, ses boutiques artisanales et ses monuments historiques, avant de continuer vers la c\u00f4te atlantique pour d\u00e9couvrir la <strong data-start=\"1348\" data-end=\"1367\">ville de Tanger<\/strong>, surnomm\u00e9e la \u201cPerle du Nord\u201d. \u00c0 Tanger, vous explorerez le <strong data-start=\"1428\" data-end=\"1443\">Grand Socco<\/strong>, le <strong data-start=\"1448\" data-end=\"1463\">Petit Socco<\/strong>, les anciennes m\u00e9dinas et profiterez d\u2019une vue imprenable sur le d\u00e9troit de Gibraltar.Le circuit inclut \u00e9galement la visite de <strong data-start=\"1595\" data-end=\"1605\">Asilah<\/strong>, charmante ville blanche sur la c\u00f4te atlantique, connue pour ses remparts historiques, ses plages et son ambiance paisible. Vous terminerez le circuit par un retour \u00e0 Rabat, en passant par des paysages magnifiques, des villages traditionnels et des collines verdoyantes.Ce <strong data-start=\"1883\" data-end=\"1921\">Circuit du Nord au d\u00e9part de Rabat<\/strong> est id\u00e9al pour les voyageurs souhaitant combiner <strong data-start=\"1971\" data-end=\"2016\">culture, histoire, nature et authenticit\u00e9<\/strong>. Avec des guides exp\u00e9riment\u00e9s, des itin\u00e9raires flexibles et des visites soigneusement planifi\u00e9es, vous vivrez une exp\u00e9rience m\u00e9morable \u00e0 travers les tr\u00e9sors du nord du Maroc.<\/p>\n<table class=\"table table-bordered tours-tabs__table\" style=\"height: 233px;\" width=\"862\">\n<tbody>\n<tr>\n<td><strong>Inclus<\/strong><\/td>\n<td><i class=\"fa fa-check icon-tick icon-tick--on\"><\/i> Transport avec chauffeur.\n<table class=\"table table-bordered\" style=\"height: 62px;\" width=\"300\">\n<tbody>\n<tr>\n<td><i class=\"fa fa-check icon-tick icon-tick--on\"><\/i> Carburant &amp; frais de stationnement.<\/td>\n<\/tr>\n<tr>\n<td><i class=\"fa fa-check icon-tick icon-tick--on\"><\/i> Guide ou chauffeur professionnel.<\/td>\n<\/tr>\n<tr>\n<td><i class=\"fa fa-check icon-tick icon-tick--on\"><\/i> Taxe de s\u00e9jour et climatisation.<\/td>\n<\/tr>\n<tr>\n<td><i class=\"fa fa-check icon-tick icon-tick--on\"><\/i> H\u00e9bergement en h\u00f4tel ou riad en formule petit-d\u00e9jeuner.<\/td>\n<\/tr>\n<tr>\n<td><i class=\"fa fa-check icon-tick icon-tick--on\"><\/i> Transfert aller-retour.<\/td>\n<\/tr>\n<tr>\n<td><i class=\"fa fa-check icon-tick icon-tick--on\"><\/i> Frais d&#8217;entr\u00e9e et guide local.<\/td>\n<\/tr>\n<\/tbody>\n<\/table>\n<\/td>\n<\/tr>\n<tr>\n<td><b>Non inclus<\/b><\/td>\n<td><i class=\"fa fa-times icon-tick icon-tick--off\"><\/i> Boissons.\n<table class=\"table table-bordered\" style=\"height: 62px;\" width=\"300\">\n<tbody>\n<tr>\n<td><i class=\"fa fa-times icon-tick icon-tick--off\"><\/i> Pourboires.<\/td>\n<\/tr>\n<tr>\n<td><i class=\"fa fa-times icon-tick icon-tick--off\"><\/i> D\u00e9jeuners et d\u00eeners.<\/td>\n<\/tr>\n<\/tbody>\n<\/table>\n<\/td>\n<\/tr>\n<\/tbody>\n<\/table>\n<p>[\/vc_column_text][\/vc_column][\/vc_row]<\/p>\n<p>Ceci est le contenu traduit en fran\u00e7ais avec les m\u00eames informations que celles fournies dans la demande initiale.<\/p>\n<\/div>","protected":false},"excerpt":{"rendered":"<article class=\"text-token-text-primary w-full focus:outline-none [--shadow-height:45px] has-data-writing-block:pointer-events-none has-data-writing-block:-mt-(--shadow-height) has-data-writing-block:pt-(--shadow-height) [&amp;:has([data-writing-block])&gt;*]:pointer-events-auto [content-visibility:auto] supports-[content-visibility:auto]:[contain-intrinsic-size:auto_100lvh] scroll-mt-[calc(var(--header-height)+min(200px,max(70px,20svh)))]\" dir=\"auto\" tabindex=\"-1\" data-turn-id=\"request-6908982e-5568-8327-a10f-ca95fc2ac3c4-24\" data-testid=\"conversation-turn-248\" data-scroll-anchor=\"true\" data-turn=\"assistant\">\n<div class=\"text-base my-auto mx-auto pb-10 [--thread-content-margin:--spacing(4)] thread-sm:[--thread-content-margin:--spacing(6)] thread-lg:[--thread-content-margin:--spacing(16)] px-(--thread-content-margin)\">\n<div class=\"[--thread-content-max-width:40rem] thread-lg:[--thread-content-max-width:48rem] mx-auto max-w-(--thread-content-max-width) flex-1 group\/turn-messages focus-visible:outline-hidden relative flex w-full min-w-0 flex-col agent-turn\" tabindex=\"-1\">\n<div class=\"flex max-w-full flex-col grow\">\n<div class=\"min-h-8 text-message relative flex w-full flex-col items-end gap-2 text-start break-words whitespace-normal [.text-message+&amp;]:mt-1\" dir=\"auto\" data-message-author-role=\"assistant\" data-message-id=\"f042c1ab-bc61-43e6-a5a9-9448e7d62948\" data-message-model-slug=\"gpt-5\">\n<div class=\"flex w-full flex-col gap-1 empty:hidden first:pt-[1px]\">\n<div class=\"markdown prose dark:prose-invert w-full break-words light markdown-new-styling\">\n<p data-start=\"57\" data-end=\"435\" data-is-last-node=\"\" data-is-only-node=\"\"><strong data-start=\"57\" data-end=\"117\">Circuit du Nord au d\u00e9part de Rabat de 7 jours et 6 nuits<\/strong>, un itin\u00e9raire exceptionnel qui vous permettra d\u2019explorer les plus belles villes du nord du Maroc. D\u00e9couvrez <strong data-start=\"227\" data-end=\"237\" data-is-only-node=\"\">Tanger<\/strong>, porte d\u2019entr\u00e9e entre l\u2019Afrique et l\u2019Europe depuis l\u2019\u00e9poque ph\u00e9nicienne, ainsi que <strong data-start=\"321\" data-end=\"336\">Chefchaouen<\/strong>, la perle bleue du Rif, c\u00e9l\u00e8bre pour ses ruelles pittoresques et ses b\u00e2timents aux murs bleu azur.<\/p>\n<\/div>\n<\/div>\n<\/div>\n<\/div>\n<div class=\"z-0 flex min-h-[46px] justify-start\"><\/div>\n<div class=\"mt-3 w-full empty:hidden\">\n<div class=\"text-center\"><\/div>\n<\/div>\n<\/div>\n<\/div>\n<\/article>\n<div class=\"pointer-events-none h-px w-px\" aria-hidden=\"true\" data-edge=\"true\"><\/div>\n","protected":false},"featured_media":1572,"template":"","meta":[],"product_brand":[],"product_cat":[130],"product_tag":[975,878,970,974,827,857,812,971,913,892,855,894,828,836,915,856,969,893,973,968,837,927,972],"class_list":{"0":"post-2383","1":"product","2":"type-product","3":"status-publish","4":"has-post-thumbnail","6":"product_cat-circuits-a-partir-rabat","7":"product_tag-aventure-maroc","8":"product_tag-casablanca","9":"product_tag-circuit-touristique","10":"product_tag-circuits-guides","11":"product_tag-culture-marocaine","12":"product_tag-excursion-maroc","13":"product_tag-fes","14":"product_tag-histoire-du-maroc","15":"product_tag-kasbah","16":"product_tag-kasbah-des-oudayas","17":"product_tag-marrakech","18":"product_tag-mausolee-mohammed-v","19":"product_tag-medina","20":"product_tag-meknes","21":"product_tag-patrimoine-unesco","22":"product_tag-rabat","23":"product_tag-souks","24":"product_tag-tour-hassan","25":"product_tag-tourisme-au-maroc","26":"product_tag-villes-imperiales","27":"product_tag-volubilis","28":"product_tag-voyage-maroc","29":"product_tag-voyage-organise","30":"tour_category-circuits-a-partir-de-rabat","32":"first","33":"instock","34":"shipping-taxable","35":"purchasable","36":"product-type-tour"},"_links":{"self":[{"href":"https:\/\/facetours.ma\/fr\/wp-json\/wp\/v2\/product\/2383","targetHints":{"allow":["GET"]}}],"collection":[{"href":"https:\/\/facetours.ma\/fr\/wp-json\/wp\/v2\/product"}],"about":[{"href":"https:\/\/facetours.ma\/fr\/wp-json\/wp\/v2\/types\/product"}],"wp:featuredmedia":[{"embeddable":true,"href":"https:\/\/facetours.ma\/fr\/wp-json\/wp\/v2\/media\/1572"}],"wp:attachment":[{"href":"https:\/\/facetours.ma\/fr\/wp-json\/wp\/v2\/media?parent=2383"}],"wp:term":[{"taxonomy":"product_brand","embeddable":true,"href":"https:\/\/facetours.ma\/fr\/wp-json\/wp\/v2\/product_brand?post=2383"},{"taxonomy":"product_cat","embeddable":true,"href":"https:\/\/facetours.ma\/fr\/wp-json\/wp\/v2\/product_cat?post=2383"},{"taxonomy":"product_tag","embeddable":true,"href":"https:\/\/facetours.ma\/fr\/wp-json\/wp\/v2\/product_tag?post=2383"}],"curies":[{"name":"wp","href":"https:\/\/api.w.org\/{rel}","templated":true}]}}