{"id":2380,"date":"2022-08-28T10:51:05","date_gmt":"2022-08-28T09:51:05","guid":{"rendered":"https:\/\/facetours.ma\/?post_type=product&#038;p=2380"},"modified":"2025-11-08T14:39:14","modified_gmt":"2025-11-08T13:39:14","slug":"circuit-villes-imperiales-depart-rabat","status":"publish","type":"product","link":"https:\/\/facetours.ma\/fr\/meilleures-circuits-au-maroc\/circuit-villes-imperiales-depart-rabat\/","title":{"rendered":"Circuit villes imp\u00e9riales d\u00e9part Rabat"},"content":{"rendered":"<p data-start=\"260\" data-end=\"753\">Partez \u00e0 la d\u00e9couverte des <strong data-start=\"287\" data-end=\"324\">quatre Villes Imp\u00e9riales du Maroc<\/strong> lors d\u2019un circuit exceptionnel au d\u00e9part de <strong data-start=\"369\" data-end=\"378\">Rabat<\/strong>, la capitale politique du royaume. Ce voyage culturel et historique vous emm\u00e8nera \u00e0 travers les si\u00e8cles, \u00e0 la rencontre des tr\u00e9sors de <strong data-start=\"514\" data-end=\"549\">F\u00e8s, Mekn\u00e8s, Marrakech et Rabat<\/strong>, t\u00e9moins vivants du riche patrimoine du Maroc. Chaque ville raconte une page de l\u2019histoire du pays \u00e0 travers ses palais majestueux, ses m\u00e9dinas authentiques, ses mosqu\u00e9es historiques et ses souks anim\u00e9s.<\/p>\n<p data-start=\"755\" data-end=\"1167\">Votre aventure commencera \u00e0 <strong data-start=\"783\" data-end=\"792\">Rabat<\/strong>, \u00e9l\u00e9gante et paisible capitale, o\u00f9 vous d\u00e9couvrirez la <strong data-start=\"848\" data-end=\"870\">Kasbah des Oudayas<\/strong>, la <strong data-start=\"875\" data-end=\"890\">Tour Hassan<\/strong> et le <strong data-start=\"897\" data-end=\"920\">Mausol\u00e9e Mohammed V<\/strong>, symboles de l\u2019unit\u00e9 et de la tradition marocaine. Vous poursuivrez vers <strong data-start=\"994\" data-end=\"1004\">Mekn\u00e8s<\/strong>, la cit\u00e9 imp\u00e9riale du sultan Moulay Isma\u00efl, c\u00e9l\u00e8bre pour ses murailles imposantes, ses portes monumentales comme <strong data-start=\"1118\" data-end=\"1133\">Bab Mansour<\/strong>, et ses vastes greniers royaux.<\/p>\n<p data-start=\"1169\" data-end=\"1533\">Le voyage continue vers <strong data-start=\"1193\" data-end=\"1200\">F\u00e8s<\/strong>, la plus ancienne des villes imp\u00e9riales et v\u00e9ritable centre spirituel du Maroc. Vous y explorerez la <strong data-start=\"1302\" data-end=\"1327\">m\u00e9dina de F\u00e8s el-Bali<\/strong>, class\u00e9e au patrimoine mondial de l\u2019UNESCO, avec ses ruelles labyrinthiques, ses m\u00e9dersas, ses tanneries et ses souks o\u00f9 le temps semble s\u2019\u00eatre arr\u00eat\u00e9. F\u00e8s incarne \u00e0 elle seule l\u2019\u00e2me du Maroc traditionnel.<\/p>\n<p data-start=\"1535\" data-end=\"1891\">Enfin, cap sur <strong data-start=\"1550\" data-end=\"1563\">Marrakech<\/strong>, la vibrante \u201cville rouge\u201d, o\u00f9 se m\u00ealent traditions, culture et modernit\u00e9. Vous visiterez la <strong data-start=\"1657\" data-end=\"1678\">mosqu\u00e9e Koutoubia<\/strong>, les <strong data-start=\"1684\" data-end=\"1705\">tombeaux saadiens<\/strong>, le <strong data-start=\"1710\" data-end=\"1732\">palais de la Bahia<\/strong> et la c\u00e9l\u00e8bre <strong data-start=\"1747\" data-end=\"1769\">place Jemaa el-Fna<\/strong>, c\u0153ur battant de la ville, anim\u00e9 jour et nuit par des conteurs, musiciens, charmeurs de serpents et marchands d\u2019\u00e9pices.<\/p>\n<p data-start=\"1893\" data-end=\"2288\">Ce <strong data-start=\"1896\" data-end=\"1948\">circuit des Villes Imp\u00e9riales au d\u00e9part de Rabat<\/strong> est une immersion totale dans la diversit\u00e9 du Maroc : des monuments historiques de Rabat aux souks color\u00e9s de Marrakech, en passant par les ruines romaines de Volubilis et la s\u00e9r\u00e9nit\u00e9 de Mekn\u00e8s. Entre <strong data-start=\"2150\" data-end=\"2218\">histoire, culture, artisanat, gastronomie et rencontres humaines<\/strong>, vous vivrez un voyage inoubliable \u00e0 travers les joyaux du royaume.<\/p>\n<table class=\"table table-bordered tours-tabs__table\" style=\"height: 233px;\" width=\"862\">\n<tbody>\n<tr>\n<td><strong>Inclus<\/strong><\/td>\n<td><i class=\"fa fa-check icon-tick icon-tick--on\"><\/i> Carburant &amp; frais de stationnement.<br \/>\n<i class=\"fa fa-check icon-tick icon-tick--on\"><\/i> Guide ou chauffeur professionnel.<br \/>\n<i class=\"fa fa-check icon-tick icon-tick--on\"><\/i> Taxe de s\u00e9jour et climatisation.<br \/>\n<i class=\"fa fa-check icon-tick icon-tick--on\"><\/i> H\u00e9bergement en h\u00f4tel ou riad en formule petit-d\u00e9jeuner.<br \/>\n<i class=\"fa fa-check icon-tick icon-tick--on\"><\/i> Transfert aller-retour.<i class=\"fa fa-check icon-tick icon-tick--on\"><\/i> Frais d&#8217;entr\u00e9e et guide local.<\/td>\n<\/tr>\n<tr>\n<td><b>Non inclus<\/b><\/td>\n<td>icon_tick state=&#8221;off&#8221;] Boissons.<br \/>\n<i class=\"fa fa-times icon-tick icon-tick--off\"><\/i> Pourboires.<br \/>\n<i class=\"fa fa-times icon-tick icon-tick--off\"><\/i> D\u00e9jeuners et d\u00eeners.<\/td>\n<\/tr>\n<\/tbody>\n<\/table>\n","protected":false},"excerpt":{"rendered":"<p><strong data-start=\"54\" data-end=\"157\">D\u00e9couvrez les villes imp\u00e9riales du Maroc au d\u00e9part de Rabat lors d\u2019un circuit de 8 jours et 7 nuits<\/strong>, incluant <strong data-start=\"168\" data-end=\"177\" data-is-only-node=\"\">Rabat<\/strong>, <strong data-start=\"179\" data-end=\"192\">Marrakech<\/strong>, <strong data-start=\"194\" data-end=\"201\">F\u00e8s<\/strong>, <strong data-start=\"203\" data-end=\"213\">Mekn\u00e8s<\/strong> avec sa c\u00e9l\u00e8bre <strong data-start=\"230\" data-end=\"251\">porte Bab Mansour<\/strong>, ainsi que les <strong data-start=\"267\" data-end=\"299\">ruines romaines de Volubilis<\/strong>, class\u00e9es au patrimoine mondial de l\u2019UNESCO.<\/p>\n","protected":false},"featured_media":1705,"template":"","meta":[],"product_brand":[],"product_cat":[130],"product_tag":[967,964,962,961,857,812,855,836,839,856,966,965,829,837,963],"class_list":{"0":"post-2380","1":"product","2":"type-product","3":"status-publish","4":"has-post-thumbnail","6":"product_cat-circuits-a-partir-rabat","7":"product_tag-bab-mansour-fr","8":"product_tag-circuit-historique","9":"product_tag-circuit-maroc","10":"product_tag-circuit-villes-imperiales","11":"product_tag-excursion-maroc","12":"product_tag-fes","13":"product_tag-marrakech","14":"product_tag-meknes","15":"product_tag-patrimoine-marocain","16":"product_tag-rabat","17":"product_tag-sejour-7-nuits","18":"product_tag-sejour-8-jours","19":"product_tag-tourisme-maroc","20":"product_tag-volubilis","21":"product_tag-voyage-culturel","22":"tour_category-circuits-a-partir-de-rabat","24":"first","25":"instock","26":"virtual","27":"purchasable","28":"product-type-tour"},"_links":{"self":[{"href":"https:\/\/facetours.ma\/fr\/wp-json\/wp\/v2\/product\/2380","targetHints":{"allow":["GET"]}}],"collection":[{"href":"https:\/\/facetours.ma\/fr\/wp-json\/wp\/v2\/product"}],"about":[{"href":"https:\/\/facetours.ma\/fr\/wp-json\/wp\/v2\/types\/product"}],"wp:featuredmedia":[{"embeddable":true,"href":"https:\/\/facetours.ma\/fr\/wp-json\/wp\/v2\/media\/1705"}],"wp:attachment":[{"href":"https:\/\/facetours.ma\/fr\/wp-json\/wp\/v2\/media?parent=2380"}],"wp:term":[{"taxonomy":"product_brand","embeddable":true,"href":"https:\/\/facetours.ma\/fr\/wp-json\/wp\/v2\/product_brand?post=2380"},{"taxonomy":"product_cat","embeddable":true,"href":"https:\/\/facetours.ma\/fr\/wp-json\/wp\/v2\/product_cat?post=2380"},{"taxonomy":"product_tag","embeddable":true,"href":"https:\/\/facetours.ma\/fr\/wp-json\/wp\/v2\/product_tag?post=2380"}],"curies":[{"name":"wp","href":"https:\/\/api.w.org\/{rel}","templated":true}]}}