{"id":2370,"date":"2022-08-28T10:02:10","date_gmt":"2022-08-28T09:02:10","guid":{"rendered":"https:\/\/facetours.ma\/?post_type=product&#038;p=2370"},"modified":"2025-11-04T23:19:33","modified_gmt":"2025-11-04T22:19:33","slug":"circuit-nord-depart-fes","status":"publish","type":"product","link":"https:\/\/facetours.ma\/fr\/meilleures-circuits-au-maroc\/circuit-nord-depart-fes\/","title":{"rendered":"Circuit du Nord au d\u00e9part de F\u00e8s"},"content":{"rendered":"<div class=\"wpb-content-wrapper\"><p>[vc_row][vc_column][vc_column_text css=&#8221;&#8221;]<\/p>\n<p data-start=\"189\" data-end=\"550\">Partez \u00e0 la d\u00e9couverte du <strong data-start=\"215\" data-end=\"232\">nord du Maroc<\/strong> avec notre <strong data-start=\"244\" data-end=\"272\">circuit au d\u00e9part de F\u00e8s<\/strong>, con\u00e7u pour les voyageurs d\u00e9sireux d\u2019explorer les richesses culturelles, historiques et naturelles de la r\u00e9gion. Ce voyage vous permettra de d\u00e9couvrir les <strong data-start=\"428\" data-end=\"538\">villes historiques, les villages berb\u00e8res, les montagnes verdoyantes et les paysages c\u00f4tiers exceptionnels<\/strong> du Maroc.<\/p>\n<p data-start=\"552\" data-end=\"1031\">Le circuit commence par <strong data-start=\"576\" data-end=\"591\">Chefchaouen<\/strong>, la c\u00e9l\u00e8bre \u201cville bleue\u201d nich\u00e9e dans les montagnes du Rif. Vous fl\u00e2nerez dans ses ruelles pittoresques et ses places anim\u00e9es, admirerez les maisons peintes en bleu et d\u00e9couvrirez l\u2019artisanat local unique, comme les tissages et poteries traditionnels. Ensuite, vous visiterez <strong data-start=\"868\" data-end=\"879\">T\u00e9touan<\/strong>, ville au patrimoine hispano-mauresque, class\u00e9e au <strong data-start=\"931\" data-end=\"965\">patrimoine mondial de l\u2019UNESCO<\/strong>, avec ses mus\u00e9es, m\u00e9dina historique et monuments embl\u00e9matiques.<\/p>\n<p data-start=\"1033\" data-end=\"1411\">La d\u00e9couverte se poursuit vers <strong data-start=\"1064\" data-end=\"1075\">Larache<\/strong>, charmante ville c\u00f4ti\u00e8re au patrimoine colonial, et <strong data-start=\"1128\" data-end=\"1138\">Asilah<\/strong>, c\u00e9l\u00e8bre pour ses remparts, ses fresques murales et sa sc\u00e8ne artistique dynamique. Tout au long du circuit, vous traverserez des <strong data-start=\"1268\" data-end=\"1334\">plaines fertiles, for\u00eats verdoyantes et villages traditionnels<\/strong>, offrant des panoramas exceptionnels et de nombreuses occasions de photos.<\/p>\n<p data-start=\"1413\" data-end=\"1945\">Avec <strong data-start=\"1418\" data-end=\"1452\">des guides locaux exp\u00e9riment\u00e9s<\/strong>, un transport confortable et des itin\u00e9raires flexibles, ce circuit allie <strong data-start=\"1526\" data-end=\"1575\">authenticit\u00e9, confort et immersion culturelle<\/strong>. Chaque \u00e9tape est soigneusement planifi\u00e9e pour vous offrir un <strong data-start=\"1638\" data-end=\"1674\">voyage m\u00e9morable et enrichissant<\/strong>, parfait pour les amateurs de culture, d\u2019histoire et de nature. Le <strong data-start=\"1742\" data-end=\"1778\">Circuit du Nord au d\u00e9part de F\u00e8s<\/strong> est id\u00e9al pour ceux qui souhaitent d\u00e9couvrir un Maroc moins fr\u00e9quent\u00e9 mais tout aussi fascinant, alliant <strong data-start=\"1884\" data-end=\"1942\">tradition, gastronomie et paysages \u00e0 couper le souffle<\/strong>.<\/p>\n<table class=\"table table-bordered tours-tabs__table\" style=\"height: 233px;\" width=\"862\">\n<tbody>\n<tr>\n<td><strong>Inclus<\/strong><\/td>\n<td><i class=\"fa fa-check icon-tick icon-tick--on\"><\/i> Transport avec chauffeur professionnel.<br \/>\n<i class=\"fa fa-check icon-tick icon-tick--on\"><\/i> Climatisation et carburant.<br \/>\n<i class=\"fa fa-check icon-tick icon-tick--on\"><\/i> Taxe touristique et frais de stationnement.<br \/>\n<i class=\"fa fa-check icon-tick icon-tick--on\"><\/i> H\u00e9bergement en h\u00f4tel ou Riad en formule petit-d\u00e9jeuner.<br \/>\n<i class=\"fa fa-check icon-tick icon-tick--on\"><\/i> Guide local et frais d&#8217;entr\u00e9e aux monuments.<br \/>\n<i class=\"fa fa-check icon-tick icon-tick--on\"><\/i> Transfert aller-retour depuis votre lieu de prise en charge.<\/td>\n<\/tr>\n<tr>\n<td><strong>Non inclus<\/strong><\/td>\n<td><i class=\"fa fa-times icon-tick icon-tick--off\"><\/i> Boissons.<br \/>\n<i class=\"fa fa-times icon-tick icon-tick--off\"><\/i> Pourboires.<br \/>\n<i class=\"fa fa-times icon-tick icon-tick--off\"><\/i> D\u00e9jeuners et d\u00eeners.<\/td>\n<\/tr>\n<\/tbody>\n<\/table>\n<p>[\/vc_column_text][\/vc_column][\/vc_row]<\/p>\n<\/div>","protected":false},"excerpt":{"rendered":"<p>Le circuit du Nord au d\u00e9part de F\u00e8s, d&#8217;une dur\u00e9e de 7 jours et 6 nuits, permet de d\u00e9couvrir les villes moyennes et imp\u00e9riales, F\u00e8s et Mekn\u00e8s, les villes du Nord, Chefchaouen, T\u00e9touan et Tanger, ainsi que les villes de la c\u00f4te Est, Rabat et Casablanca. Nous terminerons notre itin\u00e9raire \u00e0 F\u00e8s.<\/p>\n","protected":false},"featured_media":1598,"template":"","meta":[],"product_brand":[],"product_cat":[109],"product_tag":[952,957,950,955,958,953,956,954,951,959],"class_list":{"0":"post-2370","1":"product","2":"type-product","3":"status-publish","4":"has-post-thumbnail","6":"product_cat-circuits-au-depart-fes","7":"product_tag-aeroport-fes-saiss","8":"product_tag-depart-circuit-fes","9":"product_tag-depart-de-fes","10":"product_tag-depose-a-laeroport-de-fes","11":"product_tag-fin-de-sejour-a-fes","12":"product_tag-fin-du-circuit-au-maroc","13":"product_tag-service-de-transfert-fes","14":"product_tag-transfert-prive-fes","15":"product_tag-transfert-vers-laeroport-de-fes","16":"product_tag-voyage-maroc-au-depart-de-fes","17":"tour_category-circuits-a-partir-de-fes","19":"first","20":"instock","21":"virtual","22":"purchasable","23":"product-type-tour"},"_links":{"self":[{"href":"https:\/\/facetours.ma\/fr\/wp-json\/wp\/v2\/product\/2370","targetHints":{"allow":["GET"]}}],"collection":[{"href":"https:\/\/facetours.ma\/fr\/wp-json\/wp\/v2\/product"}],"about":[{"href":"https:\/\/facetours.ma\/fr\/wp-json\/wp\/v2\/types\/product"}],"wp:featuredmedia":[{"embeddable":true,"href":"https:\/\/facetours.ma\/fr\/wp-json\/wp\/v2\/media\/1598"}],"wp:attachment":[{"href":"https:\/\/facetours.ma\/fr\/wp-json\/wp\/v2\/media?parent=2370"}],"wp:term":[{"taxonomy":"product_brand","embeddable":true,"href":"https:\/\/facetours.ma\/fr\/wp-json\/wp\/v2\/product_brand?post=2370"},{"taxonomy":"product_cat","embeddable":true,"href":"https:\/\/facetours.ma\/fr\/wp-json\/wp\/v2\/product_cat?post=2370"},{"taxonomy":"product_tag","embeddable":true,"href":"https:\/\/facetours.ma\/fr\/wp-json\/wp\/v2\/product_tag?post=2370"}],"curies":[{"name":"wp","href":"https:\/\/api.w.org\/{rel}","templated":true}]}}