{"id":2368,"date":"2022-08-28T10:30:43","date_gmt":"2022-08-28T09:30:43","guid":{"rendered":"https:\/\/facetours.ma\/?post_type=product&#038;p=2368"},"modified":"2025-11-04T23:39:18","modified_gmt":"2025-11-04T22:39:18","slug":"grand-tour-desert-depart-fes","status":"publish","type":"product","link":"https:\/\/facetours.ma\/fr\/meilleures-circuits-au-maroc\/grand-tour-desert-depart-fes\/","title":{"rendered":"Grand tour et d\u00e9sert de F\u00e8s"},"content":{"rendered":"<div class=\"wpb-content-wrapper\"><p>[vc_row][vc_column][vc_column_text css=&#8221;&#8221;]<\/p>\n<p data-start=\"110\" data-end=\"580\">Partez \u00e0 l\u2019aventure avec notre <strong data-start=\"256\" data-end=\"287\">Grand Tour et D\u00e9sert de F\u00e8s<\/strong>, un circuit complet qui vous fera d\u00e9couvrir la richesse culturelle, historique et naturelle du Maroc. Depuis la ville spirituelle de <strong data-start=\"421\" data-end=\"428\">F\u00e8s<\/strong>, plongez dans un voyage inoubliable \u00e0 travers les <strong data-start=\"479\" data-end=\"500\">villes imp\u00e9riales<\/strong>, les <strong data-start=\"506\" data-end=\"534\">montagnes du Moyen Atlas<\/strong>, les <strong data-start=\"540\" data-end=\"563\">vall\u00e9es verdoyantes<\/strong>, et les <strong data-start=\"572\" data-end=\"598\">dunes dor\u00e9es du Sahara<\/strong>. Admirez l\u2019architecture authentique des m\u00e9dinas, explorez les souks color\u00e9s et go\u00fbtez aux saveurs locales. Le voyage se poursuit vers <strong data-start=\"733\" data-end=\"743\">Mekn\u00e8s<\/strong>, <strong data-start=\"745\" data-end=\"758\">Volubilis<\/strong> et la charmante <strong data-start=\"775\" data-end=\"790\">Chefchaouen<\/strong>, la ville bleue aux ruelles paisibles. Vous d\u00e9couvrirez ensuite <strong data-start=\"855\" data-end=\"865\">Tanger<\/strong>, <strong data-start=\"867\" data-end=\"877\">Asilah<\/strong>, <strong data-start=\"879\" data-end=\"888\">Rabat<\/strong> et <strong data-start=\"892\" data-end=\"906\">Casablanca<\/strong>, avant de retourner \u00e0 F\u00e8s par des paysages exceptionnels. Le point fort de ce circuit est sans doute l\u2019exp\u00e9rience magique du <strong data-start=\"1032\" data-end=\"1054\">d\u00e9sert de Merzouga<\/strong>, o\u00f9 vous pourrez faire une <strong data-start=\"1082\" data-end=\"1112\">balade \u00e0 dos de dromadaire<\/strong> au coucher du soleil, d\u00eener sous les \u00e9toiles et passer la nuit dans un <strong data-start=\"1184\" data-end=\"1218\">campement berb\u00e8re traditionnel<\/strong>. Ce voyage allie culture, d\u00e9tente et aventure, offrant une immersion totale dans l\u2019\u00e2me marocaine. Que vous soyez amateur d\u2019histoire, amoureux de la nature ou passionn\u00e9 de culture, le <strong data-start=\"1402\" data-end=\"1433\">Grand Tour et D\u00e9sert de F\u00e8s<\/strong> est une exp\u00e9rience unique qui vous laissera des souvenirs imp\u00e9rissables<\/p>\n<table class=\"table table-bordered tours-tabs__table\" style=\"height: 233px;\" width=\"862\">\n<tbody>\n<tr>\n<td><strong>Inclus<\/strong><\/td>\n<td><i class=\"fa fa-check icon-tick icon-tick--on\"><\/i>Transport avec chauffeur.<br \/>\n<i class=\"fa fa-check icon-tick icon-tick--on\"><\/i>Climatisation &amp; carburant.<br \/>\n<i class=\"fa fa-check icon-tick icon-tick--on\"><\/i>Taxe de s\u00e9jour &amp; frais de stationnement.<br \/>\n<i class=\"fa fa-check icon-tick icon-tick--on\"><\/i>H\u00e9bergement en h\u00f4tel ou riad en demi-pension.<br \/>\n<i class=\"fa fa-check icon-tick icon-tick--on\"><\/i>Balade \u00e0 dos de chameau &amp; h\u00e9bergement dans un campement de luxe ou standard dans le d\u00e9sert de Merzouga.<br \/>\n<i class=\"fa fa-check icon-tick icon-tick--on\"><\/i>Guide local &amp; frais d&#8217;entr\u00e9e aux monuments.<br \/>\n<i class=\"fa fa-check icon-tick icon-tick--on\"><\/i>Transfert aller-retour.<\/td>\n<\/tr>\n<tr>\n<td><strong>Non inclus<\/strong><\/td>\n<td><i class=\"fa fa-times icon-tick icon-tick--off\"><\/i>D\u00e9jeuners et d\u00eeners.<br \/>\n<i class=\"fa fa-times icon-tick icon-tick--off\"><\/i>Boissons.<br \/>\n<i class=\"fa fa-times icon-tick icon-tick--off\"><\/i>Pourboires.<\/td>\n<\/tr>\n<\/tbody>\n<\/table>\n<p>[\/vc_column_text][\/vc_column][\/vc_row]<\/p>\n<\/div>","protected":false},"excerpt":{"rendered":"<p>Le grand circuit du d\u00e9sert de 13 jours et 12 nuits au d\u00e9part de F\u00e8s vous fera d\u00e9couvrir le nord, l\u2019est, le d\u00e9sert du Sahara, le centre et l\u2019ouest du Maroc. Explorez villes imp\u00e9riales, montagnes, vall\u00e9es et paysages d\u00e9sertiques. Un voyage complet alliant culture, nature et aventure.<\/p>\n","protected":false},"featured_media":1482,"template":"","meta":[],"product_brand":[],"product_cat":[109],"product_tag":[],"class_list":{"0":"post-2368","1":"product","2":"type-product","3":"status-publish","4":"has-post-thumbnail","6":"product_cat-circuits-au-depart-fes","7":"tour_category-circuits-a-partir-de-fes","9":"first","10":"instock","11":"virtual","12":"purchasable","13":"product-type-tour"},"_links":{"self":[{"href":"https:\/\/facetours.ma\/fr\/wp-json\/wp\/v2\/product\/2368","targetHints":{"allow":["GET"]}}],"collection":[{"href":"https:\/\/facetours.ma\/fr\/wp-json\/wp\/v2\/product"}],"about":[{"href":"https:\/\/facetours.ma\/fr\/wp-json\/wp\/v2\/types\/product"}],"wp:featuredmedia":[{"embeddable":true,"href":"https:\/\/facetours.ma\/fr\/wp-json\/wp\/v2\/media\/1482"}],"wp:attachment":[{"href":"https:\/\/facetours.ma\/fr\/wp-json\/wp\/v2\/media?parent=2368"}],"wp:term":[{"taxonomy":"product_brand","embeddable":true,"href":"https:\/\/facetours.ma\/fr\/wp-json\/wp\/v2\/product_brand?post=2368"},{"taxonomy":"product_cat","embeddable":true,"href":"https:\/\/facetours.ma\/fr\/wp-json\/wp\/v2\/product_cat?post=2368"},{"taxonomy":"product_tag","embeddable":true,"href":"https:\/\/facetours.ma\/fr\/wp-json\/wp\/v2\/product_tag?post=2368"}],"curies":[{"name":"wp","href":"https:\/\/api.w.org\/{rel}","templated":true}]}}