{"id":2359,"date":"2022-08-28T10:15:38","date_gmt":"2022-08-28T09:15:38","guid":{"rendered":"https:\/\/facetours.ma\/?post_type=product&#038;p=2359"},"modified":"2025-11-04T23:42:36","modified_gmt":"2025-11-04T22:42:36","slug":"circuit-villes-imperiales-depart-fes","status":"publish","type":"product","link":"https:\/\/facetours.ma\/fr\/meilleures-circuits-au-maroc\/circuit-villes-imperiales-depart-fes\/","title":{"rendered":"Circuit villes imp\u00e9riales d\u00e9part F\u00e8s"},"content":{"rendered":"<div class=\"wpb-content-wrapper\"><p>[vc_row][vc_column][vc_column_text]<\/p>\n<p data-start=\"287\" data-end=\"835\">D\u00e9couvrez l\u2019\u00e2me du Maroc \u00e0 travers un <strong data-start=\"325\" data-end=\"388\">circuit exceptionnel des Villes Imp\u00e9riales au d\u00e9part de F\u00e8s<\/strong>, une aventure fascinante au c\u0153ur de l\u2019histoire, de la culture et du patrimoine marocain. Ce circuit vous m\u00e8nera \u00e0 la rencontre des <strong data-start=\"520\" data-end=\"605\">quatre grandes capitales historiques du Royaume : F\u00e8s, Mekn\u00e8s, Rabat et Marrakech<\/strong>, chacune refl\u00e9tant un chapitre unique du riche pass\u00e9 du pays. Entre m\u00e9dinas mill\u00e9naires, palais somptueux, mosqu\u00e9es monumentales et ruelles anim\u00e9es, plongez dans un voyage o\u00f9 traditions et modernit\u00e9 se c\u00f4toient harmonieusement.<\/p>\n<p data-start=\"837\" data-end=\"1348\">Votre p\u00e9riple commencera \u00e0 <strong data-start=\"864\" data-end=\"871\">F\u00e8s<\/strong>, la plus ancienne des cit\u00e9s imp\u00e9riales et v\u00e9ritable centre spirituel du Maroc. Class\u00e9e au patrimoine mondial de l\u2019UNESCO, la m\u00e9dina de F\u00e8s El Bali abrite un labyrinthe de ruelles, de souks, de mosqu\u00e9es et de medersas. Vous visiterez la <strong data-start=\"1108\" data-end=\"1135\">mosqu\u00e9e Al Quaraouiyine<\/strong>, fond\u00e9e en 859 et consid\u00e9r\u00e9e comme l\u2019une des plus anciennes universit\u00e9s du monde, ainsi que les c\u00e9l\u00e8bres <strong data-start=\"1241\" data-end=\"1262\">tanneries Chouara<\/strong> et les ateliers de c\u00e9ramique artisanale qui t\u00e9moignent d\u2019un savoir-faire ancestral.<\/p>\n<p data-start=\"1350\" data-end=\"1830\">Ensuite, vous partirez vers <strong data-start=\"1378\" data-end=\"1388\">Mekn\u00e8s<\/strong>, l\u2019ancienne capitale du Sultan Moulay Isma\u00efl, souvent appel\u00e9e la \u201cVersailles du Maroc\u201d. Vous y admirerez la majestueuse <strong data-start=\"1509\" data-end=\"1524\">Bab Mansour<\/strong>, l\u2019une des plus belles portes du Maghreb, la <strong data-start=\"1570\" data-end=\"1592\">Madrasa Bou Inania<\/strong>, et le <strong data-start=\"1600\" data-end=\"1626\">Mausol\u00e9e Moulay Ismail<\/strong>. \u00c0 proximit\u00e9, vous d\u00e9couvrirez les <strong data-start=\"1662\" data-end=\"1694\">ruines romaines de Volubilis<\/strong>, site arch\u00e9ologique class\u00e9 par l\u2019UNESCO, et la <strong data-start=\"1742\" data-end=\"1783\">ville sainte de Moulay Idriss Zerhoun<\/strong>, lieu de p\u00e8lerinage embl\u00e9matique du Royaume.<\/p>\n<p data-start=\"1832\" data-end=\"2174\">Votre aventure se poursuivra \u00e0 <strong data-start=\"1863\" data-end=\"1872\">Rabat<\/strong>, capitale administrative du Maroc et symbole d\u2019un \u00e9quilibre parfait entre h\u00e9ritage historique et modernit\u00e9. Vous visiterez le <strong data-start=\"1999\" data-end=\"2022\">Mausol\u00e9e Mohammed V<\/strong>, la <strong data-start=\"2027\" data-end=\"2042\">Tour Hassan<\/strong>, et la <strong data-start=\"2050\" data-end=\"2072\">Kasbah des Oudayas<\/strong>, un site class\u00e9 au patrimoine mondial de l\u2019UNESCO offrant une vue splendide sur l\u2019oc\u00e9an Atlantique.<\/p>\n<p data-start=\"2176\" data-end=\"2513\">Puis direction <strong data-start=\"2191\" data-end=\"2205\">Casablanca<\/strong>, le c\u0153ur \u00e9conomique du Maroc. Vous y admirerez la <strong data-start=\"2256\" data-end=\"2277\">Mosqu\u00e9e Hassan II<\/strong>, l\u2019une des plus grandes au monde, b\u00e2tie en partie sur la mer, ainsi que la <strong data-start=\"2353\" data-end=\"2373\">place Mohammed V<\/strong>, la <strong data-start=\"2378\" data-end=\"2401\">Corniche d\u2019Ain Diab<\/strong> et les quartiers modernes d\u2019Anfa. Casablanca incarne le Maroc contemporain, dynamique et ouvert sur le monde.<\/p>\n<p data-start=\"2515\" data-end=\"2885\">Enfin, le circuit se terminera \u00e0 <strong data-start=\"2548\" data-end=\"2561\">Marrakech<\/strong>, la perle du sud, fond\u00e9e au XIe si\u00e8cle par les Almoravides. Vous explorerez la <strong data-start=\"2641\" data-end=\"2662\">mosqu\u00e9e Koutoubia<\/strong>, les <strong data-start=\"2668\" data-end=\"2689\">Tombeaux Saadiens<\/strong>, le somptueux <strong data-start=\"2704\" data-end=\"2726\">palais de la Bahia<\/strong>, et la <strong data-start=\"2734\" data-end=\"2756\">place Jemaa el-Fna<\/strong>, class\u00e9e au patrimoine immat\u00e9riel de l\u2019humanit\u00e9 par l\u2019UNESCO, o\u00f9 s\u2019animent conteurs, charmeurs de serpents et artisans locaux.<\/p>\n<p data-start=\"2887\" data-end=\"3200\">Ce <strong data-start=\"2890\" data-end=\"2926\">circuit complet au d\u00e9part de F\u00e8s<\/strong> vous invite \u00e0 remonter le temps \u00e0 travers les grandes \u00e9poques de la civilisation marocaine. Entre <strong data-start=\"3025\" data-end=\"3121\">architecture grandiose, traditions vivantes, gastronomie raffin\u00e9e et hospitalit\u00e9 chaleureuse<\/strong>, chaque \u00e9tape de ce voyage vous r\u00e9v\u00e9lera un visage unique du Maroc imp\u00e9rial.<\/p>\n<p>&nbsp;<\/p>\n<table class=\"table table-bordered tours-tabs__table\" style=\"height: 233px;\" width=\"862\">\n<tbody>\n<tr>\n<td><strong>Inclus<\/strong><\/td>\n<td><i class=\"fa fa-check icon-tick icon-tick--on\"><\/i>Transfert aller-retour.\n<table class=\"table table-bordered\" style=\"height: 62px;\" width=\"300\">\n<tbody>\n<tr>\n<td><i class=\"fa fa-check icon-tick icon-tick--on\"><\/i>Transport avec chauffeur professionnel.<\/td>\n<\/tr>\n<tr>\n<td><i class=\"fa fa-check icon-tick icon-tick--on\"><\/i>Carburant et climatisation.<\/td>\n<\/tr>\n<tr>\n<td><i class=\"fa fa-check icon-tick icon-tick--on\"><\/i>Taxe touristique et frais de stationnement.<\/td>\n<\/tr>\n<tr>\n<td><i class=\"fa fa-check icon-tick icon-tick--on\"><\/i>H\u00e9bergement en h\u00f4tel ou en riad en demi-pension.<\/td>\n<\/tr>\n<tr>\n<td><i class=\"fa fa-check icon-tick icon-tick--on\"><\/i>Guide local et frais d&#8217;entr\u00e9e aux monuments.<\/td>\n<\/tr>\n<\/tbody>\n<\/table>\n<\/td>\n<\/tr>\n<tr>\n<td><b>Non inclus<\/b><\/td>\n<td>\n<table class=\"table table-bordered\" style=\"height: 62px;\" width=\"300\">\n<tbody>\n<tr>\n<td><i class=\"fa fa-times icon-tick icon-tick--off\"><\/i>Pourboires.<\/td>\n<\/tr>\n<tr>\n<td><i class=\"fa fa-times icon-tick icon-tick--off\"><\/i>D\u00e9jeuners et d\u00eeners.<\/td>\n<\/tr>\n<tr>\n<td><i class=\"fa fa-times icon-tick icon-tick--off\"><\/i>Boissons.<\/td>\n<\/tr>\n<\/tbody>\n<\/table>\n<\/td>\n<\/tr>\n<\/tbody>\n<\/table>\n<p>[\/vc_column_text][\/vc_column][\/vc_row]<\/p>\n<\/div>","protected":false},"excerpt":{"rendered":"<p>Un circuit des villes imp\u00e9riales de 8 jours et 7 nuits commence et se termine \u00e0 F\u00e8s, en passant par Mekn\u00e8s, Volubilis, Rabat, Casablanca, Marrakech et les impressionnantes chutes d\u2019Ouzoud. D\u00e9couvrez le charme des souks, l\u2019architecture des m\u00e9dinas et les tr\u00e9sors historiques de chaque ville. Un voyage riche en culture, paysages et traditions marocaines.<\/p>\n<p>&nbsp;<\/p>\n","protected":false},"featured_media":1552,"template":"","meta":[],"product_brand":[],"product_cat":[109],"product_tag":[],"class_list":{"0":"post-2359","1":"product","2":"type-product","3":"status-publish","4":"has-post-thumbnail","6":"product_cat-circuits-au-depart-fes","7":"tour_category-circuits-a-partir-de-fes","9":"first","10":"instock","11":"shipping-taxable","12":"purchasable","13":"product-type-tour"},"_links":{"self":[{"href":"https:\/\/facetours.ma\/fr\/wp-json\/wp\/v2\/product\/2359","targetHints":{"allow":["GET"]}}],"collection":[{"href":"https:\/\/facetours.ma\/fr\/wp-json\/wp\/v2\/product"}],"about":[{"href":"https:\/\/facetours.ma\/fr\/wp-json\/wp\/v2\/types\/product"}],"wp:featuredmedia":[{"embeddable":true,"href":"https:\/\/facetours.ma\/fr\/wp-json\/wp\/v2\/media\/1552"}],"wp:attachment":[{"href":"https:\/\/facetours.ma\/fr\/wp-json\/wp\/v2\/media?parent=2359"}],"wp:term":[{"taxonomy":"product_brand","embeddable":true,"href":"https:\/\/facetours.ma\/fr\/wp-json\/wp\/v2\/product_brand?post=2359"},{"taxonomy":"product_cat","embeddable":true,"href":"https:\/\/facetours.ma\/fr\/wp-json\/wp\/v2\/product_cat?post=2359"},{"taxonomy":"product_tag","embeddable":true,"href":"https:\/\/facetours.ma\/fr\/wp-json\/wp\/v2\/product_tag?post=2359"}],"curies":[{"name":"wp","href":"https:\/\/api.w.org\/{rel}","templated":true}]}}