{"id":2357,"date":"2022-08-28T10:37:54","date_gmt":"2022-08-28T09:37:54","guid":{"rendered":"https:\/\/facetours.ma\/?post_type=product&#038;p=2357"},"modified":"2025-11-04T23:36:45","modified_gmt":"2025-11-04T22:36:45","slug":"circuit-marrakech-merzouga-depuis-fes","status":"publish","type":"product","link":"https:\/\/facetours.ma\/fr\/meilleures-circuits-au-maroc\/circuit-marrakech-merzouga-depuis-fes\/","title":{"rendered":"Circuit 3 jours Marrakech via Merzouga: le d\u00e9sert depuis F\u00e8s"},"content":{"rendered":"<div class=\"wpb-content-wrapper\"><p>[vc_row][vc_column][vc_column_text]<\/p>\n<p data-start=\"234\" data-end=\"1003\">Vivez une aventure inoubliable \u00e0 travers le Maroc avec ce <strong data-start=\"292\" data-end=\"346\">circuit de 3 jours de F\u00e8s \u00e0 Marrakech via Merzouga<\/strong>, un voyage exceptionnel qui vous fera traverser les plus beaux paysages du pays. Ce circuit combine culture, nature et authenticit\u00e9 pour vous offrir une immersion totale dans la magie du Sud marocain. D\u00e8s votre d\u00e9part de F\u00e8s, vous prendrez la route \u00e0 travers les montagnes du Moyen Atlas, en passant par <strong data-start=\"651\" data-end=\"661\">Ifrane<\/strong>, surnomm\u00e9e la \u00ab Suisse du Maroc \u00bb, puis par les for\u00eats de c\u00e8dres d\u2019<strong data-start=\"729\" data-end=\"738\">Azrou<\/strong>, o\u00f9 vous aurez la chance d\u2019observer les singes magots dans leur habitat naturel. La route vous m\u00e8nera ensuite \u00e0 <strong data-start=\"851\" data-end=\"861\">Midelt<\/strong> et aux impressionnantes <strong data-start=\"886\" data-end=\"903\">gorges du Ziz<\/strong>, avant d\u2019atteindre les majestueuses dunes dor\u00e9es de <strong data-start=\"956\" data-end=\"968\">Merzouga<\/strong>, aux portes du d\u00e9sert du Sahara.<\/p>\n<p data-start=\"1005\" data-end=\"1438\">\u00c0 votre arriv\u00e9e \u00e0 Merzouga, pr\u00e9parez-vous \u00e0 vivre une exp\u00e9rience unique : une balade \u00e0 dos de dromadaire au coucher du soleil \u00e0 travers les dunes de <strong data-start=\"1154\" data-end=\"1170\">l\u2019erg Chebbi<\/strong>. Le soir, vous passerez la nuit dans un <strong data-start=\"1211\" data-end=\"1245\">campement berb\u00e8re traditionnel<\/strong>, sous un ciel \u00e9toil\u00e9 d\u2019une puret\u00e9 exceptionnelle. Vous y d\u00e9gusterez un d\u00eener marocain authentique accompagn\u00e9 de musique locale autour du feu de camp, pour une ambiance magique et conviviale.<\/p>\n<p data-start=\"1440\" data-end=\"1855\">Le lendemain, le voyage se poursuit \u00e0 travers des paysages d\u00e9sertiques, des oasis verdoyantes et des vall\u00e9es spectaculaires. Vous d\u00e9couvrirez la <strong data-start=\"1585\" data-end=\"1604\">vall\u00e9e du Todra<\/strong> et ses impressionnantes gorges, un v\u00e9ritable paradis pour les amateurs de nature et de randonn\u00e9e. La route se poursuit ensuite vers la <strong data-start=\"1740\" data-end=\"1759\">vall\u00e9e du Dad\u00e8s<\/strong>, c\u00e9l\u00e8bre pour ses kasbahs en pis\u00e9 et ses paysages de roches rouge\u00e2tres sculpt\u00e9es par le vent.<\/p>\n<p data-start=\"1857\" data-end=\"2452\">Le troisi\u00e8me jour, vous emprunterez la mythique <strong data-start=\"1905\" data-end=\"1932\">route des Mille Kasbahs<\/strong>, en direction de <strong data-start=\"1950\" data-end=\"1964\">Ouarzazate<\/strong>, surnomm\u00e9e la \u00ab porte du d\u00e9sert \u00bb et c\u00e9l\u00e8bre pour ses studios de cin\u00e9ma. Vous visiterez ensuite le c\u00e9l\u00e8bre <strong data-start=\"2072\" data-end=\"2097\">Ksar d\u2019A\u00eft Ben Haddou<\/strong>, class\u00e9 au patrimoine mondial de l\u2019UNESCO, un d\u00e9cor de r\u00eave ayant servi de lieu de tournage \u00e0 de nombreux films internationaux. Enfin, vous franchirez les majestueux <strong data-start=\"2264\" data-end=\"2287\">monts du Haut Atlas<\/strong> par le col de <strong data-start=\"2302\" data-end=\"2319\">Tizi n\u2019Tichka<\/strong>, offrant des vues panoramiques \u00e0 couper le souffle, avant d\u2019arriver \u00e0 <strong data-start=\"2390\" data-end=\"2403\">Marrakech<\/strong>, la ville rouge, pleine de vie et de couleurs.<\/p>\n<p data-start=\"2454\" data-end=\"2860\">Ce <strong data-start=\"2457\" data-end=\"2524\">circuit de 3 jours de F\u00e8s \u00e0 Marrakech via le d\u00e9sert de Merzouga<\/strong> est id\u00e9al pour les voyageurs souhaitant d\u00e9couvrir la diversit\u00e9 du Maroc, de ses montagnes verdoyantes \u00e0 ses dunes dor\u00e9es, en passant par ses vall\u00e9es verdoyantes et ses villages authentiques. Entre culture, aventure et d\u00e9tente, cette exp\u00e9rience vous laissera des souvenirs imp\u00e9rissables et une v\u00e9ritable connexion avec l\u2019\u00e2me du Maroc.<\/p>\n<table class=\"table table-bordered tours-tabs__table\" style=\"height: 233px;\" width=\"862\">\n<tbody>\n<tr>\n<td><strong>Inclus<\/strong><\/td>\n<td><i class=\"fa fa-check icon-tick icon-tick--on\"><\/i>transport avec chauffeur.\n<table class=\"table table-bordered\" style=\"height: 62px;\" width=\"300\">\n<tbody>\n<tr>\n<td><i class=\"fa fa-check icon-tick icon-tick--on\"><\/i>Carburant et frais de stationnement.<\/td>\n<\/tr>\n<tr>\n<td><i class=\"fa fa-check icon-tick icon-tick--on\"><\/i>Guide ou chauffeur professionnel.<\/td>\n<\/tr>\n<tr>\n<td><i class=\"fa fa-check icon-tick icon-tick--on\"><\/i>Taxe de s\u00e9jour et air conditionn\u00e9.<\/td>\n<\/tr>\n<tr>\n<td><i class=\"fa fa-check icon-tick icon-tick--on\"><\/i>Logement \u00e0 l&#8217;h\u00f4tel ou riad en BB.<\/td>\n<\/tr>\n<tr>\n<td><i class=\"fa fa-check icon-tick icon-tick--on\"><\/i>Balade \u00e0 dos de chameau et logement dans un campement standard ou de luxe dans le d\u00e9sert de Merzouga en HB.<\/td>\n<\/tr>\n<tr>\n<td><i class=\"fa fa-check icon-tick icon-tick--on\"><\/i>Transfert de prise en charge et de d\u00e9pose.<\/td>\n<\/tr>\n<tr>\n<td><i class=\"fa fa-check icon-tick icon-tick--on\"><\/i>Frais d&#8217;entr\u00e9e aux monuments et guide local.<\/td>\n<\/tr>\n<\/tbody>\n<\/table>\n<\/td>\n<\/tr>\n<tr>\n<td><b>Non inclus<\/b><\/td>\n<td><i class=\"fa fa-times icon-tick icon-tick--off\"><\/i>Balade en quad et sandboarding.\n<table class=\"table table-bordered\" style=\"height: 62px;\" width=\"300\">\n<tbody>\n<tr>\n<td><i class=\"fa fa-times icon-tick icon-tick--off\"><\/i>Pourboire<\/td>\n<\/tr>\n<tr>\n<td><i class=\"fa fa-times icon-tick icon-tick--off\"><\/i>D\u00e9jeuners et d\u00eeners du 2\u00e8me soir.<\/td>\n<\/tr>\n<\/tbody>\n<\/table>\n<\/td>\n<\/tr>\n<\/tbody>\n<\/table>\n<p>[\/vc_column_text][\/vc_column][\/vc_row]<\/p>\n<\/div>","protected":false},"excerpt":{"rendered":"<p>Partez de F\u00e8s pour un circuit de 3 jours vers Marrakech en passant par Merzouga. D\u00e9couvrez le d\u00e9sert du Sahara, les dunes dor\u00e9es de l\u2019Erg Chebbi et les villages berb\u00e8res authentiques. Un voyage inoubliable entre paysages, culture et magie du sud marocain.<\/p>\n","protected":false},"featured_media":1387,"template":"","meta":[],"product_brand":[],"product_cat":[109],"product_tag":[],"class_list":{"0":"post-2357","1":"product","2":"type-product","3":"status-publish","4":"has-post-thumbnail","6":"product_cat-circuits-au-depart-fes","7":"tour_category-circuits-a-partir-de-fes","9":"first","10":"instock","11":"virtual","12":"purchasable","13":"product-type-tour"},"_links":{"self":[{"href":"https:\/\/facetours.ma\/fr\/wp-json\/wp\/v2\/product\/2357","targetHints":{"allow":["GET"]}}],"collection":[{"href":"https:\/\/facetours.ma\/fr\/wp-json\/wp\/v2\/product"}],"about":[{"href":"https:\/\/facetours.ma\/fr\/wp-json\/wp\/v2\/types\/product"}],"wp:featuredmedia":[{"embeddable":true,"href":"https:\/\/facetours.ma\/fr\/wp-json\/wp\/v2\/media\/1387"}],"wp:attachment":[{"href":"https:\/\/facetours.ma\/fr\/wp-json\/wp\/v2\/media?parent=2357"}],"wp:term":[{"taxonomy":"product_brand","embeddable":true,"href":"https:\/\/facetours.ma\/fr\/wp-json\/wp\/v2\/product_brand?post=2357"},{"taxonomy":"product_cat","embeddable":true,"href":"https:\/\/facetours.ma\/fr\/wp-json\/wp\/v2\/product_cat?post=2357"},{"taxonomy":"product_tag","embeddable":true,"href":"https:\/\/facetours.ma\/fr\/wp-json\/wp\/v2\/product_tag?post=2357"}],"curies":[{"name":"wp","href":"https:\/\/api.w.org\/{rel}","templated":true}]}}