{"id":2279,"date":"2022-08-30T00:19:11","date_gmt":"2022-08-29T23:19:11","guid":{"rendered":"https:\/\/facetours.ma\/?post_type=product&#038;p=2279"},"modified":"2025-10-31T14:47:34","modified_gmt":"2025-10-31T13:47:34","slug":"excursion-essaouira-agadir-taghazout","status":"publish","type":"product","link":"https:\/\/facetours.ma\/fr\/meilleures-circuits-au-maroc\/excursion-essaouira-agadir-taghazout\/","title":{"rendered":"Excursion d\u2019une journ\u00e9e: Essaouira depuis Agadir &#038; Taghazout"},"content":{"rendered":"<div class=\"wpb-content-wrapper\"><p>[vc_row][vc_column][vc_column_text]<\/p>\n<p style=\"text-align: center;\"><strong>Excursion d\u2019une journ\u00e9e \u00e0 Essaouira depuis Agadir &amp; Taghazout<\/strong><\/p>\n<p data-start=\"132\" data-end=\"1081\">Partez \u00e0 la d\u00e9couverte de la magnifique <strong data-start=\"172\" data-end=\"201\">ville c\u00f4ti\u00e8re d\u2019Essaouira<\/strong>, surnomm\u00e9e <em data-start=\"213\" data-end=\"239\">la perle de l\u2019Atlantique<\/em>, lors d\u2019une <strong data-start=\"252\" data-end=\"306\">excursion d\u2019une journ\u00e9e depuis Agadir ou Taghazout<\/strong>. Cette escapade inoubliable vous emm\u00e8ne \u00e0 travers les paysages pittoresques de la c\u00f4te atlantique, ponctu\u00e9s d\u2019<strong data-start=\"417\" data-end=\"453\">arganiers et de ch\u00e8vres perch\u00e9es<\/strong>, avant d\u2019arriver dans cette cit\u00e9 fortifi\u00e9e class\u00e9e au <strong data-start=\"508\" data-end=\"542\">patrimoine mondial de l\u2019UNESCO<\/strong>.<br data-start=\"543\" data-end=\"546\" \/>Explorez la <strong data-start=\"558\" data-end=\"580\">m\u00e9dina d\u2019Essaouira<\/strong>, c\u00e9l\u00e8bre pour ses ruelles blanches et bleues, ses <strong data-start=\"631\" data-end=\"649\">galeries d\u2019art<\/strong>, ses <strong data-start=\"655\" data-end=\"682\">ateliers de marqueterie<\/strong> et son <strong data-start=\"690\" data-end=\"704\">port anim\u00e9<\/strong> o\u00f9 les p\u00eacheurs ram\u00e8nent chaque matin leurs prises fra\u00eeches. Profitez d\u2019un moment de d\u00e9tente sur la <strong data-start=\"805\" data-end=\"826\">plage d\u2019Essaouira<\/strong>, id\u00e9ale pour une promenade ou un d\u00e9jeuner de fruits de mer face \u00e0 l\u2019oc\u00e9an.<br data-start=\"901\" data-end=\"904\" \/>Cette excursion combine <strong data-start=\"928\" data-end=\"960\">culture, histoire et d\u00e9tente<\/strong>, offrant une immersion authentique dans l\u2019atmosph\u00e8re paisible et artistique d\u2019une des plus charmantes villes du Maroc.<\/p>\n<hr data-start=\"1083\" data-end=\"1086\" \/>\n<h3 data-start=\"1088\" data-end=\"1113\">\ud83c\udf1f <strong data-start=\"1095\" data-end=\"1113\">Points forts :<\/strong><\/h3>\n<ul data-start=\"1114\" data-end=\"1434\">\n<li data-start=\"1114\" data-end=\"1190\">\n<p data-start=\"1116\" data-end=\"1190\">D\u00e9couverte d\u2019Essaouira, ville inscrite au patrimoine mondial de l\u2019UNESCO<\/p>\n<\/li>\n<li data-start=\"1191\" data-end=\"1253\">\n<p data-start=\"1193\" data-end=\"1253\">Balade dans la m\u00e9dina, le port et les remparts historiques<\/p>\n<\/li>\n<li data-start=\"1254\" data-end=\"1311\">\n<p data-start=\"1256\" data-end=\"1311\">Visite d\u2019une coop\u00e9rative d\u2019huile d\u2019argan sur la route<\/p>\n<\/li>\n<li data-start=\"1312\" data-end=\"1372\">\n<p data-start=\"1314\" data-end=\"1372\">Temps libre pour explorer, d\u00e9jeuner ou faire du shopping<\/p>\n<\/li>\n<li data-start=\"1373\" data-end=\"1434\">\n<p data-start=\"1375\" data-end=\"1434\">Vue sur les plages et les paysages c\u00f4tiers spectaculaires<\/p>\n<\/li>\n<\/ul>\n<hr data-start=\"1436\" data-end=\"1439\" \/>\n<h3 data-start=\"1441\" data-end=\"1476\">\u2139\ufe0f <strong data-start=\"1448\" data-end=\"1476\">Informations pratiques :<\/strong><\/h3>\n<ul data-start=\"1477\" data-end=\"1829\">\n<li data-start=\"1477\" data-end=\"1523\">\n<p data-start=\"1479\" data-end=\"1523\">\ud83d\udccd <strong data-start=\"1482\" data-end=\"1492\">D\u00e9part<\/strong> : Depuis Agadir ou Taghazout<\/p>\n<\/li>\n<li data-start=\"1524\" data-end=\"1574\">\n<p data-start=\"1526\" data-end=\"1574\">\u23f0 <strong data-start=\"1528\" data-end=\"1537\">Dur\u00e9e<\/strong> : Environ 1 journ\u00e9e (8 \u00e0 9 heures)<\/p>\n<\/li>\n<li data-start=\"1575\" data-end=\"1631\">\n<p data-start=\"1577\" data-end=\"1631\">\ud83d\ude90 <strong data-start=\"1580\" data-end=\"1599\">Prise en charge<\/strong> : H\u00f4tels et r\u00e9sidences inclus<\/p>\n<\/li>\n<li data-start=\"1632\" data-end=\"1704\">\n<p data-start=\"1634\" data-end=\"1704\">\ud83d\udc5f <strong data-start=\"1637\" data-end=\"1650\">\u00c0 pr\u00e9voir<\/strong> : Chaussures confortables, chapeau et cr\u00e8me solaire<\/p>\n<\/li>\n<li data-start=\"1705\" data-end=\"1763\">\n<p data-start=\"1707\" data-end=\"1763\">\ud83c\udf7d\ufe0f <strong data-start=\"1711\" data-end=\"1725\">Non inclus<\/strong> : D\u00e9jeuner et d\u00e9penses personnelles<\/p>\n<\/li>\n<li data-start=\"1764\" data-end=\"1829\">\n<p data-start=\"1766\" data-end=\"1829\">\ud83d\udcac <strong data-start=\"1769\" data-end=\"1780\">Langues<\/strong> : Guide parlant fran\u00e7ais, anglais, ou espagnol<\/p>\n<\/li>\n<\/ul>\n<table class=\"table table-bordered tours-tabs__table\" style=\"height: 233px;\" width=\"862\">\n<tbody>\n<tr>\n<td><strong>Inclus<\/strong><\/td>\n<td>\n<table class=\"table table-bordered\" style=\"height: 62px;\" width=\"300\">\n<tbody>\n<tr>\n<td><i class=\"fa fa-check icon-tick icon-tick--on\"><\/i>Transport avec chauffeur.<\/td>\n<\/tr>\n<tr>\n<td><i class=\"fa fa-check icon-tick icon-tick--on\"><\/i>Carburant et climatisation.<\/td>\n<\/tr>\n<tr>\n<td><i class=\"fa fa-check icon-tick icon-tick--on\"><\/i>Taxe de s\u00e9jour et frais de stationnement.<\/td>\n<\/tr>\n<tr>\n<td><i class=\"fa fa-check icon-tick icon-tick--on\"><\/i>Guide ou chauffeur professionnel.<\/td>\n<\/tr>\n<\/tbody>\n<\/table>\n<\/td>\n<\/tr>\n<tr>\n<td><b>Non inclus<\/b><\/td>\n<td>\n<table class=\"table table-bordered\" style=\"height: 62px;\" width=\"300\">\n<tbody>\n<tr>\n<td><i class=\"fa fa-times icon-tick icon-tick--off\"><\/i>D\u00e9jeuner et boissons.<\/td>\n<\/tr>\n<tr>\n<td><i class=\"fa fa-times icon-tick icon-tick--off\"><\/i>Frais d&#8217;entr\u00e9e aux monuments.<\/td>\n<\/tr>\n<tr>\n<td><i class=\"fa fa-times icon-tick icon-tick--off\"><\/i>Pourboire.<\/td>\n<\/tr>\n<\/tbody>\n<\/table>\n<\/td>\n<\/tr>\n<\/tbody>\n<\/table>\n<p>[\/vc_column_text][\/vc_column][\/vc_row]<\/p>\n<\/div>","protected":false},"excerpt":{"rendered":"<p><strong data-start=\"62\" data-end=\"108\">L\u2019excursion \u00e0 Essaouira au d\u00e9part d\u2019Agadir<\/strong> est l\u2019une des plus populaires pour d\u00e9couvrir la <strong data-start=\"157\" data-end=\"178\">culture marocaine<\/strong> ainsi que <strong data-start=\"189\" data-end=\"221\">l\u2019h\u00e9ritage islamique et juif<\/strong> de la ville. Vous visiterez le <strong data-start=\"253\" data-end=\"297\">port anim\u00e9 et les c\u00e9l\u00e8bres bateaux bleus.<\/strong><\/p>\n","protected":false},"featured_media":1639,"template":"","meta":[],"product_brand":[],"product_cat":[102],"product_tag":[],"class_list":{"0":"post-2279","1":"product","2":"type-product","3":"status-publish","4":"has-post-thumbnail","6":"product_cat-excursion-a-partir-agadir-taghazout","7":"tour_category-excursions-de-agadir-taghazout","9":"first","10":"instock","11":"shipping-taxable","12":"purchasable","13":"product-type-tour"},"_links":{"self":[{"href":"https:\/\/facetours.ma\/fr\/wp-json\/wp\/v2\/product\/2279","targetHints":{"allow":["GET"]}}],"collection":[{"href":"https:\/\/facetours.ma\/fr\/wp-json\/wp\/v2\/product"}],"about":[{"href":"https:\/\/facetours.ma\/fr\/wp-json\/wp\/v2\/types\/product"}],"wp:featuredmedia":[{"embeddable":true,"href":"https:\/\/facetours.ma\/fr\/wp-json\/wp\/v2\/media\/1639"}],"wp:attachment":[{"href":"https:\/\/facetours.ma\/fr\/wp-json\/wp\/v2\/media?parent=2279"}],"wp:term":[{"taxonomy":"product_brand","embeddable":true,"href":"https:\/\/facetours.ma\/fr\/wp-json\/wp\/v2\/product_brand?post=2279"},{"taxonomy":"product_cat","embeddable":true,"href":"https:\/\/facetours.ma\/fr\/wp-json\/wp\/v2\/product_cat?post=2279"},{"taxonomy":"product_tag","embeddable":true,"href":"https:\/\/facetours.ma\/fr\/wp-json\/wp\/v2\/product_tag?post=2279"}],"curies":[{"name":"wp","href":"https:\/\/api.w.org\/{rel}","templated":true}]}}