{"id":2277,"date":"2022-08-30T00:26:24","date_gmt":"2022-08-29T23:26:24","guid":{"rendered":"https:\/\/facetours.ma\/?post_type=product&#038;p=2277"},"modified":"2025-10-31T14:57:01","modified_gmt":"2025-10-31T13:57:01","slug":"excursion-massa-dunes-agadir-taghazout","status":"publish","type":"product","link":"https:\/\/facetours.ma\/fr\/meilleures-circuits-au-maroc\/excursion-massa-dunes-agadir-taghazout\/","title":{"rendered":"Massa et aux petites dunes depuis Agadir &#038; Taghazout"},"content":{"rendered":"<div class=\"wpb-content-wrapper\"><p>[vc_row][vc_column][vc_column_text]<\/p>\n<p style=\"text-align: center;\"><strong>Excursion \u00e0 Massa et aux Petites Dunes depuis Agadir &amp; Taghazout<\/strong><\/p>\n<p data-start=\"78\" data-end=\"661\">\u00a0Une <strong data-start=\"121\" data-end=\"175\">excursion inoubliable \u00e0 Massa et aux Petites Dunes<\/strong> depuis Agadir ou Taghazout, pour d\u00e9couvrir un Maroc authentique, entre nature, traditions et paysages \u00e0 couper le souffle. Votre aventure commence par un trajet pittoresque \u00e0 travers la campagne berb\u00e8re, en direction du <strong data-start=\"399\" data-end=\"431\">Parc National de Souss-Massa<\/strong>, c\u00e9l\u00e8bre pour sa richesse naturelle et ses oiseaux rares tels que les ibis chauves. Vous traverserez des <strong data-start=\"537\" data-end=\"567\">villages berb\u00e8res typiques<\/strong>, o\u00f9 le temps semble s\u2019\u00eatre arr\u00eat\u00e9, et d\u00e9couvrirez le mode de vie local en toute simplicit\u00e9.<\/p>\n<p data-start=\"663\" data-end=\"1048\">L\u2019excursion se poursuit vers les <strong data-start=\"696\" data-end=\"722\">Petites Dunes de Massa<\/strong>, un lieu unique o\u00f9 le sable dor\u00e9 rencontre l\u2019oc\u00e9an Atlantique. C\u2019est l\u2019endroit id\u00e9al pour se d\u00e9tendre, prendre des photos et profiter d\u2019un moment paisible dans un d\u00e9cor naturel spectaculaire. Vous aurez \u00e9galement l\u2019occasion de visiter la vall\u00e9e de Massa et son oued, v\u00e9ritable oasis abritant une flore et une faune vari\u00e9es.<\/p>\n<p data-start=\"1050\" data-end=\"1228\">Cette sortie allie parfaitement <strong data-start=\"1082\" data-end=\"1114\">aventure, culture et d\u00e9tente<\/strong>, faisant de Massa une destination incontournable pour les amoureux de la nature et de l\u2019authenticit\u00e9 marocaine.<\/p>\n<hr data-start=\"1230\" data-end=\"1233\" \/>\n<h3 data-start=\"1235\" data-end=\"1260\">\ud83c\udf1f <strong data-start=\"1242\" data-end=\"1260\">Points forts :<\/strong><\/h3>\n<ul data-start=\"1261\" data-end=\"1694\">\n<li data-start=\"1261\" data-end=\"1352\">\n<p data-start=\"1263\" data-end=\"1352\">\ud83c\udf34 D\u00e9couverte du <strong data-start=\"1280\" data-end=\"1312\">Parc National de Souss-Massa<\/strong> et de sa biodiversit\u00e9 exceptionnelle.<\/p>\n<\/li>\n<li data-start=\"1353\" data-end=\"1442\">\n<p data-start=\"1355\" data-end=\"1442\">\ud83c\udfdc\ufe0f Exploration des <strong data-start=\"1375\" data-end=\"1401\">Petites Dunes de Massa<\/strong>, un lieu magique entre sable et oc\u00e9an.<\/p>\n<\/li>\n<li data-start=\"1443\" data-end=\"1537\">\n<p data-start=\"1445\" data-end=\"1537\">\ud83c\udfd8\ufe0f Visite des <strong data-start=\"1460\" data-end=\"1495\">villages berb\u00e8res traditionnels<\/strong> et rencontre avec les habitants locaux.<\/p>\n<\/li>\n<li data-start=\"1538\" data-end=\"1614\">\n<p data-start=\"1540\" data-end=\"1614\">\ud83d\udcf8 Superbes <strong data-start=\"1552\" data-end=\"1582\">points de vue panoramiques<\/strong> pour des photos inoubliables.<\/p>\n<\/li>\n<li data-start=\"1615\" data-end=\"1694\">\n<p data-start=\"1617\" data-end=\"1694\">\ud83c\udf0a D\u00e9tente au bord de l\u2019oc\u00e9an Atlantique dans un cadre paisible et naturel.<\/p>\n<\/li>\n<\/ul>\n<hr data-start=\"1696\" data-end=\"1699\" \/>\n<h3 data-start=\"1701\" data-end=\"1736\">\ud83d\udd52 <strong data-start=\"1708\" data-end=\"1736\">Informations pratiques :<\/strong><\/h3>\n<ul data-start=\"1737\" data-end=\"2157\">\n<li data-start=\"1737\" data-end=\"1801\">\n<p data-start=\"1739\" data-end=\"1801\"><strong data-start=\"1739\" data-end=\"1751\">D\u00e9part :<\/strong> Depuis votre h\u00e9bergement \u00e0 Agadir ou Taghazout.<\/p>\n<\/li>\n<li data-start=\"1802\" data-end=\"1839\">\n<p data-start=\"1804\" data-end=\"1839\"><strong data-start=\"1804\" data-end=\"1815\">Dur\u00e9e :<\/strong> Environ 6 \u00e0 8 heures.<\/p>\n<\/li>\n<li data-start=\"1840\" data-end=\"1879\">\n<p data-start=\"1842\" data-end=\"1879\"><strong data-start=\"1842\" data-end=\"1861\">Disponibilit\u00e9 :<\/strong> Tous les jours.<\/p>\n<\/li>\n<li data-start=\"1880\" data-end=\"1934\">\n<p data-start=\"1882\" data-end=\"1934\"><strong data-start=\"1882\" data-end=\"1903\">Langues parl\u00e9es :<\/strong> Fran\u00e7ais, anglais, espagnol.<\/p>\n<\/li>\n<li data-start=\"1935\" data-end=\"2048\">\n<p data-start=\"1937\" data-end=\"2048\"><strong data-start=\"1937\" data-end=\"1949\">Inclus :<\/strong> Transfert aller-retour, chauffeur-guide professionnel, arr\u00eat photo, visite du parc et des dunes.<\/p>\n<\/li>\n<li data-start=\"2049\" data-end=\"2157\">\n<p data-start=\"2051\" data-end=\"2157\"><strong data-start=\"2051\" data-end=\"2066\">\u00c0 pr\u00e9voir :<\/strong> Chaussures confortables, chapeau, lunettes de soleil, bouteille d\u2019eau et appareil photo.<\/p>\n<\/li>\n<\/ul>\n<table class=\"table table-bordered tours-tabs__table\" style=\"height: 233px;\" width=\"862\">\n<tbody>\n<tr>\n<td><strong>Inclus<\/strong><\/td>\n<td>\n<table class=\"table table-bordered\" style=\"height: 62px;\" width=\"300\">\n<tbody>\n<tr>\n<td><i class=\"fa fa-check icon-tick icon-tick--on\"><\/i>Transport avec chauffeur.<\/td>\n<\/tr>\n<tr>\n<td><i class=\"fa fa-check icon-tick icon-tick--on\"><\/i>Guide ou chauffeur professionnel.<\/td>\n<\/tr>\n<tr>\n<td><i class=\"fa fa-check icon-tick icon-tick--on\"><\/i>Carburant et climatisation.<\/td>\n<\/tr>\n<tr>\n<td><i class=\"fa fa-check icon-tick icon-tick--on\"><\/i>Taxe de s\u00e9jour et frais de stationnement.<\/td>\n<\/tr>\n<tr>\n<td><i class=\"fa fa-check icon-tick icon-tick--on\"><\/i>D\u00e9jeuner.<\/td>\n<\/tr>\n<\/tbody>\n<\/table>\n<\/td>\n<\/tr>\n<tr>\n<td><b>Non inclus<\/b><\/td>\n<td>\n<table class=\"table table-bordered\" style=\"height: 62px;\" width=\"300\">\n<tbody>\n<tr>\n<td><i class=\"fa fa-times icon-tick icon-tick--off\"><\/i>Boissons.<\/td>\n<\/tr>\n<tr>\n<td><i class=\"fa fa-times icon-tick icon-tick--off\"><\/i>Pourboire.<\/td>\n<\/tr>\n<\/tbody>\n<\/table>\n<\/td>\n<\/tr>\n<\/tbody>\n<\/table>\n<p>[\/vc_column_text][\/vc_column][\/vc_row]<\/p>\n<\/div>","protected":false},"excerpt":{"rendered":"<p>Massa jeep et small dunes with lunch day trip from Agadir est une destination populaire pour explorer le sud de la r\u00e9gion d&#8217;Agadir comme le r\u00e9servoir de Youssef Ben Tachfine, les petites dunes, le village de Massa, la plage sauvage de Sidi Rebat et Tifnite.<\/p>\n","protected":false},"featured_media":1542,"template":"","meta":[],"product_brand":[],"product_cat":[102],"product_tag":[],"class_list":{"0":"post-2277","1":"product","2":"type-product","3":"status-publish","4":"has-post-thumbnail","6":"product_cat-excursion-a-partir-agadir-taghazout","7":"tour_category-excursions-de-agadir-taghazout","9":"first","10":"instock","11":"shipping-taxable","12":"purchasable","13":"product-type-tour"},"_links":{"self":[{"href":"https:\/\/facetours.ma\/fr\/wp-json\/wp\/v2\/product\/2277","targetHints":{"allow":["GET"]}}],"collection":[{"href":"https:\/\/facetours.ma\/fr\/wp-json\/wp\/v2\/product"}],"about":[{"href":"https:\/\/facetours.ma\/fr\/wp-json\/wp\/v2\/types\/product"}],"wp:featuredmedia":[{"embeddable":true,"href":"https:\/\/facetours.ma\/fr\/wp-json\/wp\/v2\/media\/1542"}],"wp:attachment":[{"href":"https:\/\/facetours.ma\/fr\/wp-json\/wp\/v2\/media?parent=2277"}],"wp:term":[{"taxonomy":"product_brand","embeddable":true,"href":"https:\/\/facetours.ma\/fr\/wp-json\/wp\/v2\/product_brand?post=2277"},{"taxonomy":"product_cat","embeddable":true,"href":"https:\/\/facetours.ma\/fr\/wp-json\/wp\/v2\/product_cat?post=2277"},{"taxonomy":"product_tag","embeddable":true,"href":"https:\/\/facetours.ma\/fr\/wp-json\/wp\/v2\/product_tag?post=2277"}],"curies":[{"name":"wp","href":"https:\/\/api.w.org\/{rel}","templated":true}]}}