{"id":2275,"date":"2022-08-30T00:30:54","date_gmt":"2022-08-29T23:30:54","guid":{"rendered":"https:\/\/facetours.ma\/?post_type=product&#038;p=2275"},"modified":"2025-10-31T15:04:05","modified_gmt":"2025-10-31T14:04:05","slug":"excursion-tafraout-tiznit-agadir-taghazout","status":"publish","type":"product","link":"https:\/\/facetours.ma\/fr\/meilleures-circuits-au-maroc\/excursion-tafraout-tiznit-agadir-taghazout\/","title":{"rendered":"Excursion de Tafraout &#038; Tiznit depuis Agadir &#038; Taghazout"},"content":{"rendered":"<div class=\"wpb-content-wrapper\"><p>[vc_row][vc_column][vc_column_text]<\/p>\n<p style=\"text-align: center;\"><strong>Excursion d\u2019une journ\u00e9e \u00e0 Tafraout &amp; Tiznit depuis Agadir &amp; Taghazout<\/strong><\/p>\n<p style=\"text-align: left;\"><strong data-start=\"129\" data-end=\"178\">L&#8217;excursion exceptionnelle \u00e0 Tafraout et Tiznit<\/strong> depuis Agadir ou Taghazout, pour d\u00e9couvrir du <strong data-start=\"226\" data-end=\"271\">c\u0153ur authentique de l\u2019Anti-Atlas marocain<\/strong>. Cette aventure d\u2019une journ\u00e9e vous fera voyager \u00e0 travers des <strong data-start=\"334\" data-end=\"372\">paysages montagneux spectaculaires<\/strong>, des <strong data-start=\"378\" data-end=\"412\">villages berb\u00e8res pittoresques<\/strong>, et des <strong data-start=\"421\" data-end=\"479\">vall\u00e9es rocheuses parsem\u00e9es d\u2019arganiers et d\u2019amandiers<\/strong>.<\/p>\n<p style=\"text-align: left;\" data-start=\"484\" data-end=\"898\">Votre premi\u00e8re \u00e9tape sera <strong data-start=\"510\" data-end=\"520\">Tiznit<\/strong>, la ville fortifi\u00e9e r\u00e9put\u00e9e pour son <strong data-start=\"558\" data-end=\"580\">artisanat d\u2019argent<\/strong>. Vous y visiterez la m\u00e9dina, ses souks anim\u00e9s et ses remparts historiques, avant de poursuivre vers <strong data-start=\"681\" data-end=\"693\">Tafraout<\/strong>, un v\u00e9ritable joyau nich\u00e9 au c\u0153ur des montagnes. Connue pour ses <strong data-start=\"759\" data-end=\"778\">rochers color\u00e9s<\/strong>, ses <strong data-start=\"784\" data-end=\"801\">maisons roses<\/strong>, et son <strong data-start=\"810\" data-end=\"833\">hospitalit\u00e9 berb\u00e8re<\/strong>, Tafraout offre un panorama unique et une atmosph\u00e8re paisible.<\/p>\n<p style=\"text-align: left;\" data-start=\"900\" data-end=\"1130\">Cette excursion vous plongera dans <strong data-start=\"935\" data-end=\"968\">l\u2019\u00e2me berb\u00e8re du sud marocain<\/strong>, entre traditions ancestrales, nature impressionnante et authenticit\u00e9. Un moment id\u00e9al pour les amateurs de photographie, de culture et de d\u00e9couvertes locales.<\/p>\n<hr data-start=\"1132\" data-end=\"1135\" \/>\n<h3 data-start=\"1137\" data-end=\"1162\">\ud83c\udf1f <strong data-start=\"1144\" data-end=\"1162\">Points forts :<\/strong><\/h3>\n<ul data-start=\"1163\" data-end=\"1594\">\n<li data-start=\"1163\" data-end=\"1254\">\n<p data-start=\"1165\" data-end=\"1254\">\ud83c\udfd8\ufe0f D\u00e9couverte des <strong data-start=\"1184\" data-end=\"1219\">villages berb\u00e8res traditionnels<\/strong> et des paysages de l\u2019Anti-Atlas.<\/p>\n<\/li>\n<li data-start=\"1255\" data-end=\"1343\">\n<p data-start=\"1257\" data-end=\"1343\">\ud83d\uded5 Visite de <strong data-start=\"1270\" data-end=\"1280\">Tiznit<\/strong>, c\u00e9l\u00e8bre pour son artisanat d\u2019argent et sa m\u00e9dina fortifi\u00e9e.<\/p>\n<\/li>\n<li data-start=\"1344\" data-end=\"1429\">\n<p data-start=\"1346\" data-end=\"1429\">\ud83e\udea8 Exploration des <strong data-start=\"1365\" data-end=\"1396\">rochers color\u00e9s de Tafraout<\/strong>, un site naturel embl\u00e9matique.<\/p>\n<\/li>\n<li data-start=\"1430\" data-end=\"1515\">\n<p data-start=\"1432\" data-end=\"1515\">\ud83c\udf04 Superbes <strong data-start=\"1444\" data-end=\"1465\">vues panoramiques<\/strong> sur les montagnes et les vall\u00e9es environnantes.<\/p>\n<\/li>\n<li data-start=\"1516\" data-end=\"1594\">\n<p data-start=\"1518\" data-end=\"1594\">\ud83e\udde1 Une <strong data-start=\"1525\" data-end=\"1562\">immersion culturelle et naturelle<\/strong> au c\u0153ur du Maroc authentique.<\/p>\n<\/li>\n<\/ul>\n<hr data-start=\"1596\" data-end=\"1599\" \/>\n<h3 data-start=\"1601\" data-end=\"1636\">\ud83d\udd52 <strong data-start=\"1608\" data-end=\"1636\">Informations pratiques :<\/strong><\/h3>\n<ul data-start=\"1637\" data-end=\"2060\">\n<li data-start=\"1637\" data-end=\"1701\">\n<p data-start=\"1639\" data-end=\"1701\"><strong data-start=\"1639\" data-end=\"1651\">D\u00e9part :<\/strong> Depuis votre h\u00e9bergement \u00e0 Agadir ou Taghazout.<\/p>\n<\/li>\n<li data-start=\"1702\" data-end=\"1740\">\n<p data-start=\"1704\" data-end=\"1740\"><strong data-start=\"1704\" data-end=\"1715\">Dur\u00e9e :<\/strong> Environ 8 \u00e0 10 heures.<\/p>\n<\/li>\n<li data-start=\"1741\" data-end=\"1780\">\n<p data-start=\"1743\" data-end=\"1780\"><strong data-start=\"1743\" data-end=\"1762\">Disponibilit\u00e9 :<\/strong> Tous les jours.<\/p>\n<\/li>\n<li data-start=\"1781\" data-end=\"1835\">\n<p data-start=\"1783\" data-end=\"1835\"><strong data-start=\"1783\" data-end=\"1804\">Langues parl\u00e9es :<\/strong> Fran\u00e7ais, anglais, espagnol.<\/p>\n<\/li>\n<li data-start=\"1836\" data-end=\"1951\">\n<p data-start=\"1838\" data-end=\"1951\"><strong data-start=\"1838\" data-end=\"1850\">Inclus :<\/strong> Transfert aller-retour, chauffeur-guide professionnel, visite de Tiznit et Tafraout, arr\u00eats photo.<\/p>\n<\/li>\n<li data-start=\"1952\" data-end=\"2060\">\n<p data-start=\"1954\" data-end=\"2060\"><strong data-start=\"1954\" data-end=\"1969\">\u00c0 pr\u00e9voir :<\/strong> Chaussures confortables, chapeau, lunettes de soleil, bouteille d\u2019eau et appareil photo.<\/p>\n<\/li>\n<\/ul>\n<table class=\"table table-bordered tours-tabs__table\" style=\"height: 233px;\" width=\"862\">\n<tbody>\n<tr>\n<td><strong>Inclus<\/strong><\/td>\n<td>\n<table class=\"table table-bordered\" style=\"height: 62px;\" width=\"300\">\n<tbody>\n<tr>\n<td><i class=\"fa fa-check icon-tick icon-tick--on\"><\/i>Transport avec chauffeur.<\/td>\n<\/tr>\n<tr>\n<td><i class=\"fa fa-check icon-tick icon-tick--on\"><\/i>Carburant &amp; Climatisation.<\/td>\n<\/tr>\n<tr>\n<td><i class=\"fa fa-check icon-tick icon-tick--on\"><\/i>Taxe touristique &amp; Frais de stationnement.<\/td>\n<\/tr>\n<tr>\n<td><i class=\"fa fa-check icon-tick icon-tick--on\"><\/i>Guide ou chauffeur anglophone.<\/td>\n<\/tr>\n<\/tbody>\n<\/table>\n<\/td>\n<\/tr>\n<tr>\n<td><b>Non inclus<\/b><\/td>\n<td>\n<table class=\"table table-bordered\" style=\"height: 62px;\" width=\"300\">\n<tbody>\n<tr>\n<td><i class=\"fa fa-times icon-tick icon-tick--off\"><\/i>Boissons.<\/td>\n<\/tr>\n<tr>\n<td><i class=\"fa fa-times icon-tick icon-tick--off\"><\/i>D\u00e9jeuner.<\/td>\n<\/tr>\n<tr>\n<td><i class=\"fa fa-times icon-tick icon-tick--off\"><\/i>Pourboire.<\/td>\n<\/tr>\n<\/tbody>\n<\/table>\n<\/td>\n<\/tr>\n<\/tbody>\n<\/table>\n<p>[\/vc_column_text][\/vc_column][\/vc_row]<\/p>\n<\/div>","protected":false},"excerpt":{"rendered":"<p><strong data-start=\"59\" data-end=\"114\">L\u2019excursion \u00e0 Tafraout et Tiznit au d\u00e9part d\u2019Agadir<\/strong> est l\u2019une des plus belles exp\u00e9riences pour d\u00e9couvrir deux villes embl\u00e9matiques du sud marocain, situ\u00e9es au c\u0153ur des montagnes de l\u2019Anti-Atlas. La premi\u00e8re, <strong data-start=\"271\" data-end=\"283\">Tafraout<\/strong>, est surnomm\u00e9e <em data-start=\"299\" data-end=\"323\" data-is-only-node=\"\">la ville des babouches<\/em> pour son artisanat traditionnel color\u00e9, tandis que la seconde, <strong data-start=\"387\" data-end=\"397\">Tiznit<\/strong>, est c\u00e9l\u00e8bre comme <em data-start=\"417\" data-end=\"439\">la ville de l\u2019argent<\/em> gr\u00e2ce \u00e0 son savoir-faire unique en bijouterie.<\/p>\n","protected":false},"featured_media":1541,"template":"","meta":[],"product_brand":[],"product_cat":[102],"product_tag":[],"class_list":{"0":"post-2275","1":"product","2":"type-product","3":"status-publish","4":"has-post-thumbnail","6":"product_cat-excursion-a-partir-agadir-taghazout","7":"tour_category-excursions-de-agadir-taghazout","9":"first","10":"instock","11":"shipping-taxable","12":"purchasable","13":"product-type-tour"},"_links":{"self":[{"href":"https:\/\/facetours.ma\/fr\/wp-json\/wp\/v2\/product\/2275","targetHints":{"allow":["GET"]}}],"collection":[{"href":"https:\/\/facetours.ma\/fr\/wp-json\/wp\/v2\/product"}],"about":[{"href":"https:\/\/facetours.ma\/fr\/wp-json\/wp\/v2\/types\/product"}],"wp:featuredmedia":[{"embeddable":true,"href":"https:\/\/facetours.ma\/fr\/wp-json\/wp\/v2\/media\/1541"}],"wp:attachment":[{"href":"https:\/\/facetours.ma\/fr\/wp-json\/wp\/v2\/media?parent=2275"}],"wp:term":[{"taxonomy":"product_brand","embeddable":true,"href":"https:\/\/facetours.ma\/fr\/wp-json\/wp\/v2\/product_brand?post=2275"},{"taxonomy":"product_cat","embeddable":true,"href":"https:\/\/facetours.ma\/fr\/wp-json\/wp\/v2\/product_cat?post=2275"},{"taxonomy":"product_tag","embeddable":true,"href":"https:\/\/facetours.ma\/fr\/wp-json\/wp\/v2\/product_tag?post=2275"}],"curies":[{"name":"wp","href":"https:\/\/api.w.org\/{rel}","templated":true}]}}