{"id":2273,"date":"2022-08-30T00:36:30","date_gmt":"2022-08-29T23:36:30","guid":{"rendered":"https:\/\/facetours.ma\/?post_type=product&#038;p=2273"},"modified":"2025-10-31T15:09:24","modified_gmt":"2025-10-31T14:09:24","slug":"excursion-tiout-taroudant-agadir-taghazout","status":"publish","type":"product","link":"https:\/\/facetours.ma\/fr\/meilleures-circuits-au-maroc\/excursion-tiout-taroudant-agadir-taghazout\/","title":{"rendered":"Excursion de Tiout &#038; Taroudant depuis Agadir &#038; Taghazout"},"content":{"rendered":"<div class=\"wpb-content-wrapper\"><p>[vc_row][vc_column][vc_column_text]<\/p>\n<p style=\"text-align: center;\"><strong>Excursion d\u2019une journ\u00e9e \u00e0 Tiout et Taroudant depuis Agadir &amp; Taghazout<\/strong><\/p>\n<p data-start=\"254\" data-end=\"720\">Voyagez pour une <strong data-start=\"270\" data-end=\"318\">excursion d\u2019une journ\u00e9e \u00e0 Tiout et Taroudant<\/strong> au d\u00e9part d\u2019Agadir ou de Taghazout, et plongez dans l\u2019authenticit\u00e9 du sud marocain. D\u00e9couvrez d\u2019abord <strong data-start=\"421\" data-end=\"434\">Taroudant<\/strong>, souvent appel\u00e9e <em data-start=\"452\" data-end=\"473\">la petite Marrakech<\/em>, entour\u00e9e de majestueux remparts ocre et c\u00e9l\u00e8bre pour son souk traditionnel, son artisanat local et son ambiance paisible. Promenez-vous dans la m\u00e9dina, admirez les remparts et explorez les march\u00e9s regorgeant de produits artisanaux et d\u2019\u00e9pices.<\/p>\n<p data-start=\"722\" data-end=\"1100\">Ensuite, cap sur <strong data-start=\"739\" data-end=\"748\">Tiout<\/strong>, un charmant village berb\u00e8re nich\u00e9 au pied de l\u2019Anti-Atlas. Laissez-vous s\u00e9duire par son oasis verdoyante de palmiers o\u00f9 fut tourn\u00e9 le c\u00e9l\u00e8bre film <em data-start=\"897\" data-end=\"925\">Ali Baba et les 40 voleurs<\/em>. Profitez d\u2019une <strong data-start=\"942\" data-end=\"964\">balade \u00e0 dos d\u2019\u00e2ne<\/strong> \u00e0 travers l\u2019oasis, rencontrez les habitants et savourez un <strong data-start=\"1024\" data-end=\"1053\">d\u00e9jeuner marocain typique<\/strong> dans une ambiance authentique et conviviale.<\/p>\n<p data-start=\"1102\" data-end=\"1250\">Cette excursion combine <strong data-start=\"1126\" data-end=\"1170\">culture, nature et traditions marocaines<\/strong>, offrant une exp\u00e9rience inoubliable entre ville historique et oasis paisible.<\/p>\n<hr data-start=\"1252\" data-end=\"1255\" \/>\n<h3 data-start=\"1257\" data-end=\"1282\">\ud83c\udf1f <strong data-start=\"1264\" data-end=\"1282\">Points forts :<\/strong><\/h3>\n<ul data-start=\"1283\" data-end=\"1623\">\n<li data-start=\"1283\" data-end=\"1351\">\n<p data-start=\"1285\" data-end=\"1351\">Visite guid\u00e9e de <strong data-start=\"1302\" data-end=\"1315\">Taroudant<\/strong>, surnomm\u00e9e <em data-start=\"1327\" data-end=\"1348\">la petite Marrakech<\/em>.<\/p>\n<\/li>\n<li data-start=\"1352\" data-end=\"1425\">\n<p data-start=\"1354\" data-end=\"1425\">D\u00e9couverte du <strong data-start=\"1368\" data-end=\"1396\">village berb\u00e8re de Tiout<\/strong> et de sa magnifique oasis.<\/p>\n<\/li>\n<li data-start=\"1426\" data-end=\"1488\">\n<p data-start=\"1428\" data-end=\"1488\"><strong data-start=\"1428\" data-end=\"1450\">Balade \u00e0 dos d\u2019\u00e2ne<\/strong> \u00e0 travers les palmiers (en option).<\/p>\n<\/li>\n<li data-start=\"1489\" data-end=\"1554\">\n<p data-start=\"1491\" data-end=\"1554\"><strong data-start=\"1491\" data-end=\"1525\">D\u00e9jeuner marocain traditionnel<\/strong> dans un cadre authentique.<\/p>\n<\/li>\n<li data-start=\"1555\" data-end=\"1623\">\n<p data-start=\"1557\" data-end=\"1623\">Exp\u00e9rience id\u00e9ale pour les amateurs de <strong data-start=\"1596\" data-end=\"1620\">culture et de nature<\/strong>.<\/p>\n<\/li>\n<\/ul>\n<hr data-start=\"1625\" data-end=\"1628\" \/>\n<h3 data-start=\"1630\" data-end=\"1665\">\ud83d\udd52 <strong data-start=\"1637\" data-end=\"1665\">Informations pratiques :<\/strong><\/h3>\n<ul data-start=\"1666\" data-end=\"2037\">\n<li data-start=\"1666\" data-end=\"1717\">\n<p data-start=\"1668\" data-end=\"1717\"><strong data-start=\"1668\" data-end=\"1679\">Dur\u00e9e :<\/strong> Journ\u00e9e compl\u00e8te (environ 8 heures)<\/p>\n<\/li>\n<li data-start=\"1718\" data-end=\"1761\">\n<p data-start=\"1720\" data-end=\"1761\"><strong data-start=\"1720\" data-end=\"1732\">D\u00e9part :<\/strong> Depuis Agadir ou Taghazout<\/p>\n<\/li>\n<li data-start=\"1762\" data-end=\"1806\">\n<p data-start=\"1764\" data-end=\"1806\"><strong data-start=\"1764\" data-end=\"1785\">Heure de d\u00e9part :<\/strong> Vers 8h30 du matin<\/p>\n<\/li>\n<li data-start=\"1807\" data-end=\"1881\">\n<p data-start=\"1809\" data-end=\"1881\"><strong data-start=\"1809\" data-end=\"1821\">Inclus :<\/strong> Transport climatis\u00e9, guide local, d\u00e9jeuner (selon option)<\/p>\n<\/li>\n<li data-start=\"1882\" data-end=\"1958\">\n<p data-start=\"1884\" data-end=\"1958\"><strong data-start=\"1884\" data-end=\"1900\">Non inclus :<\/strong> Boissons et activit\u00e9s optionnelles (balade \u00e0 dos d\u2019\u00e2ne)<\/p>\n<\/li>\n<li data-start=\"1959\" data-end=\"2037\">\n<p data-start=\"1961\" data-end=\"2037\"><strong data-start=\"1961\" data-end=\"1974\">Conseil :<\/strong> Pr\u00e9voyez des chaussures confortables, un chapeau et de l\u2019eau<\/p>\n<\/li>\n<\/ul>\n<table class=\"table table-bordered tours-tabs__table\" style=\"height: 233px;\" width=\"862\">\n<tbody>\n<tr>\n<td><strong>Inclus<\/strong><\/td>\n<td>\n<table class=\"table table-bordered\" style=\"height: 62px;\" width=\"300\">\n<tbody>\n<tr>\n<td><i class=\"fa fa-check icon-tick icon-tick--on\"><\/i>Transport avec chauffeur.<\/td>\n<\/tr>\n<tr>\n<td><i class=\"fa fa-check icon-tick icon-tick--on\"><\/i>Carburant &amp; Climatisation.<\/td>\n<\/tr>\n<tr>\n<td><i class=\"fa fa-check icon-tick icon-tick--on\"><\/i>Guide ou chauffeur professionnel.<\/td>\n<\/tr>\n<tr>\n<td><i class=\"fa fa-check icon-tick icon-tick--on\"><\/i>Taxe touristique &amp; Frais de stationnement.<\/td>\n<\/tr>\n<tr>\n<td><i class=\"fa fa-check icon-tick icon-tick--on\"><\/i>D\u00e9jeuner.<\/td>\n<\/tr>\n<\/tbody>\n<\/table>\n<\/td>\n<\/tr>\n<tr>\n<td><b>Non inclus<\/b><\/td>\n<td>\n<table class=\"table table-bordered\" style=\"height: 62px;\" width=\"300\">\n<tbody>\n<tr>\n<td><i class=\"fa fa-times icon-tick icon-tick--off\"><\/i>Boissons.<\/td>\n<\/tr>\n<tr>\n<td><i class=\"fa fa-times icon-tick icon-tick--off\"><\/i>Pourboire.<\/td>\n<\/tr>\n<\/tbody>\n<\/table>\n<\/td>\n<\/tr>\n<\/tbody>\n<\/table>\n<p>[\/vc_column_text][\/vc_column][\/vc_row]<\/p>\n<\/div>","protected":false},"excerpt":{"rendered":"<p>La journ\u00e9e Tiout &amp; Taroudant au d\u00e9part d&#8217;Agadir est une excellente excursion pour d\u00e9couvrir le village de Tiout et ses magnifiques oasis de palmiers lors d&#8217;une balade \u00e0 dos d&#8217;\u00e2ne, ainsi que Taroudant pour admirer ses remparts historiques et son ancienne m\u00e9dina.<\/p>\n","protected":false},"featured_media":1540,"template":"","meta":[],"product_brand":[],"product_cat":[102],"product_tag":[],"class_list":{"0":"post-2273","1":"product","2":"type-product","3":"status-publish","4":"has-post-thumbnail","6":"product_cat-excursion-a-partir-agadir-taghazout","7":"tour_category-excursions-de-agadir-taghazout","9":"first","10":"instock","11":"shipping-taxable","12":"purchasable","13":"product-type-tour"},"_links":{"self":[{"href":"https:\/\/facetours.ma\/fr\/wp-json\/wp\/v2\/product\/2273","targetHints":{"allow":["GET"]}}],"collection":[{"href":"https:\/\/facetours.ma\/fr\/wp-json\/wp\/v2\/product"}],"about":[{"href":"https:\/\/facetours.ma\/fr\/wp-json\/wp\/v2\/types\/product"}],"wp:featuredmedia":[{"embeddable":true,"href":"https:\/\/facetours.ma\/fr\/wp-json\/wp\/v2\/media\/1540"}],"wp:attachment":[{"href":"https:\/\/facetours.ma\/fr\/wp-json\/wp\/v2\/media?parent=2273"}],"wp:term":[{"taxonomy":"product_brand","embeddable":true,"href":"https:\/\/facetours.ma\/fr\/wp-json\/wp\/v2\/product_brand?post=2273"},{"taxonomy":"product_cat","embeddable":true,"href":"https:\/\/facetours.ma\/fr\/wp-json\/wp\/v2\/product_cat?post=2273"},{"taxonomy":"product_tag","embeddable":true,"href":"https:\/\/facetours.ma\/fr\/wp-json\/wp\/v2\/product_tag?post=2273"}],"curies":[{"name":"wp","href":"https:\/\/api.w.org\/{rel}","templated":true}]}}