{"id":2270,"date":"2022-08-30T10:37:55","date_gmt":"2022-08-30T09:37:55","guid":{"rendered":"https:\/\/facetours.ma\/?post_type=product&#038;p=2270"},"modified":"2025-10-31T18:45:01","modified_gmt":"2025-10-31T17:45:01","slug":"excursion-marrakech-agadir-taghazout","status":"publish","type":"product","link":"https:\/\/facetours.ma\/fr\/meilleures-circuits-au-maroc\/excursion-marrakech-agadir-taghazout\/","title":{"rendered":"Excursion d\u2019une journ\u00e9e: Marrakech depuis Agadir &#038; Taghazout"},"content":{"rendered":"<div class=\"wpb-content-wrapper\"><p>[vc_row][vc_column][vc_column_text]<\/p>\n<p style=\"text-align: center;\"><strong>Excursion d\u2019une journ\u00e9e \u00e0 Marrakech depuis Agadir &amp; Taghazout<\/strong><\/p>\n<p data-start=\"132\" data-end=\"828\">Voyagez pour une journ\u00e9e inoubliable \u00e0 <strong>Marrakech au d\u00e9part d\u2019Agadir ou Taghazout<\/strong> et d\u00e9couvrez la ville rouge, c\u0153ur culturel et historique du Maroc. Explorez la c\u00e9l\u00e8bre place <strong>Jemaa el-Fna<\/strong>, vibrante et anim\u00e9e, fl\u00e2nez dans les souks color\u00e9s pour admirer l\u2019artisanat local, et visitez des monuments embl\u00e9matiques tels que<strong> le Palais de la Bahia<\/strong> . Profitez de l\u2019expertise de votre guide pour plonger dans l\u2019histoire, les traditions et la culture marocaine, tout en profitant d\u2019une exp\u00e9rience personnalis\u00e9e et confortable. Cette excursion vous permet de d\u00e9couvrir <strong>Marrakech<\/strong> en une seule journ\u00e9e sans stress, avec transport priv\u00e9 et service de qualit\u00e9.<\/p>\n<p data-start=\"830\" data-end=\"850\"><strong data-start=\"830\" data-end=\"848\">Points forts :<\/strong><\/p>\n<ul data-start=\"851\" data-end=\"1146\">\n<li data-start=\"851\" data-end=\"919\">\n<p data-start=\"853\" data-end=\"919\">D\u00e9couverte de <strong>la place Jemaa el-Fna<\/strong> et de ses animations uniques<\/p>\n<\/li>\n<li data-start=\"920\" data-end=\"973\">\n<p data-start=\"922\" data-end=\"973\">Visite des <strong>souks traditionnels<\/strong> et artisanat local<\/p>\n<\/li>\n<li data-start=\"974\" data-end=\"1017\">\n<p data-start=\"976\" data-end=\"1017\"><strong>Palais de la Bahia<\/strong> .<\/p>\n<\/li>\n<li data-start=\"1018\" data-end=\"1084\">\n<p data-start=\"1020\" data-end=\"1084\">Guide exp\u00e9riment\u00e9 pour une exp\u00e9rience culturelle enrichissante<\/p>\n<\/li>\n<li data-start=\"1085\" data-end=\"1146\">\n<p data-start=\"1087\" data-end=\"1146\">Transport priv\u00e9 et confortable depuis Agadir ou Taghazout<\/p>\n<\/li>\n<\/ul>\n<p data-start=\"1148\" data-end=\"1178\"><strong data-start=\"1148\" data-end=\"1176\">Informations pratiques :<\/strong><\/p>\n<ul data-start=\"1179\" data-end=\"1413\">\n<li data-start=\"1179\" data-end=\"1208\">\n<p data-start=\"1181\" data-end=\"1208\">Dur\u00e9e : 12 heures environ<\/p>\n<\/li>\n<li data-start=\"1209\" data-end=\"1241\">\n<p data-start=\"1211\" data-end=\"1241\">D\u00e9part : Agadir ou Taghazout<\/p>\n<\/li>\n<li data-start=\"1242\" data-end=\"1335\">\n<p data-start=\"1244\" data-end=\"1335\">Inclus : Transport priv\u00e9, guide local francophone\/anglophone, entr\u00e9e aux sites mentionn\u00e9s<\/p>\n<\/li>\n<li data-start=\"1336\" data-end=\"1413\">\n<p data-start=\"1338\" data-end=\"1413\">\u00c0 pr\u00e9voir : Appareil photo, chaussures confortables, eau et cr\u00e8me solaire<\/p>\n<\/li>\n<\/ul>\n<table class=\"table table-bordered tours-tabs__table\" style=\"height: 233px;\" width=\"862\">\n<tbody>\n<tr>\n<td><strong>Inclus<\/strong><\/td>\n<td>\n<table class=\"table table-bordered\" style=\"height: 62px;\" width=\"300\">\n<tbody>\n<tr>\n<td><i class=\"fa fa-check icon-tick icon-tick--on\"><\/i>Transport avec chauffeur.<\/td>\n<\/tr>\n<tr>\n<td><i class=\"fa fa-check icon-tick icon-tick--on\"><\/i>Prise en charge et retour \u00e0 l&#8217;h\u00f4tel.<\/td>\n<\/tr>\n<tr>\n<td><i class=\"fa fa-check icon-tick icon-tick--on\"><\/i>Guide ou chauffeur professionnel.<\/td>\n<\/tr>\n<tr>\n<td><i class=\"fa fa-check icon-tick icon-tick--on\"><\/i>Carburant &amp; Climatisation.<\/td>\n<\/tr>\n<tr>\n<td><i class=\"fa fa-check icon-tick icon-tick--on\"><\/i>Taxe touristique &amp; Frais de stationnement.<\/td>\n<\/tr>\n<\/tbody>\n<\/table>\n<\/td>\n<\/tr>\n<tr>\n<td><b>Non inclus<\/b><\/td>\n<td>\n<table class=\"table table-bordered\" style=\"height: 62px;\" width=\"300\">\n<tbody>\n<tr>\n<td><i class=\"fa fa-times icon-tick icon-tick--off\"><\/i>D\u00e9jeuner.<\/td>\n<\/tr>\n<tr>\n<td><i class=\"fa fa-times icon-tick icon-tick--off\"><\/i>Boissons.<\/td>\n<\/tr>\n<tr>\n<td><i class=\"fa fa-times icon-tick icon-tick--off\"><\/i>Pourboire.<\/td>\n<\/tr>\n<\/tbody>\n<\/table>\n<\/td>\n<\/tr>\n<\/tbody>\n<\/table>\n<p>[\/vc_column_text][\/vc_column][\/vc_row]<\/p>\n<\/div>","protected":false},"excerpt":{"rendered":"<p>R\u00e9servez d\u00e8s maintenant votre excursion d&#8217;une journ\u00e9e \u00e0 Marrakech depuis Agadir et d\u00e9couvrez la richesse de la ville rouge, avec ses monuments historiques tels que la mosqu\u00e9e Koutoubia, le Palais de la Bahia, les Tombeaux Saadiens,\u00a0 la c\u00e9l\u00e8bre place Jemaa El-Fna.<\/p>\n","protected":false},"featured_media":1464,"template":"","meta":[],"product_brand":[],"product_cat":[102],"product_tag":[],"class_list":{"0":"post-2270","1":"product","2":"type-product","3":"status-publish","4":"has-post-thumbnail","6":"product_cat-excursion-a-partir-agadir-taghazout","7":"tour_category-excursions-de-agadir-taghazout","9":"first","10":"instock","11":"shipping-taxable","12":"purchasable","13":"product-type-tour"},"_links":{"self":[{"href":"https:\/\/facetours.ma\/fr\/wp-json\/wp\/v2\/product\/2270","targetHints":{"allow":["GET"]}}],"collection":[{"href":"https:\/\/facetours.ma\/fr\/wp-json\/wp\/v2\/product"}],"about":[{"href":"https:\/\/facetours.ma\/fr\/wp-json\/wp\/v2\/types\/product"}],"wp:featuredmedia":[{"embeddable":true,"href":"https:\/\/facetours.ma\/fr\/wp-json\/wp\/v2\/media\/1464"}],"wp:attachment":[{"href":"https:\/\/facetours.ma\/fr\/wp-json\/wp\/v2\/media?parent=2270"}],"wp:term":[{"taxonomy":"product_brand","embeddable":true,"href":"https:\/\/facetours.ma\/fr\/wp-json\/wp\/v2\/product_brand?post=2270"},{"taxonomy":"product_cat","embeddable":true,"href":"https:\/\/facetours.ma\/fr\/wp-json\/wp\/v2\/product_cat?post=2270"},{"taxonomy":"product_tag","embeddable":true,"href":"https:\/\/facetours.ma\/fr\/wp-json\/wp\/v2\/product_tag?post=2270"}],"curies":[{"name":"wp","href":"https:\/\/api.w.org\/{rel}","templated":true}]}}