{"id":2265,"date":"2022-08-30T10:54:09","date_gmt":"2022-08-30T09:54:09","guid":{"rendered":"https:\/\/facetours.ma\/?post_type=product&#038;p=2265"},"modified":"2025-10-31T18:51:21","modified_gmt":"2025-10-31T17:51:21","slug":"excursion-vallee-paradis-agadir-taghazout","status":"publish","type":"product","link":"https:\/\/facetours.ma\/fr\/meilleures-circuits-au-maroc\/excursion-vallee-paradis-agadir-taghazout\/","title":{"rendered":"Excursion d\u2019une journ\u00e9e: La Vall\u00e9e Paradis depuis Agadir"},"content":{"rendered":"<div class=\"wpb-content-wrapper\"><p>[vc_row][vc_column][vc_column_text]<\/p>\n<p style=\"text-align: center;\"><strong>Excursion d\u2019une journ\u00e9e \u00e0 la Vall\u00e9e du Paradis depuis Agadir<\/strong><\/p>\n<p data-start=\"189\" data-end=\"523\">Partez pour une <strong data-start=\"232\" data-end=\"294\">excursion d\u2019une journ\u00e9e inoubliable \u00e0 la Vall\u00e9e du Paradis<\/strong>, l\u2019un des joyaux naturels du Maroc, au d\u00e9part d\u2019Agadir. Cette excursion vous permettra de d\u00e9couvrir un paysage spectaculaire de <strong data-start=\"423\" data-end=\"479\">cascades, piscines naturelles et sentiers verdoyants<\/strong>, nich\u00e9s au c\u0153ur des montagnes de l\u2019Atlas.<\/p>\n<p data-start=\"525\" data-end=\"910\">Au cours de cette aventure, vous traverserez des villages berb\u00e8res traditionnels et des paysages pittoresques, tout en profitant d\u2019un <strong data-start=\"659\" data-end=\"710\">transport confortable et s\u00e9curis\u00e9 depuis Agadir<\/strong>. Vous pourrez vous baigner dans les <strong data-start=\"747\" data-end=\"783\">piscines naturelles cristallines<\/strong>, explorer les sentiers et profiter de la beaut\u00e9 sereine de la vall\u00e9e, id\u00e9ale pour les amateurs de nature et de photographie.<\/p>\n<p data-start=\"912\" data-end=\"1089\">Cette excursion est parfaite pour ceux qui souhaitent <strong data-start=\"966\" data-end=\"990\">s\u2019\u00e9vader de la ville<\/strong> et passer une journ\u00e9e relaxante et enrichissante en plein air, entour\u00e9s par la nature marocaine.<\/p>\n<p data-start=\"1091\" data-end=\"1111\"><strong data-start=\"1091\" data-end=\"1109\">Points forts :<\/strong><\/p>\n<ul data-start=\"1112\" data-end=\"1444\">\n<li data-start=\"1112\" data-end=\"1175\">\n<p data-start=\"1114\" data-end=\"1175\">D\u00e9couverte de paysages naturels spectaculaires et cascades.<\/p>\n<\/li>\n<li data-start=\"1176\" data-end=\"1250\">\n<p data-start=\"1178\" data-end=\"1250\">Baignade dans les piscines naturelles et d\u00e9tente au c\u0153ur de la vall\u00e9e.<\/p>\n<\/li>\n<li data-start=\"1251\" data-end=\"1300\">\n<p data-start=\"1253\" data-end=\"1300\">Travers\u00e9e de villages berb\u00e8res traditionnels.<\/p>\n<\/li>\n<li data-start=\"1301\" data-end=\"1359\">\n<p data-start=\"1303\" data-end=\"1359\">Transport priv\u00e9 depuis Agadir pour un confort optimal.<\/p>\n<\/li>\n<li data-start=\"1360\" data-end=\"1444\">\n<p data-start=\"1362\" data-end=\"1444\">Excursion guid\u00e9e pour profiter pleinement de l\u2019environnement et de son histoire.<\/p>\n<\/li>\n<\/ul>\n<p data-start=\"1446\" data-end=\"1476\"><strong data-start=\"1446\" data-end=\"1474\">Informations pratiques :<\/strong><\/p>\n<ul data-start=\"1477\" data-end=\"1722\">\n<li data-start=\"1477\" data-end=\"1516\">\n<p data-start=\"1479\" data-end=\"1516\">D\u00e9part depuis votre h\u00f4tel \u00e0 Agadir.<\/p>\n<\/li>\n<li data-start=\"1517\" data-end=\"1565\">\n<p data-start=\"1519\" data-end=\"1565\">Dur\u00e9e de l\u2019excursion : environ 8 \u00e0 9 heures.<\/p>\n<\/li>\n<li data-start=\"1566\" data-end=\"1606\">\n<p data-start=\"1568\" data-end=\"1606\">Transport priv\u00e9 et climatis\u00e9 inclus.<\/p>\n<\/li>\n<li data-start=\"1607\" data-end=\"1680\">\n<p data-start=\"1609\" data-end=\"1680\">Chaussures confortables et tenue adapt\u00e9e \u00e0 la randonn\u00e9e recommand\u00e9es.<\/p>\n<\/li>\n<li data-start=\"1681\" data-end=\"1722\">\n<p data-start=\"1683\" data-end=\"1722\">Pr\u00e9voir eau et encas pour la journ\u00e9e.<\/p>\n<\/li>\n<\/ul>\n<table class=\"table table-bordered tours-tabs__table\" style=\"height: 233px;\" width=\"862\">\n<tbody>\n<tr>\n<td><strong>Inclus<\/strong><\/td>\n<td>\n<table class=\"table table-bordered\" style=\"height: 62px;\" width=\"300\">\n<tbody>\n<tr>\n<td><i class=\"fa fa-check icon-tick icon-tick--on\"><\/i>Transport avec chauffeur.<\/td>\n<\/tr>\n<tr>\n<td><i class=\"fa fa-check icon-tick icon-tick--on\"><\/i>Prise en charge et retour \u00e0 l&#8217;h\u00f4tel.<\/td>\n<\/tr>\n<tr>\n<td><i class=\"fa fa-check icon-tick icon-tick--on\"><\/i>Guide ou chauffeur professionnel.<\/td>\n<\/tr>\n<tr>\n<td><i class=\"fa fa-check icon-tick icon-tick--on\"><\/i>Carburant &amp; Climatisation.<\/td>\n<\/tr>\n<tr>\n<td><i class=\"fa fa-check icon-tick icon-tick--on\"><\/i>Taxe touristique &amp; Frais de stationnement.<\/td>\n<\/tr>\n<\/tbody>\n<\/table>\n<\/td>\n<\/tr>\n<tr>\n<td><b>Non inclus<\/b><\/td>\n<td>\n<table class=\"table table-bordered\" style=\"height: 62px;\" width=\"300\">\n<tbody>\n<tr>\n<td><i class=\"fa fa-times icon-tick icon-tick--off\"><\/i>D\u00e9jeuner.<\/td>\n<\/tr>\n<tr>\n<td><i class=\"fa fa-times icon-tick icon-tick--off\"><\/i>Boissons.<\/td>\n<\/tr>\n<tr>\n<td><i class=\"fa fa-times icon-tick icon-tick--off\"><\/i>Pourboire.<\/td>\n<\/tr>\n<\/tbody>\n<\/table>\n<\/td>\n<\/tr>\n<\/tbody>\n<\/table>\n<p>[\/vc_column_text][\/vc_column][\/vc_row]<\/p>\n<\/div>","protected":false},"excerpt":{"rendered":"<p>L&#8217;excursion d&#8217;une demi-journ\u00e9e dans la Vall\u00e9e du Paradis au d\u00e9part d&#8217;Agadir est une <strong data-start=\"164\" data-end=\"188\" data-is-only-node=\"\">aventure inoubliable<\/strong> qui vous emm\u00e8ne de la ville \u00e0 la campagne, \u00e0 travers des <strong data-start=\"246\" data-end=\"271\">paysages pittoresques<\/strong>. Vous pourrez profiter des <strong data-start=\"299\" data-end=\"322\">piscines naturelles<\/strong>, faire de la randonn\u00e9e et vous baigner dans un cadre naturel exceptionnel<\/p>\n","protected":false},"featured_media":1538,"template":"","meta":[],"product_brand":[],"product_cat":[102],"product_tag":[],"class_list":{"0":"post-2265","1":"product","2":"type-product","3":"status-publish","4":"has-post-thumbnail","6":"product_cat-excursion-a-partir-agadir-taghazout","7":"tour_category-excursions-de-agadir-taghazout","9":"first","10":"instock","11":"shipping-taxable","12":"purchasable","13":"product-type-tour"},"_links":{"self":[{"href":"https:\/\/facetours.ma\/fr\/wp-json\/wp\/v2\/product\/2265","targetHints":{"allow":["GET"]}}],"collection":[{"href":"https:\/\/facetours.ma\/fr\/wp-json\/wp\/v2\/product"}],"about":[{"href":"https:\/\/facetours.ma\/fr\/wp-json\/wp\/v2\/types\/product"}],"wp:featuredmedia":[{"embeddable":true,"href":"https:\/\/facetours.ma\/fr\/wp-json\/wp\/v2\/media\/1538"}],"wp:attachment":[{"href":"https:\/\/facetours.ma\/fr\/wp-json\/wp\/v2\/media?parent=2265"}],"wp:term":[{"taxonomy":"product_brand","embeddable":true,"href":"https:\/\/facetours.ma\/fr\/wp-json\/wp\/v2\/product_brand?post=2265"},{"taxonomy":"product_cat","embeddable":true,"href":"https:\/\/facetours.ma\/fr\/wp-json\/wp\/v2\/product_cat?post=2265"},{"taxonomy":"product_tag","embeddable":true,"href":"https:\/\/facetours.ma\/fr\/wp-json\/wp\/v2\/product_tag?post=2265"}],"curies":[{"name":"wp","href":"https:\/\/api.w.org\/{rel}","templated":true}]}}