{"id":2263,"date":"2022-08-30T11:14:17","date_gmt":"2022-08-30T10:14:17","guid":{"rendered":"https:\/\/facetours.ma\/?post_type=product&#038;p=2263"},"modified":"2025-11-01T18:29:27","modified_gmt":"2025-11-01T17:29:27","slug":"excursion-essaouira-depuis-marrakech","status":"publish","type":"product","link":"https:\/\/facetours.ma\/fr\/meilleures-circuits-au-maroc\/excursion-essaouira-depuis-marrakech\/","title":{"rendered":"Excursion d\u2019une journ\u00e9e: Esaaouira depuis Marrakech"},"content":{"rendered":"<div class=\"wpb-content-wrapper\"><p>[vc_row][vc_column][vc_column_text]<\/p>\n<p style=\"text-align: center;\">\u00a0 \u00a0 \u00a0 \u00a0 \u00a0 \u00a0 \u00a0 \u00a0 <strong>\u00a0Excursion Essaouira au d\u00e9part de Marrakech<\/strong><\/p>\n<p data-start=\"81\" data-end=\"710\">Partez pour une <strong data-start=\"97\" data-end=\"165\">excursion d\u2019une journ\u00e9e inoubliable \u00e0 Essaouira depuis Marrakech<\/strong> et d\u00e9couvrez l\u2019une des villes les plus charmantes de la c\u00f4te atlantique du Maroc. Essaouira, surnomm\u00e9e la \u201cPerle de l\u2019Atlantique\u201d, est c\u00e9l\u00e8bre pour son <strong data-start=\"318\" data-end=\"338\">port pittoresque<\/strong>, ses <strong data-start=\"344\" data-end=\"368\">remparts historiques<\/strong> et sa <strong data-start=\"375\" data-end=\"427\">m\u00e9dina class\u00e9e au patrimoine mondial de l\u2019UNESCO<\/strong>. Lors de cette excursion, vous aurez l\u2019occasion d\u2019explorer les ruelles \u00e9troites et color\u00e9es de la vieille ville, de visiter les ateliers d\u2019artisans locaux, et de fl\u00e2ner dans les souks traditionnels o\u00f9 vous pourrez admirer des objets d\u2019artisanat, des bijoux et des produits locaux.<\/p>\n<p data-start=\"712\" data-end=\"1259\">Vous d\u00e9couvrirez le <strong data-start=\"732\" data-end=\"755\">port de p\u00eache anim\u00e9<\/strong>, o\u00f9 les bateaux bleus typiques contrastent avec les filets \u00e9tendus au soleil, offrant un panorama unique et photog\u00e9nique. Les <strong data-start=\"882\" data-end=\"918\">remparts et bastions historiques<\/strong>, t\u00e9moins de l\u2019\u00e9poque portugaise, offrent des vues spectaculaires sur l\u2019oc\u00e9an Atlantique et la plage de sable dor\u00e9. La journ\u00e9e inclut \u00e9galement du temps libre pour profiter des caf\u00e9s en bord de mer, d\u00e9guster des sp\u00e9cialit\u00e9s locales telles que le poisson frais grill\u00e9 ou le tajine, et ressentir l\u2019atmosph\u00e8re d\u00e9tendue de cette ville c\u00f4ti\u00e8re.<\/p>\n<p data-start=\"1261\" data-end=\"1615\">Cette excursion est parfaite pour les amateurs de <strong data-start=\"1311\" data-end=\"1375\">culture, d\u2019histoire, de gastronomie et de paysages maritimes<\/strong>, offrant une immersion totale dans la vie locale d\u2019Essaouira tout en profitant d\u2019un transport confortable depuis Marrakech. C\u2019est une mani\u00e8re id\u00e9ale de combiner patrimoine, d\u00e9tente et exp\u00e9riences culinaires lors de votre s\u00e9jour au Maroc.<\/p>\n<hr data-start=\"93\" data-end=\"96\" \/>\n<h3 data-start=\"98\" data-end=\"118\"><strong data-start=\"102\" data-end=\"118\">Points forts<\/strong><\/h3>\n<ul data-start=\"119\" data-end=\"628\">\n<li data-start=\"119\" data-end=\"205\">\n<p data-start=\"121\" data-end=\"205\">D\u00e9couverte de la <strong data-start=\"138\" data-end=\"160\">m\u00e9dina d\u2019Essaouira<\/strong>, class\u00e9e au patrimoine mondial de l\u2019UNESCO<\/p>\n<\/li>\n<li data-start=\"206\" data-end=\"275\">\n<p data-start=\"208\" data-end=\"275\">Visite du <strong data-start=\"218\" data-end=\"241\">port de p\u00eache anim\u00e9<\/strong> avec ses c\u00e9l\u00e8bres bateaux bleus<\/p>\n<\/li>\n<li data-start=\"276\" data-end=\"376\">\n<p data-start=\"278\" data-end=\"376\">Exploration des <strong data-start=\"294\" data-end=\"330\">remparts et bastions historiques<\/strong> offrant des vues spectaculaires sur l\u2019oc\u00e9an<\/p>\n<\/li>\n<li data-start=\"377\" data-end=\"453\">\n<p data-start=\"379\" data-end=\"453\">Temps libre pour fl\u00e2ner dans les <strong data-start=\"412\" data-end=\"451\">souks et ateliers d\u2019artisans locaux<\/strong><\/p>\n<\/li>\n<li data-start=\"454\" data-end=\"563\">\n<p data-start=\"456\" data-end=\"563\">D\u00e9gustation possible de <strong data-start=\"480\" data-end=\"524\">poissons frais et sp\u00e9cialit\u00e9s marocaines<\/strong> dans les caf\u00e9s et restaurants locaux<\/p>\n<\/li>\n<li data-start=\"564\" data-end=\"628\">\n<p data-start=\"566\" data-end=\"628\">Transport confortable en <strong data-start=\"591\" data-end=\"626\">v\u00e9hicule priv\u00e9 depuis Marrakech<\/strong><\/p>\n<\/li>\n<\/ul>\n<hr data-start=\"630\" data-end=\"633\" \/>\n<h3 data-start=\"635\" data-end=\"665\"><strong data-start=\"639\" data-end=\"665\">Informations pratiques<\/strong><\/h3>\n<ul data-start=\"666\" data-end=\"1157\">\n<li data-start=\"666\" data-end=\"719\">\n<p data-start=\"668\" data-end=\"719\"><strong data-start=\"668\" data-end=\"692\">Dur\u00e9e de l\u2019excursion<\/strong> : environ 10 \u00e0 12 heures<\/p>\n<\/li>\n<li data-start=\"720\" data-end=\"775\">\n<p data-start=\"722\" data-end=\"775\"><strong data-start=\"722\" data-end=\"732\">D\u00e9part<\/strong> : depuis votre h\u00f4tel ou riad \u00e0 Marrakech<\/p>\n<\/li>\n<li data-start=\"776\" data-end=\"867\">\n<p data-start=\"778\" data-end=\"867\"><strong data-start=\"778\" data-end=\"788\">Inclus<\/strong> : transport priv\u00e9, chauffeur professionnel, assistance pour la planification<\/p>\n<\/li>\n<li data-start=\"868\" data-end=\"967\">\n<p data-start=\"870\" data-end=\"967\"><strong data-start=\"870\" data-end=\"884\">Non inclus<\/strong> : repas et boissons (possibilit\u00e9 d\u2019acheter sur place), frais d\u2019entr\u00e9es \u00e9ventuels<\/p>\n<\/li>\n<li data-start=\"968\" data-end=\"1091\">\n<p data-start=\"970\" data-end=\"1091\"><strong data-start=\"970\" data-end=\"991\">Meilleure p\u00e9riode<\/strong> : toute l\u2019ann\u00e9e, mais id\u00e9al au printemps et en automne pour profiter d\u2019un climat doux et agr\u00e9able<\/p>\n<\/li>\n<li data-start=\"1092\" data-end=\"1157\">\n<p data-start=\"1094\" data-end=\"1157\"><strong data-start=\"1094\" data-end=\"1113\">Niveau d\u2019effort<\/strong> : faible \u00e0 mod\u00e9r\u00e9, adapt\u00e9 \u00e0 tous les \u00e2ges.<\/p>\n<\/li>\n<\/ul>\n<table class=\"table table-bordered tours-tabs__table\" style=\"height: 233px;\" width=\"862\">\n<tbody>\n<tr>\n<td><strong>Inclus<\/strong><\/td>\n<td>\n<table class=\"table table-bordered\" style=\"height: 62px;\" width=\"300\">\n<tbody>\n<tr>\n<td><i class=\"fa fa-check icon-tick icon-tick--on\"><\/i>Transport avec chauffeur.<\/td>\n<\/tr>\n<tr>\n<td><i class=\"fa fa-check icon-tick icon-tick--on\"><\/i>Guide ou chauffeur professionnel.<\/td>\n<\/tr>\n<tr>\n<td><i class=\"fa fa-check icon-tick icon-tick--on\"><\/i>Carburant &amp; Climatisation.<\/td>\n<\/tr>\n<tr>\n<td><i class=\"fa fa-check icon-tick icon-tick--on\"><\/i>Taxe touristique &amp; Frais de stationnement.<\/td>\n<\/tr>\n<tr>\n<td><i class=\"fa fa-check icon-tick icon-tick--on\"><\/i>Guide local &amp; Frais d&#8217;entr\u00e9e au monument.<\/td>\n<\/tr>\n<\/tbody>\n<\/table>\n<\/td>\n<\/tr>\n<tr>\n<td><b>Non inclus<\/b><\/td>\n<td>\n<table class=\"table table-bordered\" style=\"height: 62px;\" width=\"300\">\n<tbody>\n<tr>\n<td><i class=\"fa fa-times icon-tick icon-tick--off\"><\/i>D\u00e9jeuner.<\/td>\n<\/tr>\n<tr>\n<td><i class=\"fa fa-times icon-tick icon-tick--off\"><\/i>Boissons.<\/td>\n<\/tr>\n<tr>\n<td><i class=\"fa fa-times icon-tick icon-tick--off\"><\/i>Pourboire.<\/td>\n<\/tr>\n<\/tbody>\n<\/table>\n<\/td>\n<\/tr>\n<\/tbody>\n<\/table>\n<p>[\/vc_column_text][\/vc_column][\/vc_row]<\/p>\n<\/div>","protected":false},"excerpt":{"rendered":"<p>D\u00e9couvrez Essaouira depuis Marrakech et explorez les principaux sites historiques de la ville : le port avec ses c\u00e9l\u00e8bres bateaux bleus, l\u2019ancienne m\u00e9dina avec ses souks et bazars, ainsi que le patrimoine juif unique de la ville.<\/p>\n","protected":false},"featured_media":1646,"template":"","meta":[],"product_brand":[],"product_cat":[105],"product_tag":[908,902,904,898,899,909,900,828,905,901,903,906,907],"class_list":{"0":"post-2263","1":"product","2":"type-product","3":"status-publish","4":"has-post-thumbnail","6":"product_cat-excursions-depuis-marrakech","7":"product_tag-activite-touristique","8":"product_tag-bateaux-bleus","9":"product_tag-bazar","10":"product_tag-essaouira","11":"product_tag-excursion-depuis-marrakech","12":"product_tag-excursion-guidee","13":"product_tag-journee-complete","14":"product_tag-medina","15":"product_tag-patrimoine-juif","16":"product_tag-port-dessaouira","17":"product_tag-souk","18":"product_tag-tour-culturel","19":"product_tag-voyage-au-maroc","20":"tour_category-excursions-a-partir-de-marrakech","22":"first","23":"instock","24":"shipping-taxable","25":"purchasable","26":"product-type-tour"},"_links":{"self":[{"href":"https:\/\/facetours.ma\/fr\/wp-json\/wp\/v2\/product\/2263","targetHints":{"allow":["GET"]}}],"collection":[{"href":"https:\/\/facetours.ma\/fr\/wp-json\/wp\/v2\/product"}],"about":[{"href":"https:\/\/facetours.ma\/fr\/wp-json\/wp\/v2\/types\/product"}],"wp:featuredmedia":[{"embeddable":true,"href":"https:\/\/facetours.ma\/fr\/wp-json\/wp\/v2\/media\/1646"}],"wp:attachment":[{"href":"https:\/\/facetours.ma\/fr\/wp-json\/wp\/v2\/media?parent=2263"}],"wp:term":[{"taxonomy":"product_brand","embeddable":true,"href":"https:\/\/facetours.ma\/fr\/wp-json\/wp\/v2\/product_brand?post=2263"},{"taxonomy":"product_cat","embeddable":true,"href":"https:\/\/facetours.ma\/fr\/wp-json\/wp\/v2\/product_cat?post=2263"},{"taxonomy":"product_tag","embeddable":true,"href":"https:\/\/facetours.ma\/fr\/wp-json\/wp\/v2\/product_tag?post=2263"}],"curies":[{"name":"wp","href":"https:\/\/api.w.org\/{rel}","templated":true}]}}