{"id":2262,"date":"2022-08-30T11:21:39","date_gmt":"2022-08-30T10:21:39","guid":{"rendered":"https:\/\/facetours.ma\/?post_type=product&#038;p=2262"},"modified":"2025-11-01T19:57:27","modified_gmt":"2025-11-01T18:57:27","slug":"excursion-cascades-douzoud-marrakech","status":"publish","type":"product","link":"https:\/\/facetours.ma\/fr\/meilleures-circuits-au-maroc\/excursion-cascades-douzoud-marrakech\/","title":{"rendered":"Excursion d\u2019une journ\u00e9e: Cascades d&#8217;Ouzoud depuis Marrakech"},"content":{"rendered":"<div class=\"wpb-content-wrapper\"><p>[vc_row][vc_column][vc_column_text]<\/p>\n<p style=\"text-align: center;\"><strong>Excursion d\u2019une journ\u00e9e : Cascades d\u2019Ouzoud depuis Marrakech<\/strong><\/p>\n<p data-start=\"137\" data-end=\"537\">Partez pour une <strong data-start=\"153\" data-end=\"214\">excursion d&#8217;une journ\u00e9e inoubliable aux Cascades d\u2019Ouzoud<\/strong> depuis Marrakech et d\u00e9couvrez l\u2019une des merveilles naturelles les plus spectaculaires du Maroc. Situ\u00e9es \u00e0 environ 150 km de Marrakech, ces cascades impressionnantes de plus de 110 m\u00e8tres de hauteur offrent des paysages \u00e0 couper le souffle, entour\u00e9s de gorges verdoyantes et d\u2019oliveraies typiques de la r\u00e9gion de l\u2019Atlas.<\/p>\n<p data-start=\"539\" data-end=\"933\">Lors de cette journ\u00e9e, vous explorerez les sentiers pittoresques qui m\u00e8nent aux cascades et aurez l\u2019occasion d\u2019observer les <strong data-start=\"663\" data-end=\"680\">singes magots<\/strong>, embl\u00e9matiques de la r\u00e9gion, \u00e9voluer dans leur habitat naturel. Vous pourrez \u00e9galement profiter d\u2019une <strong data-start=\"783\" data-end=\"822\">balade en bateau au pied des chutes<\/strong>, vous rafra\u00eechir dans les eaux naturelles et capturer des panoramas exceptionnels pour vos photos souvenirs.<\/p>\n<p data-start=\"935\" data-end=\"1328\">Le long de l\u2019excursion, vous d\u00e9couvrirez les petits caf\u00e9s et restaurants locaux o\u00f9 vous pourrez go\u00fbter aux sp\u00e9cialit\u00e9s marocaines, tout en profitant de la vue sur les cascades et la nature environnante. Cette exp\u00e9rience combine parfaitement <strong data-start=\"1176\" data-end=\"1230\">nature, aventure, d\u00e9tente et d\u00e9couverte culturelle<\/strong>, id\u00e9ale pour les familles, les couples ou les amateurs de photographie et de paysages naturels.<\/p>\n<p data-start=\"1330\" data-end=\"1525\">Le retour \u00e0 Marrakech en fin de journ\u00e9e vous permettra de profiter encore des paysages de l\u2019Atlas et de la campagne marocaine, cl\u00f4turant une journ\u00e9e m\u00e9morable riche en \u00e9motions et en d\u00e9couvertes.<\/p>\n<p data-start=\"834\" data-end=\"854\"><strong data-start=\"834\" data-end=\"852\">Points forts :<\/strong><\/p>\n<ul data-start=\"855\" data-end=\"1184\">\n<li data-start=\"855\" data-end=\"927\">\n<p data-start=\"857\" data-end=\"927\">D\u00e9couverte des <strong data-start=\"872\" data-end=\"893\">Cascades d\u2019Ouzoud<\/strong>, parmi les plus hautes du Maroc<\/p>\n<\/li>\n<li data-start=\"928\" data-end=\"997\">\n<p data-start=\"930\" data-end=\"997\">Observation des <strong data-start=\"946\" data-end=\"963\">singes magots<\/strong> dans leur environnement naturel<\/p>\n<\/li>\n<li data-start=\"998\" data-end=\"1039\">\n<p data-start=\"1000\" data-end=\"1039\">Balade en bateau au pied des cascades<\/p>\n<\/li>\n<li data-start=\"1040\" data-end=\"1098\">\n<p data-start=\"1042\" data-end=\"1098\">Sentiers de randonn\u00e9e et vues panoramiques sur l\u2019Atlas<\/p>\n<\/li>\n<li data-start=\"1099\" data-end=\"1184\">\n<p data-start=\"1101\" data-end=\"1184\">Pause dans les caf\u00e9s et restaurants locaux pour go\u00fbter des sp\u00e9cialit\u00e9s marocaines<\/p>\n<\/li>\n<\/ul>\n<p data-start=\"1186\" data-end=\"1216\"><strong data-start=\"1186\" data-end=\"1214\">Informations pratiques :<\/strong><\/p>\n<ul data-start=\"1217\" data-end=\"1466\">\n<li data-start=\"1217\" data-end=\"1254\">\n<p data-start=\"1219\" data-end=\"1254\">D\u00e9part et retour depuis Marrakech<\/p>\n<\/li>\n<li data-start=\"1255\" data-end=\"1289\">\n<p data-start=\"1257\" data-end=\"1289\">Dur\u00e9e : environ 10 \u00e0 12 heures<\/p>\n<\/li>\n<li data-start=\"1290\" data-end=\"1332\">\n<p data-start=\"1292\" data-end=\"1332\">Transport en v\u00e9hicule priv\u00e9, climatis\u00e9<\/p>\n<\/li>\n<li data-start=\"1333\" data-end=\"1391\">\n<p data-start=\"1335\" data-end=\"1391\">Guide francophone ou anglophone disponible sur demande<\/p>\n<\/li>\n<li data-start=\"1392\" data-end=\"1466\">\n<p data-start=\"1394\" data-end=\"1466\">Pr\u00e9voir des chaussures confortables, maillot de bain et appareil photo<\/p>\n<\/li>\n<\/ul>\n<table class=\"table table-bordered tours-tabs__table\" style=\"height: 233px;\" width=\"862\">\n<tbody>\n<tr>\n<td><strong>Inclus<\/strong><\/td>\n<td>\n<table class=\"table table-bordered\" style=\"height: 62px;\" width=\"300\">\n<tbody>\n<tr>\n<td><i class=\"fa fa-check icon-tick icon-tick--on\"><\/i>Transport avec chauffeur.<\/td>\n<\/tr>\n<tr>\n<td><i class=\"fa fa-check icon-tick icon-tick--on\"><\/i>Guide ou chauffeur professionnel.<\/td>\n<\/tr>\n<tr>\n<td><i class=\"fa fa-check icon-tick icon-tick--on\"><\/i>Carburant &amp; Climatisation.<\/td>\n<\/tr>\n<tr>\n<td><i class=\"fa fa-check icon-tick icon-tick--on\"><\/i>Taxe touristique &amp; Frais de stationnement.<\/td>\n<\/tr>\n<\/tbody>\n<\/table>\n<\/td>\n<\/tr>\n<tr>\n<td><b>Non inclus<\/b><\/td>\n<td>\n<table class=\"table table-bordered\" style=\"height: 62px;\" width=\"300\">\n<tbody>\n<tr>\n<td><i class=\"fa fa-times icon-tick icon-tick--off\"><\/i>D\u00e9jeuner.<\/td>\n<\/tr>\n<tr>\n<td><i class=\"fa fa-times icon-tick icon-tick--off\"><\/i>Boissons.<\/td>\n<\/tr>\n<tr>\n<td><i class=\"fa fa-times icon-tick icon-tick--off\"><\/i>Pourboire.<\/td>\n<\/tr>\n<\/tbody>\n<\/table>\n<\/td>\n<\/tr>\n<\/tbody>\n<\/table>\n<p>[\/vc_column_text][\/vc_column][\/vc_row]<\/p>\n<\/div>","protected":false},"excerpt":{"rendered":"<p>Les chutes d&#8217;Ouzoud sont une attraction touristique populaire et l&#8217;une des plus visit\u00e9es chaque jour, offrant aux visiteurs l&#8217;occasion d&#8217;admirer leurs magnifiques cascades.<\/p>\n","protected":false},"featured_media":1523,"template":"","meta":[],"product_brand":[],"product_cat":[105],"product_tag":[924,930,926,899,817,929,923,819,928,927],"class_list":{"0":"post-2262","1":"product","2":"type-product","3":"status-publish","4":"has-post-thumbnail","6":"product_cat-excursions-depuis-marrakech","7":"product_tag-aventure","8":"product_tag-bateau-et-vues-impressionnantes","9":"product_tag-cascades-douzoud","10":"product_tag-excursion-depuis-marrakech","11":"product_tag-nature","12":"product_tag-paysages-atlas","13":"product_tag-randonnee","14":"product_tag-singes-magots","15":"product_tag-tour-journee","16":"product_tag-voyage-maroc","17":"tour_category-excursions-a-partir-de-marrakech","19":"first","20":"instock","21":"shipping-taxable","22":"purchasable","23":"product-type-tour"},"_links":{"self":[{"href":"https:\/\/facetours.ma\/fr\/wp-json\/wp\/v2\/product\/2262","targetHints":{"allow":["GET"]}}],"collection":[{"href":"https:\/\/facetours.ma\/fr\/wp-json\/wp\/v2\/product"}],"about":[{"href":"https:\/\/facetours.ma\/fr\/wp-json\/wp\/v2\/types\/product"}],"wp:featuredmedia":[{"embeddable":true,"href":"https:\/\/facetours.ma\/fr\/wp-json\/wp\/v2\/media\/1523"}],"wp:attachment":[{"href":"https:\/\/facetours.ma\/fr\/wp-json\/wp\/v2\/media?parent=2262"}],"wp:term":[{"taxonomy":"product_brand","embeddable":true,"href":"https:\/\/facetours.ma\/fr\/wp-json\/wp\/v2\/product_brand?post=2262"},{"taxonomy":"product_cat","embeddable":true,"href":"https:\/\/facetours.ma\/fr\/wp-json\/wp\/v2\/product_cat?post=2262"},{"taxonomy":"product_tag","embeddable":true,"href":"https:\/\/facetours.ma\/fr\/wp-json\/wp\/v2\/product_tag?post=2262"}],"curies":[{"name":"wp","href":"https:\/\/api.w.org\/{rel}","templated":true}]}}