{"id":2260,"date":"2022-08-30T11:22:44","date_gmt":"2022-08-30T10:22:44","guid":{"rendered":"https:\/\/facetours.ma\/?post_type=product&#038;p=2260"},"modified":"2025-11-01T18:54:21","modified_gmt":"2025-11-01T17:54:21","slug":"excursion-trois-vallees-marrakech","status":"publish","type":"product","link":"https:\/\/facetours.ma\/fr\/meilleures-circuits-au-maroc\/excursion-trois-vallees-marrakech\/","title":{"rendered":"Excursion d\u2019une journ\u00e9e: trois vall\u00e9es au depuis Marrakech"},"content":{"rendered":"<div class=\"wpb-content-wrapper\"><p>[vc_row][vc_column][vc_column_text]<\/p>\n<p style=\"text-align: center;\"><strong>Excursion d\u2019une journ\u00e9e : Les Trois Vall\u00e9es depuis Marrakech<\/strong><\/p>\n<p data-start=\"214\" data-end=\"620\">D\u00e9couvrez les <strong data-start=\"228\" data-end=\"259\">Trois Vall\u00e9es du Haut Atlas<\/strong> lors d\u2019une <strong data-start=\"271\" data-end=\"321\">excursion d\u2019une journ\u00e9e au d\u00e9part de Marrakech<\/strong> et plongez au c\u0153ur des paysages spectaculaires du Maroc. Cette aventure unique vous emm\u00e8ne \u00e0 travers des <strong data-start=\"427\" data-end=\"461\">villages berb\u00e8res authentiques<\/strong>, des <strong data-start=\"467\" data-end=\"490\">vall\u00e9es verdoyantes<\/strong>, des <strong data-start=\"496\" data-end=\"533\">vergers et vignobles pittoresques<\/strong>, ainsi que des <strong data-start=\"549\" data-end=\"575\">montagnes majestueuses<\/strong> offrant des panoramas \u00e0 couper le souffle.<\/p>\n<p data-start=\"622\" data-end=\"1003\">Au cours de cette journ\u00e9e, vous aurez l\u2019occasion de <strong data-start=\"674\" data-end=\"702\">rencontrer les habitants<\/strong>, d\u2019observer leur <strong data-start=\"720\" data-end=\"746\">artisanat traditionnel<\/strong> et de vous immerger dans la <strong data-start=\"775\" data-end=\"819\">culture et le mode de vie rural marocain<\/strong>. Que vous soyez passionn\u00e9 de photographie, amateur de nature ou curieux de d\u00e9couvrir les traditions locales, cette excursion vous garantit une exp\u00e9rience m\u00e9morable et enrichissante.<\/p>\n<p data-start=\"1005\" data-end=\"1428\">Cette excursion est id\u00e9ale pour les <strong data-start=\"1041\" data-end=\"1130\">voyageurs \u00e0 la recherche d\u2019aventure, de culture et de paysages naturels exceptionnels<\/strong>. Le transport se fait en <strong data-start=\"1156\" data-end=\"1203\">v\u00e9hicule priv\u00e9 ou en petit groupe climatis\u00e9<\/strong>, avec des arr\u00eats pour admirer les panoramas et prendre des photos. Partez t\u00f4t le matin depuis Marrakech pour profiter pleinement de cette <strong data-start=\"1342\" data-end=\"1375\">exploration des Trois Vall\u00e9es<\/strong>, un v\u00e9ritable tr\u00e9sor naturel et culturel du Maroc.<\/p>\n<p data-start=\"682\" data-end=\"702\"><strong data-start=\"682\" data-end=\"700\">Points forts :<\/strong><\/p>\n<ul data-start=\"703\" data-end=\"929\">\n<li data-start=\"703\" data-end=\"755\">\n<p data-start=\"705\" data-end=\"755\">Travers\u00e9e des <strong data-start=\"719\" data-end=\"753\">villages berb\u00e8res authentiques<\/strong><\/p>\n<\/li>\n<li data-start=\"756\" data-end=\"813\">\n<p data-start=\"758\" data-end=\"813\">D\u00e9couverte des <strong data-start=\"773\" data-end=\"811\">paysages montagneux spectaculaires<\/strong><\/p>\n<\/li>\n<li data-start=\"814\" data-end=\"862\">\n<p data-start=\"816\" data-end=\"862\">Visite des <strong data-start=\"827\" data-end=\"860\">vignes et vergers des vall\u00e9es<\/strong><\/p>\n<\/li>\n<li data-start=\"863\" data-end=\"929\">\n<p data-start=\"865\" data-end=\"929\">Immersion dans la <strong data-start=\"883\" data-end=\"927\">culture locale et artisanat traditionnel<\/strong><\/p>\n<\/li>\n<\/ul>\n<p data-start=\"931\" data-end=\"961\"><strong data-start=\"931\" data-end=\"959\">Informations pratiques :<\/strong><\/p>\n<ul data-start=\"962\" data-end=\"1139\">\n<li data-start=\"962\" data-end=\"1002\">\n<p data-start=\"964\" data-end=\"1002\">D\u00e9part depuis Marrakech t\u00f4t le matin<\/p>\n<\/li>\n<li data-start=\"1003\" data-end=\"1042\">\n<p data-start=\"1005\" data-end=\"1042\">Excursion priv\u00e9e ou en petit groupe<\/p>\n<\/li>\n<li data-start=\"1043\" data-end=\"1082\">\n<p data-start=\"1045\" data-end=\"1082\">Transport en <strong data-start=\"1058\" data-end=\"1080\">v\u00e9hicule climatis\u00e9<\/strong><\/p>\n<\/li>\n<li data-start=\"1083\" data-end=\"1139\">\n<p data-start=\"1085\" data-end=\"1139\">Pr\u00e9voir des <strong data-start=\"1097\" data-end=\"1124\">chaussures confortables<\/strong> pour marcher.<\/p>\n<\/li>\n<\/ul>\n<table class=\"table table-bordered tours-tabs__table\" style=\"height: 233px;\" width=\"862\">\n<tbody>\n<tr>\n<td><strong>Inclus<\/strong><\/td>\n<td>\n<table class=\"table table-bordered\" style=\"height: 62px;\" width=\"300\">\n<tbody>\n<tr>\n<td><i class=\"fa fa-check icon-tick icon-tick--on\"><\/i>Transport avec chauffeur.<\/td>\n<\/tr>\n<tr>\n<td><i class=\"fa fa-check icon-tick icon-tick--on\"><\/i>Guide ou chauffeur professionnel.<\/td>\n<\/tr>\n<tr>\n<td><i class=\"fa fa-check icon-tick icon-tick--on\"><\/i>Carburant &amp; Climatisation.<\/td>\n<\/tr>\n<tr>\n<td><i class=\"fa fa-check icon-tick icon-tick--on\"><\/i>Taxe touristique &amp; Frais de stationnement.<\/td>\n<\/tr>\n<\/tbody>\n<\/table>\n<\/td>\n<\/tr>\n<tr>\n<td><b>Non inclus<\/b><\/td>\n<td>\n<table class=\"table table-bordered\" style=\"height: 62px;\" width=\"300\">\n<tbody>\n<tr>\n<td><i class=\"fa fa-times icon-tick icon-tick--off\"><\/i>D\u00e9jeuner.<\/td>\n<\/tr>\n<tr>\n<td><i class=\"fa fa-times icon-tick icon-tick--off\"><\/i>Boissons.<\/td>\n<\/tr>\n<tr>\n<td><i class=\"fa fa-times icon-tick icon-tick--off\"><\/i>Pourboire.<\/td>\n<\/tr>\n<\/tbody>\n<\/table>\n<\/td>\n<\/tr>\n<\/tbody>\n<\/table>\n<p>[\/vc_column_text][\/vc_column][\/vc_row]<\/p>\n<\/div>","protected":false},"excerpt":{"rendered":"<p>L&#8217;excursion des Trois Vall\u00e9es au d\u00e9part de Marrakech vous emm\u00e8ne \u00e0 travers les hautes montagnes de l&#8217;Atlas, les villages berb\u00e8res et des paysages \u00e0 couper le souffle. Vous explorerez les trois vall\u00e9es embl\u00e9matiques : la vall\u00e9e de l&#8217;Ourika, la vall\u00e9e d&#8217;Oukaimeden et la vall\u00e9e d&#8217;Asni.<\/p>\n","protected":false},"featured_media":1525,"template":"","meta":[],"product_brand":[],"product_cat":[105],"product_tag":[922,924,827,838,919,855,817,921,925,917,923,906,829,918,920],"class_list":{"0":"post-2260","1":"product","2":"type-product","3":"status-publish","4":"has-post-thumbnail","6":"product_cat-excursions-depuis-marrakech","7":"product_tag-artisanat-local","8":"product_tag-aventure","9":"product_tag-culture-marocaine","10":"product_tag-excursion-dune-journee","11":"product_tag-haut-atlas","12":"product_tag-marrakech","13":"product_tag-nature","14":"product_tag-paysages-montagneux","15":"product_tag-petit-groupe","16":"product_tag-photographie","17":"product_tag-randonnee","18":"product_tag-tour-culturel","19":"product_tag-tourisme-maroc","20":"product_tag-trois-vallees","21":"product_tag-villages-berberes","22":"tour_category-excursions-a-partir-de-marrakech","24":"first","25":"instock","26":"shipping-taxable","27":"purchasable","28":"product-type-tour"},"_links":{"self":[{"href":"https:\/\/facetours.ma\/fr\/wp-json\/wp\/v2\/product\/2260","targetHints":{"allow":["GET"]}}],"collection":[{"href":"https:\/\/facetours.ma\/fr\/wp-json\/wp\/v2\/product"}],"about":[{"href":"https:\/\/facetours.ma\/fr\/wp-json\/wp\/v2\/types\/product"}],"wp:featuredmedia":[{"embeddable":true,"href":"https:\/\/facetours.ma\/fr\/wp-json\/wp\/v2\/media\/1525"}],"wp:attachment":[{"href":"https:\/\/facetours.ma\/fr\/wp-json\/wp\/v2\/media?parent=2260"}],"wp:term":[{"taxonomy":"product_brand","embeddable":true,"href":"https:\/\/facetours.ma\/fr\/wp-json\/wp\/v2\/product_brand?post=2260"},{"taxonomy":"product_cat","embeddable":true,"href":"https:\/\/facetours.ma\/fr\/wp-json\/wp\/v2\/product_cat?post=2260"},{"taxonomy":"product_tag","embeddable":true,"href":"https:\/\/facetours.ma\/fr\/wp-json\/wp\/v2\/product_tag?post=2260"}],"curies":[{"name":"wp","href":"https:\/\/api.w.org\/{rel}","templated":true}]}}