{"id":2258,"date":"2022-08-30T11:24:53","date_gmt":"2022-08-30T10:24:53","guid":{"rendered":"https:\/\/facetours.ma\/?post_type=product&#038;p=2258"},"modified":"2025-11-01T18:43:35","modified_gmt":"2025-11-01T17:43:35","slug":"excursion-ouarzazate-ait-ben-haddou-marrakech","status":"publish","type":"product","link":"https:\/\/facetours.ma\/fr\/meilleures-circuits-au-maroc\/excursion-ouarzazate-ait-ben-haddou-marrakech\/","title":{"rendered":"Excursion Ouarzazate &#038; Ait Ben Haddou depuis Marrakech"},"content":{"rendered":"<div class=\"wpb-content-wrapper\"><p>[vc_row][vc_column][vc_column_text]<\/p>\n<p style=\"text-align: center;\"><strong>Excursion d\u2019une journ\u00e9e : Ouarzazate &amp; Ait Ben Haddou depuis Marrakech<\/strong><\/p>\n<p data-start=\"83\" data-end=\"540\">Partez pour une <strong data-start=\"126\" data-end=\"191\">excursion d\u2019une journ\u00e9e exceptionnelle au d\u00e9part de Marrakech<\/strong> et d\u00e9couvrez les tr\u00e9sors du sud marocain avec Ouarzazate et le c\u00e9l\u00e8bre <strong data-start=\"263\" data-end=\"288\">ksar d\u2019A\u00eft Ben Haddou<\/strong>, class\u00e9 au <strong data-start=\"300\" data-end=\"334\">patrimoine mondial de l\u2019UNESCO<\/strong>. Votre journ\u00e9e commence par un trajet spectaculaire \u00e0 travers les <strong data-start=\"401\" data-end=\"425\">montagnes de l\u2019Atlas<\/strong> via le col de Tizi n\u2019Tichka, offrant des panoramas \u00e0 couper le souffle sur les vall\u00e9es et les villages berb\u00e8res.<\/p>\n<p data-start=\"542\" data-end=\"1047\">\u00c0 Ouarzazate, surnomm\u00e9e la &#8220;porte du d\u00e9sert&#8221;, vous aurez l\u2019occasion d\u2019explorer la <strong data-start=\"624\" data-end=\"646\">Kasbah de Taourirt<\/strong>, un chef-d\u2019\u0153uvre d\u2019architecture traditionnelle, et de d\u00e9couvrir les c\u00e9l\u00e8bres <strong data-start=\"724\" data-end=\"745\">studios de cin\u00e9ma<\/strong>, qui ont servi de d\u00e9cor \u00e0 de nombreux films internationaux. Ensuite, vous vous rendrez au <strong data-start=\"836\" data-end=\"861\">ksar d\u2019A\u00eft Ben Haddou<\/strong>, un village fortifi\u00e9 embl\u00e9matique o\u00f9 vous pourrez d\u00e9ambuler dans ses ruelles \u00e9troites et admirer les anciennes maisons en pis\u00e9, tout en d\u00e9couvrant l\u2019histoire fascinante de cette cit\u00e9.<\/p>\n<p data-start=\"1049\" data-end=\"1361\">Tout au long de la journ\u00e9e, vous serez accompagn\u00e9 par un guide professionnel qui partagera des anecdotes sur la culture, l\u2019histoire et le mode de vie local. Cette excursion allie paysages naturels grandioses, architecture traditionnelle et immersion culturelle pour une exp\u00e9rience inoubliable au c\u0153ur du Maroc.<\/p>\n<p data-start=\"994\" data-end=\"1014\"><strong data-start=\"994\" data-end=\"1012\">Points forts :<\/strong><\/p>\n<ul data-start=\"1015\" data-end=\"1343\">\n<li data-start=\"1015\" data-end=\"1097\">\n<p data-start=\"1017\" data-end=\"1097\">Travers\u00e9e panoramique des <strong data-start=\"1043\" data-end=\"1067\">montagnes de l\u2019Atlas<\/strong> via le col du Tizi n\u2019Tichka<\/p>\n<\/li>\n<li data-start=\"1098\" data-end=\"1171\">\n<p data-start=\"1100\" data-end=\"1171\">Visite de <strong data-start=\"1110\" data-end=\"1124\">Ouarzazate<\/strong>, la porte du d\u00e9sert et ses studios de cin\u00e9ma<\/p>\n<\/li>\n<li data-start=\"1172\" data-end=\"1215\">\n<p data-start=\"1174\" data-end=\"1215\">D\u00e9couverte de la <strong data-start=\"1191\" data-end=\"1213\">Kasbah de Taourirt<\/strong><\/p>\n<\/li>\n<li data-start=\"1216\" data-end=\"1292\">\n<p data-start=\"1218\" data-end=\"1292\">Exploration du <strong data-start=\"1233\" data-end=\"1258\">ksar d\u2019A\u00eft Ben Haddou<\/strong>, patrimoine mondial de l\u2019UNESCO<\/p>\n<\/li>\n<li data-start=\"1293\" data-end=\"1343\">\n<p data-start=\"1295\" data-end=\"1343\">Exp\u00e9rience culturelle et photographique unique<\/p>\n<\/li>\n<\/ul>\n<p data-start=\"1345\" data-end=\"1375\"><strong data-start=\"1345\" data-end=\"1373\">Informations pratiques :<\/strong><\/p>\n<ul data-start=\"1376\" data-end=\"1650\">\n<li data-start=\"1376\" data-end=\"1414\">\n<p data-start=\"1378\" data-end=\"1414\">Dur\u00e9e : environ <strong data-start=\"1394\" data-end=\"1412\">10 \u00e0 12 heures<\/strong><\/p>\n<\/li>\n<li data-start=\"1415\" data-end=\"1454\">\n<p data-start=\"1417\" data-end=\"1454\">D\u00e9part : <strong data-start=\"1426\" data-end=\"1439\">Marrakech<\/strong> t\u00f4t le matin<\/p>\n<\/li>\n<li data-start=\"1455\" data-end=\"1547\">\n<p data-start=\"1457\" data-end=\"1547\">Inclus : transport priv\u00e9 climatis\u00e9, guide professionnel, frais d\u2019entr\u00e9e \u00e0 A\u00eft Ben Haddou<\/p>\n<\/li>\n<li data-start=\"1548\" data-end=\"1593\">\n<p data-start=\"1550\" data-end=\"1593\">Non inclus : repas et boissons, souvenirs<\/p>\n<\/li>\n<li data-start=\"1594\" data-end=\"1650\">\n<p data-start=\"1596\" data-end=\"1650\">Convient \u00e0 : <strong data-start=\"1609\" data-end=\"1648\">familles, couples et petits groupes<\/strong><\/p>\n<\/li>\n<\/ul>\n<table class=\"table table-bordered tours-tabs__table\" style=\"height: 233px;\" width=\"862\">\n<tbody>\n<tr>\n<td><strong>Inclus<\/strong><\/td>\n<td>\n<table class=\"table table-bordered\" style=\"height: 62px;\" width=\"300\">\n<tbody>\n<tr>\n<td><i class=\"fa fa-check icon-tick icon-tick--on\"><\/i>Transport avec chauffeur.<\/td>\n<\/tr>\n<tr>\n<td><i class=\"fa fa-check icon-tick icon-tick--on\"><\/i>Guide ou chauffeur professionnel.<\/td>\n<\/tr>\n<tr>\n<td><i class=\"fa fa-check icon-tick icon-tick--on\"><\/i>Guide local &amp; Frais d&#8217;entr\u00e9e aux monuments.<\/td>\n<\/tr>\n<tr>\n<td><i class=\"fa fa-check icon-tick icon-tick--on\"><\/i>Carburant &amp; Climatisation.<\/td>\n<\/tr>\n<tr>\n<td><i class=\"fa fa-check icon-tick icon-tick--on\"><\/i>Taxe touristique &amp; Frais de stationnement.<\/td>\n<\/tr>\n<\/tbody>\n<\/table>\n<\/td>\n<\/tr>\n<tr>\n<td><b>Non inclus<\/b><\/td>\n<td>\n<table class=\"table table-bordered\" style=\"height: 62px;\" width=\"300\">\n<tbody>\n<tr>\n<td><i class=\"fa fa-times icon-tick icon-tick--off\"><\/i>D\u00e9jeuner.<\/td>\n<\/tr>\n<tr>\n<td><i class=\"fa fa-times icon-tick icon-tick--off\"><\/i>Boissons.<\/td>\n<\/tr>\n<tr>\n<td><i class=\"fa fa-times icon-tick icon-tick--off\"><\/i>Pourboire.<\/td>\n<\/tr>\n<\/tbody>\n<\/table>\n<\/td>\n<\/tr>\n<\/tbody>\n<\/table>\n<p>[\/vc_column_text][\/vc_column][\/vc_row]<\/p>\n<\/div>","protected":false},"excerpt":{"rendered":"<p><strong data-start=\"62\" data-end=\"95\">Ouarzazate &amp; A\u00eft Ben Haddou :<\/strong> Excursion d&#8217;une journ\u00e9e au d\u00e9part de Marrakech, incontournable et tr\u00e8s pris\u00e9e, qui vous fera traverser les <strong data-start=\"203\" data-end=\"255\" data-is-only-node=\"\">montagnes de l\u2019Atlas via le col de Tizi n\u2019Tichka<\/strong> pour d\u00e9couvrir le c\u00e9l\u00e8bre <strong data-start=\"282\" data-end=\"307\">ksar d\u2019A\u00eft Ben Haddou<\/strong>, class\u00e9 au <strong data-start=\"319\" data-end=\"353\">patrimoine mondial de l\u2019UNESCO<\/strong>, et explorer la ville d\u2019<strong data-start=\"378\" data-end=\"392\">Ouarzazate<\/strong>, surnomm\u00e9e le <strong data-start=\"407\" data-end=\"429\">Hollywood marocain<\/strong>.<\/p>\n","protected":false},"featured_media":1391,"template":"","meta":[],"product_brand":[],"product_cat":[105],"product_tag":[911,899,909,900,913,914,912,910,915,917,916,906,907],"class_list":{"0":"post-2258","1":"product","2":"type-product","3":"status-publish","4":"has-post-thumbnail","6":"product_cat-excursions-depuis-marrakech","7":"product_tag-ait-ben-haddou","8":"product_tag-excursion-depuis-marrakech","9":"product_tag-excursion-guidee","10":"product_tag-journee-complete","11":"product_tag-kasbah","12":"product_tag-ksar","13":"product_tag-montagnes-de-latlas","14":"product_tag-ouarzazate","15":"product_tag-patrimoine-unesco","16":"product_tag-photographie","17":"product_tag-studios-de-cinema","18":"product_tag-tour-culturel","19":"product_tag-voyage-au-maroc","20":"tour_category-excursions-a-partir-de-marrakech","22":"first","23":"instock","24":"shipping-taxable","25":"purchasable","26":"product-type-tour"},"_links":{"self":[{"href":"https:\/\/facetours.ma\/fr\/wp-json\/wp\/v2\/product\/2258","targetHints":{"allow":["GET"]}}],"collection":[{"href":"https:\/\/facetours.ma\/fr\/wp-json\/wp\/v2\/product"}],"about":[{"href":"https:\/\/facetours.ma\/fr\/wp-json\/wp\/v2\/types\/product"}],"wp:featuredmedia":[{"embeddable":true,"href":"https:\/\/facetours.ma\/fr\/wp-json\/wp\/v2\/media\/1391"}],"wp:attachment":[{"href":"https:\/\/facetours.ma\/fr\/wp-json\/wp\/v2\/media?parent=2258"}],"wp:term":[{"taxonomy":"product_brand","embeddable":true,"href":"https:\/\/facetours.ma\/fr\/wp-json\/wp\/v2\/product_brand?post=2258"},{"taxonomy":"product_cat","embeddable":true,"href":"https:\/\/facetours.ma\/fr\/wp-json\/wp\/v2\/product_cat?post=2258"},{"taxonomy":"product_tag","embeddable":true,"href":"https:\/\/facetours.ma\/fr\/wp-json\/wp\/v2\/product_tag?post=2258"}],"curies":[{"name":"wp","href":"https:\/\/api.w.org\/{rel}","templated":true}]}}