{"id":2256,"date":"2022-08-30T11:28:02","date_gmt":"2022-08-30T10:28:02","guid":{"rendered":"https:\/\/facetours.ma\/?post_type=product&#038;p=2256"},"modified":"2025-11-02T17:53:48","modified_gmt":"2025-11-02T16:53:48","slug":"excursion-telouet-ait-ben-haddou-depuis-marrakech","status":"publish","type":"product","link":"https:\/\/facetours.ma\/fr\/meilleures-circuits-au-maroc\/excursion-telouet-ait-ben-haddou-depuis-marrakech\/","title":{"rendered":"Excursion Telouet &#038; Ait-Ben-Haddou au depuis Marrakech"},"content":{"rendered":"<div class=\"wpb-content-wrapper\"><p>[vc_row][vc_column][vc_column_text]<\/p>\n<p style=\"text-align: center;\"><strong>Excursion d\u2019une journ\u00e9e : Telouet &amp; A\u00eft Ben Haddou depuis Marrakech<\/strong><\/p>\n<p data-start=\"219\" data-end=\"1234\">Partez pour une superbe excursion d\u2019une journ\u00e9e au d\u00e9part de <strong data-start=\"280\" data-end=\"293\">Marrakech<\/strong> vers <strong data-start=\"299\" data-end=\"310\">Telouet<\/strong> et <strong data-start=\"314\" data-end=\"332\">A\u00eft Ben Haddou<\/strong>, deux joyaux du sud marocain nich\u00e9s dans les <strong data-start=\"378\" data-end=\"405\">montagnes du Haut Atlas<\/strong>. Vous traverserez le spectaculaire <strong data-start=\"441\" data-end=\"465\">col de Tizi n\u2019Tichka<\/strong> \u00e0 2 260 m\u00e8tres d\u2019altitude, offrant des vues panoramiques \u00e0 couper le souffle sur les vall\u00e9es et les villages berb\u00e8res.<br data-start=\"584\" data-end=\"587\" \/>\u00c0 <strong data-start=\"589\" data-end=\"600\">Telouet<\/strong>, d\u00e9couvrez l\u2019ancienne <strong data-start=\"623\" data-end=\"649\">Kasbah du Pacha Glaoui<\/strong>, un palais fortifi\u00e9 autrefois r\u00e9sidence d\u2019un des seigneurs les plus puissants du Maroc, riche en mosa\u00efques, plafonds sculpt\u00e9s et d\u00e9corations andalouses.<br data-start=\"802\" data-end=\"805\" \/>Poursuivez ensuite vers le site class\u00e9 au <strong data-start=\"847\" data-end=\"881\">patrimoine mondial de l\u2019UNESCO<\/strong>, la <strong data-start=\"886\" data-end=\"913\">Kasbah d\u2019A\u00eft Ben Haddou<\/strong>, c\u00e9l\u00e8bre pour son architecture en pis\u00e9 et pour avoir servi de d\u00e9cor \u00e0 de nombreux films internationaux tels que <em data-start=\"1026\" data-end=\"1037\">Gladiator<\/em> et <em data-start=\"1041\" data-end=\"1058\">Game of Thrones<\/em>.<br data-start=\"1059\" data-end=\"1062\" \/>Cette excursion est une immersion culturelle et historique exceptionnelle dans le sud marocain, id\u00e9ale pour les amateurs d\u2019histoire, d\u2019aventure et de paysages authentiques.<\/p>\n<hr data-start=\"1236\" data-end=\"1239\" \/>\n<h3 data-start=\"1241\" data-end=\"1266\">\ud83c\udf1f <strong data-start=\"1248\" data-end=\"1266\">Points forts :<\/strong><\/h3>\n<ul data-start=\"1267\" data-end=\"1721\">\n<li data-start=\"1267\" data-end=\"1359\">\n<p data-start=\"1269\" data-end=\"1359\">Traversez le <strong data-start=\"1282\" data-end=\"1306\">col de Tizi n\u2019Tichka<\/strong> et admirez les paysages spectaculaires de l\u2019Atlas.<\/p>\n<\/li>\n<li data-start=\"1360\" data-end=\"1448\">\n<p data-start=\"1362\" data-end=\"1448\">Visitez la <strong data-start=\"1373\" data-end=\"1409\">Kasbah du Pacha Glaoui \u00e0 Telouet<\/strong>, un bijou d\u2019architecture historique.<\/p>\n<\/li>\n<li data-start=\"1449\" data-end=\"1540\">\n<p data-start=\"1451\" data-end=\"1540\">Explorez la <strong data-start=\"1463\" data-end=\"1490\">Kasbah d\u2019A\u00eft Ben Haddou<\/strong>, class\u00e9e au <strong data-start=\"1503\" data-end=\"1537\">patrimoine mondial de l\u2019UNESCO<\/strong>.<\/p>\n<\/li>\n<li data-start=\"1541\" data-end=\"1627\">\n<p data-start=\"1543\" data-end=\"1627\">D\u00e9couvrez les <strong data-start=\"1557\" data-end=\"1592\">villages berb\u00e8res traditionnels<\/strong> et leur mode de vie authentique.<\/p>\n<\/li>\n<li data-start=\"1628\" data-end=\"1721\">\n<p data-start=\"1630\" data-end=\"1721\">Profitez d\u2019un <strong data-start=\"1644\" data-end=\"1672\">voyage guid\u00e9 confortable<\/strong> depuis Marrakech avec chauffeur professionnel.<\/p>\n<\/li>\n<\/ul>\n<hr data-start=\"1723\" data-end=\"1726\" \/>\n<h3 data-start=\"1728\" data-end=\"1763\">\u2139\ufe0f <strong data-start=\"1735\" data-end=\"1763\">Informations pratiques :<\/strong><\/h3>\n<ul data-start=\"1764\" data-end=\"2092\">\n<li data-start=\"1764\" data-end=\"1824\">\n<p data-start=\"1766\" data-end=\"1824\">\u23f1\ufe0f <strong data-start=\"1769\" data-end=\"1780\">Dur\u00e9e :<\/strong> Journ\u00e9e compl\u00e8te (environ 10 \u00e0 11 heures)<\/p>\n<\/li>\n<li data-start=\"1825\" data-end=\"1881\">\n<p data-start=\"1827\" data-end=\"1881\">\ud83d\ude97 <strong data-start=\"1830\" data-end=\"1842\">D\u00e9part :<\/strong> Depuis votre h\u00e9bergement \u00e0 Marrakech<\/p>\n<\/li>\n<li data-start=\"1882\" data-end=\"1935\">\n<p data-start=\"1884\" data-end=\"1935\">\ud83d\udc65 <strong data-start=\"1887\" data-end=\"1897\">Type :<\/strong> Excursion priv\u00e9e ou en petit groupe<\/p>\n<\/li>\n<li data-start=\"1936\" data-end=\"2017\">\n<p data-start=\"1938\" data-end=\"2017\">\ud83c\udf74 <strong data-start=\"1941\" data-end=\"1953\">Inclus :<\/strong> Transport climatis\u00e9, chauffeur-guide, arr\u00eat photos et visites<\/p>\n<\/li>\n<li data-start=\"2018\" data-end=\"2092\">\n<p data-start=\"2020\" data-end=\"2092\">\u274c <strong data-start=\"2022\" data-end=\"2038\">Non inclus :<\/strong> D\u00e9jeuner et frais d\u2019entr\u00e9e aux kasbahs (facultatif<\/p>\n<\/li>\n<\/ul>\n<table class=\"table table-bordered tours-tabs__table\" style=\"height: 233px;\" width=\"862\">\n<tbody>\n<tr>\n<td><strong>Inclus<\/strong><\/td>\n<td>\n<table class=\"table table-bordered\" style=\"height: 62px;\" width=\"300\">\n<tbody>\n<tr>\n<td><i class=\"fa fa-check icon-tick icon-tick--on\"><\/i>Transport avec chauffeur.<\/td>\n<\/tr>\n<tr>\n<td><i class=\"fa fa-check icon-tick icon-tick--on\"><\/i>Guide ou chauffeur professionnel.<\/td>\n<\/tr>\n<tr>\n<td><i class=\"fa fa-check icon-tick icon-tick--on\"><\/i>Carburant &amp; Climatisation.<\/td>\n<\/tr>\n<tr>\n<td><i class=\"fa fa-check icon-tick icon-tick--on\"><\/i>Taxe touristique &amp; Frais de stationnement.<\/td>\n<\/tr>\n<tr>\n<td><i class=\"fa fa-check icon-tick icon-tick--on\"><\/i>Guide local &amp; Frais d&#8217;entr\u00e9e aux monuments.<\/td>\n<\/tr>\n<\/tbody>\n<\/table>\n<\/td>\n<\/tr>\n<tr>\n<td><b>Non inclus<\/b><\/td>\n<td>\n<table class=\"table table-bordered\" style=\"height: 62px;\" width=\"300\">\n<tbody>\n<tr>\n<td><i class=\"fa fa-times icon-tick icon-tick--off\"><\/i>D\u00e9jeuner.<\/td>\n<\/tr>\n<tr>\n<td><i class=\"fa fa-times icon-tick icon-tick--off\"><\/i>Boissons.<\/td>\n<\/tr>\n<tr>\n<td><i class=\"fa fa-times icon-tick icon-tick--off\"><\/i>Pourboire.<\/td>\n<\/tr>\n<\/tbody>\n<\/table>\n<\/td>\n<\/tr>\n<\/tbody>\n<\/table>\n<p>[\/vc_column_text][\/vc_column][\/vc_row]<\/p>\n<\/div>","protected":false},"excerpt":{"rendered":"<p><strong data-start=\"56\" data-end=\"136\">L\u2019excursion d\u2019une journ\u00e9e \u00e0 Telouet et A\u00eft Ben Haddou au d\u00e9part de Marrakech<\/strong> vous emm\u00e8nera \u00e0 la d\u00e9couverte du sud-est du Maroc. Vous traverserez les majestueuses <strong data-start=\"222\" data-end=\"249\">montagnes du Haut Atlas<\/strong>, le c\u00e9l\u00e8bre <strong data-start=\"262\" data-end=\"286\" data-is-only-node=\"\">col du Tizi n\u2019Tichka<\/strong>, ainsi que de nombreux <strong data-start=\"310\" data-end=\"344\">villages berb\u00e8res pittoresques<\/strong>, avant de visiter <strong data-start=\"363\" data-end=\"388\">le village de Telouet<\/strong> et la magnifique <strong data-start=\"406\" data-end=\"433\">Kasbah d\u2019A\u00eft Ben Haddou.<\/strong><\/p>\n","protected":false},"featured_media":1880,"template":"","meta":[],"product_brand":[],"product_cat":[105],"product_tag":[911,947,919,944,949,946,948,943,945,920],"class_list":{"0":"post-2256","1":"product","2":"type-product","3":"status-publish","4":"has-post-thumbnail","6":"product_cat-excursions-depuis-marrakech","7":"product_tag-ait-ben-haddou","8":"product_tag-excursions-culturelles","9":"product_tag-haut-atlas","10":"product_tag-kasbah-du-pacha-glaoui","11":"product_tag-marrakech-excursions-fr","12":"product_tag-patrimoine-mondial-unesco","13":"product_tag-sud-du-maroc","14":"product_tag-telouet","15":"product_tag-tizi-ntichka","16":"product_tag-villages-berberes","17":"tour_category-excursions-a-partir-de-marrakech","19":"first","20":"instock","21":"shipping-taxable","22":"purchasable","23":"product-type-tour"},"_links":{"self":[{"href":"https:\/\/facetours.ma\/fr\/wp-json\/wp\/v2\/product\/2256","targetHints":{"allow":["GET"]}}],"collection":[{"href":"https:\/\/facetours.ma\/fr\/wp-json\/wp\/v2\/product"}],"about":[{"href":"https:\/\/facetours.ma\/fr\/wp-json\/wp\/v2\/types\/product"}],"wp:featuredmedia":[{"embeddable":true,"href":"https:\/\/facetours.ma\/fr\/wp-json\/wp\/v2\/media\/1880"}],"wp:attachment":[{"href":"https:\/\/facetours.ma\/fr\/wp-json\/wp\/v2\/media?parent=2256"}],"wp:term":[{"taxonomy":"product_brand","embeddable":true,"href":"https:\/\/facetours.ma\/fr\/wp-json\/wp\/v2\/product_brand?post=2256"},{"taxonomy":"product_cat","embeddable":true,"href":"https:\/\/facetours.ma\/fr\/wp-json\/wp\/v2\/product_cat?post=2256"},{"taxonomy":"product_tag","embeddable":true,"href":"https:\/\/facetours.ma\/fr\/wp-json\/wp\/v2\/product_tag?post=2256"}],"curies":[{"name":"wp","href":"https:\/\/api.w.org\/{rel}","templated":true}]}}