{"id":2254,"date":"2022-08-30T11:31:40","date_gmt":"2022-08-30T10:31:40","guid":{"rendered":"https:\/\/facetours.ma\/?post_type=product&#038;p=2254"},"modified":"2025-11-01T23:16:25","modified_gmt":"2025-11-01T22:16:25","slug":"excursion-casablanca-depuis-marrakech","status":"publish","type":"product","link":"https:\/\/facetours.ma\/fr\/meilleures-circuits-au-maroc\/excursion-casablanca-depuis-marrakech\/","title":{"rendered":"Excursion d\u2019une journ\u00e9e: Casablanca depuis Marrakech"},"content":{"rendered":"<div class=\"wpb-content-wrapper\"><p>[vc_row][vc_column][vc_column_text]<\/p>\n<p style=\"text-align: center;\"><strong>Excursion d\u2019une journ\u00e9e \u00e0 Casablanca depuis Marrakech<\/strong><\/p>\n<p data-start=\"68\" data-end=\"471\">Pour une <strong data-start=\"84\" data-end=\"135\">magnifique excursion d\u2019une journ\u00e9e \u00e0 Casablanca<\/strong> au d\u00e9part de Marrakech,vous d\u00e9couvrez la capitale \u00e9conomique du Maroc, une ville dynamique o\u00f9 modernit\u00e9 et tradition s\u2019entrem\u00ealent harmonieusement. Le trajet vous offrira de superbes vues sur les plaines fertiles et les villages marocains avant d\u2019arriver dans la <strong data-start=\"397\" data-end=\"430\">plus grande m\u00e9tropole du pays<\/strong>, situ\u00e9e sur les rives de l\u2019Atlantique.<\/p>\n<p data-start=\"473\" data-end=\"959\">Une fois sur place, votre visite commencera par la majestueuse <strong data-start=\"536\" data-end=\"557\">Mosqu\u00e9e Hassan II<\/strong>, symbole de la ville et chef-d\u2019\u0153uvre architectural du monde islamique, b\u00e2tie partiellement sur l\u2019eau. Vous admirerez sa tour de 210 m\u00e8tres, la plus haute du monde, et son incroyable salle de pri\u00e8re d\u00e9cor\u00e9e de zelliges, marbres et bois sculpt\u00e9s. Ensuite, vous d\u00e9couvrirez la <strong data-start=\"832\" data-end=\"852\">Place Mohammed V<\/strong>, c\u0153ur administratif et culturel de Casablanca, entour\u00e9e de b\u00e2timents d\u2019\u00e9poque \u00e0 l\u2019architecture art d\u00e9co.<\/p>\n<p data-start=\"961\" data-end=\"1332\">Votre excursion se poursuivra vers la <strong data-start=\"999\" data-end=\"1022\">Corniche d\u2019Ain Diab<\/strong>, c\u00e9l\u00e8bre pour ses plages, ses caf\u00e9s et son atmosph\u00e8re anim\u00e9e en bord de mer. Vous passerez \u00e9galement par le quartier hupp\u00e9 d\u2019<strong data-start=\"1148\" data-end=\"1156\">Anfa<\/strong>, symbole du Casablanca moderne, avant de visiter l\u2019\u00e9l\u00e9gant <strong data-start=\"1216\" data-end=\"1239\">quartier des Habous<\/strong>, connu pour son march\u00e9 artisanal, ses ruelles pittoresques et son ambiance traditionnelle.<\/p>\n<p data-start=\"1334\" data-end=\"1532\">Cette <strong data-start=\"1340\" data-end=\"1362\">excursion compl\u00e8te<\/strong> vous permettra de ressentir toute l\u2019\u00e9nergie et le charme cosmopolite de Casablanca, tout en profitant d\u2019un service confortable et professionnel au d\u00e9part de Marrakech.<\/p>\n<hr data-start=\"1534\" data-end=\"1537\" \/>\n<h3 data-start=\"1539\" data-end=\"1566\">\ud83c\udf1f <strong data-start=\"1546\" data-end=\"1564\">Points forts :<\/strong><\/h3>\n<ul data-start=\"1567\" data-end=\"1925\">\n<li data-start=\"1567\" data-end=\"1645\">\n<p data-start=\"1569\" data-end=\"1645\">Visitez la <strong data-start=\"1580\" data-end=\"1601\">Mosqu\u00e9e Hassan II<\/strong>, joyau architectural et embl\u00e8me du Maroc.<\/p>\n<\/li>\n<li data-start=\"1646\" data-end=\"1714\">\n<p data-start=\"1648\" data-end=\"1714\">D\u00e9couvrez la <strong data-start=\"1661\" data-end=\"1681\">Place Mohammed V<\/strong> et le <strong data-start=\"1688\" data-end=\"1711\">quartier des Habous<\/strong>.<\/p>\n<\/li>\n<li data-start=\"1715\" data-end=\"1775\">\n<p data-start=\"1717\" data-end=\"1775\">Profitez d\u2019une <strong data-start=\"1732\" data-end=\"1772\">promenade sur la Corniche d\u2019Ain Diab<\/strong>.<\/p>\n<\/li>\n<li data-start=\"1776\" data-end=\"1846\">\n<p data-start=\"1778\" data-end=\"1846\">Explorez le <strong data-start=\"1790\" data-end=\"1809\">quartier d\u2019Anfa<\/strong>, symbole de la Casablanca moderne.<\/p>\n<\/li>\n<li data-start=\"1847\" data-end=\"1925\">\n<p data-start=\"1849\" data-end=\"1925\">Transport confortable avec chauffeur professionnel au d\u00e9part de Marrakech.<\/p>\n<\/li>\n<\/ul>\n<hr data-start=\"1927\" data-end=\"1930\" \/>\n<h3 data-start=\"1932\" data-end=\"1969\">\u2139\ufe0f <strong data-start=\"1939\" data-end=\"1967\">Informations pratiques :<\/strong><\/h3>\n<ul data-start=\"1970\" data-end=\"2325\">\n<li data-start=\"1970\" data-end=\"2033\">\n<p data-start=\"1972\" data-end=\"2033\">\ud83d\udd50 <strong data-start=\"1975\" data-end=\"1986\">Dur\u00e9e :<\/strong> 1 journ\u00e9e compl\u00e8te (environ 10 \u00e0 12 heures).<\/p>\n<\/li>\n<li data-start=\"2034\" data-end=\"2093\">\n<p data-start=\"2036\" data-end=\"2093\">\ud83d\ude97 <strong data-start=\"2039\" data-end=\"2051\">D\u00e9part :<\/strong> depuis votre h\u00f4tel ou riad \u00e0 Marrakech.<\/p>\n<\/li>\n<li data-start=\"2094\" data-end=\"2165\">\n<p data-start=\"2096\" data-end=\"2165\">\ud83d\udc65 <strong data-start=\"2099\" data-end=\"2111\">Groupe :<\/strong> petit groupe ou excursion priv\u00e9e selon votre choix.<\/p>\n<\/li>\n<li data-start=\"2166\" data-end=\"2231\">\n<p data-start=\"2168\" data-end=\"2231\">\ud83d\udcac <strong data-start=\"2171\" data-end=\"2184\">Langues :<\/strong> guide parlant fran\u00e7ais, anglais ou espagnol.<\/p>\n<\/li>\n<li data-start=\"2232\" data-end=\"2325\">\n<p data-start=\"2234\" data-end=\"2325\">\ud83c\udf7d\ufe0f <strong data-start=\"2238\" data-end=\"2249\">Repas :<\/strong> d\u00e9jeuner libre ou organis\u00e9 sur demande dans un restaurant de bord de mer.<\/p>\n<\/li>\n<\/ul>\n<p data-start=\"2369\" data-end=\"2557\">\n<h3 data-start=\"2564\" data-end=\"2592\"><\/h3>\n<table class=\"table table-bordered tours-tabs__table\" style=\"height: 233px;\" width=\"862\">\n<tbody>\n<tr>\n<td><strong>Inclus<\/strong><\/td>\n<td>\n<table class=\"table table-bordered\" style=\"height: 62px;\" width=\"300\">\n<tbody>\n<tr>\n<td><i class=\"fa fa-check icon-tick icon-tick--on\"><\/i>Transport avec chauffeur.<\/td>\n<\/tr>\n<tr>\n<td><i class=\"fa fa-check icon-tick icon-tick--on\"><\/i>Guide ou chauffeur professionnel.<\/td>\n<\/tr>\n<tr>\n<td><i class=\"fa fa-check icon-tick icon-tick--on\"><\/i>Carburant &amp; Climatisation.<\/td>\n<\/tr>\n<tr>\n<td><i class=\"fa fa-check icon-tick icon-tick--on\"><\/i>Guide local &amp; Frais d&#8217;entr\u00e9e aux monuments.<\/td>\n<\/tr>\n<tr>\n<td><i class=\"fa fa-check icon-tick icon-tick--on\"><\/i>Taxe touristique &amp; Frais de stationnement.<\/td>\n<\/tr>\n<\/tbody>\n<\/table>\n<\/td>\n<\/tr>\n<tr>\n<td><b>Non inclus<\/b><\/td>\n<td>\n<table class=\"table table-bordered\" style=\"height: 62px;\" width=\"300\">\n<tbody>\n<tr>\n<td><i class=\"fa fa-times icon-tick icon-tick--off\"><\/i>D\u00e9jeuner.<\/td>\n<\/tr>\n<tr>\n<td><i class=\"fa fa-times icon-tick icon-tick--off\"><\/i>Boissons.<\/td>\n<\/tr>\n<tr>\n<td><i class=\"fa fa-times icon-tick icon-tick--off\"><\/i>Pourboire.<\/td>\n<\/tr>\n<\/tbody>\n<\/table>\n<\/td>\n<\/tr>\n<\/tbody>\n<\/table>\n<\/p><p>[\/vc_column_text][\/vc_column][\/vc_row]<\/p>\n<\/div>","protected":false},"excerpt":{"rendered":"<p>L&#8217;excursion d&#8217;une journ\u00e9e \u00e0 Casablanca au d\u00e9part de Marrakech vous permet de d\u00e9couvrir la majestueuse Mosqu\u00e9e Hassan II, la c\u00e9l\u00e8bre Corniche d&#8217;Ain Diab, la ville moderne d&#8217;Anfa et la Place Mohammed V, \u00e9galement connue sous le nom de Place des Pigeons.<\/p>\n","protected":false},"featured_media":1861,"template":"","meta":[],"product_brand":[],"product_cat":[105],"product_tag":[938,940,937,879,838,857,941,881,882,939,829,880,942],"class_list":{"0":"post-2254","1":"product","2":"type-product","3":"status-publish","4":"has-post-thumbnail","6":"product_cat-excursions-depuis-marrakech","7":"product_tag-ain-diab","8":"product_tag-anfa","9":"product_tag-casablanca-depuis-marrakech","10":"product_tag-excursion-casablanca","11":"product_tag-excursion-dune-journee","12":"product_tag-excursion-maroc","13":"product_tag-excursion-marrakech-casablanca","14":"product_tag-mosquee-hassan-ii","15":"product_tag-place-mohammed-v","16":"product_tag-quartier-des-habous","17":"product_tag-tourisme-maroc","18":"product_tag-visite-casablanca","19":"product_tag-voyage-culturel-maroc","20":"tour_category-excursions-a-partir-de-marrakech","22":"first","23":"instock","24":"shipping-taxable","25":"purchasable","26":"product-type-tour"},"_links":{"self":[{"href":"https:\/\/facetours.ma\/fr\/wp-json\/wp\/v2\/product\/2254","targetHints":{"allow":["GET"]}}],"collection":[{"href":"https:\/\/facetours.ma\/fr\/wp-json\/wp\/v2\/product"}],"about":[{"href":"https:\/\/facetours.ma\/fr\/wp-json\/wp\/v2\/types\/product"}],"wp:featuredmedia":[{"embeddable":true,"href":"https:\/\/facetours.ma\/fr\/wp-json\/wp\/v2\/media\/1861"}],"wp:attachment":[{"href":"https:\/\/facetours.ma\/fr\/wp-json\/wp\/v2\/media?parent=2254"}],"wp:term":[{"taxonomy":"product_brand","embeddable":true,"href":"https:\/\/facetours.ma\/fr\/wp-json\/wp\/v2\/product_brand?post=2254"},{"taxonomy":"product_cat","embeddable":true,"href":"https:\/\/facetours.ma\/fr\/wp-json\/wp\/v2\/product_cat?post=2254"},{"taxonomy":"product_tag","embeddable":true,"href":"https:\/\/facetours.ma\/fr\/wp-json\/wp\/v2\/product_tag?post=2254"}],"curies":[{"name":"wp","href":"https:\/\/api.w.org\/{rel}","templated":true}]}}