{"id":2252,"date":"2022-08-30T11:40:49","date_gmt":"2022-08-30T10:40:49","guid":{"rendered":"https:\/\/facetours.ma\/?post_type=product&#038;p=2252"},"modified":"2025-11-01T20:06:55","modified_gmt":"2025-11-01T19:06:55","slug":"excursions-ourika-depuis-marrakech","status":"publish","type":"product","link":"https:\/\/facetours.ma\/fr\/meilleures-circuits-au-maroc\/excursions-ourika-depuis-marrakech\/","title":{"rendered":"Excursions d\u2019une journ\u00e9e: vall\u00e9e de l&#8217;Ourika au depuis Marrakech"},"content":{"rendered":"<div class=\"wpb-content-wrapper\"><p>[vc_row][vc_column][vc_column_text]<\/p>\n<p style=\"text-align: center;\"><strong>Excursion d\u2019une journ\u00e9e : Vall\u00e9e de l\u2019Ourika depuis Marrakech<\/strong><\/p>\n<article class=\"text-token-text-primary w-full focus:outline-none [--shadow-height:45px] has-data-writing-block:pointer-events-none has-data-writing-block:-mt-(--shadow-height) has-data-writing-block:pt-(--shadow-height) [&amp;:has([data-writing-block])&gt;*]:pointer-events-auto [content-visibility:auto] supports-[content-visibility:auto]:[contain-intrinsic-size:auto_100lvh] scroll-mt-[calc(var(--header-height)+min(200px,max(70px,20svh)))]\" dir=\"auto\" tabindex=\"-1\" data-turn-id=\"request-69030ea9-8a48-8330-83bd-184260e7c375-28\" data-testid=\"conversation-turn-310\" data-scroll-anchor=\"false\" data-turn=\"assistant\">\n<div class=\"text-base my-auto mx-auto [--thread-content-margin:--spacing(4)] thread-sm:[--thread-content-margin:--spacing(6)] thread-lg:[--thread-content-margin:--spacing(16)] px-(--thread-content-margin)\">\n<div class=\"[--thread-content-max-width:40rem] thread-lg:[--thread-content-max-width:48rem] mx-auto max-w-(--thread-content-max-width) flex-1 group\/turn-messages focus-visible:outline-hidden relative flex w-full min-w-0 flex-col agent-turn\" tabindex=\"-1\">\n<div class=\"flex max-w-full flex-col grow\">\n<div class=\"min-h-8 text-message relative flex w-full flex-col items-end gap-2 text-start break-words whitespace-normal [.text-message+&amp;]:mt-1\" dir=\"auto\" data-message-author-role=\"assistant\" data-message-id=\"7596aa8f-c34c-415e-9287-6df8c06d5d2c\" data-message-model-slug=\"gpt-5-mini\">\n<div class=\"flex w-full flex-col gap-1 empty:hidden first:pt-[1px]\">\n<div class=\"markdown prose dark:prose-invert w-full break-words light markdown-new-styling\">\n<p data-start=\"245\" data-end=\"551\">Partez pour une <strong data-start=\"261\" data-end=\"300\">excursion d\u2019une journ\u00e9e inoubliable<\/strong> dans la <strong data-start=\"309\" data-end=\"331\">vall\u00e9e de l\u2019Ourika<\/strong>, au d\u00e9part de Marrakech. Situ\u00e9e au c\u0153ur des <strong data-start=\"376\" data-end=\"400\">montagnes de l\u2019Atlas<\/strong>, cette vall\u00e9e verdoyante est c\u00e9l\u00e8bre pour ses <strong data-start=\"447\" data-end=\"476\">cascades rafra\u00eechissantes<\/strong>, ses <strong data-start=\"482\" data-end=\"517\">villages berb\u00e8res traditionnels<\/strong> et ses paysages spectaculaires.<\/p>\n<p data-start=\"553\" data-end=\"856\" data-is-last-node=\"\" data-is-only-node=\"\">Lors de cette excursion, vous aurez l\u2019occasion de <strong data-start=\"603\" data-end=\"636\">visiter les villages berb\u00e8res<\/strong>, <strong data-start=\"638\" data-end=\"673\">rencontrer les habitants locaux<\/strong>, d\u00e9couvrir les <strong data-start=\"689\" data-end=\"716\">maisons traditionnelles<\/strong>, explorer les <strong data-start=\"731\" data-end=\"749\">march\u00e9s locaux<\/strong>, et randonner jusqu\u2019aux <strong data-start=\"774\" data-end=\"823\">magnifiques cascades de la vall\u00e9e de l\u2019Ourika<\/strong>. Cette journ\u00e9e combine **nature,<\/p>\n<p data-start=\"0\" data-end=\"325\">culture et aventure**, id\u00e9ale pour les <strong data-start=\"39\" data-end=\"81\">familles, couples et voyageurs en solo<\/strong>. Profitez d\u2019un <strong data-start=\"97\" data-end=\"128\">transport priv\u00e9 confortable<\/strong>, avec un chauffeur exp\u00e9riment\u00e9 parlant anglais ou fran\u00e7ais, et d\u00e9couvrez la <strong data-start=\"205\" data-end=\"260\">richesse du patrimoine naturel et culturel marocain<\/strong> tout en vous impr\u00e9gnant de l\u2019air pur des montagnes de l\u2019Atlas.<\/p>\n<hr data-start=\"327\" data-end=\"330\" \/>\n<h3 data-start=\"332\" data-end=\"356\"><strong data-start=\"336\" data-end=\"354\">Points forts :<\/strong><\/h3>\n<ul data-start=\"357\" data-end=\"659\">\n<li data-start=\"357\" data-end=\"407\">\n<p data-start=\"359\" data-end=\"407\">Visite des <strong data-start=\"370\" data-end=\"405\">villages berb\u00e8res traditionnels<\/strong><\/p>\n<\/li>\n<li data-start=\"408\" data-end=\"474\">\n<p data-start=\"410\" data-end=\"474\"><strong data-start=\"410\" data-end=\"434\">Cascades de l\u2019Ourika<\/strong> et paysages montagneux spectaculaires<\/p>\n<\/li>\n<li data-start=\"475\" data-end=\"542\">\n<p data-start=\"477\" data-end=\"542\"><strong data-start=\"477\" data-end=\"516\">Rencontre avec les habitants locaux<\/strong> et immersion culturelle<\/p>\n<\/li>\n<li data-start=\"543\" data-end=\"589\">\n<p data-start=\"545\" data-end=\"589\">D\u00e9couverte de la <strong data-start=\"562\" data-end=\"587\">faune et flore locale<\/strong><\/p>\n<\/li>\n<li data-start=\"590\" data-end=\"659\">\n<p data-start=\"592\" data-end=\"659\"><strong data-start=\"592\" data-end=\"634\">Transport priv\u00e9 et guide professionnel<\/strong> disponible sur demande<\/p>\n<\/li>\n<\/ul>\n<hr data-start=\"661\" data-end=\"664\" \/>\n<h3 data-start=\"666\" data-end=\"700\"><strong data-start=\"670\" data-end=\"698\">Informations pratiques :<\/strong><\/h3>\n<ul data-start=\"701\" data-end=\"988\">\n<li data-start=\"701\" data-end=\"733\">\n<p data-start=\"703\" data-end=\"733\"><strong data-start=\"703\" data-end=\"714\">Dur\u00e9e :<\/strong> environ 8 heures<\/p>\n<\/li>\n<li data-start=\"734\" data-end=\"789\">\n<p data-start=\"736\" data-end=\"789\"><strong data-start=\"736\" data-end=\"757\">Heure de d\u00e9part :<\/strong> t\u00f4t le matin depuis Marrakech<\/p>\n<\/li>\n<li data-start=\"790\" data-end=\"834\">\n<p data-start=\"792\" data-end=\"834\"><strong data-start=\"792\" data-end=\"807\">Transport :<\/strong> v\u00e9hicule priv\u00e9 climatis\u00e9<\/p>\n<\/li>\n<li data-start=\"835\" data-end=\"905\">\n<p data-start=\"837\" data-end=\"905\"><strong data-start=\"837\" data-end=\"848\">Repas :<\/strong> d\u00e9jeuner possible dans un restaurant local (optionnel)<\/p>\n<\/li>\n<li data-start=\"906\" data-end=\"988\">\n<p data-start=\"908\" data-end=\"988\"><strong data-start=\"908\" data-end=\"924\">\u00c0 emporter :<\/strong> chaussures de randonn\u00e9e, maillot de bain, appareil photo, eau<\/p>\n<\/li>\n<\/ul>\n<hr data-start=\"990\" data-end=\"993\" \/>\n<h3 data-start=\"995\" data-end=\"1029\"><\/h3>\n<\/div>\n<\/div>\n<\/div>\n<\/div>\n<\/div>\n<\/div>\n<\/article>\n<table class=\"table table-bordered tours-tabs__table\" style=\"height: 233px;\" width=\"862\">\n<tbody>\n<tr>\n<td><strong>Inclus<\/strong><\/td>\n<td>\n<table class=\"table table-bordered\" style=\"height: 62px;\" width=\"300\">\n<tbody>\n<tr>\n<td><i class=\"fa fa-check icon-tick icon-tick--on\"><\/i>Transport avec chauffeur.<\/td>\n<\/tr>\n<tr>\n<td><i class=\"fa fa-check icon-tick icon-tick--on\"><\/i>Guide ou chauffeur professionnel.<\/td>\n<\/tr>\n<tr>\n<td><i class=\"fa fa-check icon-tick icon-tick--on\"><\/i>Carburant &amp; Climatisation.<\/td>\n<\/tr>\n<tr>\n<td><i class=\"fa fa-check icon-tick icon-tick--on\"><\/i>Taxe touristique &amp; Frais de stationnement.<\/td>\n<\/tr>\n<\/tbody>\n<\/table>\n<\/td>\n<\/tr>\n<tr>\n<td><b>Non inclus<\/b><\/td>\n<td>\n<table class=\"table table-bordered\" style=\"height: 62px;\" width=\"300\">\n<tbody>\n<tr>\n<td><i class=\"fa fa-times icon-tick icon-tick--off\"><\/i>D\u00e9jeuner.<\/td>\n<\/tr>\n<tr>\n<td><i class=\"fa fa-times icon-tick icon-tick--off\"><\/i>Boissons.<\/td>\n<\/tr>\n<tr>\n<td><i class=\"fa fa-times icon-tick icon-tick--off\"><\/i>Pourboire.<\/td>\n<\/tr>\n<\/tbody>\n<\/table>\n<\/td>\n<\/tr>\n<\/tbody>\n<\/table>\n<p>[\/vc_column_text][\/vc_column][\/vc_row]<\/p>\n<\/div>","protected":false},"excerpt":{"rendered":"<p>D\u00e9couvrez la vall\u00e9e de l&#8217;Ourika lors d&#8217;une excursion d&#8217;une demi-journ\u00e9e au d\u00e9part de Marrakech, en explorant les majestueuses montagnes de l&#8217;Atlas, la vall\u00e9e pittoresque de l&#8217;Ourika et les c\u00e9l\u00e8bres cascades de Setti Fatma.<\/p>\n","protected":false},"featured_media":1527,"template":"","meta":[],"product_brand":[],"product_cat":[105],"product_tag":[932,899,934,936,933,935,931,920],"class_list":{"0":"post-2252","1":"product","2":"type-product","3":"status-publish","4":"has-post-thumbnail","6":"product_cat-excursions-depuis-marrakech","7":"product_tag-cascades-ourika","8":"product_tag-excursion-depuis-marrakech","9":"product_tag-excursion-nature-maroc","10":"product_tag-journee-montagne-atlas","11":"product_tag-randonnee-atlas","12":"product_tag-tour-culturel-marrakech","13":"product_tag-vallee-de-lourika","14":"product_tag-villages-berberes","15":"tour_category-excursions-a-partir-de-marrakech","17":"first","18":"instock","19":"shipping-taxable","20":"purchasable","21":"product-type-tour"},"_links":{"self":[{"href":"https:\/\/facetours.ma\/fr\/wp-json\/wp\/v2\/product\/2252","targetHints":{"allow":["GET"]}}],"collection":[{"href":"https:\/\/facetours.ma\/fr\/wp-json\/wp\/v2\/product"}],"about":[{"href":"https:\/\/facetours.ma\/fr\/wp-json\/wp\/v2\/types\/product"}],"wp:featuredmedia":[{"embeddable":true,"href":"https:\/\/facetours.ma\/fr\/wp-json\/wp\/v2\/media\/1527"}],"wp:attachment":[{"href":"https:\/\/facetours.ma\/fr\/wp-json\/wp\/v2\/media?parent=2252"}],"wp:term":[{"taxonomy":"product_brand","embeddable":true,"href":"https:\/\/facetours.ma\/fr\/wp-json\/wp\/v2\/product_brand?post=2252"},{"taxonomy":"product_cat","embeddable":true,"href":"https:\/\/facetours.ma\/fr\/wp-json\/wp\/v2\/product_cat?post=2252"},{"taxonomy":"product_tag","embeddable":true,"href":"https:\/\/facetours.ma\/fr\/wp-json\/wp\/v2\/product_tag?post=2252"}],"curies":[{"name":"wp","href":"https:\/\/api.w.org\/{rel}","templated":true}]}}