{"id":2248,"date":"2022-08-29T23:16:53","date_gmt":"2022-08-29T22:16:53","guid":{"rendered":"https:\/\/facetours.ma\/?post_type=product&#038;p=2248"},"modified":"2025-11-01T11:27:38","modified_gmt":"2025-11-01T10:27:38","slug":"casablanca-tour-de-ville","status":"publish","type":"product","link":"https:\/\/facetours.ma\/fr\/meilleures-circuits-au-maroc\/casablanca-tour-de-ville\/","title":{"rendered":"Casablanca: Tour de ville"},"content":{"rendered":"<div class=\"wpb-content-wrapper\"><p>[vc_row][vc_column][vc_column_text]<\/p>\n<p style=\"text-align: center;\"><strong>Visite guid\u00e9e de Casablanca \u2013 Entre modernit\u00e9 et h\u00e9ritage historique<\/strong><\/p>\n<p data-start=\"192\" data-end=\"584\">D\u00e9couvrez <strong data-start=\"202\" data-end=\"216\">Casablanca<\/strong>, la plus grande ville du Maroc et son centre \u00e9conomique vibrant, lors d\u2019une visite guid\u00e9e captivante \u00e0 travers ses monuments embl\u00e9matiques, ses quartiers historiques et ses zones modernes en plein essor. Cette excursion vous permettra de comprendre la dualit\u00e9 fascinante de cette m\u00e9tropole \u2014 \u00e0 la fois ancr\u00e9e dans ses traditions et r\u00e9solument tourn\u00e9e vers l\u2019avenir.<\/p>\n<p data-start=\"586\" data-end=\"1024\">Votre journ\u00e9e commencera par la <strong data-start=\"618\" data-end=\"664\">visite de la majestueuse Mosqu\u00e9e Hassan II<\/strong>, l\u2019une des plus grandes mosqu\u00e9es du monde, construite partiellement sur l\u2019oc\u00e9an Atlantique et ouverte aux visiteurs non musulmans \u2014 une exp\u00e9rience incontournable. Vous poursuivrez vers le <strong data-start=\"853\" data-end=\"872\">quartier Habous<\/strong>, un charmant m\u00e9lange d\u2019architecture arabe et coloniale, o\u00f9 vous d\u00e9couvrirez les souks, les librairies, et les p\u00e2tisseries traditionnelles marocaines.<\/p>\n<p data-start=\"1026\" data-end=\"1466\">Le circuit continue par la <strong data-start=\"1053\" data-end=\"1073\">Place Mohammed V<\/strong>, c\u0153ur administratif de la ville, entour\u00e9e de b\u00e2timents Art d\u00e9co et n\u00e9o-mauresques. Ensuite, une promenade sur la <strong data-start=\"1187\" data-end=\"1210\">Corniche d\u2019A\u00efn Diab<\/strong> vous offrira une vue panoramique sur l\u2019oc\u00e9an Atlantique, agr\u00e9ment\u00e9e de caf\u00e9s, restaurants et plages \u00e9l\u00e9gantes. Vous visiterez \u00e9galement le <strong data-start=\"1350\" data-end=\"1368\">March\u00e9 central<\/strong>, lieu incontournable pour d\u00e9couvrir les couleurs, les senteurs et les saveurs de la vie locale.<\/p>\n<p data-start=\"1468\" data-end=\"1831\">Enfin, la visite s\u2019ach\u00e8vera par un passage dans le <strong data-start=\"1519\" data-end=\"1546\">centre-ville historique<\/strong>, o\u00f9 les fa\u00e7ades blanches et les immeubles Art d\u00e9co rappellent le charme unique de Casablanca. Que vous soyez passionn\u00e9 d\u2019histoire, d\u2019architecture ou simplement curieux de d\u00e9couvrir une ville authentique, cette visite est une immersion compl\u00e8te dans le c\u0153ur battant du Maroc moderne.<\/p>\n<hr data-start=\"539\" data-end=\"542\" \/>\n<h3 data-start=\"544\" data-end=\"571\">\ud83c\udf1f <strong data-start=\"551\" data-end=\"569\">Points forts :<\/strong><\/h3>\n<ul data-start=\"572\" data-end=\"963\">\n<li data-start=\"572\" data-end=\"660\">\n<p data-start=\"574\" data-end=\"660\">Visitez la majestueuse <strong data-start=\"597\" data-end=\"618\">Mosqu\u00e9e Hassan II<\/strong>, chef-d&#8217;\u0153uvre d\u2019architecture islamique.<\/p>\n<\/li>\n<li data-start=\"661\" data-end=\"756\">\n<p data-start=\"663\" data-end=\"756\">D\u00e9couvrez le <strong data-start=\"676\" data-end=\"694\">march\u00e9 central<\/strong> et le <strong data-start=\"701\" data-end=\"720\">quartier Habous<\/strong>, symbole de l\u2019artisanat marocain.<\/p>\n<\/li>\n<li data-start=\"757\" data-end=\"863\">\n<p data-start=\"759\" data-end=\"863\">Promenez-vous sur la <strong data-start=\"780\" data-end=\"803\">Corniche d\u2019A\u00efn Diab<\/strong> et profitez d\u2019une vue panoramique sur l\u2019oc\u00e9an Atlantique.<\/p>\n<\/li>\n<li data-start=\"864\" data-end=\"963\">\n<p data-start=\"866\" data-end=\"963\">Explorez le <strong data-start=\"878\" data-end=\"903\">centre-ville Art d\u00e9co<\/strong>, reflet de l\u2019histoire coloniale et moderne de Casablanca.<\/p>\n<\/li>\n<\/ul>\n<hr data-start=\"965\" data-end=\"968\" \/>\n<h3 data-start=\"970\" data-end=\"1007\">\u2139\ufe0f <strong data-start=\"977\" data-end=\"1005\">Informations pratiques :<\/strong><\/h3>\n<ul data-start=\"1008\" data-end=\"1322\">\n<li data-start=\"1008\" data-end=\"1059\">\n<p data-start=\"1010\" data-end=\"1059\">\ud83d\udccd <strong data-start=\"1013\" data-end=\"1025\">D\u00e9part :<\/strong> Depuis votre h\u00f4tel \u00e0 Casablanca<\/p>\n<\/li>\n<li data-start=\"1060\" data-end=\"1111\">\n<p data-start=\"1062\" data-end=\"1111\">\u23f1\ufe0f <strong data-start=\"1065\" data-end=\"1076\">Dur\u00e9e :<\/strong> Demi-journ\u00e9e ou journ\u00e9e compl\u00e8te<\/p>\n<\/li>\n<li data-start=\"1112\" data-end=\"1182\">\n<p data-start=\"1114\" data-end=\"1182\">\ud83d\ude97 <strong data-start=\"1117\" data-end=\"1132\">Transport :<\/strong> V\u00e9hicule climatis\u00e9 avec chauffeur professionnel<\/p>\n<\/li>\n<li data-start=\"1183\" data-end=\"1247\">\n<p data-start=\"1185\" data-end=\"1247\">\ud83d\udde3\ufe0f <strong data-start=\"1189\" data-end=\"1201\">Langue :<\/strong> Guide parlant fran\u00e7ais, anglais ou espagnol<\/p>\n<\/li>\n<li data-start=\"1248\" data-end=\"1322\">\n<p data-start=\"1250\" data-end=\"1322\">\u2705 <strong data-start=\"1252\" data-end=\"1264\">Inclus :<\/strong> Transfert, guide local, visite des monuments principaux.<\/p>\n<\/li>\n<\/ul>\n<table class=\"table table-bordered tours-tabs__table\" style=\"height: 233px;\" width=\"862\">\n<tbody>\n<tr>\n<td><strong>Inclus<\/strong><\/td>\n<td>\n<table class=\"table table-bordered\" style=\"height: 62px;\" width=\"300\">\n<tbody>\n<tr>\n<td><i class=\"fa fa-check icon-tick icon-tick--on\"><\/i>Transport avec chauffeur.<\/td>\n<\/tr>\n<tr>\n<td><i class=\"fa fa-check icon-tick icon-tick--on\"><\/i>Guide ou chauffeur professionnel.<\/td>\n<\/tr>\n<tr>\n<td><i class=\"fa fa-check icon-tick icon-tick--on\"><\/i>Carburant &amp; Climatisation.<\/td>\n<\/tr>\n<tr>\n<td><i class=\"fa fa-check icon-tick icon-tick--on\"><\/i>Guide local &amp; Frais d&#8217;entr\u00e9e aux monuments.<\/td>\n<\/tr>\n<tr>\n<td><i class=\"fa fa-check icon-tick icon-tick--on\"><\/i>Taxe touristique &amp; Frais de stationnement.<\/td>\n<\/tr>\n<\/tbody>\n<\/table>\n<\/td>\n<\/tr>\n<tr>\n<td><b>Non inclus<\/b><\/td>\n<td>\n<table class=\"table table-bordered\" style=\"height: 62px;\" width=\"300\">\n<tbody>\n<tr>\n<td><i class=\"fa fa-times icon-tick icon-tick--off\"><\/i>D\u00e9jeuner.<\/td>\n<\/tr>\n<tr>\n<td><i class=\"fa fa-times icon-tick icon-tick--off\"><\/i>Boissons.<\/td>\n<\/tr>\n<tr>\n<td><i class=\"fa fa-times icon-tick icon-tick--off\"><\/i>Pourboire.<\/td>\n<\/tr>\n<\/tbody>\n<\/table>\n<\/td>\n<\/tr>\n<\/tbody>\n<\/table>\n<p>[\/vc_column_text][\/vc_column][\/vc_row]<\/p>\n<\/div>","protected":false},"excerpt":{"rendered":"<p>La ville de Casablanca est une destination fascinante, avec ses monuments embl\u00e9matiques tels que la mosqu\u00e9e Hassan II, la corniche d\u2019Ain Diab, la place Mohammed V et l\u2019\u00e9l\u00e9gant quartier des Habous.<\/p>\n","protected":false},"featured_media":1415,"template":"","meta":[],"product_brand":[],"product_cat":[103],"product_tag":[],"class_list":{"0":"post-2248","1":"product","2":"type-product","3":"status-publish","4":"has-post-thumbnail","6":"product_cat-excursions-a-partir-casablanca","7":"tour_category-excursions-a-partir-casablanca","9":"first","10":"instock","11":"shipping-taxable","12":"purchasable","13":"product-type-tour"},"_links":{"self":[{"href":"https:\/\/facetours.ma\/fr\/wp-json\/wp\/v2\/product\/2248","targetHints":{"allow":["GET"]}}],"collection":[{"href":"https:\/\/facetours.ma\/fr\/wp-json\/wp\/v2\/product"}],"about":[{"href":"https:\/\/facetours.ma\/fr\/wp-json\/wp\/v2\/types\/product"}],"wp:featuredmedia":[{"embeddable":true,"href":"https:\/\/facetours.ma\/fr\/wp-json\/wp\/v2\/media\/1415"}],"wp:attachment":[{"href":"https:\/\/facetours.ma\/fr\/wp-json\/wp\/v2\/media?parent=2248"}],"wp:term":[{"taxonomy":"product_brand","embeddable":true,"href":"https:\/\/facetours.ma\/fr\/wp-json\/wp\/v2\/product_brand?post=2248"},{"taxonomy":"product_cat","embeddable":true,"href":"https:\/\/facetours.ma\/fr\/wp-json\/wp\/v2\/product_cat?post=2248"},{"taxonomy":"product_tag","embeddable":true,"href":"https:\/\/facetours.ma\/fr\/wp-json\/wp\/v2\/product_tag?post=2248"}],"curies":[{"name":"wp","href":"https:\/\/api.w.org\/{rel}","templated":true}]}}