{"id":2247,"date":"2022-08-29T23:31:55","date_gmt":"2022-08-29T22:31:55","guid":{"rendered":"https:\/\/facetours.ma\/?post_type=product&#038;p=2247"},"modified":"2025-11-01T11:36:01","modified_gmt":"2025-11-01T10:36:01","slug":"excursions-marrakech-depuis-casablanca","status":"publish","type":"product","link":"https:\/\/facetours.ma\/fr\/meilleures-circuits-au-maroc\/excursions-marrakech-depuis-casablanca\/","title":{"rendered":"Excursions d\u2019une journ\u00e9e: Marrakech au d\u00e9part de Casablanca"},"content":{"rendered":"<div class=\"wpb-content-wrapper\"><p>[vc_row][vc_column][vc_column_text]<\/p>\n<p style=\"text-align: center;\"><strong>Excursion d\u2019une journ\u00e9e \u00e0 Marrakech depuis Casablanca<\/strong><\/p>\n<p data-start=\"136\" data-end=\"498\">Partez pour une <strong data-start=\"152\" data-end=\"218\">excursion d\u2019une journ\u00e9e compl\u00e8te \u00e0 Marrakech depuis Casablanca<\/strong> et plongez au c\u0153ur de la c\u00e9l\u00e8bre ville rouge, embl\u00e8me de la culture et de l\u2019histoire du Maroc. Cette visite vous permet de d\u00e9couvrir les <strong data-start=\"356\" data-end=\"403\">sites historiques et architecturaux majeurs<\/strong> de Marrakech, tout en profitant du confort d\u2019un transport priv\u00e9 climatis\u00e9 depuis Casablanca.<\/p>\n<p data-start=\"500\" data-end=\"936\">Commencez la journ\u00e9e par la visite de la <strong data-start=\"541\" data-end=\"562\">mosqu\u00e9e Koutoubia<\/strong>, symbole embl\u00e9matique de Marrakech et de l\u2019art architectural marocain. Ensuite, explorez le <strong data-start=\"655\" data-end=\"677\">Palais de la Bahia<\/strong>, un chef-d\u2019\u0153uvre de l\u2019architecture arabo-andalouse, puis les <strong data-start=\"739\" data-end=\"760\">Tombeaux Saadiens<\/strong>, t\u00e9moins fascinants de la dynastie sa\u00e2dienne. Ne manquez pas <strong data-start=\"822\" data-end=\"838\">Dar El Bacha<\/strong>, un ancien palais qui offre un aper\u00e7u de la vie royale et de l\u2019artisanat traditionnel marocain.<\/p>\n<p data-start=\"938\" data-end=\"1354\">Apr\u00e8s ces d\u00e9couvertes historiques, fl\u00e2nez dans la <strong data-start=\"988\" data-end=\"1005\">m\u00e9dina anim\u00e9e<\/strong>, ses souks color\u00e9s et ses ruelles pittoresques, o\u00f9 vous pourrez observer l\u2019artisanat local, les \u00e9pices, les bijoux et les textiles traditionnels. La visite se termine sur la <strong data-start=\"1180\" data-end=\"1202\">place Jemaa el-Fna<\/strong>, c\u0153ur vibrant de Marrakech, o\u00f9 artistes de rue, charmeurs de serpents, musiciens et marchands se rencontrent dans une ambiance unique et authentique.<\/p>\n<p data-start=\"1356\" data-end=\"1648\">Cette excursion d\u2019une journ\u00e9e combine <strong data-start=\"1394\" data-end=\"1447\">culture, histoire et immersion dans la vie locale<\/strong>, tout en garantissant confort et s\u00e9curit\u00e9 gr\u00e2ce \u00e0 un transport priv\u00e9 et un guide exp\u00e9riment\u00e9. C\u2019est l\u2019occasion id\u00e9ale de d\u00e9couvrir <strong data-start=\"1579\" data-end=\"1605\">l\u2019essence de Marrakech<\/strong> en une seule journ\u00e9e, depuis Casablanca.<\/p>\n<p data-start=\"746\" data-end=\"766\"><strong data-start=\"746\" data-end=\"764\">Points forts :<\/strong><\/p>\n<ul data-start=\"767\" data-end=\"1018\">\n<li data-start=\"767\" data-end=\"832\">\n<p data-start=\"769\" data-end=\"832\">Visite des monuments historiques incontournables de Marrakech<\/p>\n<\/li>\n<li data-start=\"833\" data-end=\"888\">\n<p data-start=\"835\" data-end=\"888\">Exploration de la m\u00e9dina et des souks traditionnels<\/p>\n<\/li>\n<li data-start=\"889\" data-end=\"946\">\n<p data-start=\"891\" data-end=\"946\">D\u00e9couverte de la culture et des traditions marocaines<\/p>\n<\/li>\n<li data-start=\"947\" data-end=\"1018\">\n<p data-start=\"949\" data-end=\"1018\">Excursion guid\u00e9e avec transport priv\u00e9 confortable depuis Casablanca<\/p>\n<\/li>\n<\/ul>\n<p data-start=\"1020\" data-end=\"1050\"><strong data-start=\"1020\" data-end=\"1048\">Informations pratiques :<\/strong><\/p>\n<ul data-start=\"1051\" data-end=\"1284\">\n<li data-start=\"1051\" data-end=\"1098\">\n<p data-start=\"1053\" data-end=\"1098\">D\u00e9part : Casablanca (h\u00f4tel ou lieu convenu)<\/p>\n<\/li>\n<li data-start=\"1099\" data-end=\"1128\">\n<p data-start=\"1101\" data-end=\"1128\">Dur\u00e9e : Environ 12 heures<\/p>\n<\/li>\n<li data-start=\"1129\" data-end=\"1169\">\n<p data-start=\"1131\" data-end=\"1169\">Transport : V\u00e9hicule priv\u00e9 climatis\u00e9<\/p>\n<\/li>\n<li data-start=\"1170\" data-end=\"1204\">\n<p data-start=\"1172\" data-end=\"1204\">Disponibilit\u00e9 : Tous les jours<\/p>\n<\/li>\n<li data-start=\"1205\" data-end=\"1284\">\n<p data-start=\"1207\" data-end=\"1284\">Inclus : Transport aller-retour, guide, frais d\u2019entr\u00e9e aux sites principaux.<\/p>\n<\/li>\n<\/ul>\n<table class=\"table table-bordered tours-tabs__table\" style=\"height: 233px;\" width=\"862\">\n<tbody>\n<tr>\n<td><strong>Inclus<\/strong><\/td>\n<td>\n<table class=\"table table-bordered\" style=\"height: 62px;\" width=\"300\">\n<tbody>\n<tr>\n<td><i class=\"fa fa-check icon-tick icon-tick--on\"><\/i>Transport avec chauffeur.<\/td>\n<\/tr>\n<tr>\n<td><i class=\"fa fa-check icon-tick icon-tick--on\"><\/i>Guide ou chauffeur professionnel.<\/td>\n<\/tr>\n<tr>\n<td><i class=\"fa fa-check icon-tick icon-tick--on\"><\/i>Guide local et frais d&#8217;entr\u00e9e aux monuments.<\/td>\n<\/tr>\n<tr>\n<td><i class=\"fa fa-check icon-tick icon-tick--on\"><\/i>Carburant &amp; Climatisation.<\/td>\n<\/tr>\n<tr>\n<td><i class=\"fa fa-check icon-tick icon-tick--on\"><\/i>Taxe touristique &amp; Frais de stationnement.<\/td>\n<\/tr>\n<\/tbody>\n<\/table>\n<\/td>\n<\/tr>\n<tr>\n<td><b>Non inclus<\/b><\/td>\n<td>\n<table class=\"table table-bordered\" style=\"height: 62px;\" width=\"300\">\n<tbody>\n<tr>\n<td><i class=\"fa fa-times icon-tick icon-tick--off\"><\/i>D\u00e9jeuner.<\/td>\n<\/tr>\n<tr>\n<td><i class=\"fa fa-times icon-tick icon-tick--off\"><\/i>Boissons.<\/td>\n<\/tr>\n<tr>\n<td><i class=\"fa fa-times icon-tick icon-tick--off\"><\/i>Pourboire.<\/td>\n<\/tr>\n<\/tbody>\n<\/table>\n<\/td>\n<\/tr>\n<\/tbody>\n<\/table>\n<p>[\/vc_column_text][\/vc_column][\/vc_row]<\/p>\n<\/div>","protected":false},"excerpt":{"rendered":"<p>R\u00e9servez et profitez d\u2019une <strong data-start=\"92\" data-end=\"149\">excursion d\u2019une journ\u00e9e \u00e0 Marrakech depuis Casablanca<\/strong> pour explorer l\u2019une des destinations les plus embl\u00e9matiques du Maroc. D\u00e9couvrez la <strong data-start=\"233\" data-end=\"254\">mosqu\u00e9e Koutoubia<\/strong>, les <strong data-start=\"260\" data-end=\"281\">Tombeaux Saadiens<\/strong>, le <strong data-start=\"286\" data-end=\"308\">Palais de la Bahia<\/strong>, <strong data-start=\"310\" data-end=\"326\">Dar El Bacha<\/strong>, ainsi que la c\u00e9l\u00e8bre <strong data-start=\"349\" data-end=\"371\">place Jemaa el-Fna<\/strong>, avec ses <strong data-start=\"382\" data-end=\"453\">charmeurs de serpents, artistes de rue, cracheurs de feu, acrobates<\/strong> et <strong data-start=\"457\" data-end=\"478\">vendeurs d\u2019herbes<\/strong>.<\/p>\n","protected":false},"featured_media":1609,"template":"","meta":[],"product_brand":[],"product_cat":[103],"product_tag":[],"class_list":{"0":"post-2247","1":"product","2":"type-product","3":"status-publish","4":"has-post-thumbnail","6":"product_cat-excursions-a-partir-casablanca","7":"tour_category-excursions-a-partir-casablanca","9":"first","10":"instock","11":"shipping-taxable","12":"purchasable","13":"product-type-tour"},"_links":{"self":[{"href":"https:\/\/facetours.ma\/fr\/wp-json\/wp\/v2\/product\/2247","targetHints":{"allow":["GET"]}}],"collection":[{"href":"https:\/\/facetours.ma\/fr\/wp-json\/wp\/v2\/product"}],"about":[{"href":"https:\/\/facetours.ma\/fr\/wp-json\/wp\/v2\/types\/product"}],"wp:featuredmedia":[{"embeddable":true,"href":"https:\/\/facetours.ma\/fr\/wp-json\/wp\/v2\/media\/1609"}],"wp:attachment":[{"href":"https:\/\/facetours.ma\/fr\/wp-json\/wp\/v2\/media?parent=2247"}],"wp:term":[{"taxonomy":"product_brand","embeddable":true,"href":"https:\/\/facetours.ma\/fr\/wp-json\/wp\/v2\/product_brand?post=2247"},{"taxonomy":"product_cat","embeddable":true,"href":"https:\/\/facetours.ma\/fr\/wp-json\/wp\/v2\/product_cat?post=2247"},{"taxonomy":"product_tag","embeddable":true,"href":"https:\/\/facetours.ma\/fr\/wp-json\/wp\/v2\/product_tag?post=2247"}],"curies":[{"name":"wp","href":"https:\/\/api.w.org\/{rel}","templated":true}]}}