{"id":2245,"date":"2022-08-29T23:37:17","date_gmt":"2022-08-29T22:37:17","guid":{"rendered":"https:\/\/facetours.ma\/?post_type=product&#038;p=2245"},"modified":"2025-11-01T11:43:05","modified_gmt":"2025-11-01T10:43:05","slug":"excursions-rabat-depuis-casablanca","status":"publish","type":"product","link":"https:\/\/facetours.ma\/fr\/meilleures-circuits-au-maroc\/excursions-rabat-depuis-casablanca\/","title":{"rendered":"Excursions d\u2019une journ\u00e9e: Rabat au d\u00e9part de Casablanca"},"content":{"rendered":"<div class=\"wpb-content-wrapper\"><p>[vc_row][vc_column][vc_column_text]<\/p>\n<p style=\"text-align: center;\"><strong>Excursion d\u2019une journ\u00e9e \u00e0 Rabat depuis Casablanca : d\u00e9couvrez la capitale royale du Maroc<\/strong><\/p>\n<p data-start=\"231\" data-end=\"544\">Partez pour une <strong data-start=\"247\" data-end=\"300\">excursion d\u2019une journ\u00e9e \u00e0 Rabat depuis Casablanca<\/strong> et explorez la beaut\u00e9 et l\u2019histoire de la capitale royale du Maroc. Cette excursion vous permettra de d\u00e9couvrir les principaux sites touristiques de Rabat, combinant patrimoine culturel, architecture impressionnante et paysages pittoresques.<\/p>\n<p data-start=\"546\" data-end=\"1044\">Lors de cette journ\u00e9e, vous visiterez <strong data-start=\"584\" data-end=\"609\">la Kasbah des Oudayas<\/strong>, un ancien fort aux ruelles pittoresques et jardins tranquilles, offrant une vue spectaculaire sur l\u2019oc\u00e9an Atlantique. Ensuite, explorez <strong data-start=\"747\" data-end=\"765\">la Tour Hassan<\/strong>, symbole embl\u00e9matique de Rabat, et <strong data-start=\"801\" data-end=\"827\">le Mausol\u00e9e Mohammed V<\/strong>, magnifique \u00e9difice abritant les tombeaux royaux. Vous pourrez \u00e9galement d\u00e9couvrir la <strong data-start=\"914\" data-end=\"931\">ville moderne<\/strong>, fl\u00e2ner dans ses avenues \u00e9l\u00e9gantes et admirer l\u2019allure du quartier administratif et ses monuments historiques.<\/p>\n<p data-start=\"1046\" data-end=\"1194\">Cette excursion combine culture, histoire et d\u00e9tente, offrant un aper\u00e7u complet de <strong data-start=\"1129\" data-end=\"1154\">la capitale marocaine<\/strong> en une seule journ\u00e9e depuis Casablanca.<\/p>\n<h3 data-start=\"1196\" data-end=\"1214\">Points forts :<\/h3>\n<ul data-start=\"1215\" data-end=\"1563\">\n<li data-start=\"1215\" data-end=\"1287\">\n<p data-start=\"1217\" data-end=\"1287\">D\u00e9couverte de <strong data-start=\"1231\" data-end=\"1256\">la Kasbah des Oudayas<\/strong> et ses jardins traditionnels<\/p>\n<\/li>\n<li data-start=\"1288\" data-end=\"1350\">\n<p data-start=\"1290\" data-end=\"1350\">Visite de la <strong data-start=\"1303\" data-end=\"1318\">Tour Hassan<\/strong> et du <strong data-start=\"1325\" data-end=\"1348\">Mausol\u00e9e Mohammed V<\/strong><\/p>\n<\/li>\n<li data-start=\"1351\" data-end=\"1422\">\n<p data-start=\"1353\" data-end=\"1422\">Exploration du centre-ville moderne et de ses monuments historiques<\/p>\n<\/li>\n<li data-start=\"1423\" data-end=\"1507\">\n<p data-start=\"1425\" data-end=\"1507\">Excursion priv\u00e9e ou en petit groupe, adapt\u00e9e aux familles et aux voyageurs seuls<\/p>\n<\/li>\n<li data-start=\"1508\" data-end=\"1563\">\n<p data-start=\"1510\" data-end=\"1563\">Transport confortable et s\u00e9curis\u00e9 depuis Casablanca<\/p>\n<\/li>\n<\/ul>\n<h3 data-start=\"1565\" data-end=\"1593\">Informations pratiques :<\/h3>\n<ul data-start=\"1594\" data-end=\"1849\">\n<li data-start=\"1594\" data-end=\"1630\">\n<p data-start=\"1596\" data-end=\"1630\"><strong data-start=\"1596\" data-end=\"1605\">Dur\u00e9e<\/strong> : environ 8 \u00e0 9 heures<\/p>\n<\/li>\n<li data-start=\"1631\" data-end=\"1702\">\n<p data-start=\"1633\" data-end=\"1702\"><strong data-start=\"1633\" data-end=\"1643\">D\u00e9part<\/strong> : Casablanca (h\u00f4tel, riad ou point de rencontre central)<\/p>\n<\/li>\n<li data-start=\"1703\" data-end=\"1747\">\n<p data-start=\"1705\" data-end=\"1747\"><strong data-start=\"1705\" data-end=\"1718\">Transport<\/strong> : v\u00e9hicule priv\u00e9 climatis\u00e9<\/p>\n<\/li>\n<li data-start=\"1748\" data-end=\"1793\">\n<p data-start=\"1750\" data-end=\"1793\"><strong data-start=\"1750\" data-end=\"1769\">Langue du guide<\/strong> : fran\u00e7ais ou anglais<\/p>\n<\/li>\n<li data-start=\"1794\" data-end=\"1849\">\n<p data-start=\"1796\" data-end=\"1849\"><strong data-start=\"1796\" data-end=\"1813\">Disponibilit\u00e9<\/strong> : tous les jours, sur r\u00e9servation<\/p>\n<\/li>\n<\/ul>\n<h3 data-start=\"1851\" data-end=\"1890\"><\/h3>\n<table class=\"table table-bordered tours-tabs__table\" style=\"height: 233px;\" width=\"862\">\n<tbody>\n<tr>\n<td><strong>Inclus<\/strong><\/td>\n<td>\n<table class=\"table table-bordered\" style=\"height: 62px;\" width=\"300\">\n<tbody>\n<tr>\n<td><i class=\"fa fa-check icon-tick icon-tick--on\"><\/i>Transport avec chauffeur.<\/td>\n<\/tr>\n<tr>\n<td><i class=\"fa fa-check icon-tick icon-tick--on\"><\/i>Guide ou chauffeur professionnel.<\/td>\n<\/tr>\n<tr>\n<td><i class=\"fa fa-check icon-tick icon-tick--on\"><\/i>Carburant &amp; Climatisation.<\/td>\n<\/tr>\n<tr>\n<td><i class=\"fa fa-check icon-tick icon-tick--on\"><\/i>Guide local &amp; Frais d&#8217;entr\u00e9e aux monuments.<\/td>\n<\/tr>\n<tr>\n<td><i class=\"fa fa-check icon-tick icon-tick--on\"><\/i>Taxe touristique &amp; Frais de stationnement.<\/td>\n<\/tr>\n<\/tbody>\n<\/table>\n<\/td>\n<\/tr>\n<tr>\n<td><b>Non inclus<\/b><\/td>\n<td>\n<table class=\"table table-bordered\" style=\"height: 62px;\" width=\"300\">\n<tbody>\n<tr>\n<td><i class=\"fa fa-times icon-tick icon-tick--off\"><\/i>D\u00e9jeuner.<\/td>\n<\/tr>\n<tr>\n<td><i class=\"fa fa-times icon-tick icon-tick--off\"><\/i>Boissons.<\/td>\n<\/tr>\n<tr>\n<td><i class=\"fa fa-times icon-tick icon-tick--off\"><\/i>Pourboire.<\/td>\n<\/tr>\n<\/tbody>\n<\/table>\n<\/td>\n<\/tr>\n<\/tbody>\n<\/table>\n<p>[\/vc_column_text][\/vc_column][\/vc_row]<\/p>\n<\/div>","protected":false},"excerpt":{"rendered":"<p>Depuis Casablanca, profitez d&#8217;une excursion d&#8217;une journ\u00e9e \u00e0 Rabat, la ville lumi\u00e8re, pour d\u00e9couvrir la capitale du Royaume du Maroc et visiter ses monuments historiques : la Chellah, la Kasbah des Oudayas, le Mausol\u00e9e Mohammed V et la Tour Hassan.<\/p>\n","protected":false},"featured_media":1534,"template":"","meta":[],"product_brand":[],"product_cat":[103],"product_tag":[],"class_list":{"0":"post-2245","1":"product","2":"type-product","3":"status-publish","4":"has-post-thumbnail","6":"product_cat-excursions-a-partir-casablanca","7":"tour_category-excursions-a-partir-casablanca","9":"first","10":"instock","11":"shipping-taxable","12":"purchasable","13":"product-type-tour"},"_links":{"self":[{"href":"https:\/\/facetours.ma\/fr\/wp-json\/wp\/v2\/product\/2245","targetHints":{"allow":["GET"]}}],"collection":[{"href":"https:\/\/facetours.ma\/fr\/wp-json\/wp\/v2\/product"}],"about":[{"href":"https:\/\/facetours.ma\/fr\/wp-json\/wp\/v2\/types\/product"}],"wp:featuredmedia":[{"embeddable":true,"href":"https:\/\/facetours.ma\/fr\/wp-json\/wp\/v2\/media\/1534"}],"wp:attachment":[{"href":"https:\/\/facetours.ma\/fr\/wp-json\/wp\/v2\/media?parent=2245"}],"wp:term":[{"taxonomy":"product_brand","embeddable":true,"href":"https:\/\/facetours.ma\/fr\/wp-json\/wp\/v2\/product_brand?post=2245"},{"taxonomy":"product_cat","embeddable":true,"href":"https:\/\/facetours.ma\/fr\/wp-json\/wp\/v2\/product_cat?post=2245"},{"taxonomy":"product_tag","embeddable":true,"href":"https:\/\/facetours.ma\/fr\/wp-json\/wp\/v2\/product_tag?post=2245"}],"curies":[{"name":"wp","href":"https:\/\/api.w.org\/{rel}","templated":true}]}}