{"id":2243,"date":"2022-08-29T23:45:54","date_gmt":"2022-08-29T22:45:54","guid":{"rendered":"https:\/\/facetours.ma\/?post_type=product&#038;p=2243"},"modified":"2025-11-01T11:18:02","modified_gmt":"2025-11-01T10:18:02","slug":"excursions-chefchaouen-depuis-casablanca","status":"publish","type":"product","link":"https:\/\/facetours.ma\/fr\/meilleures-circuits-au-maroc\/excursions-chefchaouen-depuis-casablanca\/","title":{"rendered":"Excursions d\u2019une journ\u00e9e: Chefchaouen au d\u00e9part de Casablanca"},"content":{"rendered":"<div class=\"wpb-content-wrapper\"><p>[vc_row][vc_column][vc_column_text]<\/p>\n<p style=\"text-align: center;\"><strong>Excursion d\u2019une journ\u00e9e : Chefchaouen au d\u00e9part de Casablanca<\/strong><\/p>\n<p data-start=\"130\" data-end=\"989\">Partez pour une <strong data-start=\"173\" data-end=\"244\">excursion inoubliable d\u2019une journ\u00e9e \u00e0 Chefchaouen depuis Casablanca<\/strong>, et d\u00e9couvrez la c\u00e9l\u00e8bre <strong data-start=\"270\" data-end=\"296\">&#8220;ville bleue&#8221; du Maroc<\/strong>, nich\u00e9e au c\u0153ur des montagnes du Rif. Vous traverserez de magnifiques paysages du nord marocain avant d\u2019arriver \u00e0 cette ville embl\u00e9matique connue pour ses <strong data-start=\"452\" data-end=\"499\">ruelles bleues, ses maisons traditionnelles<\/strong>, et son atmosph\u00e8re paisible.<br data-start=\"528\" data-end=\"531\" \/>Promenez-vous dans la <strong data-start=\"553\" data-end=\"575\">m\u00e9dina pittoresque<\/strong>, visitez la <strong data-start=\"588\" data-end=\"598\">Kasbah<\/strong> et la <strong data-start=\"605\" data-end=\"629\">place Outa el Hammam<\/strong>, et profitez d\u2019un d\u00e9jeuner libre dans l\u2019un des restaurants typiques offrant une vue imprenable sur la ville.<br data-start=\"738\" data-end=\"741\" \/>Chefchaouen est une destination incontournable pour les amateurs de <strong data-start=\"809\" data-end=\"844\">photographie, d\u2019artisanat local<\/strong> et d\u2019exp\u00e9riences culturelles authentiques.<br data-start=\"887\" data-end=\"890\" \/>Cette excursion vous promet une journ\u00e9e riche en d\u00e9couvertes, entre <strong data-start=\"958\" data-end=\"988\">nature, culture et d\u00e9tente<\/strong>.<\/p>\n<hr data-start=\"991\" data-end=\"994\" \/>\n<h3 data-start=\"996\" data-end=\"1021\">\ud83c\udf1f <strong data-start=\"1003\" data-end=\"1021\">Points forts :<\/strong><\/h3>\n<ul data-start=\"1022\" data-end=\"1357\">\n<li data-start=\"1022\" data-end=\"1102\">\n<p data-start=\"1024\" data-end=\"1102\">D\u00e9couverte de la c\u00e9l\u00e8bre <strong data-start=\"1049\" data-end=\"1076\">ville bleue Chefchaouen<\/strong>, joyau du nord du Maroc<\/p>\n<\/li>\n<li data-start=\"1103\" data-end=\"1185\">\n<p data-start=\"1105\" data-end=\"1185\">Balade dans la <strong data-start=\"1120\" data-end=\"1145\">m\u00e9dina traditionnelle<\/strong> et visite de la <strong data-start=\"1162\" data-end=\"1183\">Kasbah historique<\/strong><\/p>\n<\/li>\n<li data-start=\"1186\" data-end=\"1265\">\n<p data-start=\"1188\" data-end=\"1265\">Temps libre pour <strong data-start=\"1205\" data-end=\"1248\">explorer, d\u00e9jeuner et faire du shopping<\/strong> dans les souks<\/p>\n<\/li>\n<li data-start=\"1266\" data-end=\"1357\">\n<p data-start=\"1268\" data-end=\"1357\">Confort du <strong data-start=\"1279\" data-end=\"1308\">transport priv\u00e9 climatis\u00e9<\/strong> avec chauffeur professionnel depuis Casablanca<\/p>\n<\/li>\n<\/ul>\n<hr data-start=\"1359\" data-end=\"1362\" \/>\n<h3 data-start=\"1364\" data-end=\"1399\">\u2139\ufe0f <strong data-start=\"1371\" data-end=\"1399\">Informations pratiques :<\/strong><\/h3>\n<ul data-start=\"1400\" data-end=\"1690\">\n<li data-start=\"1400\" data-end=\"1454\">\n<p data-start=\"1402\" data-end=\"1454\"><strong data-start=\"1402\" data-end=\"1414\">D\u00e9part :<\/strong> Depuis votre h\u00e9bergement \u00e0 Casablanca<\/p>\n<\/li>\n<li data-start=\"1455\" data-end=\"1503\">\n<p data-start=\"1457\" data-end=\"1503\"><strong data-start=\"1457\" data-end=\"1468\">Dur\u00e9e :<\/strong> Environ 12 heures (aller-retour)<\/p>\n<\/li>\n<li data-start=\"1504\" data-end=\"1542\">\n<p data-start=\"1506\" data-end=\"1542\"><strong data-start=\"1506\" data-end=\"1525\">Disponibilit\u00e9 :<\/strong> Tous les jours<\/p>\n<\/li>\n<li data-start=\"1543\" data-end=\"1628\">\n<p data-start=\"1545\" data-end=\"1628\"><strong data-start=\"1545\" data-end=\"1557\">Inclus :<\/strong> Transport priv\u00e9, chauffeur francophone, carburant, frais d\u2019autoroute<\/p>\n<\/li>\n<li data-start=\"1629\" data-end=\"1690\">\n<p data-start=\"1631\" data-end=\"1690\"><strong data-start=\"1631\" data-end=\"1647\">Non inclus :<\/strong> D\u00e9jeuner, boissons, entr\u00e9es facultatives<\/p>\n<\/li>\n<\/ul>\n<table class=\"table table-bordered tours-tabs__table\" style=\"height: 233px;\" width=\"862\">\n<tbody>\n<tr>\n<td><strong>Inclus<\/strong><\/td>\n<td>\n<table class=\"table table-bordered\" style=\"height: 62px;\" width=\"300\">\n<tbody>\n<tr>\n<td><i class=\"fa fa-check icon-tick icon-tick--on\"><\/i>Transport avec chauffeur.<\/td>\n<\/tr>\n<tr>\n<td><i class=\"fa fa-check icon-tick icon-tick--on\"><\/i>Carburant &amp; Climatisation.<\/td>\n<\/tr>\n<tr>\n<td><i class=\"fa fa-check icon-tick icon-tick--on\"><\/i>Guide ou chauffeur professionnel.<\/td>\n<\/tr>\n<tr>\n<td><i class=\"fa fa-check icon-tick icon-tick--on\"><\/i>Guide local.<\/td>\n<\/tr>\n<tr>\n<td><i class=\"fa fa-check icon-tick icon-tick--on\"><\/i>Taxe touristique &amp; Frais de stationnement.<\/td>\n<\/tr>\n<\/tbody>\n<\/table>\n<\/td>\n<\/tr>\n<tr>\n<td><b>Non inclus<\/b><\/td>\n<td>\n<table class=\"table table-bordered\" style=\"height: 62px;\" width=\"300\">\n<tbody>\n<tr>\n<td><i class=\"fa fa-times icon-tick icon-tick--off\"><\/i>D\u00e9jeuner.<\/td>\n<\/tr>\n<tr>\n<td><i class=\"fa fa-times icon-tick icon-tick--off\"><\/i>Boissons.<\/td>\n<\/tr>\n<tr>\n<td><i class=\"fa fa-times icon-tick icon-tick--off\"><\/i>Frais d&#8217;entr\u00e9e aux monuments.<\/td>\n<\/tr>\n<tr>\n<td><i class=\"fa fa-times icon-tick icon-tick--off\"><\/i>Pourboire.<\/td>\n<\/tr>\n<\/tbody>\n<\/table>\n<\/td>\n<\/tr>\n<\/tbody>\n<\/table>\n<p>[\/vc_column_text][\/vc_column][\/vc_row]<\/p>\n<\/div>","protected":false},"excerpt":{"rendered":"<p><strong data-start=\"57\" data-end=\"129\">Chefchaouen est une excursion d\u2019une journ\u00e9e au d\u00e9part de Casablanca.<\/strong> C\u2019est une exp\u00e9rience inoubliable qui vous permettra d\u2019explorer la c\u00e9l\u00e8bre <strong data-start=\"204\" data-end=\"219\">ville bleue<\/strong>, sa <strong data-start=\"224\" data-end=\"245\" data-is-only-node=\"\">m\u00e9dina historique<\/strong>, la <strong data-start=\"250\" data-end=\"274\">place Outa el Hammam<\/strong>, ses <strong data-start=\"280\" data-end=\"306\">maisons aux murs bleus<\/strong>, ses <strong data-start=\"312\" data-end=\"336\">ruelles pittoresques<\/strong> et les <strong data-start=\"344\" data-end=\"370\">cascades de Ras El Maa.<\/strong><\/p>\n","protected":false},"featured_media":1587,"template":"","meta":[],"product_brand":[],"product_cat":[103],"product_tag":[],"class_list":{"0":"post-2243","1":"product","2":"type-product","3":"status-publish","4":"has-post-thumbnail","6":"product_cat-excursions-a-partir-casablanca","7":"tour_category-excursions-a-partir-casablanca","9":"first","10":"instock","11":"shipping-taxable","12":"purchasable","13":"product-type-tour"},"_links":{"self":[{"href":"https:\/\/facetours.ma\/fr\/wp-json\/wp\/v2\/product\/2243","targetHints":{"allow":["GET"]}}],"collection":[{"href":"https:\/\/facetours.ma\/fr\/wp-json\/wp\/v2\/product"}],"about":[{"href":"https:\/\/facetours.ma\/fr\/wp-json\/wp\/v2\/types\/product"}],"wp:featuredmedia":[{"embeddable":true,"href":"https:\/\/facetours.ma\/fr\/wp-json\/wp\/v2\/media\/1587"}],"wp:attachment":[{"href":"https:\/\/facetours.ma\/fr\/wp-json\/wp\/v2\/media?parent=2243"}],"wp:term":[{"taxonomy":"product_brand","embeddable":true,"href":"https:\/\/facetours.ma\/fr\/wp-json\/wp\/v2\/product_brand?post=2243"},{"taxonomy":"product_cat","embeddable":true,"href":"https:\/\/facetours.ma\/fr\/wp-json\/wp\/v2\/product_cat?post=2243"},{"taxonomy":"product_tag","embeddable":true,"href":"https:\/\/facetours.ma\/fr\/wp-json\/wp\/v2\/product_tag?post=2243"}],"curies":[{"name":"wp","href":"https:\/\/api.w.org\/{rel}","templated":true}]}}