{"id":2241,"date":"2022-08-29T23:52:18","date_gmt":"2022-08-29T22:52:18","guid":{"rendered":"https:\/\/facetours.ma\/?post_type=product&#038;p=2241"},"modified":"2025-11-01T10:53:39","modified_gmt":"2025-11-01T09:53:39","slug":"excursions-el-jadida-azemmour-casablanca","status":"publish","type":"product","link":"https:\/\/facetours.ma\/fr\/meilleures-circuits-au-maroc\/excursions-el-jadida-azemmour-casablanca\/","title":{"rendered":"Excursion El-Jadida et Azemmour au d\u00e9part de Casablanca"},"content":{"rendered":"<div class=\"wpb-content-wrapper\"><p>[vc_row][vc_column][vc_column_text]<\/p>\n<p style=\"text-align: center;\"><strong>Excursion d\u2019une journ\u00e9e \u00e0 El-Jadida et Azemmour depuis Casablanca<\/strong><\/p>\n<p data-start=\"81\" data-end=\"746\">Partez pour une <strong data-start=\"97\" data-end=\"184\">excursion d\u2019une journ\u00e9e inoubliable \u00e0 El-Jadida et Azemmour au d\u00e9part de Casablanca<\/strong>, et d\u00e9couvrez deux villes c\u00f4ti\u00e8res embl\u00e9matiques de l\u2019Atlantique marocain. Votre aventure commence par la route panoramique longeant la mer jusqu\u2019\u00e0 <strong data-start=\"333\" data-end=\"346\">El-Jadida<\/strong>, une ancienne cit\u00e9 portugaise inscrite au <strong data-start=\"389\" data-end=\"423\">patrimoine mondial de l\u2019UNESCO<\/strong>, connue pour ses <strong data-start=\"441\" data-end=\"463\">remparts fortifi\u00e9s<\/strong>, ses <strong data-start=\"469\" data-end=\"491\">portes historiques<\/strong>, et surtout la c\u00e9l\u00e8bre <strong data-start=\"515\" data-end=\"537\">Citerne Portugaise<\/strong>, un monument architectural unique datant du XVI\u1d49 si\u00e8cle. Vous fl\u00e2nerez dans les ruelles color\u00e9es de la m\u00e9dina, entre les maisons blanches et bleues, les artisans locaux et la brise marine qui parfume l\u2019air.<\/p>\n<p data-start=\"748\" data-end=\"1251\">Apr\u00e8s El-Jadida, cap vers <strong data-start=\"774\" data-end=\"786\">Azemmour<\/strong>, une petite ville pleine de charme, nich\u00e9e sur les rives du fleuve <strong data-start=\"854\" data-end=\"869\">Oum Er-Rbia<\/strong>. Cette cit\u00e9 authentique s\u00e9duit par son <strong data-start=\"909\" data-end=\"932\">ambiance artistique<\/strong>, ses <strong data-start=\"938\" data-end=\"972\">murailles blanchies \u00e0 la chaux<\/strong>, ses <strong data-start=\"978\" data-end=\"998\">fresques murales<\/strong>, et sa <strong data-start=\"1006\" data-end=\"1025\">m\u00e9dina paisible<\/strong> o\u00f9 le temps semble s\u2019\u00eatre arr\u00eat\u00e9. Vous y d\u00e9couvrirez la fusion harmonieuse entre traditions marocaines et influences portugaises, tout en profitant d\u2019une atmosph\u00e8re d\u00e9tendue et d\u2019une vue magnifique sur le fleuve et l\u2019oc\u00e9an.<\/p>\n<p data-start=\"1253\" data-end=\"1563\" data-is-last-node=\"\" data-is-only-node=\"\">Cette journ\u00e9e est une v\u00e9ritable <strong data-start=\"1285\" data-end=\"1323\">immersion culturelle et historique<\/strong>, id\u00e9ale pour ceux qui souhaitent s\u2019\u00e9chapper de la grande ville et explorer les tr\u00e9sors cach\u00e9s de la c\u00f4te atlantique marocaine. Entre <strong data-start=\"1457\" data-end=\"1488\">patrimoine, art, et d\u00e9tente<\/strong>, cette excursion promet une exp\u00e9rience enrichissante et pleine d\u2019\u00e9motion.<\/p>\n<article class=\"text-token-text-primary w-full focus:outline-none [--shadow-height:45px] has-data-writing-block:pointer-events-none has-data-writing-block:-mt-(--shadow-height) has-data-writing-block:pt-(--shadow-height) [&amp;:has([data-writing-block])&gt;*]:pointer-events-auto [content-visibility:auto] supports-[content-visibility:auto]:[contain-intrinsic-size:auto_100lvh] scroll-mt-[calc(var(--header-height)+min(200px,max(70px,20svh)))]\" dir=\"auto\" tabindex=\"-1\" data-turn-id=\"request-69030ea9-8a48-8330-83bd-184260e7c375-1\" data-testid=\"conversation-turn-186\" data-scroll-anchor=\"false\" data-turn=\"assistant\">\n<div class=\"text-base my-auto mx-auto [--thread-content-margin:--spacing(4)] thread-sm:[--thread-content-margin:--spacing(6)] thread-lg:[--thread-content-margin:--spacing(16)] px-(--thread-content-margin)\">\n<div class=\"[--thread-content-max-width:40rem] thread-lg:[--thread-content-max-width:48rem] mx-auto max-w-(--thread-content-max-width) flex-1 group\/turn-messages focus-visible:outline-hidden relative flex w-full min-w-0 flex-col agent-turn\" tabindex=\"-1\">\n<div class=\"flex max-w-full flex-col grow\">\n<div class=\"min-h-8 text-message relative flex w-full flex-col items-end gap-2 text-start break-words whitespace-normal [.text-message+&amp;]:mt-1\" dir=\"auto\" data-message-author-role=\"assistant\" data-message-id=\"ee72309f-6347-4abd-af76-05c12531ada9\" data-message-model-slug=\"gpt-5\">\n<div class=\"flex w-full flex-col gap-1 empty:hidden first:pt-[1px]\">\n<div class=\"markdown prose dark:prose-invert w-full break-words light markdown-new-styling\">\n<hr data-start=\"925\" data-end=\"928\" \/>\n<h3 data-start=\"930\" data-end=\"957\">\ud83c\udf1f <strong data-start=\"937\" data-end=\"955\">Points forts :<\/strong><\/h3>\n<ul data-start=\"958\" data-end=\"1180\">\n<li data-start=\"958\" data-end=\"1021\">\n<p data-start=\"960\" data-end=\"1021\">Visite de la Citerne Portugaise et des remparts d\u2019El-Jadida<\/p>\n<\/li>\n<li data-start=\"1022\" data-end=\"1071\">\n<p data-start=\"1024\" data-end=\"1071\">D\u00e9couverte de la m\u00e9dina artistique d\u2019Azemmour<\/p>\n<\/li>\n<li data-start=\"1072\" data-end=\"1124\">\n<p data-start=\"1074\" data-end=\"1124\">Balade panoramique le long de la c\u00f4te atlantique<\/p>\n<\/li>\n<li data-start=\"1125\" data-end=\"1180\">\n<p data-start=\"1127\" data-end=\"1180\">Temps libre pour explorer et d\u00e9jeuner face \u00e0 la mer<\/p>\n<\/li>\n<\/ul>\n<hr data-start=\"1182\" data-end=\"1185\" \/>\n<h3 data-start=\"1187\" data-end=\"1224\">\u2139\ufe0f <strong data-start=\"1194\" data-end=\"1222\">Informations pratiques :<\/strong><\/h3>\n<ul data-start=\"1225\" data-end=\"1516\">\n<li data-start=\"1225\" data-end=\"1268\">\n<p data-start=\"1227\" data-end=\"1268\"><strong data-start=\"1227\" data-end=\"1239\">D\u00e9part :<\/strong> Casablanca (h\u00f4tel ou port)<\/p>\n<\/li>\n<li data-start=\"1269\" data-end=\"1301\">\n<p data-start=\"1271\" data-end=\"1301\"><strong data-start=\"1271\" data-end=\"1282\">Dur\u00e9e :<\/strong> Journ\u00e9e compl\u00e8te<\/p>\n<\/li>\n<li data-start=\"1302\" data-end=\"1369\">\n<p data-start=\"1304\" data-end=\"1369\"><strong data-start=\"1304\" data-end=\"1319\">Transport :<\/strong> V\u00e9hicule climatis\u00e9 avec chauffeur professionnel<\/p>\n<\/li>\n<li data-start=\"1370\" data-end=\"1443\">\n<p data-start=\"1372\" data-end=\"1443\"><strong data-start=\"1372\" data-end=\"1384\">Inclus :<\/strong> Transfert aller-retour, chauffeur francophone, carburant<\/p>\n<\/li>\n<li data-start=\"1444\" data-end=\"1516\">\n<p data-start=\"1446\" data-end=\"1516\"><strong data-start=\"1446\" data-end=\"1462\">Non inclus :<\/strong> D\u00e9jeuner, boissons, frais d\u2019entr\u00e9e (si applicables)<\/p>\n<\/li>\n<\/ul>\n<hr data-start=\"1518\" data-end=\"1521\" \/>\n<\/div>\n<\/div>\n<\/div>\n<\/div>\n<div class=\"z-0 flex min-h-[46px] justify-start\"><\/div>\n<\/div>\n<\/div>\n<\/article>\n<table class=\"table table-bordered tours-tabs__table\" style=\"height: 233px;\" width=\"862\">\n<tbody>\n<tr>\n<td><strong>Inclus<\/strong><\/td>\n<td>\n<table class=\"table table-bordered\" style=\"height: 62px;\" width=\"300\">\n<tbody>\n<tr>\n<td><i class=\"fa fa-check icon-tick icon-tick--on\"><\/i>Transport avec chauffeur.<\/td>\n<\/tr>\n<tr>\n<td><i class=\"fa fa-check icon-tick icon-tick--on\"><\/i>Guide ou chauffeur professionnel.<\/td>\n<\/tr>\n<tr>\n<td><i class=\"fa fa-check icon-tick icon-tick--on\"><\/i>Carburant &amp; Climatisation.<\/td>\n<\/tr>\n<tr>\n<td><i class=\"fa fa-check icon-tick icon-tick--on\"><\/i>Taxe touristique &amp; Frais de stationnement.<\/td>\n<\/tr>\n<tr>\n<td><i class=\"fa fa-check icon-tick icon-tick--on\"><\/i>Guide local &amp; Frais d&#8217;entr\u00e9e aux monuments.<\/td>\n<\/tr>\n<\/tbody>\n<\/table>\n<\/td>\n<\/tr>\n<tr>\n<td><b>Non inclus<\/b><\/td>\n<td>\n<table class=\"table table-bordered\" style=\"height: 62px;\" width=\"300\">\n<tbody>\n<tr>\n<td><i class=\"fa fa-times icon-tick icon-tick--off\"><\/i>D\u00e9jeuner.<\/td>\n<\/tr>\n<tr>\n<td><i class=\"fa fa-times icon-tick icon-tick--off\"><\/i>Boissons.<\/td>\n<\/tr>\n<tr>\n<td><i class=\"fa fa-times icon-tick icon-tick--off\"><\/i>Pourboire.<\/td>\n<\/tr>\n<\/tbody>\n<\/table>\n<\/td>\n<\/tr>\n<\/tbody>\n<\/table>\n<p>[\/vc_column_text][\/vc_column][\/vc_row]<\/p>\n<\/div>","protected":false},"excerpt":{"rendered":"<p>Profitez d\u2019une <strong data-start=\"91\" data-end=\"160\" data-is-only-node=\"\">excursion d\u2019une journ\u00e9e \u00e0 El Jadida et Azemmour depuis Casablanca<\/strong> pour d\u00e9couvrir deux charmantes <strong data-start=\"192\" data-end=\"231\">villes c\u00f4ti\u00e8res au caract\u00e8re unique<\/strong>. <strong data-start=\"233\" data-end=\"246\">El Jadida<\/strong>, inscrite au <strong data-start=\"260\" data-end=\"294\">patrimoine mondial de l\u2019UNESCO<\/strong>, s\u00e9duit par son h\u00e9ritage portugais et ses remparts marins, tandis qu\u2019<strong data-start=\"364\" data-end=\"376\">Azemmour<\/strong> charme par son <strong data-start=\"392\" data-end=\"447\">authenticit\u00e9, son histoire et son atmosph\u00e8re locale<\/strong>.<\/p>\n","protected":false},"featured_media":1533,"template":"","meta":[],"product_brand":[],"product_cat":[103],"product_tag":[],"class_list":{"0":"post-2241","1":"product","2":"type-product","3":"status-publish","4":"has-post-thumbnail","6":"product_cat-excursions-a-partir-casablanca","7":"tour_category-excursions-a-partir-casablanca","9":"first","10":"instock","11":"shipping-taxable","12":"purchasable","13":"product-type-tour"},"_links":{"self":[{"href":"https:\/\/facetours.ma\/fr\/wp-json\/wp\/v2\/product\/2241","targetHints":{"allow":["GET"]}}],"collection":[{"href":"https:\/\/facetours.ma\/fr\/wp-json\/wp\/v2\/product"}],"about":[{"href":"https:\/\/facetours.ma\/fr\/wp-json\/wp\/v2\/types\/product"}],"wp:featuredmedia":[{"embeddable":true,"href":"https:\/\/facetours.ma\/fr\/wp-json\/wp\/v2\/media\/1533"}],"wp:attachment":[{"href":"https:\/\/facetours.ma\/fr\/wp-json\/wp\/v2\/media?parent=2241"}],"wp:term":[{"taxonomy":"product_brand","embeddable":true,"href":"https:\/\/facetours.ma\/fr\/wp-json\/wp\/v2\/product_brand?post=2241"},{"taxonomy":"product_cat","embeddable":true,"href":"https:\/\/facetours.ma\/fr\/wp-json\/wp\/v2\/product_cat?post=2241"},{"taxonomy":"product_tag","embeddable":true,"href":"https:\/\/facetours.ma\/fr\/wp-json\/wp\/v2\/product_tag?post=2241"}],"curies":[{"name":"wp","href":"https:\/\/api.w.org\/{rel}","templated":true}]}}