{"id":2237,"date":"2022-08-30T11:49:58","date_gmt":"2022-08-30T10:49:58","guid":{"rendered":"https:\/\/facetours.ma\/?post_type=product&#038;p=2237"},"modified":"2025-11-01T18:12:36","modified_gmt":"2025-11-01T17:12:36","slug":"rabat-city-tour","status":"publish","type":"product","link":"https:\/\/facetours.ma\/fr\/meilleures-circuits-au-maroc\/rabat-city-tour\/","title":{"rendered":"Visite la ville de Rabat : D\u00e9couvrez la capitale historique du Maroc"},"content":{"rendered":"<div class=\"wpb-content-wrapper\"><p>[vc_row][vc_column][vc_column_text]<\/p>\n<p style=\"text-align: center;\"><strong>Visite guid\u00e9e de la ville de Rabat<\/strong><\/p>\n<p data-start=\"219\" data-end=\"1376\">D\u00e9couvrez la capitale du Maroc \u00e0 travers une <strong data-start=\"264\" data-end=\"311\">visite guid\u00e9e compl\u00e8te de la ville de Rabat<\/strong>, une cit\u00e9 o\u00f9 se m\u00ealent <strong data-start=\"335\" data-end=\"373\">modernit\u00e9 et patrimoine historique<\/strong>. Cette excursion vous m\u00e8nera \u00e0 travers les lieux embl\u00e9matiques de la ville, t\u00e9moins de son riche pass\u00e9 et de sa culture raffin\u00e9e.<br data-start=\"503\" data-end=\"506\" \/>Commencez par la <strong data-start=\"523\" data-end=\"545\">Kasbah des Oudayas<\/strong>, un ancien bastion fortifi\u00e9 offrant une vue imprenable sur l\u2019embouchure du Bouregreg et l\u2019oc\u00e9an Atlantique. Promenez-vous dans ses ruelles pittoresques aux murs blanchis et bleus, symbole du charme andalou.<br data-start=\"752\" data-end=\"755\" \/>Poursuivez ensuite vers la majestueuse <strong data-start=\"794\" data-end=\"809\">Tour Hassan<\/strong>, un chef-d&#8217;\u0153uvre inachev\u00e9 du XIIe si\u00e8cle, et d\u00e9couvrez \u00e0 proximit\u00e9 le <strong data-start=\"880\" data-end=\"903\">Mausol\u00e9e Mohammed V<\/strong>, v\u00e9ritable joyau de l\u2019architecture marocaine o\u00f9 reposent les rois du Maroc.<br data-start=\"979\" data-end=\"982\" \/>Votre guide local vous fera \u00e9galement d\u00e9couvrir la <strong data-start=\"1033\" data-end=\"1052\">m\u00e9dina de Rabat<\/strong>, class\u00e9e au patrimoine mondial de l\u2019UNESCO, la <strong data-start=\"1100\" data-end=\"1124\">n\u00e9cropole de Chellah<\/strong>, et le <strong data-start=\"1132\" data-end=\"1167\">quartier administratif et royal<\/strong> o\u00f9 se dresse le <strong data-start=\"1184\" data-end=\"1200\">Palais Royal<\/strong>.<br data-start=\"1201\" data-end=\"1204\" \/>Cette visite culturelle est id\u00e9ale pour ceux qui souhaitent plonger dans <strong data-start=\"1277\" data-end=\"1326\">l\u2019histoire, la culture et l\u2019\u00e9l\u00e9gance de Rabat<\/strong>, capitale politique et administrative du Royaume.<\/p>\n<hr data-start=\"1378\" data-end=\"1381\" \/>\n<h3 data-start=\"1383\" data-end=\"1410\">\ud83c\udf1f <strong data-start=\"1390\" data-end=\"1408\">Points forts :<\/strong><\/h3>\n<ul data-start=\"1411\" data-end=\"1707\">\n<li data-start=\"1411\" data-end=\"1474\">\n<p data-start=\"1413\" data-end=\"1474\">\u2705 Visite compl\u00e8te des principaux sites historiques de Rabat<\/p>\n<\/li>\n<li data-start=\"1475\" data-end=\"1545\">\n<p data-start=\"1477\" data-end=\"1545\">\u2705 D\u00e9couverte de la <strong data-start=\"1496\" data-end=\"1518\">Kasbah des Oudayas<\/strong> et de ses ruelles bleues<\/p>\n<\/li>\n<li data-start=\"1546\" data-end=\"1608\">\n<p data-start=\"1548\" data-end=\"1608\">\u2705 Arr\u00eat \u00e0 la <strong data-start=\"1561\" data-end=\"1576\">Tour Hassan<\/strong> et au <strong data-start=\"1583\" data-end=\"1606\">Mausol\u00e9e Mohammed V<\/strong><\/p>\n<\/li>\n<li data-start=\"1609\" data-end=\"1655\">\n<p data-start=\"1611\" data-end=\"1655\">\u2705 Balade dans la <strong data-start=\"1628\" data-end=\"1653\">m\u00e9dina class\u00e9e UNESCO<\/strong><\/p>\n<\/li>\n<li data-start=\"1656\" data-end=\"1707\">\n<p data-start=\"1658\" data-end=\"1707\">\u2705 Accompagnement par un <strong data-start=\"1682\" data-end=\"1705\">guide professionnel<\/strong><\/p>\n<\/li>\n<\/ul>\n<hr data-start=\"1709\" data-end=\"1712\" \/>\n<h3 data-start=\"1714\" data-end=\"1751\">\ud83d\udd52 <strong data-start=\"1721\" data-end=\"1749\">Informations pratiques :<\/strong><\/h3>\n<ul data-start=\"1752\" data-end=\"2085\">\n<li data-start=\"1752\" data-end=\"1795\">\n<p data-start=\"1754\" data-end=\"1795\"><strong data-start=\"1754\" data-end=\"1766\">D\u00e9part :<\/strong> Depuis votre h\u00f4tel \u00e0 Rabat<\/p>\n<\/li>\n<li data-start=\"1796\" data-end=\"1867\">\n<p data-start=\"1798\" data-end=\"1867\"><strong data-start=\"1798\" data-end=\"1809\">Dur\u00e9e :<\/strong> Demi-journ\u00e9e ou journ\u00e9e compl\u00e8te selon l\u2019option choisie<\/p>\n<\/li>\n<li data-start=\"1868\" data-end=\"1906\">\n<p data-start=\"1870\" data-end=\"1906\"><strong data-start=\"1870\" data-end=\"1889\">Disponibilit\u00e9 :<\/strong> Tous les jours<\/p>\n<\/li>\n<li data-start=\"1907\" data-end=\"1962\">\n<p data-start=\"1909\" data-end=\"1962\"><strong data-start=\"1909\" data-end=\"1932\">Langues propos\u00e9es :<\/strong> Fran\u00e7ais, Anglais, Espagnol<\/p>\n<\/li>\n<li data-start=\"1963\" data-end=\"2023\">\n<p data-start=\"1965\" data-end=\"2023\"><strong data-start=\"1965\" data-end=\"1977\">Inclus :<\/strong> Transport priv\u00e9, guide local, pauses photos<\/p>\n<\/li>\n<li data-start=\"2024\" data-end=\"2085\">\n<p data-start=\"2026\" data-end=\"2085\"><strong data-start=\"2026\" data-end=\"2042\">Non inclus :<\/strong> D\u00e9jeuner et frais d\u2019entr\u00e9e aux monuments.<\/p>\n<\/li>\n<\/ul>\n<table class=\"table table-bordered tours-tabs__table\" style=\"height: 233px;\" width=\"862\">\n<tbody>\n<tr>\n<td><strong>Inclus<\/strong><\/td>\n<td>\n<table class=\"table table-bordered\" style=\"height: 62px;\" width=\"300\">\n<tbody>\n<tr>\n<td><i class=\"fa fa-check icon-tick icon-tick--on\"><\/i>Transport avec chauffeur.<\/td>\n<\/tr>\n<tr>\n<td><i class=\"fa fa-check icon-tick icon-tick--on\"><\/i>Guide ou chauffeur professionnel.<\/td>\n<\/tr>\n<tr>\n<td><i class=\"fa fa-check icon-tick icon-tick--on\"><\/i>Carburant &amp; Climatisation.<\/td>\n<\/tr>\n<tr>\n<td><i class=\"fa fa-check icon-tick icon-tick--on\"><\/i>Taxe touristique &amp; Frais de stationnement.<\/td>\n<\/tr>\n<tr>\n<td><i class=\"fa fa-check icon-tick icon-tick--on\"><\/i>Guide local &amp; Frais d&#8217;entr\u00e9e aux monuments.<\/td>\n<\/tr>\n<\/tbody>\n<\/table>\n<\/td>\n<\/tr>\n<tr>\n<td><b>Non inclus<\/b><\/td>\n<td>\n<table class=\"table table-bordered\" style=\"height: 62px;\" width=\"300\">\n<tbody>\n<tr>\n<td><i class=\"fa fa-times icon-tick icon-tick--off\"><\/i>D\u00e9jeuner.<\/td>\n<\/tr>\n<tr>\n<td><i class=\"fa fa-times icon-tick icon-tick--off\"><\/i>Boissons.<\/td>\n<\/tr>\n<tr>\n<td><i class=\"fa fa-times icon-tick icon-tick--off\"><\/i>Pourboire.<\/td>\n<\/tr>\n<\/tbody>\n<\/table>\n<\/td>\n<\/tr>\n<\/tbody>\n<\/table>\n<p>[\/vc_column_text][\/vc_column][\/vc_row]<\/p>\n<\/div>","protected":false},"excerpt":{"rendered":"<p>Explorez la ville de Rabat, la capitale lumineuse du Maroc, et d\u00e9couvrez ses c\u00e9l\u00e8bres monuments historiques tels que la n\u00e9cropole de Chellah, le Mausol\u00e9e Mohammed V, la Tour Hassan et la Kasbah des Oudayas. Ce sera un fabuleux voyage \u00e0 travers la culture marocaine et l\u2019h\u00e9ritage islamique.<\/p>\n","protected":false},"featured_media":1550,"template":"","meta":[],"product_brand":[],"product_cat":[106],"product_tag":[857,891,892,894,895,896,897,893,890,826],"class_list":{"0":"post-2237","1":"product","2":"type-product","3":"status-publish","4":"has-post-thumbnail","6":"product_cat-excursions-a-partir-rabat","7":"product_tag-excursion-maroc","8":"product_tag-excursion-rabat","9":"product_tag-kasbah-des-oudayas","10":"product_tag-mausolee-mohammed-v","11":"product_tag-medina-de-rabat","12":"product_tag-patrimoine-unesc","13":"product_tag-rabat-city-tour-fr","14":"product_tag-tour-hassan","15":"product_tag-visite-de-rabat","16":"product_tag-visite-guidee","17":"tour_category-excursions-a-partir-de-rabat","19":"first","20":"instock","21":"shipping-taxable","22":"purchasable","23":"product-type-tour"},"_links":{"self":[{"href":"https:\/\/facetours.ma\/fr\/wp-json\/wp\/v2\/product\/2237","targetHints":{"allow":["GET"]}}],"collection":[{"href":"https:\/\/facetours.ma\/fr\/wp-json\/wp\/v2\/product"}],"about":[{"href":"https:\/\/facetours.ma\/fr\/wp-json\/wp\/v2\/types\/product"}],"wp:featuredmedia":[{"embeddable":true,"href":"https:\/\/facetours.ma\/fr\/wp-json\/wp\/v2\/media\/1550"}],"wp:attachment":[{"href":"https:\/\/facetours.ma\/fr\/wp-json\/wp\/v2\/media?parent=2237"}],"wp:term":[{"taxonomy":"product_brand","embeddable":true,"href":"https:\/\/facetours.ma\/fr\/wp-json\/wp\/v2\/product_brand?post=2237"},{"taxonomy":"product_cat","embeddable":true,"href":"https:\/\/facetours.ma\/fr\/wp-json\/wp\/v2\/product_cat?post=2237"},{"taxonomy":"product_tag","embeddable":true,"href":"https:\/\/facetours.ma\/fr\/wp-json\/wp\/v2\/product_tag?post=2237"}],"curies":[{"name":"wp","href":"https:\/\/api.w.org\/{rel}","templated":true}]}}