{"id":2235,"date":"2022-08-30T11:53:37","date_gmt":"2022-08-30T10:53:37","guid":{"rendered":"https:\/\/facetours.ma\/?post_type=product&#038;p=2235"},"modified":"2025-11-01T18:04:46","modified_gmt":"2025-11-01T17:04:46","slug":"excursions-casablanca-depuis-rabat","status":"publish","type":"product","link":"https:\/\/facetours.ma\/fr\/meilleures-circuits-au-maroc\/excursions-casablanca-depuis-rabat\/","title":{"rendered":"Excursion d&#8217;une journ\u00e9e \u00e0 Casablanca depuis Rabat"},"content":{"rendered":"<div class=\"wpb-content-wrapper\"><p>[vc_row][vc_column][vc_column_text]<\/p>\n<p style=\"text-align: center;\"><strong>Excursion d\u2019une journ\u00e9e \u00e0 Casablanca depuis Rabat<\/strong><\/p>\n<p data-start=\"122\" data-end=\"1094\">Partez pour une <strong data-start=\"165\" data-end=\"218\">excursion d\u2019une journ\u00e9e \u00e0 Casablanca depuis Rabat<\/strong> afin de d\u00e9couvrir la plus grande ville du Maroc et son atmosph\u00e8re moderne et cosmopolite. Au cours de cette journ\u00e9e, vous visiterez les monuments embl\u00e9matiques de la ville blanche, notamment la majestueuse <strong data-start=\"425\" data-end=\"446\">Mosqu\u00e9e Hassan II<\/strong>, l\u2019une des plus grandes mosqu\u00e9es du monde, b\u00e2tie en partie sur l\u2019oc\u00e9an Atlantique. Promenez-vous ensuite le long de la <strong data-start=\"566\" data-end=\"589\">Corniche d\u2019Ain Diab<\/strong>, c\u00e9l\u00e8bre pour ses caf\u00e9s en bord de mer et ses vues panoramiques. Vous explorerez \u00e9galement la <strong data-start=\"684\" data-end=\"704\">Place Mohammed V<\/strong>, c\u0153ur administratif et historique de la ville, ainsi que le <strong data-start=\"765\" data-end=\"788\">quartier des Habous<\/strong>, un charmant m\u00e9lange d\u2019architecture traditionnelle et coloniale o\u00f9 se trouvent des boutiques artisanales et des librairies anciennes.<br data-start=\"922\" data-end=\"925\" \/>Cette visite vous permettra de plonger dans le contraste harmonieux entre modernit\u00e9 et tradition, tout en d\u00e9couvrant le r\u00f4le \u00e9conomique et culturel majeur de Casablanca.<\/p>\n<hr data-start=\"1096\" data-end=\"1099\" \/>\n<p data-start=\"1101\" data-end=\"1121\"><strong data-start=\"1101\" data-end=\"1119\">Points forts :<\/strong><\/p>\n<ul data-start=\"1122\" data-end=\"1500\">\n<li data-start=\"1122\" data-end=\"1191\">\n<p data-start=\"1124\" data-end=\"1191\">Visite de la <strong data-start=\"1137\" data-end=\"1158\">Mosqu\u00e9e Hassan II<\/strong>, joyau architectural du Maroc.<\/p>\n<\/li>\n<li data-start=\"1192\" data-end=\"1264\">\n<p data-start=\"1194\" data-end=\"1264\">Balade sur la <strong data-start=\"1208\" data-end=\"1231\">Corniche d\u2019Ain Diab<\/strong> et d\u00e9couverte du front de mer.<\/p>\n<\/li>\n<li data-start=\"1265\" data-end=\"1338\">\n<p data-start=\"1267\" data-end=\"1338\">Exploration du <strong data-start=\"1282\" data-end=\"1305\">quartier des Habous<\/strong> et de la <strong data-start=\"1315\" data-end=\"1335\">Place Mohammed V<\/strong>.<\/p>\n<\/li>\n<li data-start=\"1339\" data-end=\"1418\">\n<p data-start=\"1341\" data-end=\"1418\">D\u00e9couverte de la plus grande ville du Maroc, entre modernit\u00e9 et patrimoine.<\/p>\n<\/li>\n<li data-start=\"1419\" data-end=\"1500\">\n<p data-start=\"1421\" data-end=\"1500\">Transport confortable aller-retour depuis Rabat avec chauffeur professionnel.<\/p>\n<\/li>\n<\/ul>\n<hr data-start=\"1502\" data-end=\"1505\" \/>\n<p data-start=\"1507\" data-end=\"1537\"><strong data-start=\"1507\" data-end=\"1535\">Informations pratiques :<\/strong><\/p>\n<ul data-start=\"1538\" data-end=\"1890\">\n<li data-start=\"1538\" data-end=\"1593\">\n<p data-start=\"1540\" data-end=\"1593\"><strong data-start=\"1540\" data-end=\"1550\">D\u00e9part<\/strong> : 8h00 depuis votre h\u00e9bergement \u00e0 Rabat.<\/p>\n<\/li>\n<li data-start=\"1594\" data-end=\"1625\">\n<p data-start=\"1596\" data-end=\"1625\"><strong data-start=\"1596\" data-end=\"1606\">Retour<\/strong> : Environ 18h30.<\/p>\n<\/li>\n<li data-start=\"1626\" data-end=\"1659\">\n<p data-start=\"1628\" data-end=\"1659\"><strong data-start=\"1628\" data-end=\"1637\">Dur\u00e9e<\/strong> : Journ\u00e9e compl\u00e8te.<\/p>\n<\/li>\n<li data-start=\"1660\" data-end=\"1741\">\n<p data-start=\"1662\" data-end=\"1741\"><strong data-start=\"1662\" data-end=\"1672\">Inclus<\/strong> : Transport priv\u00e9 climatis\u00e9, chauffeur francophone, visite guid\u00e9e.<\/p>\n<\/li>\n<li data-start=\"1742\" data-end=\"1802\">\n<p data-start=\"1744\" data-end=\"1802\"><strong data-start=\"1744\" data-end=\"1758\">Non inclus<\/strong> : D\u00e9jeuner, frais d\u2019entr\u00e9e aux monuments.<\/p>\n<\/li>\n<li data-start=\"1803\" data-end=\"1890\">\n<p data-start=\"1805\" data-end=\"1890\"><strong data-start=\"1805\" data-end=\"1819\">\u00c0 emporter<\/strong> : Chaussures confortables, chapeau, appareil photo, bouteille d\u2019eau.<\/p>\n<\/li>\n<\/ul>\n<table class=\"table table-bordered tours-tabs__table\" style=\"height: 233px;\" width=\"862\">\n<tbody>\n<tr>\n<td><strong>Inclus<\/strong><\/td>\n<td>\n<table class=\"table table-bordered\" style=\"height: 62px;\" width=\"300\">\n<tbody>\n<tr>\n<td><i class=\"fa fa-check icon-tick icon-tick--on\"><\/i>Transport avec chauffeur.<\/td>\n<\/tr>\n<tr>\n<td><i class=\"fa fa-check icon-tick icon-tick--on\"><\/i>Guide ou chauffeur professionnel.<\/td>\n<\/tr>\n<tr>\n<td><i class=\"fa fa-check icon-tick icon-tick--on\"><\/i>Carburant &amp; Climatisation.<\/td>\n<\/tr>\n<tr>\n<td><i class=\"fa fa-check icon-tick icon-tick--on\"><\/i>Taxe touristique &amp; Frais de stationnement.<\/td>\n<\/tr>\n<tr>\n<td><i class=\"fa fa-check icon-tick icon-tick--on\"><\/i>Guide local et frais d&#8217;entr\u00e9e aux monuments.<\/td>\n<\/tr>\n<\/tbody>\n<\/table>\n<\/td>\n<\/tr>\n<tr>\n<td><b>Non inclus<\/b><\/td>\n<td>\n<table class=\"table table-bordered\" style=\"height: 62px;\" width=\"300\">\n<tbody>\n<tr>\n<td><i class=\"fa fa-times icon-tick icon-tick--off\"><\/i>D\u00e9jeuner.<\/td>\n<\/tr>\n<tr>\n<td><i class=\"fa fa-times icon-tick icon-tick--off\"><\/i>Boissons.<\/td>\n<\/tr>\n<tr>\n<td><i class=\"fa fa-times icon-tick icon-tick--off\"><\/i>Pourboire.<\/td>\n<\/tr>\n<\/tbody>\n<\/table>\n<\/td>\n<\/tr>\n<\/tbody>\n<\/table>\n<p>[\/vc_column_text][\/vc_column][\/vc_row]<\/p>\n<\/div>","protected":false},"excerpt":{"rendered":"<p>L\u2019excursion d\u2019une journ\u00e9e \u00e0 Casablanca depuis Rabat vous emm\u00e8nera \u00e0 la d\u00e9couverte des principaux sites de la ville blanche, notamment la c\u00e9l\u00e8bre <strong data-start=\"201\" data-end=\"222\">Mosqu\u00e9e Hassan II<\/strong>, la <strong data-start=\"227\" data-end=\"247\">Place Mohammed V<\/strong>, la <strong data-start=\"252\" data-end=\"275\">Corniche d\u2019Ain Diab<\/strong> et le <strong data-start=\"282\" data-end=\"301\">quartier d\u2019Anfa<\/strong>.<\/p>\n","protected":false},"featured_media":1861,"template":"","meta":[],"product_brand":[],"product_cat":[106],"product_tag":[878,885,889,888,879,857,883,884,886,881,882,856,887,880],"class_list":{"0":"post-2235","1":"product","2":"type-product","3":"status-publish","4":"has-post-thumbnail","6":"product_cat-excursions-a-partir-rabat","7":"product_tag-casablanca","8":"product_tag-city-tour-casablanca","9":"product_tag-corniche-ain-diab-fr","10":"product_tag-depart-rabat","11":"product_tag-excursion-casablanca","12":"product_tag-excursion-maroc","13":"product_tag-habous","14":"product_tag-journee-casablanca","15":"product_tag-maroc-excursions","16":"product_tag-mosquee-hassan-ii","17":"product_tag-place-mohammed-v","18":"product_tag-rabat","19":"product_tag-tourisme-casablanca","20":"product_tag-visite-casablanca","21":"tour_category-excursions-a-partir-de-rabat","23":"first","24":"instock","25":"shipping-taxable","26":"purchasable","27":"product-type-tour"},"_links":{"self":[{"href":"https:\/\/facetours.ma\/fr\/wp-json\/wp\/v2\/product\/2235","targetHints":{"allow":["GET"]}}],"collection":[{"href":"https:\/\/facetours.ma\/fr\/wp-json\/wp\/v2\/product"}],"about":[{"href":"https:\/\/facetours.ma\/fr\/wp-json\/wp\/v2\/types\/product"}],"wp:featuredmedia":[{"embeddable":true,"href":"https:\/\/facetours.ma\/fr\/wp-json\/wp\/v2\/media\/1861"}],"wp:attachment":[{"href":"https:\/\/facetours.ma\/fr\/wp-json\/wp\/v2\/media?parent=2235"}],"wp:term":[{"taxonomy":"product_brand","embeddable":true,"href":"https:\/\/facetours.ma\/fr\/wp-json\/wp\/v2\/product_brand?post=2235"},{"taxonomy":"product_cat","embeddable":true,"href":"https:\/\/facetours.ma\/fr\/wp-json\/wp\/v2\/product_cat?post=2235"},{"taxonomy":"product_tag","embeddable":true,"href":"https:\/\/facetours.ma\/fr\/wp-json\/wp\/v2\/product_tag?post=2235"}],"curies":[{"name":"wp","href":"https:\/\/api.w.org\/{rel}","templated":true}]}}