{"id":2233,"date":"2022-08-30T11:56:19","date_gmt":"2022-08-30T10:56:19","guid":{"rendered":"https:\/\/facetours.ma\/?post_type=product&#038;p=2233"},"modified":"2025-11-01T17:56:13","modified_gmt":"2025-11-01T16:56:13","slug":"excursions-chefchaouen-depuis-rabat","status":"publish","type":"product","link":"https:\/\/facetours.ma\/fr\/meilleures-circuits-au-maroc\/excursions-chefchaouen-depuis-rabat\/","title":{"rendered":"Excursion d\u2019une journ\u00e9e \u00e0 Chefchaouen depuis Rabat"},"content":{"rendered":"<div class=\"wpb-content-wrapper\"><p>[vc_row][vc_column][vc_column_text]<\/p>\n<p style=\"text-align: center;\" data-start=\"206\" data-end=\"762\"><strong>Excursion Chefchaouen au d\u00e9part de Rabat<\/strong><\/p>\n<p data-start=\"206\" data-end=\"762\">Profitez d\u2019une <strong data-start=\"221\" data-end=\"275\">excursion d\u2019une journ\u00e9e \u00e0 Chefchaouen depuis Rabat<\/strong>, une exp\u00e9rience inoubliable \u00e0 la d\u00e9couverte de l\u2019une des villes les plus charmantes du Maroc. Apr\u00e8s un d\u00e9part matinal depuis votre h\u00e9bergement \u00e0 Rabat, vous traverserez les magnifiques paysages du nord du pays, entre montagnes, for\u00eats et villages typiques, jusqu\u2019\u00e0 atteindre <strong data-start=\"551\" data-end=\"566\">Chefchaouen<\/strong>, surnomm\u00e9e la <strong data-start=\"581\" data-end=\"605\">ville bleue du Maroc<\/strong>. Nich\u00e9e au c\u0153ur des montagnes du Rif, cette ville paisible s\u00e9duit par son atmosph\u00e8re spirituelle et ses ruelles \u00e9troites peintes de mille nuances de bleu.<\/p>\n<p data-start=\"764\" data-end=\"1161\">Une fois sur place, commencez votre visite par la <strong data-start=\"814\" data-end=\"824\">Kasbah<\/strong> du XVe si\u00e8cle, un fort historique entour\u00e9 de jardins paisibles et abritant un petit mus\u00e9e ethnographique. Continuez ensuite vers la <strong data-start=\"957\" data-end=\"981\">place Outa El Hammam<\/strong>, centre anim\u00e9 de la m\u00e9dina, entour\u00e9e de caf\u00e9s et de restaurants typiques o\u00f9 vous pourrez d\u00e9guster un th\u00e9 \u00e0 la menthe tout en admirant la <strong data-start=\"1119\" data-end=\"1137\">Grande Mosqu\u00e9e<\/strong> au minaret octogonal.<\/p>\n<p data-start=\"1163\" data-end=\"1537\">Poursuivez la d\u00e9couverte de la m\u00e9dina, v\u00e9ritable labyrinthe de ruelles aux portes et escaliers bleus, parfaits pour la photographie. La balade vous m\u00e8nera jusqu\u2019aux c\u00e9l\u00e8bres <strong data-start=\"1337\" data-end=\"1361\">chutes de Ras El Maa<\/strong>, o\u00f9 les habitants viennent se rafra\u00eechir et laver leur linge. C\u2019est l\u2019endroit id\u00e9al pour profiter d\u2019un moment de d\u00e9tente tout en admirant la beaut\u00e9 naturelle de Chefchaouen.<\/p>\n<p data-start=\"1539\" data-end=\"1794\">En fin d\u2019apr\u00e8s-midi, vous reprendrez la route vers Rabat, avec des souvenirs inoubliables de cette journ\u00e9e dans la perle bleue du Maroc. Cette excursion combine culture, nature et authenticit\u00e9, parfaite pour les voyageurs en qu\u00eate de calme et de beaut\u00e9.<\/p>\n<hr data-start=\"1796\" data-end=\"1799\" \/>\n<h3 data-start=\"1801\" data-end=\"1827\">\u2728 <strong data-start=\"1807\" data-end=\"1825\">Points forts :<\/strong><\/h3>\n<ul data-start=\"1828\" data-end=\"2183\">\n<li data-start=\"1828\" data-end=\"1876\">\n<p data-start=\"1830\" data-end=\"1876\">Excursion priv\u00e9e et confortable depuis Rabat<\/p>\n<\/li>\n<li data-start=\"1877\" data-end=\"1933\">\n<p data-start=\"1879\" data-end=\"1933\">D\u00e9couverte compl\u00e8te de la ville bleue de Chefchaouen<\/p>\n<\/li>\n<li data-start=\"1934\" data-end=\"2022\">\n<p data-start=\"1936\" data-end=\"2022\">Visite de la <strong data-start=\"1949\" data-end=\"1959\">Kasbah<\/strong>, de la <strong data-start=\"1967\" data-end=\"1991\">place Outa El Hammam<\/strong>, et de la <strong data-start=\"2002\" data-end=\"2020\">Grande Mosqu\u00e9e<\/strong><\/p>\n<\/li>\n<li data-start=\"2023\" data-end=\"2080\">\n<p data-start=\"2025\" data-end=\"2080\">Promenade dans la m\u00e9dina aux murs bleus embl\u00e9matiques<\/p>\n<\/li>\n<li data-start=\"2081\" data-end=\"2126\">\n<p data-start=\"2083\" data-end=\"2126\">D\u00e9tente pr\u00e8s des <strong data-start=\"2100\" data-end=\"2124\">chutes de Ras El Maa<\/strong><\/p>\n<\/li>\n<li data-start=\"2127\" data-end=\"2183\">\n<p data-start=\"2129\" data-end=\"2183\">Temps libre pour explorer et photographier la m\u00e9dina<\/p>\n<\/li>\n<\/ul>\n<hr data-start=\"2185\" data-end=\"2188\" \/>\n<h3 data-start=\"2190\" data-end=\"2227\">\ud83d\udccb <strong data-start=\"2197\" data-end=\"2225\">Informations pratiques :<\/strong><\/h3>\n<ul data-start=\"2228\" data-end=\"2547\">\n<li data-start=\"2228\" data-end=\"2285\">\n<p data-start=\"2230\" data-end=\"2285\"><strong data-start=\"2230\" data-end=\"2241\">Dur\u00e9e :<\/strong> Journ\u00e9e compl\u00e8te (environ 10 \u00e0 11 heures)<\/p>\n<\/li>\n<li data-start=\"2286\" data-end=\"2337\">\n<p data-start=\"2288\" data-end=\"2337\"><strong data-start=\"2288\" data-end=\"2300\">D\u00e9part :<\/strong> Depuis votre h\u00f4tel ou riad \u00e0 Rabat<\/p>\n<\/li>\n<li data-start=\"2338\" data-end=\"2382\">\n<p data-start=\"2340\" data-end=\"2382\"><strong data-start=\"2340\" data-end=\"2361\">Heure de d\u00e9part :<\/strong> Vers 7h30 du matin<\/p>\n<\/li>\n<li data-start=\"2383\" data-end=\"2480\">\n<p data-start=\"2385\" data-end=\"2480\"><strong data-start=\"2385\" data-end=\"2397\">Inclus :<\/strong> Transport priv\u00e9 avec chauffeur professionnel, carburant, taxes et frais de route<\/p>\n<\/li>\n<li data-start=\"2481\" data-end=\"2547\">\n<p data-start=\"2483\" data-end=\"2547\"><strong data-start=\"2483\" data-end=\"2499\">Non inclus :<\/strong> D\u00e9jeuner, boissons et guide local (en option)<\/p>\n<\/li>\n<\/ul>\n<table class=\"table table-bordered tours-tabs__table\" style=\"height: 233px;\" width=\"862\">\n<tbody>\n<tr>\n<td><strong>Inclus<\/strong><\/td>\n<td>\n<table class=\"table table-bordered\" style=\"height: 62px;\" width=\"300\">\n<tbody>\n<tr>\n<td><i class=\"fa fa-check icon-tick icon-tick--on\"><\/i>Transport avec chauffeur.<\/td>\n<\/tr>\n<tr>\n<td><i class=\"fa fa-check icon-tick icon-tick--on\"><\/i>Guide local.<\/td>\n<\/tr>\n<tr>\n<td><i class=\"fa fa-check icon-tick icon-tick--on\"><\/i>Guide ou chauffeur professionnel.<\/td>\n<\/tr>\n<tr>\n<td><i class=\"fa fa-check icon-tick icon-tick--on\"><\/i>Carburant &amp; Climatisation.<\/td>\n<\/tr>\n<tr>\n<td><i class=\"fa fa-check icon-tick icon-tick--on\"><\/i>Taxe touristique &amp; Frais de stationnement.<\/td>\n<\/tr>\n<\/tbody>\n<\/table>\n<\/td>\n<\/tr>\n<tr>\n<td><b>Non inclus<\/b><\/td>\n<td>\n<table class=\"table table-bordered\" style=\"height: 62px;\" width=\"300\">\n<tbody>\n<tr>\n<td><i class=\"fa fa-times icon-tick icon-tick--off\"><\/i>D\u00e9jeuner.<\/td>\n<\/tr>\n<tr>\n<td><i class=\"fa fa-times icon-tick icon-tick--off\"><\/i>Boissons.<\/td>\n<\/tr>\n<tr>\n<td><i class=\"fa fa-times icon-tick icon-tick--off\"><\/i>Pourboire.<\/td>\n<\/tr>\n<\/tbody>\n<\/table>\n<\/td>\n<\/tr>\n<\/tbody>\n<\/table>\n<p>[\/vc_column_text][\/vc_column][\/vc_row]<\/p>\n<\/div>","protected":false},"excerpt":{"rendered":"<p>Une excursion d&#8217;une journ\u00e9e \u00e0 Chefchaouen depuis Rabat vous permettra de d\u00e9couvrir cette magnifique ville nich\u00e9e au c\u0153ur des montagnes du Rif. Dans cette petite cit\u00e9 paisible, tout est peint en bleu, refl\u00e9tant la couleur du ciel et cr\u00e9ant une atmosph\u00e8re unique et apaisante.<\/p>\n","protected":false},"featured_media":1573,"template":"","meta":[],"product_brand":[],"product_cat":[106],"product_tag":[866,876,869,872,867,874,871,877,875,873,868,870],"class_list":{"0":"post-2233","1":"product","2":"type-product","3":"status-publish","4":"has-post-thumbnail","6":"product_cat-excursions-a-partir-rabat","7":"product_tag-chefchaouen-depuis-rabat","8":"product_tag-chutes-ras-el-maa","9":"product_tag-excursion-dune-journee-maroc","10":"product_tag-excursion-privee-rabat","11":"product_tag-excursion-rabat-chefchaouen","12":"product_tag-face-tours-maroc","13":"product_tag-journee-a-chefchaouen","14":"product_tag-kasbah-chefchaouen","15":"product_tag-medina-de-chefchaouen","16":"product_tag-tourisme-rabat","17":"product_tag-ville-bleue-maroc","18":"product_tag-visite-guidee-chefchaouen","19":"tour_category-excursions-a-partir-de-rabat","21":"first","22":"instock","23":"shipping-taxable","24":"purchasable","25":"product-type-tour"},"_links":{"self":[{"href":"https:\/\/facetours.ma\/fr\/wp-json\/wp\/v2\/product\/2233","targetHints":{"allow":["GET"]}}],"collection":[{"href":"https:\/\/facetours.ma\/fr\/wp-json\/wp\/v2\/product"}],"about":[{"href":"https:\/\/facetours.ma\/fr\/wp-json\/wp\/v2\/types\/product"}],"wp:featuredmedia":[{"embeddable":true,"href":"https:\/\/facetours.ma\/fr\/wp-json\/wp\/v2\/media\/1573"}],"wp:attachment":[{"href":"https:\/\/facetours.ma\/fr\/wp-json\/wp\/v2\/media?parent=2233"}],"wp:term":[{"taxonomy":"product_brand","embeddable":true,"href":"https:\/\/facetours.ma\/fr\/wp-json\/wp\/v2\/product_brand?post=2233"},{"taxonomy":"product_cat","embeddable":true,"href":"https:\/\/facetours.ma\/fr\/wp-json\/wp\/v2\/product_cat?post=2233"},{"taxonomy":"product_tag","embeddable":true,"href":"https:\/\/facetours.ma\/fr\/wp-json\/wp\/v2\/product_tag?post=2233"}],"curies":[{"name":"wp","href":"https:\/\/api.w.org\/{rel}","templated":true}]}}