{"id":2231,"date":"2022-08-30T11:58:06","date_gmt":"2022-08-30T10:58:06","guid":{"rendered":"https:\/\/facetours.ma\/?post_type=product&#038;p=2231"},"modified":"2025-11-01T17:14:35","modified_gmt":"2025-11-01T16:14:35","slug":"excursions-marrakech-depuis-rabat","status":"publish","type":"product","link":"https:\/\/facetours.ma\/fr\/meilleures-circuits-au-maroc\/excursions-marrakech-depuis-rabat\/","title":{"rendered":"Excursion d&#8217;une journ\u00e9e \u00e0 Marrakech depuis Rabat"},"content":{"rendered":"<div class=\"wpb-content-wrapper\"><p>[vc_row][vc_column][vc_column_text]<\/p>\n<p style=\"text-align: center;\"><strong>Excursion d\u2019une journ\u00e9e \u00e0 Marrakech depuis Rabat<\/strong><\/p>\n<p data-start=\"210\" data-end=\"944\">Partez t\u00f4t le matin pour une <strong data-start=\"239\" data-end=\"291\">excursion d\u2019une journ\u00e9e \u00e0 Marrakech depuis Rabat<\/strong> et plongez dans la <strong data-start=\"311\" data-end=\"326\">ville rouge<\/strong>, l\u2019une des destinations les plus fascinantes du Maroc. D\u00e9couvrez ses <strong data-start=\"396\" data-end=\"435\">monuments historiques embl\u00e9matiques<\/strong> tels que la <strong data-start=\"448\" data-end=\"469\">Mosqu\u00e9e Koutoubia<\/strong>, le <strong data-start=\"474\" data-end=\"496\">Palais de la Bahia<\/strong>, et les <strong data-start=\"505\" data-end=\"526\">Tombeaux Saadiens<\/strong>, t\u00e9moins d\u2019un riche pass\u00e9 imp\u00e9rial.<br data-start=\"562\" data-end=\"565\" \/>Fl\u00e2nez dans les ruelles anim\u00e9es de la <strong data-start=\"603\" data-end=\"613\">M\u00e9dina<\/strong>, explorez les <strong data-start=\"628\" data-end=\"644\">souk color\u00e9s<\/strong> remplis d\u2019artisanat local, et vivez l\u2019ambiance magique de la <strong data-start=\"706\" data-end=\"728\">place Jemaa el-Fna<\/strong>, o\u00f9 charmeurs de serpents, conteurs et musiciens donnent vie \u00e0 la culture marocaine.<br data-start=\"813\" data-end=\"816\" \/>Cette excursion vous offre une <strong data-start=\"847\" data-end=\"883\">immersion culturelle inoubliable<\/strong>, entre <strong data-start=\"891\" data-end=\"943\">patrimoine, gastronomie et traditions marocaines<\/strong>.<\/p>\n<hr data-start=\"946\" data-end=\"949\" \/>\n<h3 data-start=\"951\" data-end=\"978\">\ud83c\udf1f <strong data-start=\"958\" data-end=\"976\">Points forts :<\/strong><\/h3>\n<ul data-start=\"979\" data-end=\"1358\">\n<li data-start=\"979\" data-end=\"1048\">\n<p data-start=\"981\" data-end=\"1048\">D\u00e9couverte de <strong data-start=\"995\" data-end=\"1030\">la ville imp\u00e9riale de Marrakech<\/strong> en une journ\u00e9e.<\/p>\n<\/li>\n<li data-start=\"1049\" data-end=\"1149\">\n<p data-start=\"1051\" data-end=\"1149\">Visite guid\u00e9e des <strong data-start=\"1069\" data-end=\"1101\">principaux sites historiques<\/strong> : Koutoubia, Palais Bahia, Tombeaux Saadiens.<\/p>\n<\/li>\n<li data-start=\"1150\" data-end=\"1220\">\n<p data-start=\"1152\" data-end=\"1220\">Balade dans les <strong data-start=\"1168\" data-end=\"1184\">souks anim\u00e9s<\/strong> et sur la <strong data-start=\"1195\" data-end=\"1217\">place Jemaa el-Fna<\/strong>.<\/p>\n<\/li>\n<li data-start=\"1221\" data-end=\"1303\">\n<p data-start=\"1223\" data-end=\"1303\">Temps libre pour le <strong data-start=\"1243\" data-end=\"1255\">shopping<\/strong> ou la <strong data-start=\"1262\" data-end=\"1300\">d\u00e9gustation d\u2019un d\u00e9jeuner marocain<\/strong>.<\/p>\n<\/li>\n<li data-start=\"1304\" data-end=\"1358\">\n<p data-start=\"1306\" data-end=\"1358\">Transport confortable aller-retour depuis <strong data-start=\"1348\" data-end=\"1357\">Rabat<\/strong>.<\/p>\n<\/li>\n<\/ul>\n<hr data-start=\"1360\" data-end=\"1363\" \/>\n<h3 data-start=\"1365\" data-end=\"1402\">\ud83d\udd52 <strong data-start=\"1372\" data-end=\"1400\">Informations pratiques :<\/strong><\/h3>\n<ul data-start=\"1403\" data-end=\"1848\">\n<li data-start=\"1403\" data-end=\"1455\">\n<p data-start=\"1405\" data-end=\"1455\">\u23f0 <strong data-start=\"1407\" data-end=\"1418\">Dur\u00e9e :<\/strong> 1 journ\u00e9e (environ 12 \u00e0 14 heures)<\/p>\n<\/li>\n<li data-start=\"1456\" data-end=\"1510\">\n<p data-start=\"1458\" data-end=\"1510\">\ud83d\ude97 <strong data-start=\"1461\" data-end=\"1473\">D\u00e9part :<\/strong> Depuis votre h\u00f4tel ou riad \u00e0 Rabat<\/p>\n<\/li>\n<li data-start=\"1511\" data-end=\"1574\">\n<p data-start=\"1513\" data-end=\"1574\">\ud83d\udc65 <strong data-start=\"1516\" data-end=\"1528\">Groupe :<\/strong> Petit groupe ou excursion priv\u00e9e disponible<\/p>\n<\/li>\n<li data-start=\"1575\" data-end=\"1639\">\n<p data-start=\"1577\" data-end=\"1639\">\ud83d\udde3\ufe0f <strong data-start=\"1581\" data-end=\"1593\">Langue :<\/strong> Guide parlant fran\u00e7ais, anglais ou espagnol<\/p>\n<\/li>\n<li data-start=\"1640\" data-end=\"1707\">\n<p data-start=\"1642\" data-end=\"1707\">\ud83c\udf7d\ufe0f <strong data-start=\"1646\" data-end=\"1657\">Repas :<\/strong> D\u00e9jeuner libre ou inclus selon l\u2019option choisie<\/p>\n<\/li>\n<li data-start=\"1708\" data-end=\"1781\">\n<p data-start=\"1710\" data-end=\"1781\">\ud83d\udcb5 <strong data-start=\"1713\" data-end=\"1725\">Inclus :<\/strong> Transport, guide professionnel, visites des monuments<\/p>\n<\/li>\n<li data-start=\"1782\" data-end=\"1848\">\n<p data-start=\"1784\" data-end=\"1848\">\u274c <strong data-start=\"1786\" data-end=\"1802\">Non inclus :<\/strong> Boissons, pourboires, d\u00e9penses personnelles.<\/p>\n<\/li>\n<\/ul>\n<table class=\"table table-bordered tours-tabs__table\" style=\"height: 233px;\" width=\"862\">\n<tbody>\n<tr>\n<td><strong>Inclus<\/strong><\/td>\n<td>\n<table class=\"table table-bordered\" style=\"height: 62px;\" width=\"300\">\n<tbody>\n<tr>\n<td><i class=\"fa fa-check icon-tick icon-tick--on\"><\/i>Transport avec chauffeur.<\/td>\n<\/tr>\n<tr>\n<td><i class=\"fa fa-check icon-tick icon-tick--on\"><\/i>Guide ou chauffeur professionnel.<\/td>\n<\/tr>\n<tr>\n<td><i class=\"fa fa-check icon-tick icon-tick--on\"><\/i>Carburant &amp; climatisation.<\/td>\n<\/tr>\n<tr>\n<td><i class=\"fa fa-check icon-tick icon-tick--on\"><\/i>Taxe touristique &amp; frais de stationnement.<\/td>\n<\/tr>\n<tr>\n<td><i class=\"fa fa-check icon-tick icon-tick--on\"><\/i>Guide local &amp; frais d&#8217;entr\u00e9e aux monuments.<\/td>\n<\/tr>\n<\/tbody>\n<\/table>\n<\/td>\n<\/tr>\n<tr>\n<td><b>Non inclus<\/b><\/td>\n<td>\n<table class=\"table table-bordered\" style=\"height: 62px;\" width=\"300\">\n<tbody>\n<tr>\n<td><i class=\"fa fa-times icon-tick icon-tick--off\"><\/i>D\u00e9jeuner.<\/td>\n<\/tr>\n<tr>\n<td><i class=\"fa fa-times icon-tick icon-tick--off\"><\/i>Boissons.<\/td>\n<\/tr>\n<tr>\n<td><i class=\"fa fa-times icon-tick icon-tick--off\"><\/i>Pourboire.<\/td>\n<\/tr>\n<\/tbody>\n<\/table>\n<\/td>\n<\/tr>\n<\/tbody>\n<\/table>\n<p>[\/vc_column_text][\/vc_column][\/vc_row]<\/p>\n<\/div>","protected":false},"excerpt":{"rendered":"<p><strong data-start=\"56\" data-end=\"110\">L\u2019excursion d\u2019une journ\u00e9e \u00e0 Marrakech depuis Rabat<\/strong> vous permettra de d\u00e9couvrir en d\u00e9tail la ville rouge, ses points forts et ses monuments historiques embl\u00e9matiques. Vous visiterez la <strong data-start=\"244\" data-end=\"265\" data-is-only-node=\"\">mosqu\u00e9e Koutoubia<\/strong>, les <strong data-start=\"271\" data-end=\"292\">tombeaux Saadiens<\/strong>, le <strong data-start=\"297\" data-end=\"319\">palais de la Bahia<\/strong> et <strong data-start=\"323\" data-end=\"339\">Dar El Bacha<\/strong>, tout en profitant de l\u2019ambiance unique de la m\u00e9dina de Marrakech.<\/p>\n","protected":false},"featured_media":1614,"template":"","meta":[],"product_brand":[],"product_cat":[106],"product_tag":[827,863,857,862,860,855,859,864,861,839,856,865,829,826,858],"class_list":{"0":"post-2231","1":"product","2":"type-product","3":"status-publish","4":"has-post-thumbnail","6":"product_cat-excursions-a-partir-rabat","7":"product_tag-culture-marocaine","8":"product_tag-excursion-depuis-rabat","9":"product_tag-excursion-maroc","10":"product_tag-jemaa-el-fna","11":"product_tag-koutoubia","12":"product_tag-marrakech","13":"product_tag-medina-de-marrakech","14":"product_tag-monuments-historiques","15":"product_tag-palais-bahia","16":"product_tag-patrimoine-marocain","17":"product_tag-rabat","18":"product_tag-souks-marrakech","19":"product_tag-tourisme-maroc","20":"product_tag-visite-guidee","21":"product_tag-voyage-dune-journee","22":"tour_category-excursions-a-partir-de-rabat","24":"first","25":"instock","26":"shipping-taxable","27":"purchasable","28":"product-type-tour"},"_links":{"self":[{"href":"https:\/\/facetours.ma\/fr\/wp-json\/wp\/v2\/product\/2231","targetHints":{"allow":["GET"]}}],"collection":[{"href":"https:\/\/facetours.ma\/fr\/wp-json\/wp\/v2\/product"}],"about":[{"href":"https:\/\/facetours.ma\/fr\/wp-json\/wp\/v2\/types\/product"}],"wp:featuredmedia":[{"embeddable":true,"href":"https:\/\/facetours.ma\/fr\/wp-json\/wp\/v2\/media\/1614"}],"wp:attachment":[{"href":"https:\/\/facetours.ma\/fr\/wp-json\/wp\/v2\/media?parent=2231"}],"wp:term":[{"taxonomy":"product_brand","embeddable":true,"href":"https:\/\/facetours.ma\/fr\/wp-json\/wp\/v2\/product_brand?post=2231"},{"taxonomy":"product_cat","embeddable":true,"href":"https:\/\/facetours.ma\/fr\/wp-json\/wp\/v2\/product_cat?post=2231"},{"taxonomy":"product_tag","embeddable":true,"href":"https:\/\/facetours.ma\/fr\/wp-json\/wp\/v2\/product_tag?post=2231"}],"curies":[{"name":"wp","href":"https:\/\/api.w.org\/{rel}","templated":true}]}}