{"id":2226,"date":"2022-08-30T12:08:46","date_gmt":"2022-08-30T11:08:46","guid":{"rendered":"https:\/\/facetours.ma\/?post_type=product&#038;p=2226"},"modified":"2025-11-01T14:09:36","modified_gmt":"2025-11-01T13:09:36","slug":"excursion-meknes-volubilis-fes","status":"publish","type":"product","link":"https:\/\/facetours.ma\/fr\/meilleures-circuits-au-maroc\/excursion-meknes-volubilis-fes\/","title":{"rendered":"Excursion d&#8217;une journ\u00e9e \u00e0 Mekn\u00e8s et Volubilis au d\u00e9part de F\u00e8s"},"content":{"rendered":"<div class=\"wpb-content-wrapper\"><p>[vc_row][vc_column][vc_column_text]<\/p>\n<p style=\"text-align: center;\"><strong>Excursion d\u2019une journ\u00e9e \u00e0 Mekn\u00e8s et Volubilis depuis F\u00e8s<\/strong><\/p>\n<p data-start=\"155\" data-end=\"886\">D\u00e9couvrir la journ\u00e9e inoubliable au d\u00e9part de <strong data-start=\"231\" data-end=\"238\">F\u00e8s<\/strong> pour d\u00e9couvrir la richesse historique et culturelle du Maroc. Cette excursion vous emm\u00e8ne d\u2019abord \u00e0 <strong data-start=\"339\" data-end=\"349\">Mekn\u00e8s<\/strong>, l\u2019une des quatre villes imp\u00e9riales, o\u00f9 vous visiterez la m\u00e9dina, les c\u00e9l\u00e8bres portes <strong data-start=\"436\" data-end=\"451\">Bab Mansour<\/strong> et <strong data-start=\"455\" data-end=\"472\">Bab El-Khamis<\/strong>, ainsi que les <strong data-start=\"488\" data-end=\"506\">stables royaux<\/strong> et le <strong data-start=\"513\" data-end=\"542\">mausol\u00e9e de Moulay Ismail<\/strong>. Ensuite, poursuivez vers <strong data-start=\"569\" data-end=\"582\">Volubilis<\/strong>, site arch\u00e9ologique class\u00e9 au patrimoine mondial de l\u2019<strong data-start=\"637\" data-end=\"647\">UNESCO<\/strong>, pour admirer les <strong data-start=\"666\" data-end=\"685\" data-is-only-node=\"\">ruines romaines<\/strong>, les <strong data-start=\"691\" data-end=\"720\">mosa\u00efques bien conserv\u00e9es<\/strong> et les vestiges de cette ancienne cit\u00e9 imp\u00e9riale. Profitez de panoramas exceptionnels sur la campagne marocaine et plongez dans l\u2019histoire fascinante de la r\u00e9gion.<\/p>\n<p data-start=\"888\" data-end=\"908\"><strong data-start=\"888\" data-end=\"906\">Points forts :<\/strong><\/p>\n<ul data-start=\"909\" data-end=\"1118\">\n<li data-start=\"909\" data-end=\"966\">\n<p data-start=\"911\" data-end=\"966\">D\u00e9couverte de <strong data-start=\"925\" data-end=\"935\">Mekn\u00e8s<\/strong> et ses monuments historiques<\/p>\n<\/li>\n<li data-start=\"967\" data-end=\"1025\">\n<p data-start=\"969\" data-end=\"1025\">Visite de <strong data-start=\"979\" data-end=\"992\">Volubilis<\/strong>, site romain class\u00e9 <strong data-start=\"1013\" data-end=\"1023\">UNESCO<\/strong><\/p>\n<\/li>\n<li data-start=\"1026\" data-end=\"1064\">\n<p data-start=\"1028\" data-end=\"1064\">Panorama sur la campagne marocaine<\/p>\n<\/li>\n<li data-start=\"1065\" data-end=\"1118\">\n<p data-start=\"1067\" data-end=\"1118\">Guide exp\u00e9riment\u00e9 et professionnel depuis <strong data-start=\"1109\" data-end=\"1116\">F\u00e8s<\/strong><\/p>\n<\/li>\n<\/ul>\n<p data-start=\"1120\" data-end=\"1150\"><strong data-start=\"1120\" data-end=\"1148\">Informations pratiques :<\/strong><\/p>\n<ul data-start=\"1151\" data-end=\"1355\">\n<li data-start=\"1151\" data-end=\"1183\">\n<p data-start=\"1153\" data-end=\"1183\">Dur\u00e9e : 8 \u00e0 9 heures environ<\/p>\n<\/li>\n<li data-start=\"1184\" data-end=\"1214\">\n<p data-start=\"1186\" data-end=\"1214\">D\u00e9part et retour : <strong data-start=\"1205\" data-end=\"1212\">F\u00e8s<\/strong><\/p>\n<\/li>\n<li data-start=\"1215\" data-end=\"1255\">\n<p data-start=\"1217\" data-end=\"1255\">Transport : V\u00e9hicule priv\u00e9 climatis\u00e9<\/p>\n<\/li>\n<li data-start=\"1256\" data-end=\"1320\">\n<p data-start=\"1258\" data-end=\"1320\">Inclus : Guide professionnel, frais d\u2019entr\u00e9e \u00e0 <strong data-start=\"1305\" data-end=\"1318\">Volubilis<\/strong><\/p>\n<\/li>\n<li data-start=\"1321\" data-end=\"1355\">\n<p data-start=\"1323\" data-end=\"1355\">Non inclus : Repas et boissons<\/p>\n<\/li>\n<\/ul>\n<table class=\"table table-bordered tours-tabs__table\" style=\"height: 233px;\" width=\"862\">\n<tbody>\n<tr>\n<td><strong>Inclus<\/strong><\/td>\n<td>\n<table class=\"table table-bordered\" style=\"height: 62px;\" width=\"300\">\n<tbody>\n<tr>\n<td><i class=\"fa fa-check icon-tick icon-tick--on\"><\/i>Transport avec chauffeur.<\/td>\n<\/tr>\n<tr>\n<td><i class=\"fa fa-check icon-tick icon-tick--on\"><\/i>Guide ou chauffeur professionnel.<\/td>\n<\/tr>\n<tr>\n<td><i class=\"fa fa-check icon-tick icon-tick--on\"><\/i>Guide local et frais d&#8217;entr\u00e9e aux monuments.<\/td>\n<\/tr>\n<tr>\n<td><i class=\"fa fa-check icon-tick icon-tick--on\"><\/i>Carburant et climatisation.<\/td>\n<\/tr>\n<tr>\n<td><i class=\"fa fa-check icon-tick icon-tick--on\"><\/i>Taxe de s\u00e9jour et frais de stationnement.<\/td>\n<\/tr>\n<\/tbody>\n<\/table>\n<\/td>\n<\/tr>\n<tr>\n<td><b>Non inclus<\/b><\/td>\n<td>\n<table class=\"table table-bordered\" style=\"height: 62px;\" width=\"300\">\n<tbody>\n<tr>\n<td><i class=\"fa fa-times icon-tick icon-tick--off\"><\/i>D\u00e9jeuner.<\/td>\n<\/tr>\n<tr>\n<td><i class=\"fa fa-times icon-tick icon-tick--off\"><\/i>Boissons.<\/td>\n<\/tr>\n<tr>\n<td><i class=\"fa fa-times icon-tick icon-tick--off\"><\/i>Pourboire.<\/td>\n<\/tr>\n<\/tbody>\n<\/table>\n<\/td>\n<\/tr>\n<\/tbody>\n<\/table>\n<p>[\/vc_column_text][\/vc_column][\/vc_row]<\/p>\n<\/div>","protected":false},"excerpt":{"rendered":"<p>Pr\u00e9voyez une merveilleuse excursion d&#8217;une journ\u00e9e \u00e0 <strong data-start=\"155\" data-end=\"165\">Mekn\u00e8s<\/strong> et <strong data-start=\"169\" data-end=\"182\" data-is-only-node=\"\">Volubilis<\/strong> depuis <strong data-start=\"190\" data-end=\"197\">F\u00e8s<\/strong>, et explorez <strong data-start=\"211\" data-end=\"221\">Mekn\u00e8s<\/strong> avec ses monuments historiques, la sainte ville de <strong data-start=\"273\" data-end=\"291\">Moulay Zerhoun<\/strong>, ainsi que <strong data-start=\"303\" data-end=\"316\">Volubilis<\/strong>, les ruines romaines class\u00e9es au patrimoine mondial de l&#8217;<strong data-start=\"374\" data-end=\"384\">UNESCO<\/strong>.<\/p>\n","protected":false},"featured_media":1924,"template":"","meta":[],"product_brand":[],"product_cat":[104],"product_tag":[838,831,846,836,842,839,840,845,843,829,841,826,837,844],"class_list":{"0":"post-2226","1":"product","2":"type-product","3":"status-publish","4":"has-post-thumbnail","6":"product_cat-excursions-a-partir-fes","7":"product_tag-excursion-dune-journee","8":"product_tag-fes-excursions","9":"product_tag-je-peux","10":"product_tag-meknes","11":"product_tag-moulay-zerhoun","12":"product_tag-patrimoine-marocain","13":"product_tag-ruines-romaines","14":"product_tag-sites-historiques-si-vous-voulez","15":"product_tag-tour-culturel-maroc","16":"product_tag-tourisme-maroc","17":"product_tag-unesco","18":"product_tag-visite-guidee","19":"product_tag-volubilis","20":"product_tag-voyage-historique","21":"tour_category-excursions-a-partir-de-fes","23":"first","24":"instock","25":"shipping-taxable","26":"purchasable","27":"product-type-tour"},"_links":{"self":[{"href":"https:\/\/facetours.ma\/fr\/wp-json\/wp\/v2\/product\/2226","targetHints":{"allow":["GET"]}}],"collection":[{"href":"https:\/\/facetours.ma\/fr\/wp-json\/wp\/v2\/product"}],"about":[{"href":"https:\/\/facetours.ma\/fr\/wp-json\/wp\/v2\/types\/product"}],"wp:featuredmedia":[{"embeddable":true,"href":"https:\/\/facetours.ma\/fr\/wp-json\/wp\/v2\/media\/1924"}],"wp:attachment":[{"href":"https:\/\/facetours.ma\/fr\/wp-json\/wp\/v2\/media?parent=2226"}],"wp:term":[{"taxonomy":"product_brand","embeddable":true,"href":"https:\/\/facetours.ma\/fr\/wp-json\/wp\/v2\/product_brand?post=2226"},{"taxonomy":"product_cat","embeddable":true,"href":"https:\/\/facetours.ma\/fr\/wp-json\/wp\/v2\/product_cat?post=2226"},{"taxonomy":"product_tag","embeddable":true,"href":"https:\/\/facetours.ma\/fr\/wp-json\/wp\/v2\/product_tag?post=2226"}],"curies":[{"name":"wp","href":"https:\/\/api.w.org\/{rel}","templated":true}]}}