{"id":2224,"date":"2022-08-30T12:13:35","date_gmt":"2022-08-30T11:13:35","guid":{"rendered":"https:\/\/facetours.ma\/?post_type=product&#038;p=2224"},"modified":"2025-11-01T13:54:30","modified_gmt":"2025-11-01T12:54:30","slug":"excursion-ifrane-azrou-fes","status":"publish","type":"product","link":"https:\/\/facetours.ma\/fr\/meilleures-circuits-au-maroc\/excursion-ifrane-azrou-fes\/","title":{"rendered":"Excursion d&#8217;une journ\u00e9e \u00e0 Ifrane et Azrou depuis F\u00e8s"},"content":{"rendered":"<div class=\"wpb-content-wrapper\"><p>[vc_row][vc_column][vc_column_text]<\/p>\n<p style=\"text-align: center;\"><strong>Excursion d\u2019une journ\u00e9e \u00e0 Ifrane et Azrou depuis F\u00e8s<\/strong><\/p>\n<p data-start=\"213\" data-end=\"569\">Partez pour une <strong data-start=\"229\" data-end=\"273\">excursion d\u2019une journ\u00e9e au d\u00e9part de F\u00e8s<\/strong> et d\u00e9couvrez la beaut\u00e9 naturelle et culturelle de la r\u00e9gion du Moyen Atlas. Votre voyage commence par la charmante ville d\u2019<strong data-start=\"397\" data-end=\"407\">Ifrane<\/strong>, surnomm\u00e9e la \u201cPetite Suisse du Maroc\u201d, c\u00e9l\u00e8bre pour ses <strong data-start=\"465\" data-end=\"494\">maisons au style europ\u00e9en<\/strong>, ses <strong data-start=\"500\" data-end=\"527\">jardins bien entretenus<\/strong> et son atmosph\u00e8re calme et pittoresque.<\/p>\n<p data-start=\"571\" data-end=\"890\">Ensuite, continuez vers <strong data-start=\"595\" data-end=\"604\">Azrou<\/strong>, une ville au c\u0153ur de la for\u00eat de c\u00e8dres, o\u00f9 vous pourrez observer les c\u00e9l\u00e8bres <strong data-start=\"685\" data-end=\"702\">singes magots<\/strong> dans leur habitat naturel et admirer les <strong data-start=\"744\" data-end=\"773\">grands c\u00e8dres centenaires<\/strong>. Profitez de l\u2019occasion pour d\u00e9couvrir l\u2019artisanat local, acheter des souvenirs et go\u00fbter aux sp\u00e9cialit\u00e9s locales.<\/p>\n<p data-start=\"892\" data-end=\"1081\">Cette excursion combine <strong data-start=\"916\" data-end=\"946\">nature, culture et d\u00e9tente<\/strong>, id\u00e9ale pour les amoureux de paysages montagneux et pour ceux qui souhaitent explorer les tr\u00e9sors du Moyen Atlas en une seule journ\u00e9e.<\/p>\n<hr data-start=\"1083\" data-end=\"1086\" \/>\n<h3 data-start=\"1088\" data-end=\"1112\"><strong data-start=\"1092\" data-end=\"1110\">Points forts :<\/strong><\/h3>\n<ul data-start=\"1113\" data-end=\"1472\">\n<li data-start=\"1113\" data-end=\"1188\">\n<p data-start=\"1115\" data-end=\"1188\">Visite de la charmante ville d\u2019<strong data-start=\"1146\" data-end=\"1156\">Ifrane<\/strong>, \u201cla Petite Suisse du Maroc\u201d.<\/p>\n<\/li>\n<li data-start=\"1189\" data-end=\"1277\">\n<p data-start=\"1191\" data-end=\"1277\">D\u00e9couverte des <strong data-start=\"1206\" data-end=\"1234\">for\u00eats de c\u00e8dres d\u2019Azrou<\/strong> et rencontre avec les <strong data-start=\"1257\" data-end=\"1274\">singes magots<\/strong>.<\/p>\n<\/li>\n<li data-start=\"1278\" data-end=\"1341\">\n<p data-start=\"1280\" data-end=\"1341\">Observation des paysages spectaculaires du <strong data-start=\"1323\" data-end=\"1338\">Moyen Atlas<\/strong>.<\/p>\n<\/li>\n<li data-start=\"1342\" data-end=\"1398\">\n<p data-start=\"1344\" data-end=\"1398\">Artisanat et produits locaux \u00e0 acheter en souvenirs.<\/p>\n<\/li>\n<li data-start=\"1399\" data-end=\"1472\">\n<p data-start=\"1401\" data-end=\"1472\">Excursion guid\u00e9e au d\u00e9part de F\u00e8s avec <strong data-start=\"1440\" data-end=\"1471\">transport priv\u00e9 confortable<\/strong>.<\/p>\n<\/li>\n<\/ul>\n<hr data-start=\"1474\" data-end=\"1477\" \/>\n<h3 data-start=\"1479\" data-end=\"1513\"><strong data-start=\"1483\" data-end=\"1511\">Informations pratiques :<\/strong><\/h3>\n<ul data-start=\"1514\" data-end=\"1875\">\n<li data-start=\"1514\" data-end=\"1550\">\n<p data-start=\"1516\" data-end=\"1550\"><strong data-start=\"1516\" data-end=\"1527\">Dur\u00e9e :<\/strong> 8 \u00e0 9 heures environ<\/p>\n<\/li>\n<li data-start=\"1551\" data-end=\"1614\">\n<p data-start=\"1553\" data-end=\"1614\"><strong data-start=\"1553\" data-end=\"1574\">Heure de d\u00e9part :<\/strong> 8h00 depuis votre h\u00f4tel ou riad \u00e0 F\u00e8s<\/p>\n<\/li>\n<li data-start=\"1615\" data-end=\"1659\">\n<p data-start=\"1617\" data-end=\"1659\"><strong data-start=\"1617\" data-end=\"1632\">Transport :<\/strong> V\u00e9hicule priv\u00e9 climatis\u00e9<\/p>\n<\/li>\n<li data-start=\"1660\" data-end=\"1718\">\n<p data-start=\"1662\" data-end=\"1718\"><strong data-start=\"1662\" data-end=\"1684\">Langues du guide :<\/strong> Fran\u00e7ais, Anglais (sur demande)<\/p>\n<\/li>\n<li data-start=\"1719\" data-end=\"1773\">\n<p data-start=\"1721\" data-end=\"1773\"><strong data-start=\"1721\" data-end=\"1732\">Repas :<\/strong> Option d\u00e9jeuner disponible sur demande<\/p>\n<\/li>\n<li data-start=\"1774\" data-end=\"1875\">\n<p data-start=\"1776\" data-end=\"1875\"><strong data-start=\"1776\" data-end=\"1803\">\u00c9quipement recommand\u00e9 :<\/strong> Chaussures confortables, appareil photo, v\u00eatements adapt\u00e9s \u00e0 la m\u00e9t\u00e9o<\/p>\n<\/li>\n<\/ul>\n<table class=\"table table-bordered tours-tabs__table\" style=\"height: 233px;\" width=\"862\">\n<tbody>\n<tr>\n<td><strong>Inclus<\/strong><\/td>\n<td>\n<table class=\"table table-bordered\" style=\"height: 62px;\" width=\"300\">\n<tbody>\n<tr>\n<td><i class=\"fa fa-check icon-tick icon-tick--on\"><\/i>Transport avec chauffeur.<\/td>\n<\/tr>\n<tr>\n<td><i class=\"fa fa-check icon-tick icon-tick--on\"><\/i>Guide ou chauffeur professionnel.<\/td>\n<\/tr>\n<tr>\n<td><i class=\"fa fa-check icon-tick icon-tick--on\"><\/i>Carburant &amp; Air conditionn\u00e9.<\/td>\n<\/tr>\n<tr>\n<td><i class=\"fa fa-check icon-tick icon-tick--on\"><\/i>Taxe de s\u00e9jour &amp; Frais de stationnement.<\/td>\n<\/tr>\n<\/tbody>\n<\/table>\n<\/td>\n<\/tr>\n<tr>\n<td><b>Non inclus<\/b><\/td>\n<td>\n<table class=\"table table-bordered\" style=\"height: 62px;\" width=\"300\">\n<tbody>\n<tr>\n<td><i class=\"fa fa-times icon-tick icon-tick--off\"><\/i>D\u00e9jeuner.<\/td>\n<\/tr>\n<tr>\n<td><i class=\"fa fa-times icon-tick icon-tick--off\"><\/i>Boissons.<\/td>\n<\/tr>\n<tr>\n<td><i class=\"fa fa-times icon-tick icon-tick--off\"><\/i>Pourboire.<\/td>\n<\/tr>\n<\/tbody>\n<\/table>\n<\/td>\n<\/tr>\n<\/tbody>\n<\/table>\n<p>[\/vc_column_text][\/vc_column][\/vc_row]<\/p>\n<\/div>","protected":false},"excerpt":{"rendered":"<p><strong data-start=\"60\" data-end=\"116\">Excursion d&#8217;une journ\u00e9e \u00e0 Ifrane et Azrou depuis F\u00e8s<\/strong> \u00e0 travers les montagnes du <strong data-start=\"144\" data-end=\"159\">Moyen Atlas<\/strong> pour d\u00e9couvrir la charmante ville d&#8217;<strong data-start=\"196\" data-end=\"206\" data-is-only-node=\"\">Ifrane<\/strong>, souvent surnomm\u00e9e la &#8220;Suisse du Maroc&#8221;, ainsi que la <strong data-start=\"261\" data-end=\"288\">for\u00eat de c\u00e8dres d&#8217;Azrou<\/strong>, o\u00f9 vous pourrez observer les <strong data-start=\"319\" data-end=\"340\">macaques berb\u00e8res<\/strong> dans leur habitat naturel.<\/p>\n","protected":false},"featured_media":1708,"template":"","meta":[],"product_brand":[],"product_cat":[104],"product_tag":[820,814,815,812,818,813,816,817,819,821],"class_list":{"0":"post-2224","1":"product","2":"type-product","3":"status-publish","4":"has-post-thumbnail","6":"product_cat-excursions-a-partir-fes","7":"product_tag-artisanat-marocain","8":"product_tag-azrou","9":"product_tag-excursion-journee","10":"product_tag-fes","11":"product_tag-foret-de-cedres","12":"product_tag-ifrane","13":"product_tag-moyen-atlas","14":"product_tag-nature","15":"product_tag-singes-magots","16":"product_tag-tour-depuis-fes","17":"tour_category-excursions-a-partir-de-fes","19":"first","20":"instock","21":"shipping-taxable","22":"purchasable","23":"product-type-tour"},"_links":{"self":[{"href":"https:\/\/facetours.ma\/fr\/wp-json\/wp\/v2\/product\/2224","targetHints":{"allow":["GET"]}}],"collection":[{"href":"https:\/\/facetours.ma\/fr\/wp-json\/wp\/v2\/product"}],"about":[{"href":"https:\/\/facetours.ma\/fr\/wp-json\/wp\/v2\/types\/product"}],"wp:featuredmedia":[{"embeddable":true,"href":"https:\/\/facetours.ma\/fr\/wp-json\/wp\/v2\/media\/1708"}],"wp:attachment":[{"href":"https:\/\/facetours.ma\/fr\/wp-json\/wp\/v2\/media?parent=2224"}],"wp:term":[{"taxonomy":"product_brand","embeddable":true,"href":"https:\/\/facetours.ma\/fr\/wp-json\/wp\/v2\/product_brand?post=2224"},{"taxonomy":"product_cat","embeddable":true,"href":"https:\/\/facetours.ma\/fr\/wp-json\/wp\/v2\/product_cat?post=2224"},{"taxonomy":"product_tag","embeddable":true,"href":"https:\/\/facetours.ma\/fr\/wp-json\/wp\/v2\/product_tag?post=2224"}],"curies":[{"name":"wp","href":"https:\/\/api.w.org\/{rel}","templated":true}]}}