{"id":2221,"date":"2022-08-30T12:05:48","date_gmt":"2022-08-30T11:05:48","guid":{"rendered":"https:\/\/facetours.ma\/?post_type=product&#038;p=2221"},"modified":"2025-11-01T14:16:27","modified_gmt":"2025-11-01T13:16:27","slug":"fes-city-tour","status":"publish","type":"product","link":"https:\/\/facetours.ma\/fr\/meilleures-circuits-au-maroc\/fes-city-tour\/","title":{"rendered":"Fes City Tour: une visite guid\u00e9e"},"content":{"rendered":"<div class=\"wpb-content-wrapper\"><p>[vc_row][vc_column][vc_column_text]<\/p>\n<p style=\"text-align: center;\"><strong data-start=\"24\" data-end=\"60\">F\u00e8s City Tour: une visite guid\u00e9e<\/strong><\/p>\n<p data-start=\"98\" data-end=\"810\">D\u00e9couvrez F\u00e8s lors d\u2019une visite guid\u00e9e compl\u00e8te de la ville, l\u2019une des plus anciennes et fascinantes cit\u00e9s imp\u00e9riales du Maroc. Explorez la <strong data-start=\"265\" data-end=\"290\">m\u00e9dina de F\u00e8s el-Bali<\/strong>, class\u00e9e au patrimoine mondial de l\u2019UNESCO, avec ses ruelles labyrinthiques, ses souks anim\u00e9s et ses artisans traditionnels. Visitez la c\u00e9l\u00e8bre <strong data-start=\"435\" data-end=\"465\">universit\u00e9 Al Quaraouiyine<\/strong>, la <strong data-start=\"470\" data-end=\"492\">m\u00e9dersa Bou Inania<\/strong>, les <strong data-start=\"498\" data-end=\"511\">tanneries<\/strong> et le <strong data-start=\"518\" data-end=\"542\">quartier des potiers<\/strong>. Profitez des conseils d\u2019un guide local expert pour comprendre l\u2019histoire, la culture et les traditions de F\u00e8s. Cette visite est id\u00e9ale pour les amateurs d\u2019histoire, les passionn\u00e9s de culture et tous ceux qui souhaitent d\u00e9couvrir la richesse du patrimoine marocain.<\/p>\n<p data-start=\"812\" data-end=\"832\"><strong data-start=\"812\" data-end=\"830\">Points forts :<\/strong><\/p>\n<ul data-start=\"833\" data-end=\"1087\">\n<li data-start=\"833\" data-end=\"887\">\n<p data-start=\"835\" data-end=\"887\">Exploration guid\u00e9e de la <strong data-start=\"860\" data-end=\"885\">m\u00e9dina de F\u00e8s el-Bali<\/strong><\/p>\n<\/li>\n<li data-start=\"888\" data-end=\"966\">\n<p data-start=\"890\" data-end=\"966\">Visite de la <strong data-start=\"903\" data-end=\"925\">m\u00e9dersa Bou Inania<\/strong> et de l\u2019<strong data-start=\"934\" data-end=\"964\">universit\u00e9 Al Quaraouiyine<\/strong><\/p>\n<\/li>\n<li data-start=\"967\" data-end=\"1027\">\n<p data-start=\"969\" data-end=\"1027\">D\u00e9couverte des <strong data-start=\"984\" data-end=\"997\">tanneries<\/strong> et ateliers d\u2019<strong data-start=\"1012\" data-end=\"1025\">artisanat<\/strong><\/p>\n<\/li>\n<li data-start=\"1028\" data-end=\"1087\">\n<p data-start=\"1030\" data-end=\"1087\">Explication culturelle et historique par un guide local<\/p>\n<\/li>\n<\/ul>\n<p data-start=\"1089\" data-end=\"1119\"><strong data-start=\"1089\" data-end=\"1117\">Informations pratiques :<\/strong><\/p>\n<ul data-start=\"1120\" data-end=\"1392\">\n<li data-start=\"1120\" data-end=\"1144\">\n<p data-start=\"1122\" data-end=\"1144\">Dur\u00e9e : 4 \u00e0 5 heures<\/p>\n<\/li>\n<li data-start=\"1145\" data-end=\"1208\">\n<p data-start=\"1147\" data-end=\"1208\">D\u00e9part : F\u00e8s ville (h\u00f4tels ou point de rendez-vous central)<\/p>\n<\/li>\n<li data-start=\"1209\" data-end=\"1278\">\n<p data-start=\"1211\" data-end=\"1278\">Inclus : guide local francophone\/anglophone, entr\u00e9e aux monuments<\/p>\n<\/li>\n<li data-start=\"1279\" data-end=\"1322\">\n<p data-start=\"1281\" data-end=\"1322\">Non inclus : repas et achats personnels<\/p>\n<\/li>\n<li data-start=\"1323\" data-end=\"1392\">\n<p data-start=\"1325\" data-end=\"1392\">Convient pour : familles, couples, groupes et amateurs de culture<\/p>\n<\/li>\n<\/ul>\n<table class=\"table table-bordered tours-tabs__table\" style=\"height: 233px;\" width=\"862\">\n<tbody>\n<tr>\n<td><strong>Included<\/strong><\/td>\n<td>\n<table class=\"table table-bordered\" style=\"height: 62px;\" width=\"300\">\n<tbody>\n<tr>\n<td><i class=\"fa fa-check icon-tick icon-tick--on\"><\/i>Transport avec chauffeur.<\/td>\n<\/tr>\n<tr>\n<td><i class=\"fa fa-check icon-tick icon-tick--on\"><\/i>Guide local.<\/td>\n<\/tr>\n<tr>\n<td><i class=\"fa fa-check icon-tick icon-tick--on\"><\/i>Frais d&#8217;entr\u00e9e aux monuments.<\/td>\n<\/tr>\n<tr>\n<td><i class=\"fa fa-check icon-tick icon-tick--on\"><\/i>Carburant &amp; Climatisation.<\/td>\n<\/tr>\n<tr>\n<td><i class=\"fa fa-check icon-tick icon-tick--on\"><\/i>Taxe de s\u00e9jour &amp; Frais de stationnement.<\/td>\n<\/tr>\n<\/tbody>\n<\/table>\n<\/td>\n<\/tr>\n<tr>\n<td><b>Excluded<\/b><\/td>\n<td>\n<table class=\"table table-bordered\" style=\"height: 62px;\" width=\"300\">\n<tbody>\n<tr>\n<td><i class=\"fa fa-times icon-tick icon-tick--off\"><\/i>D\u00e9jeuner.<\/td>\n<\/tr>\n<tr>\n<td><i class=\"fa fa-times icon-tick icon-tick--off\"><\/i>Boissons.<\/td>\n<\/tr>\n<tr>\n<td><i class=\"fa fa-times icon-tick icon-tick--off\"><\/i>Pourboire.<\/td>\n<\/tr>\n<\/tbody>\n<\/table>\n<\/td>\n<\/tr>\n<\/tbody>\n<\/table>\n<p>[\/vc_column_text][\/vc_column][\/vc_row]<\/p>\n<\/div>","protected":false},"excerpt":{"rendered":"<p>Explorez la ville de F\u00e8s et d\u00e9couvrez le c\u0153ur de la cit\u00e9 imp\u00e9riale, comprenant ses monuments historiques de F\u00e8s El Bali et F\u00e8s El Jdid. Vous visiterez la <strong data-start=\"227\" data-end=\"246\" data-is-only-node=\"\">porte du palais<\/strong>, la <strong data-start=\"251\" data-end=\"273\">madrasa Bou Inania<\/strong> et la <strong data-start=\"280\" data-end=\"303\">madrasa El Attarine<\/strong>, ainsi que les c\u00e9l\u00e8bres <strong data-start=\"328\" data-end=\"349\">tanneries Chouara<\/strong>.<\/p>\n","protected":false},"featured_media":1568,"template":"","meta":[],"product_brand":[],"product_cat":[104],"product_tag":[820,827,853,812,847,849,848,839,851,854,850,852],"class_list":{"0":"post-2221","1":"product","2":"type-product","3":"status-publish","4":"has-post-thumbnail","6":"product_cat-excursions-a-partir-fes","7":"product_tag-artisanat-marocain","8":"product_tag-culture-marocaine","9":"product_tag-excursions-fes","10":"product_tag-fes","11":"product_tag-fes-city-tour","12":"product_tag-medersa-bou-inania","13":"product_tag-medina-de-fes","14":"product_tag-patrimoine-marocain","15":"product_tag-tanneries","16":"product_tag-tourisme-fes","17":"product_tag-universite-al-quaraouiyine","18":"product_tag-visite-guidee-fes","19":"tour_category-excursions-a-partir-de-fes","21":"first","22":"instock","23":"shipping-taxable","24":"purchasable","25":"product-type-tour"},"_links":{"self":[{"href":"https:\/\/facetours.ma\/fr\/wp-json\/wp\/v2\/product\/2221","targetHints":{"allow":["GET"]}}],"collection":[{"href":"https:\/\/facetours.ma\/fr\/wp-json\/wp\/v2\/product"}],"about":[{"href":"https:\/\/facetours.ma\/fr\/wp-json\/wp\/v2\/types\/product"}],"wp:featuredmedia":[{"embeddable":true,"href":"https:\/\/facetours.ma\/fr\/wp-json\/wp\/v2\/media\/1568"}],"wp:attachment":[{"href":"https:\/\/facetours.ma\/fr\/wp-json\/wp\/v2\/media?parent=2221"}],"wp:term":[{"taxonomy":"product_brand","embeddable":true,"href":"https:\/\/facetours.ma\/fr\/wp-json\/wp\/v2\/product_brand?post=2221"},{"taxonomy":"product_cat","embeddable":true,"href":"https:\/\/facetours.ma\/fr\/wp-json\/wp\/v2\/product_cat?post=2221"},{"taxonomy":"product_tag","embeddable":true,"href":"https:\/\/facetours.ma\/fr\/wp-json\/wp\/v2\/product_tag?post=2221"}],"curies":[{"name":"wp","href":"https:\/\/api.w.org\/{rel}","templated":true}]}}