{"id":2219,"date":"2022-08-30T12:10:17","date_gmt":"2022-08-30T11:10:17","guid":{"rendered":"https:\/\/facetours.ma\/?post_type=product&#038;p=2219"},"modified":"2025-11-01T14:00:43","modified_gmt":"2025-11-01T13:00:43","slug":"excursions-une-journee-chefchaouen-fes","status":"publish","type":"product","link":"https:\/\/facetours.ma\/fr\/meilleures-circuits-au-maroc\/excursions-une-journee-chefchaouen-fes\/","title":{"rendered":"Excursions d&#8217;une journ\u00e9e \u00e0 Chefchaouen au d\u00e9part de F\u00e8s"},"content":{"rendered":"<div class=\"wpb-content-wrapper\"><p>[vc_row][vc_column][vc_column_text]<\/p>\n<p style=\"text-align: center;\"><strong>Excursion d\u2019une journ\u00e9e \u00e0 Chefchaouen depuis F\u00e8s \u2013 La Perle Bleue du Nord<\/strong><\/p>\n<p data-start=\"259\" data-end=\"1202\"><strong data-start=\"282\" data-end=\"323\">Explorez l&#8217;excursion d\u2019une journ\u00e9e \u00e0 Chefchaouen<\/strong>, la c\u00e9l\u00e8bre <strong data-start=\"336\" data-end=\"351\">ville bleue<\/strong> nich\u00e9e au c\u0153ur des montagnes du Rif. Ce voyage vous m\u00e8nera \u00e0 travers de superbes paysages verdoyants, des vall\u00e9es fertiles et des villages traditionnels marocains. \u00c0 votre arriv\u00e9e \u00e0 Chefchaouen, laissez-vous envo\u00fbter par le charme de ses <strong data-start=\"590\" data-end=\"617\">rues bleues et blanches<\/strong>, ses <strong data-start=\"623\" data-end=\"642\">portes color\u00e9es<\/strong> et son atmosph\u00e8re paisible.<br data-start=\"670\" data-end=\"673\" \/>Explorez la <strong data-start=\"685\" data-end=\"704\">m\u00e9dina ancienne<\/strong>, fl\u00e2nez sur la <strong data-start=\"720\" data-end=\"744\">place Outa El Hammam<\/strong>, admirez la <strong data-start=\"757\" data-end=\"767\">Kasbah<\/strong>, et d\u00e9couvrez la <strong data-start=\"785\" data-end=\"806\">mosqu\u00e9e espagnole<\/strong> perch\u00e9e sur la colline offrant une vue panoramique sur toute la ville. Profitez \u00e9galement de votre temps libre pour savourer un th\u00e9 \u00e0 la menthe sur une terrasse locale ou faire du shopping dans les <strong data-start=\"1005\" data-end=\"1030\">boutiques artisanales<\/strong>.<br data-start=\"1031\" data-end=\"1034\" \/>Cette excursion offre une exp\u00e9rience authentique m\u00ealant <strong data-start=\"1090\" data-end=\"1126\">culture, d\u00e9tente et photographie<\/strong>, id\u00e9ale pour les voyageurs en qu\u00eate de tranquillit\u00e9 et de beaut\u00e9 naturelle.<\/p>\n<hr data-start=\"1204\" data-end=\"1207\" \/>\n<h3 data-start=\"1209\" data-end=\"1236\">\ud83c\udf1f <strong data-start=\"1216\" data-end=\"1234\">Points forts :<\/strong><\/h3>\n<ul data-start=\"1237\" data-end=\"1560\">\n<li data-start=\"1237\" data-end=\"1299\">\n<p data-start=\"1239\" data-end=\"1299\">D\u00e9couverte de la charmante <strong data-start=\"1266\" data-end=\"1296\">ville bleue de Chefchaouen<\/strong>.<\/p>\n<\/li>\n<li data-start=\"1300\" data-end=\"1373\">\n<p data-start=\"1302\" data-end=\"1373\">Promenade dans la <strong data-start=\"1320\" data-end=\"1342\">m\u00e9dina pittoresque<\/strong> et la <strong data-start=\"1349\" data-end=\"1370\">Kasbah historique<\/strong>.<\/p>\n<\/li>\n<li data-start=\"1374\" data-end=\"1426\">\n<p data-start=\"1376\" data-end=\"1426\">Vue panoramique depuis la <strong data-start=\"1402\" data-end=\"1423\">mosqu\u00e9e espagnole<\/strong>.<\/p>\n<\/li>\n<li data-start=\"1427\" data-end=\"1493\">\n<p data-start=\"1429\" data-end=\"1493\">Temps libre pour explorer, photographier ou faire du shopping.<\/p>\n<\/li>\n<li data-start=\"1494\" data-end=\"1560\">\n<p data-start=\"1496\" data-end=\"1560\">Transport confortable avec chauffeur professionnel depuis F\u00e8s.<\/p>\n<\/li>\n<\/ul>\n<hr data-start=\"1562\" data-end=\"1565\" \/>\n<h3 data-start=\"1567\" data-end=\"1604\">\u2139\ufe0f <strong data-start=\"1574\" data-end=\"1602\">Informations pratiques :<\/strong><\/h3>\n<ul data-start=\"1605\" data-end=\"1999\">\n<li data-start=\"1605\" data-end=\"1665\">\n<p data-start=\"1607\" data-end=\"1665\"><strong data-start=\"1607\" data-end=\"1618\">Dur\u00e9e :<\/strong> 1 journ\u00e9e compl\u00e8te (environ 10 \u00e0 12 heures).<\/p>\n<\/li>\n<li data-start=\"1666\" data-end=\"1716\">\n<p data-start=\"1668\" data-end=\"1716\"><strong data-start=\"1668\" data-end=\"1680\">D\u00e9part :<\/strong> Depuis votre h\u00f4tel ou riad \u00e0 F\u00e8s.<\/p>\n<\/li>\n<li data-start=\"1717\" data-end=\"1757\">\n<p data-start=\"1719\" data-end=\"1757\"><strong data-start=\"1719\" data-end=\"1740\">Heure de d\u00e9part :<\/strong> 8h00 du matin.<\/p>\n<\/li>\n<li data-start=\"1758\" data-end=\"1829\">\n<p data-start=\"1760\" data-end=\"1829\"><strong data-start=\"1760\" data-end=\"1772\">Inclus :<\/strong> Transport climatis\u00e9, chauffeur francophone\/anglophone.<\/p>\n<\/li>\n<li data-start=\"1830\" data-end=\"1913\">\n<p data-start=\"1832\" data-end=\"1913\"><strong data-start=\"1832\" data-end=\"1848\">Non inclus :<\/strong> D\u00e9jeuner, boissons, frais d\u2019entr\u00e9e aux monuments (optionnels).<\/p>\n<\/li>\n<li data-start=\"1914\" data-end=\"1999\">\n<p data-start=\"1916\" data-end=\"1999\"><strong data-start=\"1916\" data-end=\"1932\">\u00c0 emporter :<\/strong> Chaussures confortables, chapeau, cr\u00e8me solaire, appareil photo.<\/p>\n<\/li>\n<\/ul>\n<table class=\"table table-bordered tours-tabs__table\" style=\"height: 233px;\" width=\"862\">\n<tbody>\n<tr>\n<td><strong>Inclus<\/strong><\/td>\n<td>\n<table class=\"table table-bordered\" style=\"height: 62px;\" width=\"300\">\n<tbody>\n<tr>\n<td><i class=\"fa fa-check icon-tick icon-tick--on\"><\/i>Transport avec chauffeur.<\/td>\n<\/tr>\n<tr>\n<td><i class=\"fa fa-check icon-tick icon-tick--on\"><\/i>Guide ou chauffeur professionnel.<\/td>\n<\/tr>\n<tr>\n<td><i class=\"fa fa-check icon-tick icon-tick--on\"><\/i>Carburant &amp; Climatisation.<\/td>\n<\/tr>\n<tr>\n<td><i class=\"fa fa-check icon-tick icon-tick--on\"><\/i>Taxe de s\u00e9jour &amp; Frais de parking.<\/td>\n<\/tr>\n<\/tbody>\n<\/table>\n<\/td>\n<\/tr>\n<tr>\n<td><b>Non inclus<\/b><\/td>\n<td>\n<table class=\"table table-bordered\" style=\"height: 62px;\" width=\"300\">\n<tbody>\n<tr>\n<td><i class=\"fa fa-times icon-tick icon-tick--off\"><\/i>D\u00e9jeuner.<\/td>\n<\/tr>\n<tr>\n<td><i class=\"fa fa-times icon-tick icon-tick--off\"><\/i>Boisson.<\/td>\n<\/tr>\n<tr>\n<td><i class=\"fa fa-times icon-tick icon-tick--off\"><\/i>Pourboire.<\/td>\n<\/tr>\n<\/tbody>\n<\/table>\n<\/td>\n<\/tr>\n<\/tbody>\n<\/table>\n<p>[\/vc_column_text][\/vc_column][\/vc_row]<\/p>\n<\/div>","protected":false},"excerpt":{"rendered":"<p>Excursion d&#8217;une journ\u00e9e \u00e0 Chefchaouen depuis F\u00e8s : une exp\u00e9rience passionnante pour d\u00e9couvrir la ville bleue, sa vieille m\u00e9dina, la Kasbah, l&#8217;ancienne mosqu\u00e9e, le restaurant sous le d\u00f4me, les caf\u00e9s pittoresques, ainsi que les chutes d&#8217;eau de Ras El Maa.<\/p>\n","protected":false},"featured_media":1582,"template":"","meta":[],"product_brand":[],"product_cat":[104],"product_tag":[822,827,833,823,830,834,831,828,825,835,832,829,824,826],"class_list":{"0":"post-2219","1":"product","2":"type-product","3":"status-publish","4":"has-post-thumbnail","6":"product_cat-excursions-a-partir-fes","7":"product_tag-chefchaouen","8":"product_tag-culture-marocaine","9":"product_tag-decouverte-authentique","10":"product_tag-excursion-depuis-fes","11":"product_tag-excursion-fes-chefchaouen","12":"product_tag-fes-day-trip","13":"product_tag-fes-excursions","14":"product_tag-medina","15":"product_tag-montagnes-du-rif","16":"product_tag-morocco-day-tour","17":"product_tag-road-trip-maroc","18":"product_tag-tourisme-maroc","19":"product_tag-ville-bleue","20":"product_tag-visite-guidee","21":"tour_category-excursions-a-partir-de-fes","23":"first","24":"instock","25":"shipping-taxable","26":"purchasable","27":"product-type-tour"},"_links":{"self":[{"href":"https:\/\/facetours.ma\/fr\/wp-json\/wp\/v2\/product\/2219","targetHints":{"allow":["GET"]}}],"collection":[{"href":"https:\/\/facetours.ma\/fr\/wp-json\/wp\/v2\/product"}],"about":[{"href":"https:\/\/facetours.ma\/fr\/wp-json\/wp\/v2\/types\/product"}],"wp:featuredmedia":[{"embeddable":true,"href":"https:\/\/facetours.ma\/fr\/wp-json\/wp\/v2\/media\/1582"}],"wp:attachment":[{"href":"https:\/\/facetours.ma\/fr\/wp-json\/wp\/v2\/media?parent=2219"}],"wp:term":[{"taxonomy":"product_brand","embeddable":true,"href":"https:\/\/facetours.ma\/fr\/wp-json\/wp\/v2\/product_brand?post=2219"},{"taxonomy":"product_cat","embeddable":true,"href":"https:\/\/facetours.ma\/fr\/wp-json\/wp\/v2\/product_cat?post=2219"},{"taxonomy":"product_tag","embeddable":true,"href":"https:\/\/facetours.ma\/fr\/wp-json\/wp\/v2\/product_tag?post=2219"}],"curies":[{"name":"wp","href":"https:\/\/api.w.org\/{rel}","templated":true}]}}